{"id":9652,"date":"2022-11-16T16:50:34","date_gmt":"2022-11-16T16:50:34","guid":{"rendered":"https:\/\/www.dream-x.ch\/product\/emerald-love-vibratore-rossetto-di-lusso\/"},"modified":"2024-10-15T12:04:12","modified_gmt":"2024-10-15T11:04:12","slug":"emerald-love-luxurious-lipstick-vibrator","status":"publish","type":"product","link":"https:\/\/www.dream-x.ch\/it\/product\/emerald-love-luxurious-lipstick-vibrator\/","title":{"rendered":"Emerald Love &#8211; Luxurious Lipstick Vibrator"},"content":{"rendered":"<div class=\"tabbed-content\">\n<div id=\"product-description-consumer-en_GB\" class=\"tab\">\n<div class=\"js-read-more\" data-read-more-max-height=\"460\" data-read-more-open-text=\"Read more\" data-read-more-close-text=\"Read less\">\n<div class=\"js-read-more__content read-more read-more--open\">\n<ul class=\"usp-list\">\n<li><span style=\"font-size: 16px;\">Mini vibratore di lusso con design a rossetto<\/span><\/li>\n<li class=\"usp-list--element\"><i class=\"icon icon-check usp-list__icon\"><\/i>10 modalit\u00e0 di vibrazione premendo un pulsante<\/li>\n<li class=\"usp-list--element\"><i class=\"icon icon-check usp-list__icon\"><\/i>Punta morbida al tatto<\/li>\n<li class=\"usp-list--element\"><i class=\"icon icon-check usp-list__icon\"><\/i>Impermeabile<\/li>\n<li class=\"usp-list--element\"><i class=\"icon icon-check usp-list__icon\"><\/i>Si adatta a qualsiasi borsetta<\/li>\n<li class=\"usp-list--element\"><i class=\"icon icon-check usp-list__icon\"><\/i>Ricaricatore &#8211; incl. Cavo USB<\/li>\n<li class=\"usp-list--element\"><i class=\"icon icon-check usp-list__icon\"><\/i>Confezionato in un&#8217;elegante scatola<\/li>\n<\/ul>\n<p>Un rossetto discreto per una borsetta!<br \/>\nIl mini vibratore Luxurious Lipstick Vibrator di Emerald Love ha un bellissimo motivo a diamante che assomiglia a un vero rossetto, con o senza il suo coperchio protettivo. La sua punta rotonda e morbida al tatto \u00e8 perfetta per la stimolazione dei punti del piacere (ad esempio, clitoride, capezzolo, testicolo, perineo). Le 10 modalit\u00e0 di vibrazione offrono una grande variet\u00e0 e possono essere facilmente controllate premendo un pulsante. Il mini vibratore \u00e8 anche impermeabile, il che significa che pu\u00f2 essere utilizzato nella vasca da bagno o nella doccia! Pu\u00f2 essere ricaricato con il cavo USB in dotazione.<\/p>\n<p><strong>Dimensione<\/strong>: lunghezza 8.5 cm. \u00d8 2.5 cm \u2013 3.0 cm.<br \/>\n<strong>Peso<\/strong>: 42 g.<br \/>\n<strong>Materiale<\/strong>: silicone, PU, ABS.<br \/>\n<b>Reso<\/b>: questo articolo non pu\u00f2 essere ritornato o cambiato per ragioni di igiene e sicurezza.<\/p>\n<\/div>\n<\/div>\n<\/div>\n<\/div>\n","protected":false},"excerpt":{"rendered":"<p>Un rossetto discreto per una borsetta!<br \/>\nIl mini vibratore Luxurious Lipstick Vibrator di Emerald Love ha un bellissimo motivo a diamante che assomiglia a un vero rossetto, con o senza il suo coperchio protettivo. La sua punta rotonda e morbida al tatto \u00e8 perfetta per la stimolazione dei punti del piacere (ad es. clitoride, capezzolo, testicolo, perineo).<\/p>\n","protected":false},"featured_media":10401,"comment_status":"open","ping_status":"closed","template":"","meta":{"site-sidebar-layout":"default","site-content-layout":"default","ast-site-content-layout":"default","site-content-style":"default","site-sidebar-style":"default","ast-global-header-display":"","ast-banner-title-visibility":"","ast-main-header-display":"","ast-hfb-above-header-display":"","ast-hfb-below-header-display":"","ast-hfb-mobile-header-display":"","site-post-title":"","ast-breadcrumbs-content":"","ast-featured-img":"","footer-sml-layout":"","ast-disable-related-posts":"","theme-transparent-header-meta":"default","adv-header-id-meta":"","stick-header-meta":"default","header-above-stick-meta":"","header-main-stick-meta":"","header-below-stick-meta":"","astra-migrate-meta-layouts":"default","ast-page-background-enabled":"default","ast-page-background-meta":{"desktop":{"background-color":"","background-image":"","background-repeat":"repeat","background-position":"center center","background-size":"auto","background-attachment":"scroll","background-type":"","background-media":"","overlay-type":"","overlay-color":"","overlay-opacity":"","overlay-gradient":""},"tablet":{"background-color":"","background-image":"","background-repeat":"repeat","background-position":"center center","background-size":"auto","background-attachment":"scroll","background-type":"","background-media":"","overlay-type":"","overlay-color":"","overlay-opacity":"","overlay-gradient":""},"mobile":{"background-color":"","background-image":"","background-repeat":"repeat","background-position":"center center","background-size":"auto","background-attachment":"scroll","background-type":"","background-media":"","overlay-type":"","overlay-color":"","overlay-opacity":"","overlay-gradient":""}},"ast-content-background-meta":{"desktop":{"background-color":"var(--ast-global-color-5)","background-image":"","background-repeat":"repeat","background-position":"center center","background-size":"auto","background-attachment":"scroll","background-type":"","background-media":"","overlay-type":"","overlay-color":"","overlay-opacity":"","overlay-gradient":""},"tablet":{"background-color":"var(--ast-global-color-5)","background-image":"","background-repeat":"repeat","background-position":"center center","background-size":"auto","background-attachment":"scroll","background-type":"","background-media":"","overlay-type":"","overlay-color":"","overlay-opacity":"","overlay-gradient":""},"mobile":{"background-color":"var(--ast-global-color-5)","background-image":"","background-repeat":"repeat","background-position":"center center","background-size":"auto","background-attachment":"scroll","background-type":"","background-media":"","overlay-type":"","overlay-color":"","overlay-opacity":"","overlay-gradient":""}}},"product_brand":[],"product_cat":[294,343],"product_tag":[352,331],"class_list":{"0":"post-9652","1":"product","2":"type-product","3":"status-publish","4":"has-post-thumbnail","6":"product_cat-mini-vibratori","7":"product_cat-emerald-love","8":"product_tag-mini-it","9":"product_tag-vibratore","10":"product_shipping_class-disponibile-in-1-3-giorni-lavorativi","11":"desktop-align-center","12":"tablet-align-left","13":"mobile-align-left","14":"ast-product-gallery-layout-horizontal-slider","15":"ast-product-tabs-layout-horizontal","17":"first","18":"instock","19":"sale","20":"featured","21":"taxable","22":"shipping-taxable","23":"purchasable","24":"product-type-simple"},"bundled_by":[],"bundle_stock_status":"instock","bundle_stock_quantity":4,"bundle_virtual":false,"bundle_layout":"","bundle_add_to_cart_form_location":"","bundle_editable_in_cart":false,"bundle_sold_individually_context":"","bundle_item_grouping":"","bundle_min_size":"","bundle_max_size":"","bundle_price":[],"bundled_items":[],"bundle_sell_ids":[9465,9467],"_links":{"self":[{"href":"https:\/\/www.dream-x.ch\/it\/wp-json\/wp\/v2\/product\/9652","targetHints":{"allow":["GET"]}}],"collection":[{"href":"https:\/\/www.dream-x.ch\/it\/wp-json\/wp\/v2\/product"}],"about":[{"href":"https:\/\/www.dream-x.ch\/it\/wp-json\/wp\/v2\/types\/product"}],"replies":[{"embeddable":true,"href":"https:\/\/www.dream-x.ch\/it\/wp-json\/wp\/v2\/comments?post=9652"}],"version-history":[{"count":0,"href":"https:\/\/www.dream-x.ch\/it\/wp-json\/wp\/v2\/product\/9652\/revisions"}],"wp:featuredmedia":[{"embeddable":true,"href":"https:\/\/www.dream-x.ch\/it\/wp-json\/wp\/v2\/media\/10401"}],"wp:attachment":[{"href":"https:\/\/www.dream-x.ch\/it\/wp-json\/wp\/v2\/media?parent=9652"}],"wp:term":[{"taxonomy":"product_brand","embeddable":true,"href":"https:\/\/www.dream-x.ch\/it\/wp-json\/wp\/v2\/product_brand?post=9652"},{"taxonomy":"product_cat","embeddable":true,"href":"https:\/\/www.dream-x.ch\/it\/wp-json\/wp\/v2\/product_cat?post=9652"},{"taxonomy":"product_tag","embeddable":true,"href":"https:\/\/www.dream-x.ch\/it\/wp-json\/wp\/v2\/product_tag?post=9652"}],"curies":[{"name":"wp","href":"https:\/\/api.w.org\/{rel}","templated":true}]}}