{"id":9649,"date":"2022-11-21T19:00:20","date_gmt":"2022-11-21T18:00:20","guid":{"rendered":"https:\/\/www.dream-x.ch\/product\/emerald-love-lussuoso-vibratore-con-punta-divisa\/"},"modified":"2024-11-16T00:00:42","modified_gmt":"2024-11-15T23:00:42","slug":"emerald-love-luxurious-split-tip-vibrator","status":"publish","type":"product","link":"https:\/\/www.dream-x.ch\/it\/product\/emerald-love-luxurious-split-tip-vibrator\/","title":{"rendered":"Emerald Love &#8211; Luxurious Split Tip Vibrator"},"content":{"rendered":"<p>Design elegante e vibrazioni fantasiose!<br \/>\nIl <strong>vibratore mini\/lay-on Luxurious Split Tip Vibrator di Emerald Love<\/strong> ha un bellissimo design e presenta un motivo a diamante pronunciato e antiscivolo e 2 bracci mobili perfetti per la stimolazione dei punti del piacere (ad esempio clitoride, capezzoli, testicoli e perineo). Le 10 modalit\u00e0 di vibrazione offrono una grande variet\u00e0 e possono essere facilmente regolate premendo un pulsante. Il vibratore \u00e8 impermeabile, il che significa che pu\u00f2 essere utilizzato nella vasca da bagno o nella doccia! La texture vellutata e morbida al tatto su entrambe le braccia si sente benissimo sulla pelle durante la stimolazione e il piacere. Pu\u00f2 essere ricaricato con il cavo USB in dotazione.<\/p>\n<p><strong>Colore: <\/strong>verde<strong><br \/>\nDimensione<\/strong>: lunghezza totale 13.1 cm, \u00d8 max. 3.8 cm; ogni braccio 5.2 cm di lunghezza, \u00d8 max. 1.5 cm.<br \/>\n<strong>Peso<\/strong>: 89 g.<br \/>\n<strong>Materiale<\/strong>: silicone, PU, ABS<br \/>\n<b>Reso<\/b>: questo articolo non pu\u00f2 essere ritornato o cambiato per ragioni di igiene e sicurezza.<\/p>\n","protected":false},"excerpt":{"rendered":"<p>Design elegante e vibrazioni fantasiose!<br \/>\nIl <strong>vibratore mini\/lay-on Luxurious Split Tip Vibrator di Emerald Love<\/strong> ha un bellissimo design e presenta un motivo a diamante pronunciato e antiscivolo e 2 bracci mobili perfetti per la stimolazione dei punti del piacere (ad esempio clitoride, capezzoli, testicoli e perineo).<\/p>\n","protected":false},"featured_media":6532,"comment_status":"open","ping_status":"closed","template":"","meta":{"site-sidebar-layout":"default","site-content-layout":"default","ast-site-content-layout":"default","site-content-style":"default","site-sidebar-style":"default","ast-global-header-display":"","ast-banner-title-visibility":"","ast-main-header-display":"","ast-hfb-above-header-display":"","ast-hfb-below-header-display":"","ast-hfb-mobile-header-display":"","site-post-title":"","ast-breadcrumbs-content":"","ast-featured-img":"","footer-sml-layout":"","ast-disable-related-posts":"","theme-transparent-header-meta":"default","adv-header-id-meta":"","stick-header-meta":"default","header-above-stick-meta":"","header-main-stick-meta":"","header-below-stick-meta":"","astra-migrate-meta-layouts":"default","ast-page-background-enabled":"default","ast-page-background-meta":{"desktop":{"background-color":"","background-image":"","background-repeat":"repeat","background-position":"center center","background-size":"auto","background-attachment":"scroll","background-type":"","background-media":"","overlay-type":"","overlay-color":"","overlay-opacity":"","overlay-gradient":""},"tablet":{"background-color":"","background-image":"","background-repeat":"repeat","background-position":"center center","background-size":"auto","background-attachment":"scroll","background-type":"","background-media":"","overlay-type":"","overlay-color":"","overlay-opacity":"","overlay-gradient":""},"mobile":{"background-color":"","background-image":"","background-repeat":"repeat","background-position":"center center","background-size":"auto","background-attachment":"scroll","background-type":"","background-media":"","overlay-type":"","overlay-color":"","overlay-opacity":"","overlay-gradient":""}},"ast-content-background-meta":{"desktop":{"background-color":"var(--ast-global-color-5)","background-image":"","background-repeat":"repeat","background-position":"center center","background-size":"auto","background-attachment":"scroll","background-type":"","background-media":"","overlay-type":"","overlay-color":"","overlay-opacity":"","overlay-gradient":""},"tablet":{"background-color":"var(--ast-global-color-5)","background-image":"","background-repeat":"repeat","background-position":"center center","background-size":"auto","background-attachment":"scroll","background-type":"","background-media":"","overlay-type":"","overlay-color":"","overlay-opacity":"","overlay-gradient":""},"mobile":{"background-color":"var(--ast-global-color-5)","background-image":"","background-repeat":"repeat","background-position":"center center","background-size":"auto","background-attachment":"scroll","background-type":"","background-media":"","overlay-type":"","overlay-color":"","overlay-opacity":"","overlay-gradient":""}}},"product_brand":[],"product_cat":[343,294,285],"product_tag":[],"class_list":{"0":"post-9649","1":"product","2":"type-product","3":"status-publish","4":"has-post-thumbnail","6":"product_cat-emerald-love","7":"product_cat-mini-vibratori","8":"product_cat-vibratori","9":"product_shipping_class-2-3-settimane","10":"desktop-align-center","11":"tablet-align-left","12":"mobile-align-left","13":"ast-product-gallery-layout-horizontal-slider","14":"ast-product-tabs-layout-horizontal","16":"first","17":"instock","18":"taxable","19":"shipping-taxable","20":"purchasable","21":"product-type-simple"},"bundled_by":[],"bundle_stock_status":"instock","bundle_stock_quantity":1,"bundle_virtual":false,"bundle_layout":"","bundle_add_to_cart_form_location":"","bundle_editable_in_cart":false,"bundle_sold_individually_context":"","bundle_item_grouping":"","bundle_min_size":"","bundle_max_size":"","bundle_price":[],"bundled_items":[],"bundle_sell_ids":[],"_links":{"self":[{"href":"https:\/\/www.dream-x.ch\/it\/wp-json\/wp\/v2\/product\/9649","targetHints":{"allow":["GET"]}}],"collection":[{"href":"https:\/\/www.dream-x.ch\/it\/wp-json\/wp\/v2\/product"}],"about":[{"href":"https:\/\/www.dream-x.ch\/it\/wp-json\/wp\/v2\/types\/product"}],"replies":[{"embeddable":true,"href":"https:\/\/www.dream-x.ch\/it\/wp-json\/wp\/v2\/comments?post=9649"}],"version-history":[{"count":0,"href":"https:\/\/www.dream-x.ch\/it\/wp-json\/wp\/v2\/product\/9649\/revisions"}],"wp:featuredmedia":[{"embeddable":true,"href":"https:\/\/www.dream-x.ch\/it\/wp-json\/wp\/v2\/media\/6532"}],"wp:attachment":[{"href":"https:\/\/www.dream-x.ch\/it\/wp-json\/wp\/v2\/media?parent=9649"}],"wp:term":[{"taxonomy":"product_brand","embeddable":true,"href":"https:\/\/www.dream-x.ch\/it\/wp-json\/wp\/v2\/product_brand?post=9649"},{"taxonomy":"product_cat","embeddable":true,"href":"https:\/\/www.dream-x.ch\/it\/wp-json\/wp\/v2\/product_cat?post=9649"},{"taxonomy":"product_tag","embeddable":true,"href":"https:\/\/www.dream-x.ch\/it\/wp-json\/wp\/v2\/product_tag?post=9649"}],"curies":[{"name":"wp","href":"https:\/\/api.w.org\/{rel}","templated":true}]}}