{"id":9647,"date":"2022-11-21T19:00:21","date_gmt":"2022-11-21T18:00:21","guid":{"rendered":"https:\/\/www.dream-x.ch\/product\/emerald-love-luxurious-mini-vibratore\/"},"modified":"2024-10-15T12:04:03","modified_gmt":"2024-10-15T11:04:03","slug":"emerald-love-luxurious-mini-vibrator","status":"publish","type":"product","link":"https:\/\/www.dream-x.ch\/it\/product\/emerald-love-luxurious-mini-vibrator\/","title":{"rendered":"Emerald Love &#8211; Luxurious Mini Vibrator"},"content":{"rendered":"<ul class=\"usp-list\">\n<li class=\"usp-list--element\">Mini vibratore di lusso: si adatta a qualsiasi borsetta<\/li>\n<li class=\"usp-list--element\"><i class=\"icon icon-check usp-list__icon\"><\/i>10 modalit\u00e0 di vibrazione premendo un pulsante<\/li>\n<li class=\"usp-list--element\"><i class=\"icon icon-check usp-list__icon\"><\/i>Punta morbida (punto di piacere)<\/li>\n<li class=\"usp-list--element\"><i class=\"icon icon-check usp-list__icon\"><\/i>Impermeabile<\/li>\n<li class=\"usp-list--element\"><i class=\"icon icon-check usp-list__icon\"><\/i>Superficie morbida e vellutata<\/li>\n<li class=\"usp-list--element\"><i class=\"icon icon-check usp-list__icon\"><\/i>Ricaricatore &#8211; incl. Cavo USB<\/li>\n<li class=\"usp-list--element\"><i class=\"icon icon-check usp-list__icon\"><\/i>Confezionato in un&#8217;elegante scatola<\/li>\n<\/ul>\n<p>Lussuoso, piccolo, vibrante e potente vibratore che si adatta a qualsiasi borsetta!<br \/>\nIl mini vibratore Luxurious Mini Vibrator di Emerald Love ha un bellissimo design e presenta una pronunciata texture a diamante e una punta rotonda e morbida, perfetta per la stimolazione dei punti del piacere (ad esempio clitoride, capezzolo, testicolo, perineo). Le 10 modalit\u00e0 di vibrazione offrono un divertimento vario e possono essere facilmente controllate premendo un pulsante. Il mini vibratore pu\u00f2 essere utilizzato anche sott&#8217;acqua perch\u00e9 \u00e8 impermeabile. La texture vellutata e morbida al tatto si sente benissimo sulla pelle durante la stimolazione e il piacere. Pu\u00f2 essere ricaricato con il cavo USB in dotazione.<\/p>\n<p><strong>Colore: <\/strong>green<strong><br \/>\nDimensione<\/strong>: lunghezza 11.5 cm, \u00d8 3 cm to 4.1 cm.<br \/>\n<strong>Peso<\/strong>: 77 g.<br \/>\n<strong>Materiale<\/strong>: silicone, PU, ABS.<br \/>\n<b>Reso<\/b>: questo articolo non pu\u00f2 essere ritornato o cambiato per ragioni di igiene e sicurezza.<\/p>\n","protected":false},"excerpt":{"rendered":"<p>Lussuoso, piccolo, vibrante e potente vibratore che si adatta a qualsiasi borsetta!<br \/>\nIl mini vibratore Luxurious Mini Vibrator di Emerald Love ha un bellissimo design e presenta una pronunciata texture a diamante e una punta rotonda e morbida, perfetta per la stimolazione dei punti del piacere (ad esempio clitoride, capezzolo, testicolo, perineo).<\/p>\n","protected":false},"featured_media":6352,"comment_status":"open","ping_status":"closed","template":"","meta":{"site-sidebar-layout":"default","site-content-layout":"default","ast-site-content-layout":"default","site-content-style":"default","site-sidebar-style":"default","ast-global-header-display":"","ast-banner-title-visibility":"","ast-main-header-display":"","ast-hfb-above-header-display":"","ast-hfb-below-header-display":"","ast-hfb-mobile-header-display":"","site-post-title":"","ast-breadcrumbs-content":"","ast-featured-img":"","footer-sml-layout":"","ast-disable-related-posts":"","theme-transparent-header-meta":"default","adv-header-id-meta":"","stick-header-meta":"default","header-above-stick-meta":"","header-main-stick-meta":"","header-below-stick-meta":"","astra-migrate-meta-layouts":"default","ast-page-background-enabled":"default","ast-page-background-meta":{"desktop":{"background-color":"","background-image":"","background-repeat":"repeat","background-position":"center center","background-size":"auto","background-attachment":"scroll","background-type":"","background-media":"","overlay-type":"","overlay-color":"","overlay-opacity":"","overlay-gradient":""},"tablet":{"background-color":"","background-image":"","background-repeat":"repeat","background-position":"center center","background-size":"auto","background-attachment":"scroll","background-type":"","background-media":"","overlay-type":"","overlay-color":"","overlay-opacity":"","overlay-gradient":""},"mobile":{"background-color":"","background-image":"","background-repeat":"repeat","background-position":"center center","background-size":"auto","background-attachment":"scroll","background-type":"","background-media":"","overlay-type":"","overlay-color":"","overlay-opacity":"","overlay-gradient":""}},"ast-content-background-meta":{"desktop":{"background-color":"var(--ast-global-color-5)","background-image":"","background-repeat":"repeat","background-position":"center center","background-size":"auto","background-attachment":"scroll","background-type":"","background-media":"","overlay-type":"","overlay-color":"","overlay-opacity":"","overlay-gradient":""},"tablet":{"background-color":"var(--ast-global-color-5)","background-image":"","background-repeat":"repeat","background-position":"center center","background-size":"auto","background-attachment":"scroll","background-type":"","background-media":"","overlay-type":"","overlay-color":"","overlay-opacity":"","overlay-gradient":""},"mobile":{"background-color":"var(--ast-global-color-5)","background-image":"","background-repeat":"repeat","background-position":"center center","background-size":"auto","background-attachment":"scroll","background-type":"","background-media":"","overlay-type":"","overlay-color":"","overlay-opacity":"","overlay-gradient":""}}},"product_brand":[],"product_cat":[343,294],"product_tag":[350],"class_list":{"0":"post-9647","1":"product","2":"type-product","3":"status-publish","4":"has-post-thumbnail","6":"product_cat-emerald-love","7":"product_cat-mini-vibratori","8":"product_tag-mini-vibratore","9":"product_shipping_class-disponibile-in-1-3-giorni-lavorativi","10":"desktop-align-center","11":"tablet-align-left","12":"mobile-align-left","13":"ast-product-gallery-layout-horizontal-slider","14":"ast-product-tabs-layout-horizontal","16":"first","17":"outofstock","18":"taxable","19":"shipping-taxable","20":"purchasable","21":"product-type-simple"},"bundled_by":[],"bundle_stock_status":"outofstock","bundle_stock_quantity":0,"bundle_virtual":false,"bundle_layout":"","bundle_add_to_cart_form_location":"","bundle_editable_in_cart":false,"bundle_sold_individually_context":"","bundle_item_grouping":"","bundle_min_size":"","bundle_max_size":"","bundle_price":[],"bundled_items":[],"bundle_sell_ids":[],"_links":{"self":[{"href":"https:\/\/www.dream-x.ch\/it\/wp-json\/wp\/v2\/product\/9647","targetHints":{"allow":["GET"]}}],"collection":[{"href":"https:\/\/www.dream-x.ch\/it\/wp-json\/wp\/v2\/product"}],"about":[{"href":"https:\/\/www.dream-x.ch\/it\/wp-json\/wp\/v2\/types\/product"}],"replies":[{"embeddable":true,"href":"https:\/\/www.dream-x.ch\/it\/wp-json\/wp\/v2\/comments?post=9647"}],"version-history":[{"count":0,"href":"https:\/\/www.dream-x.ch\/it\/wp-json\/wp\/v2\/product\/9647\/revisions"}],"wp:featuredmedia":[{"embeddable":true,"href":"https:\/\/www.dream-x.ch\/it\/wp-json\/wp\/v2\/media\/6352"}],"wp:attachment":[{"href":"https:\/\/www.dream-x.ch\/it\/wp-json\/wp\/v2\/media?parent=9647"}],"wp:term":[{"taxonomy":"product_brand","embeddable":true,"href":"https:\/\/www.dream-x.ch\/it\/wp-json\/wp\/v2\/product_brand?post=9647"},{"taxonomy":"product_cat","embeddable":true,"href":"https:\/\/www.dream-x.ch\/it\/wp-json\/wp\/v2\/product_cat?post=9647"},{"taxonomy":"product_tag","embeddable":true,"href":"https:\/\/www.dream-x.ch\/it\/wp-json\/wp\/v2\/product_tag?post=9647"}],"curies":[{"name":"wp","href":"https:\/\/api.w.org\/{rel}","templated":true}]}}