{"id":9527,"date":"2022-11-27T12:07:24","date_gmt":"2022-11-27T11:07:24","guid":{"rendered":"https:\/\/www.dream-x.ch\/product\/svakom-avery-viola\/"},"modified":"2024-10-15T12:03:46","modified_gmt":"2024-10-15T11:03:46","slug":"svakom-avery-viola","status":"publish","type":"product","link":"https:\/\/www.dream-x.ch\/it\/product\/svakom-avery-viola\/","title":{"rendered":"Svakom &#8211; Avery &#8211; Viola"},"content":{"rendered":"<ul class=\"usp-list\">\n<li class=\"usp-list--element\">Vibratore rabbit con funzione di spinta<\/li>\n<li class=\"usp-list--element\"><i class=\"icon icon-check usp-list__icon\"><\/i>5 modalit\u00e0 di spinta + 5 modalit\u00e0 di vibrazione in 5 velocit\u00e0<\/li>\n<li class=\"usp-list--element\"><i class=\"icon icon-check usp-list__icon\"><\/i>Le funzioni possono essere controllate separatamente\/congiuntamente<\/li>\n<li class=\"usp-list--element\"><i class=\"icon icon-check usp-list__icon\"><\/i>Con onde stimolanti<\/li>\n<li class=\"usp-list--element\"><i class=\"icon icon-check usp-list__icon\"><\/i>Facile da usare e flessibile<\/li>\n<li class=\"usp-list--element\"><i class=\"icon icon-check usp-list__icon\"><\/i>Impermeabile<\/li>\n<li class=\"usp-list--element\"><i class=\"icon icon-check usp-list__icon\"><\/i>Silicone morbido e vellutato<\/li>\n<li class=\"usp-list--element\"><i class=\"icon icon-check usp-list__icon\"><\/i>Caricatore \u2013 incl. un caricatore magnetico USB<\/li>\n<\/ul>\n<p>L&#8217;elegante specialista della spinta per la vagina e il clitoride!<br \/>\nIl vibratore r<strong>abbit Avery di Svakom<\/strong> \u00e8 dotato di una funzione di spinta energetica per una doppia stimolazione profonda e intensa di vagina e clitoride. Il vibratore flessibile in silicone \u00e8 morbido e vellutato, quindi \u00e8 molto facile da tenere in mano e inoltre scivola sulla pelle e nelle profondit\u00e0 intime quasi da solo.<\/p>\n<p>Le 5 intense modalit\u00e0 di spinta e le 5 modalit\u00e0 di vibrazione a 5 velocit\u00e0 offrono un piacere a tutto tondo per un divertimento diversificato. Le funzioni possono essere controllate insieme o separatamente, semplicemente premendo un pulsante. Avery pu\u00f2 essere utilizzato anche nella vasca da bagno o nella doccia perch\u00e9 \u00e8 impermeabile.<\/p>\n<p>Ricaricabile &#8211; include un caricatore magnetico USB e una borsa per la conservazione.<\/p>\n<p><strong>Colore: Viola<\/strong>.<strong><br \/>\n<\/strong><strong>Dimensione<\/strong>: 18.6 cm x 7.4 cm x 3.3 cm.<br \/>\n<strong>Peso<\/strong>: 183 g.<br \/>\n<strong>Materiale<\/strong>: silicone, ABS.<br \/>\n<b>Reso<\/b>: questo articolo non pu\u00f2 essere ritornato o cambiato per ragioni di igiene e sicurezza.<\/p>\n","protected":false},"excerpt":{"rendered":"<p>L&#8217;elegante specialista della spinta per la vagina e il clitoride!<br \/>\nIl vibratore r<strong>abbit Avery di Svakom<\/strong> \u00e8 dotato di una funzione di spinta energetica per una doppia stimolazione profonda e intensa di vagina e clitoride. Il vibratore flessibile in silicone \u00e8 morbido e vellutato, quindi \u00e8 molto facile da tenere in mano e inoltre scivola sulla pelle e nelle profondit\u00e0 intime quasi da solo.<\/p>\n","protected":false},"featured_media":7661,"comment_status":"open","ping_status":"closed","template":"","meta":{"site-sidebar-layout":"default","site-content-layout":"default","ast-site-content-layout":"default","site-content-style":"default","site-sidebar-style":"default","ast-global-header-display":"","ast-banner-title-visibility":"","ast-main-header-display":"","ast-hfb-above-header-display":"","ast-hfb-below-header-display":"","ast-hfb-mobile-header-display":"","site-post-title":"","ast-breadcrumbs-content":"","ast-featured-img":"","footer-sml-layout":"","ast-disable-related-posts":"","theme-transparent-header-meta":"default","adv-header-id-meta":"","stick-header-meta":"default","header-above-stick-meta":"","header-main-stick-meta":"","header-below-stick-meta":"","astra-migrate-meta-layouts":"default","ast-page-background-enabled":"default","ast-page-background-meta":{"desktop":{"background-color":"","background-image":"","background-repeat":"repeat","background-position":"center center","background-size":"auto","background-attachment":"scroll","background-type":"","background-media":"","overlay-type":"","overlay-color":"","overlay-opacity":"","overlay-gradient":""},"tablet":{"background-color":"","background-image":"","background-repeat":"repeat","background-position":"center center","background-size":"auto","background-attachment":"scroll","background-type":"","background-media":"","overlay-type":"","overlay-color":"","overlay-opacity":"","overlay-gradient":""},"mobile":{"background-color":"","background-image":"","background-repeat":"repeat","background-position":"center center","background-size":"auto","background-attachment":"scroll","background-type":"","background-media":"","overlay-type":"","overlay-color":"","overlay-opacity":"","overlay-gradient":""}},"ast-content-background-meta":{"desktop":{"background-color":"var(--ast-global-color-5)","background-image":"","background-repeat":"repeat","background-position":"center center","background-size":"auto","background-attachment":"scroll","background-type":"","background-media":"","overlay-type":"","overlay-color":"","overlay-opacity":"","overlay-gradient":""},"tablet":{"background-color":"var(--ast-global-color-5)","background-image":"","background-repeat":"repeat","background-position":"center center","background-size":"auto","background-attachment":"scroll","background-type":"","background-media":"","overlay-type":"","overlay-color":"","overlay-opacity":"","overlay-gradient":""},"mobile":{"background-color":"var(--ast-global-color-5)","background-image":"","background-repeat":"repeat","background-position":"center center","background-size":"auto","background-attachment":"scroll","background-type":"","background-media":"","overlay-type":"","overlay-color":"","overlay-opacity":"","overlay-gradient":""}}},"product_brand":[],"product_cat":[296,313,290],"product_tag":[335],"class_list":{"0":"post-9527","1":"product","2":"type-product","3":"status-publish","4":"has-post-thumbnail","6":"product_cat-vibratori-rabbit","7":"product_cat-svakom","8":"product_cat-vibratore-clitorideo","9":"product_tag-vibratore-rabbit","10":"product_shipping_class-2-3-settimane","11":"desktop-align-center","12":"tablet-align-left","13":"mobile-align-left","14":"ast-product-gallery-layout-horizontal-slider","15":"ast-product-tabs-layout-horizontal","17":"first","18":"instock","19":"sale","20":"featured","21":"taxable","22":"shipping-taxable","23":"purchasable","24":"product-type-simple"},"bundled_by":[],"bundle_stock_status":"instock","bundle_stock_quantity":1,"bundle_virtual":false,"bundle_layout":"","bundle_add_to_cart_form_location":"","bundle_editable_in_cart":false,"bundle_sold_individually_context":"","bundle_item_grouping":"","bundle_min_size":"","bundle_max_size":"","bundle_price":[],"bundled_items":[],"bundle_sell_ids":[9465,9467],"_links":{"self":[{"href":"https:\/\/www.dream-x.ch\/it\/wp-json\/wp\/v2\/product\/9527","targetHints":{"allow":["GET"]}}],"collection":[{"href":"https:\/\/www.dream-x.ch\/it\/wp-json\/wp\/v2\/product"}],"about":[{"href":"https:\/\/www.dream-x.ch\/it\/wp-json\/wp\/v2\/types\/product"}],"replies":[{"embeddable":true,"href":"https:\/\/www.dream-x.ch\/it\/wp-json\/wp\/v2\/comments?post=9527"}],"version-history":[{"count":0,"href":"https:\/\/www.dream-x.ch\/it\/wp-json\/wp\/v2\/product\/9527\/revisions"}],"wp:featuredmedia":[{"embeddable":true,"href":"https:\/\/www.dream-x.ch\/it\/wp-json\/wp\/v2\/media\/7661"}],"wp:attachment":[{"href":"https:\/\/www.dream-x.ch\/it\/wp-json\/wp\/v2\/media?parent=9527"}],"wp:term":[{"taxonomy":"product_brand","embeddable":true,"href":"https:\/\/www.dream-x.ch\/it\/wp-json\/wp\/v2\/product_brand?post=9527"},{"taxonomy":"product_cat","embeddable":true,"href":"https:\/\/www.dream-x.ch\/it\/wp-json\/wp\/v2\/product_cat?post=9527"},{"taxonomy":"product_tag","embeddable":true,"href":"https:\/\/www.dream-x.ch\/it\/wp-json\/wp\/v2\/product_tag?post=9527"}],"curies":[{"name":"wp","href":"https:\/\/api.w.org\/{rel}","templated":true}]}}