{"id":9521,"date":"2022-11-27T12:07:24","date_gmt":"2022-11-27T11:07:24","guid":{"rendered":"https:\/\/www.dream-x.ch\/product\/svakom-amy-pale-rosa\/"},"modified":"2024-10-15T12:03:47","modified_gmt":"2024-10-15T11:03:47","slug":"svakom-amy-pale-rosa","status":"publish","type":"product","link":"https:\/\/www.dream-x.ch\/it\/product\/svakom-amy-pale-rosa\/","title":{"rendered":"Svakom &#8211; Amy Pale &#8211; Rosa"},"content":{"rendered":"<ul class=\"usp-list\">\n<li class=\"usp-list--element\">Vibratore ergonomico per il punto G<\/li>\n<li class=\"usp-list--element\"><i class=\"icon icon-check usp-list__icon\"><\/i>5 modalit\u00e0 di vibrazione con 5 intensit\u00e0<\/li>\n<li class=\"usp-list--element\"><i class=\"icon icon-check usp-list__icon\"><\/i>Modalit\u00e0 intelligente SVAKOM aggiuntiva<\/li>\n<li class=\"usp-list--element\"><i class=\"icon icon-check usp-list__icon\"><\/i>Ricaricabile con il cavo USB<\/li>\n<\/ul>\n<p>Per orgasmi travolgenti!<br \/>\n<strong>Amy Pale pink \u00e8 un vibratore per il punto G dalla forma ergonomica<\/strong> e dalla texture Soft Touch. Con 5 modalit\u00e0 di vibrazione silenziose, ciascuna con 5 diverse intensit\u00e0. La modalit\u00e0 aggiuntiva SVAKOM Intelligent Mode imita le frequenze di vibrazione di un rapporto sessuale reale. Diventano pi\u00f9 intensi quando ci si avvicina al raggiungimento dell&#8217;orgasmo. Si pu\u00f2 controllare facilmente premendo un pulsante.<\/p>\n<p>Ricaricabile con il cavo USB in dotazione. Include un sacchetto per riporre il prodotto<\/p>\n<p><strong>Colore<\/strong>:rosa.<strong><br \/>\n<\/strong><strong>Dimensione<\/strong>: lunghezza totale 17.4 cm, profondit\u00e0 di inserimento 11 cm, \u00d8 2-3 cm<br \/>\n<strong>Peso<\/strong>: 419 g.<br \/>\n<strong>Materiali<\/strong>: silicone con rivestimento in PU, ABS.<br \/>\n<b>Reso<\/b>: questo articolo non pu\u00f2 essere ritornato o cambiato per ragioni di igiene e sicurezza.<\/p>\n","protected":false},"excerpt":{"rendered":"<p>Per orgasmi travolgenti!<br \/>\n<strong>Amy Pale pink \u00e8 un vibratore per il punto G dalla forma ergonomica<\/strong> e dalla texture Soft Touch. Con 5 modalit\u00e0 di vibrazione silenziose, ciascuna con 5 diverse intensit\u00e0. La modalit\u00e0 aggiuntiva SVAKOM Intelligent Mode imita le frequenze di vibrazione di un rapporto sessuale reale. Diventano pi\u00f9 intensi quando ci si avvicina al raggiungimento dell&#8217;orgasmo. Si pu\u00f2 controllare facilmente premendo un pulsante.<\/p>\n","protected":false},"featured_media":8757,"comment_status":"open","ping_status":"closed","template":"","meta":{"site-sidebar-layout":"default","site-content-layout":"default","ast-site-content-layout":"default","site-content-style":"default","site-sidebar-style":"default","ast-global-header-display":"","ast-banner-title-visibility":"","ast-main-header-display":"","ast-hfb-above-header-display":"","ast-hfb-below-header-display":"","ast-hfb-mobile-header-display":"","site-post-title":"","ast-breadcrumbs-content":"","ast-featured-img":"","footer-sml-layout":"","ast-disable-related-posts":"","theme-transparent-header-meta":"default","adv-header-id-meta":"","stick-header-meta":"default","header-above-stick-meta":"","header-main-stick-meta":"","header-below-stick-meta":"","astra-migrate-meta-layouts":"default","ast-page-background-enabled":"default","ast-page-background-meta":{"desktop":{"background-color":"","background-image":"","background-repeat":"repeat","background-position":"center center","background-size":"auto","background-attachment":"scroll","background-type":"","background-media":"","overlay-type":"","overlay-color":"","overlay-opacity":"","overlay-gradient":""},"tablet":{"background-color":"","background-image":"","background-repeat":"repeat","background-position":"center center","background-size":"auto","background-attachment":"scroll","background-type":"","background-media":"","overlay-type":"","overlay-color":"","overlay-opacity":"","overlay-gradient":""},"mobile":{"background-color":"","background-image":"","background-repeat":"repeat","background-position":"center center","background-size":"auto","background-attachment":"scroll","background-type":"","background-media":"","overlay-type":"","overlay-color":"","overlay-opacity":"","overlay-gradient":""}},"ast-content-background-meta":{"desktop":{"background-color":"var(--ast-global-color-5)","background-image":"","background-repeat":"repeat","background-position":"center center","background-size":"auto","background-attachment":"scroll","background-type":"","background-media":"","overlay-type":"","overlay-color":"","overlay-opacity":"","overlay-gradient":""},"tablet":{"background-color":"var(--ast-global-color-5)","background-image":"","background-repeat":"repeat","background-position":"center center","background-size":"auto","background-attachment":"scroll","background-type":"","background-media":"","overlay-type":"","overlay-color":"","overlay-opacity":"","overlay-gradient":""},"mobile":{"background-color":"var(--ast-global-color-5)","background-image":"","background-repeat":"repeat","background-position":"center center","background-size":"auto","background-attachment":"scroll","background-type":"","background-media":"","overlay-type":"","overlay-color":"","overlay-opacity":"","overlay-gradient":""}}},"product_brand":[],"product_cat":[313,253,285,292],"product_tag":[334],"class_list":{"0":"post-9521","1":"product","2":"type-product","3":"status-publish","4":"has-post-thumbnail","6":"product_cat-svakom","7":"product_cat-sex-toys-it","8":"product_cat-vibratori","9":"product_cat-vibratori-per-il-punto-g","10":"product_tag-vibratore-per-il-punto-g","11":"product_shipping_class-2-3-settimane","12":"desktop-align-center","13":"tablet-align-left","14":"mobile-align-left","15":"ast-product-gallery-layout-horizontal-slider","16":"ast-product-tabs-layout-horizontal","18":"first","19":"instock","20":"taxable","21":"shipping-taxable","22":"purchasable","23":"product-type-simple"},"bundled_by":[],"bundle_stock_status":"instock","bundle_stock_quantity":100,"bundle_virtual":false,"bundle_layout":"","bundle_add_to_cart_form_location":"","bundle_editable_in_cart":false,"bundle_sold_individually_context":"","bundle_item_grouping":"","bundle_min_size":"","bundle_max_size":"","bundle_price":[],"bundled_items":[],"bundle_sell_ids":[],"_links":{"self":[{"href":"https:\/\/www.dream-x.ch\/it\/wp-json\/wp\/v2\/product\/9521","targetHints":{"allow":["GET"]}}],"collection":[{"href":"https:\/\/www.dream-x.ch\/it\/wp-json\/wp\/v2\/product"}],"about":[{"href":"https:\/\/www.dream-x.ch\/it\/wp-json\/wp\/v2\/types\/product"}],"replies":[{"embeddable":true,"href":"https:\/\/www.dream-x.ch\/it\/wp-json\/wp\/v2\/comments?post=9521"}],"version-history":[{"count":0,"href":"https:\/\/www.dream-x.ch\/it\/wp-json\/wp\/v2\/product\/9521\/revisions"}],"wp:featuredmedia":[{"embeddable":true,"href":"https:\/\/www.dream-x.ch\/it\/wp-json\/wp\/v2\/media\/8757"}],"wp:attachment":[{"href":"https:\/\/www.dream-x.ch\/it\/wp-json\/wp\/v2\/media?parent=9521"}],"wp:term":[{"taxonomy":"product_brand","embeddable":true,"href":"https:\/\/www.dream-x.ch\/it\/wp-json\/wp\/v2\/product_brand?post=9521"},{"taxonomy":"product_cat","embeddable":true,"href":"https:\/\/www.dream-x.ch\/it\/wp-json\/wp\/v2\/product_cat?post=9521"},{"taxonomy":"product_tag","embeddable":true,"href":"https:\/\/www.dream-x.ch\/it\/wp-json\/wp\/v2\/product_tag?post=9521"}],"curies":[{"name":"wp","href":"https:\/\/api.w.org\/{rel}","templated":true}]}}