{"id":9514,"date":"2022-11-27T12:07:33","date_gmt":"2022-11-27T11:07:33","guid":{"rendered":"https:\/\/www.dream-x.ch\/product\/svakom-trysta-rosa\/"},"modified":"2022-12-19T10:33:14","modified_gmt":"2022-12-19T09:33:14","slug":"svakom-trysta-rosa","status":"publish","type":"product","link":"https:\/\/www.dream-x.ch\/it\/product\/svakom-trysta-rosa\/","title":{"rendered":"Svakom &#8211; Trysta &#8211; Rosa"},"content":{"rendered":"<ul class=\"usp-list\">\n<li class=\"usp-list--element\">Vibratore Rabbit con 2 motori<\/li>\n<li class=\"usp-list--element\"><i class=\"icon icon-check usp-list__icon\"><\/i>Sfera aggiuntiva nella punta del punto G<\/li>\n<li class=\"usp-list--element\"><i class=\"icon icon-check usp-list__icon\"><\/i>Solletico per clitoride scanalato<\/li>\n<li class=\"usp-list--element\"><i class=\"icon icon-check usp-list__icon\"><\/i>7 modalit\u00e0 di vibrazione in 5 intensit\u00e0<\/li>\n<li class=\"usp-list--element\"><i class=\"icon icon-check usp-list__icon\"><\/i>Ricaricabile con il cavo USB<\/li>\n<\/ul>\n<p><strong>Vibratore Rabbit<\/strong> con stimolazione extra della palla!<br \/>\n<strong>Trysta<\/strong> \u00e8 un vibratore rabbit morbido e vellutato con 2 motori nell&#8217;asta leggermente piegata e nello stimolatore clitorideo. Stimolano con 7 modalit\u00e0 di vibrazione ad alta frequenza in 5 diverse intensit\u00e0. La punta ergonomica piegata per il punto G offre una sfera massaggiante aggiuntiva che rotola su e gi\u00f9 all&#8217;interno. Lo stimolatore clitorideo \u00e8 dotato di scanalature intensamente stimolanti. Include una pratica custodia e un cavo USB per la ricarica.<\/p>\n<p><strong>Colore:<\/strong>rosa<strong><br \/>\nDimensione<\/strong>: dimensione totale 18.3 cm, profondit\u00e0 d&#8217;inserimento 9.8 cm, \u00d8 2.4-3 cm.<br \/>\n<strong>Peso:<\/strong> 413 g.<br \/>\n<strong>Materiale<\/strong>: silicone con rivestimento in PU, ABS.<br \/>\n<b>Reso<\/b>: questo articolo non pu\u00f2 essere ritornato o cambiato per ragioni di igiene e sicurezza.<\/p>\n","protected":false},"excerpt":{"rendered":"<p><strong>Vibratore Rabbit<\/strong> con stimolazione extra della palla!<br \/>\n<strong>Trysta<\/strong> \u00e8 un vibratore rabbit morbido e vellutato con 2 motori nell&#8217;asta leggermente piegata e nello stimolatore clitorideo. Stimolano con 7 modalit\u00e0 di vibrazione ad alta frequenza in 5 diverse intensit\u00e0. La punta ergonomica piegata per il punto G offre una sfera massaggiante aggiuntiva che rotola su e gi\u00f9 all&#8217;interno. Lo stimolatore clitorideo \u00e8 dotato di scanalature intensamente stimolanti.<\/p>\n","protected":false},"featured_media":8655,"comment_status":"open","ping_status":"closed","template":"","meta":{"site-sidebar-layout":"default","site-content-layout":"default","ast-site-content-layout":"default","site-content-style":"default","site-sidebar-style":"default","ast-global-header-display":"","ast-banner-title-visibility":"","ast-main-header-display":"","ast-hfb-above-header-display":"","ast-hfb-below-header-display":"","ast-hfb-mobile-header-display":"","site-post-title":"","ast-breadcrumbs-content":"","ast-featured-img":"","footer-sml-layout":"","ast-disable-related-posts":"","theme-transparent-header-meta":"default","adv-header-id-meta":"","stick-header-meta":"default","header-above-stick-meta":"","header-main-stick-meta":"","header-below-stick-meta":"","astra-migrate-meta-layouts":"default","ast-page-background-enabled":"default","ast-page-background-meta":{"desktop":{"background-color":"","background-image":"","background-repeat":"repeat","background-position":"center center","background-size":"auto","background-attachment":"scroll","background-type":"","background-media":"","overlay-type":"","overlay-color":"","overlay-opacity":"","overlay-gradient":""},"tablet":{"background-color":"","background-image":"","background-repeat":"repeat","background-position":"center center","background-size":"auto","background-attachment":"scroll","background-type":"","background-media":"","overlay-type":"","overlay-color":"","overlay-opacity":"","overlay-gradient":""},"mobile":{"background-color":"","background-image":"","background-repeat":"repeat","background-position":"center center","background-size":"auto","background-attachment":"scroll","background-type":"","background-media":"","overlay-type":"","overlay-color":"","overlay-opacity":"","overlay-gradient":""}},"ast-content-background-meta":{"desktop":{"background-color":"var(--ast-global-color-5)","background-image":"","background-repeat":"repeat","background-position":"center center","background-size":"auto","background-attachment":"scroll","background-type":"","background-media":"","overlay-type":"","overlay-color":"","overlay-opacity":"","overlay-gradient":""},"tablet":{"background-color":"var(--ast-global-color-5)","background-image":"","background-repeat":"repeat","background-position":"center center","background-size":"auto","background-attachment":"scroll","background-type":"","background-media":"","overlay-type":"","overlay-color":"","overlay-opacity":"","overlay-gradient":""},"mobile":{"background-color":"var(--ast-global-color-5)","background-image":"","background-repeat":"repeat","background-position":"center center","background-size":"auto","background-attachment":"scroll","background-type":"","background-media":"","overlay-type":"","overlay-color":"","overlay-opacity":"","overlay-gradient":""}}},"product_brand":[],"product_cat":[253,285,292,296],"product_tag":[],"class_list":{"0":"post-9514","1":"product","2":"type-product","3":"status-publish","4":"has-post-thumbnail","6":"product_cat-sex-toys-it","7":"product_cat-vibratori","8":"product_cat-vibratori-per-il-punto-g","9":"product_cat-vibratori-rabbit","10":"desktop-align-center","11":"tablet-align-left","12":"mobile-align-left","13":"ast-product-gallery-layout-horizontal-slider","14":"ast-product-tabs-layout-horizontal","16":"first","17":"instock","18":"taxable","19":"shipping-taxable","20":"purchasable","21":"product-type-simple"},"bundled_by":[],"bundle_stock_status":"instock","bundle_stock_quantity":59,"bundle_virtual":false,"bundle_layout":"","bundle_add_to_cart_form_location":"","bundle_editable_in_cart":false,"bundle_sold_individually_context":"","bundle_item_grouping":"","bundle_min_size":"","bundle_max_size":"","bundle_price":[],"bundled_items":[],"bundle_sell_ids":[],"_links":{"self":[{"href":"https:\/\/www.dream-x.ch\/it\/wp-json\/wp\/v2\/product\/9514","targetHints":{"allow":["GET"]}}],"collection":[{"href":"https:\/\/www.dream-x.ch\/it\/wp-json\/wp\/v2\/product"}],"about":[{"href":"https:\/\/www.dream-x.ch\/it\/wp-json\/wp\/v2\/types\/product"}],"replies":[{"embeddable":true,"href":"https:\/\/www.dream-x.ch\/it\/wp-json\/wp\/v2\/comments?post=9514"}],"version-history":[{"count":0,"href":"https:\/\/www.dream-x.ch\/it\/wp-json\/wp\/v2\/product\/9514\/revisions"}],"wp:featuredmedia":[{"embeddable":true,"href":"https:\/\/www.dream-x.ch\/it\/wp-json\/wp\/v2\/media\/8655"}],"wp:attachment":[{"href":"https:\/\/www.dream-x.ch\/it\/wp-json\/wp\/v2\/media?parent=9514"}],"wp:term":[{"taxonomy":"product_brand","embeddable":true,"href":"https:\/\/www.dream-x.ch\/it\/wp-json\/wp\/v2\/product_brand?post=9514"},{"taxonomy":"product_cat","embeddable":true,"href":"https:\/\/www.dream-x.ch\/it\/wp-json\/wp\/v2\/product_cat?post=9514"},{"taxonomy":"product_tag","embeddable":true,"href":"https:\/\/www.dream-x.ch\/it\/wp-json\/wp\/v2\/product_tag?post=9514"}],"curies":[{"name":"wp","href":"https:\/\/api.w.org\/{rel}","templated":true}]}}