{"id":9513,"date":"2022-11-27T12:07:33","date_gmt":"2022-11-27T11:07:33","guid":{"rendered":"https:\/\/www.dream-x.ch\/product\/svakom-adonis-viola\/"},"modified":"2022-12-19T10:33:14","modified_gmt":"2022-12-19T09:33:14","slug":"svakom-adonis-viola","status":"publish","type":"product","link":"https:\/\/www.dream-x.ch\/it\/product\/svakom-adonis-viola\/","title":{"rendered":"Svakom &#8211; Adonis &#8211; Viola"},"content":{"rendered":"<ul class=\"usp-list\">\n<li class=\"usp-list--element\">Vibratore Rabbit von superficie scanalata<\/li>\n<li class=\"usp-list--element\"><i class=\"icon icon-check usp-list__icon\"><\/i><strong>Funzione di riscaldamento fino a 38\u00b0 C<\/strong> sulla punta<\/li>\n<li class=\"usp-list--element\"><i class=\"icon icon-check usp-list__icon\"><\/i>Design ergonomico<\/li>\n<li class=\"usp-list--element\"><i class=\"icon icon-check usp-list__icon\"><\/i>7 modalit\u00e0 di virbazione in 5 intensit\u00e0<\/li>\n<li class=\"usp-list--element\"><i class=\"icon icon-check usp-list__icon\"><\/i>Con modalit\u00e0 intelligente SVAKOM<\/li>\n<li class=\"usp-list--element\"><i class=\"icon icon-check usp-list__icon\"><\/i>Ricaricabile con il cavo USB<\/li>\n<\/ul>\n<p>Funzione di riscaldamento e raffinate scanalature stimolanti.<br \/>\n<strong>Adonis<\/strong> \u00e8 un vibratore Rabbit dalla forma ergonomica che si adatta perfettamente ai contorni femminili. Funzione di riscaldamento e raffinate scanalature stimolanti sulla punta del punto G e sullo stimolatore clitorideo. <strong>Adonis \u00e8 in grado di riscaldarsi fino a 38\u00b0C e offre una sensazione di calore vivace e corporeo.<\/strong> Stimola con 7 modalit\u00e0 di vibrazione silenziose in 5 diverse intensit\u00e0 La modalit\u00e0 aggiuntiva SVAKOM Intelligent imita le frequenuze crescenti del sesso reale verso il culmine. Comodamente regolabile con la semplice pressione di un pulsante. Include una pratica custodia e un cavo USB per la ricarica.<\/p>\n<p><strong>Colore:<\/strong>Viola<strong><br \/>\nDimensione<\/strong>: lunghezza totale 21 cm, profondit\u00e0 d&#8217;inserimento 12.3 cm, \u00d8 2.8-3.9 cm.<br \/>\n<strong>Peso:<\/strong> 504 g.<br \/>\n<strong>Materiale<\/strong>: silicone con rivestimento in PU, ABS.<br \/>\n<b>Reso<\/b>: questo articolo non pu\u00f2 essere ritornato o cambiato per ragioni di igiene e sicurezza.<\/p>\n","protected":false},"excerpt":{"rendered":"<p>Funzione di riscaldamento e raffinate scanalature stimolanti.<br \/>\n<strong>Adonis<\/strong> \u00e8 un vibratore Rabbit dalla forma ergonomica che si adatta perfettamente ai contorni femminili. Funzione di riscaldamento e raffinate scanalature stimolanti sulla punta del punto G e sullo stimolatore clitorideo. <strong>Adonis \u00e8 in grado di riscaldarsi fino a 38\u00b0C e offre una sensazione di calore vivace e corporeo.<\/strong><\/p>\n","protected":false},"featured_media":8634,"comment_status":"open","ping_status":"closed","template":"","meta":{"site-sidebar-layout":"default","site-content-layout":"default","ast-site-content-layout":"default","site-content-style":"default","site-sidebar-style":"default","ast-global-header-display":"","ast-banner-title-visibility":"","ast-main-header-display":"","ast-hfb-above-header-display":"","ast-hfb-below-header-display":"","ast-hfb-mobile-header-display":"","site-post-title":"","ast-breadcrumbs-content":"","ast-featured-img":"","footer-sml-layout":"","ast-disable-related-posts":"","theme-transparent-header-meta":"default","adv-header-id-meta":"","stick-header-meta":"default","header-above-stick-meta":"","header-main-stick-meta":"","header-below-stick-meta":"","astra-migrate-meta-layouts":"default","ast-page-background-enabled":"default","ast-page-background-meta":{"desktop":{"background-color":"","background-image":"","background-repeat":"repeat","background-position":"center center","background-size":"auto","background-attachment":"scroll","background-type":"","background-media":"","overlay-type":"","overlay-color":"","overlay-opacity":"","overlay-gradient":""},"tablet":{"background-color":"","background-image":"","background-repeat":"repeat","background-position":"center center","background-size":"auto","background-attachment":"scroll","background-type":"","background-media":"","overlay-type":"","overlay-color":"","overlay-opacity":"","overlay-gradient":""},"mobile":{"background-color":"","background-image":"","background-repeat":"repeat","background-position":"center center","background-size":"auto","background-attachment":"scroll","background-type":"","background-media":"","overlay-type":"","overlay-color":"","overlay-opacity":"","overlay-gradient":""}},"ast-content-background-meta":{"desktop":{"background-color":"var(--ast-global-color-5)","background-image":"","background-repeat":"repeat","background-position":"center center","background-size":"auto","background-attachment":"scroll","background-type":"","background-media":"","overlay-type":"","overlay-color":"","overlay-opacity":"","overlay-gradient":""},"tablet":{"background-color":"var(--ast-global-color-5)","background-image":"","background-repeat":"repeat","background-position":"center center","background-size":"auto","background-attachment":"scroll","background-type":"","background-media":"","overlay-type":"","overlay-color":"","overlay-opacity":"","overlay-gradient":""},"mobile":{"background-color":"var(--ast-global-color-5)","background-image":"","background-repeat":"repeat","background-position":"center center","background-size":"auto","background-attachment":"scroll","background-type":"","background-media":"","overlay-type":"","overlay-color":"","overlay-opacity":"","overlay-gradient":""}}},"product_brand":[],"product_cat":[313,253,290,285,292,296],"product_tag":[335],"class_list":{"0":"post-9513","1":"product","2":"type-product","3":"status-publish","4":"has-post-thumbnail","6":"product_cat-svakom","7":"product_cat-sex-toys-it","8":"product_cat-vibratore-clitorideo","9":"product_cat-vibratori","10":"product_cat-vibratori-per-il-punto-g","11":"product_cat-vibratori-rabbit","12":"product_tag-vibratore-rabbit","13":"product_shipping_class-2-3-settimane","14":"desktop-align-center","15":"tablet-align-left","16":"mobile-align-left","17":"ast-product-gallery-layout-horizontal-slider","18":"ast-product-tabs-layout-horizontal","20":"first","21":"instock","22":"taxable","23":"shipping-taxable","24":"purchasable","25":"product-type-simple"},"bundled_by":[],"bundle_stock_status":"instock","bundle_stock_quantity":1,"bundle_virtual":false,"bundle_layout":"","bundle_add_to_cart_form_location":"","bundle_editable_in_cart":false,"bundle_sold_individually_context":"","bundle_item_grouping":"","bundle_min_size":"","bundle_max_size":"","bundle_price":[],"bundled_items":[],"bundle_sell_ids":[],"_links":{"self":[{"href":"https:\/\/www.dream-x.ch\/it\/wp-json\/wp\/v2\/product\/9513","targetHints":{"allow":["GET"]}}],"collection":[{"href":"https:\/\/www.dream-x.ch\/it\/wp-json\/wp\/v2\/product"}],"about":[{"href":"https:\/\/www.dream-x.ch\/it\/wp-json\/wp\/v2\/types\/product"}],"replies":[{"embeddable":true,"href":"https:\/\/www.dream-x.ch\/it\/wp-json\/wp\/v2\/comments?post=9513"}],"version-history":[{"count":0,"href":"https:\/\/www.dream-x.ch\/it\/wp-json\/wp\/v2\/product\/9513\/revisions"}],"wp:featuredmedia":[{"embeddable":true,"href":"https:\/\/www.dream-x.ch\/it\/wp-json\/wp\/v2\/media\/8634"}],"wp:attachment":[{"href":"https:\/\/www.dream-x.ch\/it\/wp-json\/wp\/v2\/media?parent=9513"}],"wp:term":[{"taxonomy":"product_brand","embeddable":true,"href":"https:\/\/www.dream-x.ch\/it\/wp-json\/wp\/v2\/product_brand?post=9513"},{"taxonomy":"product_cat","embeddable":true,"href":"https:\/\/www.dream-x.ch\/it\/wp-json\/wp\/v2\/product_cat?post=9513"},{"taxonomy":"product_tag","embeddable":true,"href":"https:\/\/www.dream-x.ch\/it\/wp-json\/wp\/v2\/product_tag?post=9513"}],"curies":[{"name":"wp","href":"https:\/\/api.w.org\/{rel}","templated":true}]}}