{"id":9512,"date":"2022-11-27T12:07:34","date_gmt":"2022-11-27T11:07:34","guid":{"rendered":"https:\/\/www.dream-x.ch\/product\/svakom-cici-viola\/"},"modified":"2022-12-19T10:33:13","modified_gmt":"2022-12-19T09:33:13","slug":"svakom-cici-viola","status":"publish","type":"product","link":"https:\/\/www.dream-x.ch\/it\/product\/svakom-cici-viola\/","title":{"rendered":"Svakom &#8211; Cici &#8211; Viola"},"content":{"rendered":"<ul class=\"usp-list\">\n<li class=\"usp-list--element\">Vibratore intelligente per il punto G\/P<\/li>\n<li class=\"usp-list--element\"><i class=\"icon icon-check usp-list__icon\"><\/i>punta vibrante flessibile<\/li>\n<li class=\"usp-list--element\"><i class=\"icon icon-check usp-list__icon\"><\/i>5 modalit\u00e0 di vibrazione con 5 intensit\u00e0<\/li>\n<li class=\"usp-list--element\"><i class=\"icon icon-check usp-list__icon\"><\/i>Struttura scanalata intensamente stimolante<\/li>\n<li class=\"usp-list--element\"><i class=\"icon icon-check usp-list__icon\"><\/i>Impermeabile<\/li>\n<li class=\"usp-list--element\"><i class=\"icon icon-check usp-list__icon\"><\/i>Ricaricabile con il cavo USB<\/li>\n<\/ul>\n<p>Flessibile e versatile!<br \/>\n<strong>Cici \u00e8 un vibratore ricaricabile per il punto G\/P<\/strong> realizzato in materiale setoso Soft Touch. Con 5 modalit\u00e0 di vibrazione silenziosa in 5 diverse intensti\u00e0 per garantire una grande variet\u00e0. La punta flessibile del vibratore pu\u00f2 essere piegata in ogni direzione, in modo da raggiungere facilmente ogni punto del corpo. La struttura a scanalature sensuali offre una superficie pi\u00f9 stimolante. Comodamente controllabile premendo un pulsante. Waterproof.<\/p>\n<p>Inclusi custodia e cavo USB<\/p>\n<p><strong>Colore:<\/strong> Viola<strong><br \/>\n<\/strong><strong>Dimensione<\/strong>: lunghezza totale 18.2 cm, \u00d8 1.1-2.5 cm<br \/>\n<strong>Peso:<\/strong> 339 g.<br \/>\n<strong>Materiale<\/strong>: silicone con rivestimento in PU.<br \/>\n<b>Reso<\/b>: questo articolo non pu\u00f2 essere ritornato o cambiato per ragioni di igiene e sicurezza.<\/p>\n","protected":false},"excerpt":{"rendered":"<p>Flessibile e versatile!<br \/>\n<strong>Cici \u00e8 un vibratore ricaricabile per il punto G\/P<\/strong> realizzato in materiale setoso Soft Touch. Con 5 modalit\u00e0 di vibrazione silenziosa in 5 diverse intensti\u00e0 per garantire una grande variet\u00e0. La punta flessibile del vibratore pu\u00f2 essere piegata in ogni direzione, in modo da raggiungere facilmente ogni punto del corpo. La struttura a scanalature sensuali offre una superficie pi\u00f9 stimolante. Comodamente controllabile premendo un pulsante. Waterproof.<\/p>\n","protected":false},"featured_media":8504,"comment_status":"open","ping_status":"closed","template":"","meta":{"site-sidebar-layout":"default","site-content-layout":"default","ast-site-content-layout":"default","site-content-style":"default","site-sidebar-style":"default","ast-global-header-display":"","ast-banner-title-visibility":"","ast-main-header-display":"","ast-hfb-above-header-display":"","ast-hfb-below-header-display":"","ast-hfb-mobile-header-display":"","site-post-title":"","ast-breadcrumbs-content":"","ast-featured-img":"","footer-sml-layout":"","ast-disable-related-posts":"","theme-transparent-header-meta":"default","adv-header-id-meta":"","stick-header-meta":"default","header-above-stick-meta":"","header-main-stick-meta":"","header-below-stick-meta":"","astra-migrate-meta-layouts":"default","ast-page-background-enabled":"default","ast-page-background-meta":{"desktop":{"background-color":"","background-image":"","background-repeat":"repeat","background-position":"center center","background-size":"auto","background-attachment":"scroll","background-type":"","background-media":"","overlay-type":"","overlay-color":"","overlay-opacity":"","overlay-gradient":""},"tablet":{"background-color":"","background-image":"","background-repeat":"repeat","background-position":"center center","background-size":"auto","background-attachment":"scroll","background-type":"","background-media":"","overlay-type":"","overlay-color":"","overlay-opacity":"","overlay-gradient":""},"mobile":{"background-color":"","background-image":"","background-repeat":"repeat","background-position":"center center","background-size":"auto","background-attachment":"scroll","background-type":"","background-media":"","overlay-type":"","overlay-color":"","overlay-opacity":"","overlay-gradient":""}},"ast-content-background-meta":{"desktop":{"background-color":"var(--ast-global-color-5)","background-image":"","background-repeat":"repeat","background-position":"center center","background-size":"auto","background-attachment":"scroll","background-type":"","background-media":"","overlay-type":"","overlay-color":"","overlay-opacity":"","overlay-gradient":""},"tablet":{"background-color":"var(--ast-global-color-5)","background-image":"","background-repeat":"repeat","background-position":"center center","background-size":"auto","background-attachment":"scroll","background-type":"","background-media":"","overlay-type":"","overlay-color":"","overlay-opacity":"","overlay-gradient":""},"mobile":{"background-color":"var(--ast-global-color-5)","background-image":"","background-repeat":"repeat","background-position":"center center","background-size":"auto","background-attachment":"scroll","background-type":"","background-media":"","overlay-type":"","overlay-color":"","overlay-opacity":"","overlay-gradient":""}}},"product_brand":[],"product_cat":[313,253,285,269,292],"product_tag":[334],"class_list":{"0":"post-9512","1":"product","2":"type-product","3":"status-publish","4":"has-post-thumbnail","6":"product_cat-svakom","7":"product_cat-sex-toys-it","8":"product_cat-vibratori","9":"product_cat-vibratori-per-coppie","10":"product_cat-vibratori-per-il-punto-g","11":"product_tag-vibratore-per-il-punto-g","12":"product_shipping_class-2-3-settimane","13":"desktop-align-center","14":"tablet-align-left","15":"mobile-align-left","16":"ast-product-gallery-layout-horizontal-slider","17":"ast-product-tabs-layout-horizontal","19":"first","20":"instock","21":"taxable","22":"shipping-taxable","23":"purchasable","24":"product-type-simple"},"bundled_by":[],"bundle_stock_status":"instock","bundle_stock_quantity":100,"bundle_virtual":false,"bundle_layout":"","bundle_add_to_cart_form_location":"","bundle_editable_in_cart":false,"bundle_sold_individually_context":"","bundle_item_grouping":"","bundle_min_size":"","bundle_max_size":"","bundle_price":[],"bundled_items":[],"bundle_sell_ids":[],"_links":{"self":[{"href":"https:\/\/www.dream-x.ch\/it\/wp-json\/wp\/v2\/product\/9512","targetHints":{"allow":["GET"]}}],"collection":[{"href":"https:\/\/www.dream-x.ch\/it\/wp-json\/wp\/v2\/product"}],"about":[{"href":"https:\/\/www.dream-x.ch\/it\/wp-json\/wp\/v2\/types\/product"}],"replies":[{"embeddable":true,"href":"https:\/\/www.dream-x.ch\/it\/wp-json\/wp\/v2\/comments?post=9512"}],"version-history":[{"count":0,"href":"https:\/\/www.dream-x.ch\/it\/wp-json\/wp\/v2\/product\/9512\/revisions"}],"wp:featuredmedia":[{"embeddable":true,"href":"https:\/\/www.dream-x.ch\/it\/wp-json\/wp\/v2\/media\/8504"}],"wp:attachment":[{"href":"https:\/\/www.dream-x.ch\/it\/wp-json\/wp\/v2\/media?parent=9512"}],"wp:term":[{"taxonomy":"product_brand","embeddable":true,"href":"https:\/\/www.dream-x.ch\/it\/wp-json\/wp\/v2\/product_brand?post=9512"},{"taxonomy":"product_cat","embeddable":true,"href":"https:\/\/www.dream-x.ch\/it\/wp-json\/wp\/v2\/product_cat?post=9512"},{"taxonomy":"product_tag","embeddable":true,"href":"https:\/\/www.dream-x.ch\/it\/wp-json\/wp\/v2\/product_tag?post=9512"}],"curies":[{"name":"wp","href":"https:\/\/api.w.org\/{rel}","templated":true}]}}