{"id":9486,"date":"2022-11-27T12:07:39","date_gmt":"2022-11-27T11:07:39","guid":{"rendered":"https:\/\/www.dream-x.ch\/product\/svakom-julie-viola\/"},"modified":"2022-12-19T10:33:13","modified_gmt":"2022-12-19T09:33:13","slug":"julie-violet","status":"publish","type":"product","link":"https:\/\/www.dream-x.ch\/it\/product\/julie-violet\/","title":{"rendered":"Svakom &#8211; Julie &#8211; Viola"},"content":{"rendered":"<ul class=\"usp-list\">\n<li class=\"usp-list--element\">Massaggiatore prostatico ergonomico<\/li>\n<li class=\"usp-list--element\"><i class=\"icon icon-check usp-list__icon\"><\/i>5 modalit\u00e0 di vibrazione con 5 intensit\u00e0<\/li>\n<li class=\"usp-list--element\"><i class=\"icon icon-check usp-list__icon\"><\/i>Modalit\u00e0 intelligente SVAKOM aggiuntiva<\/li>\n<li class=\"usp-list--element\"><i class=\"icon icon-check usp-list__icon\"><\/i>Con controllo remoto<\/li>\n<li class=\"usp-list--element\"><i class=\"icon icon-check usp-list__icon\"><\/i>Pu\u00f2 essere ricaricato tramite cavo USB<\/li>\n<\/ul>\n<p>Per piacere anale!<br \/>\n<strong>Plug anale ergonomicamente<\/strong> curvo per un massaggio alla prostata infallibile. Adatto anche per un&#8217;intensa stimolazione del punto G. Stimola con 5 potenti modalit\u00e0 di vibrazione in 5 diverse intensit\u00e0. La modalit\u00e0 aggiuntiva SVAKOM Intelligent imita le frequenze crescenti del sesso reale verso il culmine. Comodamente regolabile premendo un pulsante, sia sul dispositivo stesso che sul telecomando. Include una pratica custodia, un cavo USB per la ricarica e le batterie per il telecomando.<\/p>\n<p><strong>eColore:<\/strong>viola<strong><br \/>\nDimension<\/strong>: lunghezza totale 10.2 cm, 6.7 cm, profondit\u00e0 di inserimento \u00d8 1.3-2.8 cm.<br \/>\n<strong>Peso<\/strong>: 291 g.<br \/>\n<strong>Materiale<\/strong>: Silicone con rivestimento in PU, ABS.<br \/>\n<b>Reso<\/b>: questo articolo non pu\u00f2 essere ritornato o cambiato per ragioni di igiene e sicurezza.<\/p>\n","protected":false},"excerpt":{"rendered":"<p>Per il piacere anale!<br \/>\n<strong>Plug anale ergonomicamente<\/strong> curvo per un massaggio alla prostata infallibile. Adatto anche per un&#8217;intensa stimolazione del punto G. Stimola con 5 potenti modalit\u00e0 di vibrazione in 5 divere intensit\u00e0. La modalit\u00e0 aggiuntiva SVAKOM Intelligent imita le frequenze crescenti del sesso reale verso il culmine.<\/p>\n","protected":false},"featured_media":8555,"comment_status":"open","ping_status":"closed","template":"","meta":{"site-sidebar-layout":"default","site-content-layout":"default","ast-site-content-layout":"default","site-content-style":"default","site-sidebar-style":"default","ast-global-header-display":"","ast-banner-title-visibility":"","ast-main-header-display":"","ast-hfb-above-header-display":"","ast-hfb-below-header-display":"","ast-hfb-mobile-header-display":"","site-post-title":"","ast-breadcrumbs-content":"","ast-featured-img":"","footer-sml-layout":"","ast-disable-related-posts":"","theme-transparent-header-meta":"default","adv-header-id-meta":"","stick-header-meta":"default","header-above-stick-meta":"","header-main-stick-meta":"","header-below-stick-meta":"","astra-migrate-meta-layouts":"default","ast-page-background-enabled":"default","ast-page-background-meta":{"desktop":{"background-color":"","background-image":"","background-repeat":"repeat","background-position":"center center","background-size":"auto","background-attachment":"scroll","background-type":"","background-media":"","overlay-type":"","overlay-color":"","overlay-opacity":"","overlay-gradient":""},"tablet":{"background-color":"","background-image":"","background-repeat":"repeat","background-position":"center center","background-size":"auto","background-attachment":"scroll","background-type":"","background-media":"","overlay-type":"","overlay-color":"","overlay-opacity":"","overlay-gradient":""},"mobile":{"background-color":"","background-image":"","background-repeat":"repeat","background-position":"center center","background-size":"auto","background-attachment":"scroll","background-type":"","background-media":"","overlay-type":"","overlay-color":"","overlay-opacity":"","overlay-gradient":""}},"ast-content-background-meta":{"desktop":{"background-color":"var(--ast-global-color-5)","background-image":"","background-repeat":"repeat","background-position":"center center","background-size":"auto","background-attachment":"scroll","background-type":"","background-media":"","overlay-type":"","overlay-color":"","overlay-opacity":"","overlay-gradient":""},"tablet":{"background-color":"var(--ast-global-color-5)","background-image":"","background-repeat":"repeat","background-position":"center center","background-size":"auto","background-attachment":"scroll","background-type":"","background-media":"","overlay-type":"","overlay-color":"","overlay-opacity":"","overlay-gradient":""},"mobile":{"background-color":"var(--ast-global-color-5)","background-image":"","background-repeat":"repeat","background-position":"center center","background-size":"auto","background-attachment":"scroll","background-type":"","background-media":"","overlay-type":"","overlay-color":"","overlay-opacity":"","overlay-gradient":""}}},"product_brand":[],"product_cat":[209,313,254,268,258,253,285,259,277,269],"product_tag":[332],"class_list":{"0":"post-9486","1":"product","2":"type-product","3":"status-publish","4":"has-post-thumbnail","6":"product_cat-giocattoli-erotici-per-uomini","7":"product_cat-svakom","8":"product_cat-giocattoli-anali","9":"product_cat-giocattoli-erotici-per-coppie","10":"product_cat-plug-anale","11":"product_cat-sex-toys-it","12":"product_cat-vibratori","13":"product_cat-vibratori-anali","14":"product_cat-vibratori-maschili","15":"product_cat-vibratori-per-coppie","16":"product_tag-vibratore-anale","17":"product_shipping_class-2-3-settimane","18":"desktop-align-center","19":"tablet-align-left","20":"mobile-align-left","21":"ast-product-gallery-layout-horizontal-slider","22":"ast-product-tabs-layout-horizontal","24":"first","25":"instock","26":"taxable","27":"shipping-taxable","28":"purchasable","29":"product-type-simple"},"bundled_by":[],"bundle_stock_status":"instock","bundle_stock_quantity":100,"bundle_virtual":false,"bundle_layout":"","bundle_add_to_cart_form_location":"","bundle_editable_in_cart":false,"bundle_sold_individually_context":"","bundle_item_grouping":"","bundle_min_size":"","bundle_max_size":"","bundle_price":[],"bundled_items":[],"bundle_sell_ids":[],"_links":{"self":[{"href":"https:\/\/www.dream-x.ch\/it\/wp-json\/wp\/v2\/product\/9486","targetHints":{"allow":["GET"]}}],"collection":[{"href":"https:\/\/www.dream-x.ch\/it\/wp-json\/wp\/v2\/product"}],"about":[{"href":"https:\/\/www.dream-x.ch\/it\/wp-json\/wp\/v2\/types\/product"}],"replies":[{"embeddable":true,"href":"https:\/\/www.dream-x.ch\/it\/wp-json\/wp\/v2\/comments?post=9486"}],"version-history":[{"count":0,"href":"https:\/\/www.dream-x.ch\/it\/wp-json\/wp\/v2\/product\/9486\/revisions"}],"wp:featuredmedia":[{"embeddable":true,"href":"https:\/\/www.dream-x.ch\/it\/wp-json\/wp\/v2\/media\/8555"}],"wp:attachment":[{"href":"https:\/\/www.dream-x.ch\/it\/wp-json\/wp\/v2\/media?parent=9486"}],"wp:term":[{"taxonomy":"product_brand","embeddable":true,"href":"https:\/\/www.dream-x.ch\/it\/wp-json\/wp\/v2\/product_brand?post=9486"},{"taxonomy":"product_cat","embeddable":true,"href":"https:\/\/www.dream-x.ch\/it\/wp-json\/wp\/v2\/product_cat?post=9486"},{"taxonomy":"product_tag","embeddable":true,"href":"https:\/\/www.dream-x.ch\/it\/wp-json\/wp\/v2\/product_tag?post=9486"}],"curies":[{"name":"wp","href":"https:\/\/api.w.org\/{rel}","templated":true}]}}