{"id":9483,"date":"2022-11-27T12:07:24","date_gmt":"2022-11-27T11:07:24","guid":{"rendered":"https:\/\/www.dream-x.ch\/product\/svakom-aylin-blu\/"},"modified":"2024-10-15T12:03:48","modified_gmt":"2024-10-15T11:03:48","slug":"svakom-aylin-blu","status":"publish","type":"product","link":"https:\/\/www.dream-x.ch\/it\/product\/svakom-aylin-blu\/","title":{"rendered":"Svakom &#8211; Aylin &#8211; Blu"},"content":{"rendered":"<ul class=\"usp-list\">\n<li class=\"usp-list--element\">Vibratore rabbit con punta pulsante<\/li>\n<li class=\"usp-list--element\"><i class=\"icon icon-check usp-list__icon\"><\/i>5 modalit\u00e0 di vibrazione in 5 velocit\u00e0<\/li>\n<li class=\"usp-list--element\"><i class=\"icon icon-check usp-list__icon\"><\/i>Con onde stimolanti<\/li>\n<li class=\"usp-list--element\"><i class=\"icon icon-check usp-list__icon\"><\/i>Facile da usare e flessibile<\/li>\n<li class=\"usp-list--element\"><i class=\"icon icon-check usp-list__icon\"><\/i>Impermeabile<\/li>\n<li class=\"usp-list--element\"><i class=\"icon icon-check usp-list__icon\"><\/i>Silicone morbido e vellutato<\/li>\n<li class=\"usp-list--element\"><i class=\"icon icon-check usp-list__icon\"><\/i>Caricatore \u2013 incl. cavo USB<\/li>\n<\/ul>\n<p>Lo specialista di stile per la vagina e il clitoride!<br \/>\nIl vibratore rabbit Aylin di Svakom \u00e8 dotato di onde stimolanti e di una punta pulsante per una doppia stimolazione profonda e intensa per clitoride e vagina. Il vibratore flessibile in silicone \u00e8 morbido e vellutato, quindi \u00e8 molto facile da tenere in mano e inoltre scivola sulla pelle e nelle profondit\u00e0 intime quasi da solo.<\/p>\n<p>Le 5 modalit\u00e0 di vibrazione pulsante in 5 velocit\u00e0 offrono un piacere a tutto tondo per un divertimento vario e possono essere facilmente controllate premendo un pulsante. Aylin pu\u00f2 essere utilizzato anche nella vasca da bagno o nella doccia perch\u00e9 \u00e8 impermeabile.<\/p>\n<p>Ricaricabile &#8211; include un cavo USB e una borsa per la conservazione.<\/p>\n<p><strong>Colore: <\/strong>blu<strong><br \/>\nDimensione<\/strong>: 21.5 cm x 6.6 cm x 3.4 cm.<br \/>\n<strong>Peso<\/strong>: 183 g.<br \/>\n<strong>Materiale<\/strong>: Silicone, ABS.<br \/>\n<b>Reso<\/b>: questo articolo non pu\u00f2 essere ritornato o cambiato per ragioni di igiene e sicurezza.<\/p>\n","protected":false},"excerpt":{"rendered":"<p>Lo specialista di stile per la vagina e il clitoride!<br \/>\nIl vibratore rabbit Aylin di Svakom \u00e8 dotato di onde stimolanti e di una punta pulsante per una doppia stimolazione profonda e intensa per clitoride e vagina. Il vibratore flessibile in silicone \u00e8 morbido e vellutato, quindi \u00e8 molto facile da tenere in mano e inoltre scivola sulla pelle e nelle profondit\u00e0 intime quasi da solo.<\/p>\n","protected":false},"featured_media":8350,"comment_status":"open","ping_status":"closed","template":"","meta":{"site-sidebar-layout":"default","site-content-layout":"default","ast-site-content-layout":"default","site-content-style":"default","site-sidebar-style":"default","ast-global-header-display":"","ast-banner-title-visibility":"","ast-main-header-display":"","ast-hfb-above-header-display":"","ast-hfb-below-header-display":"","ast-hfb-mobile-header-display":"","site-post-title":"","ast-breadcrumbs-content":"","ast-featured-img":"","footer-sml-layout":"","ast-disable-related-posts":"","theme-transparent-header-meta":"default","adv-header-id-meta":"","stick-header-meta":"default","header-above-stick-meta":"","header-main-stick-meta":"","header-below-stick-meta":"","astra-migrate-meta-layouts":"default","ast-page-background-enabled":"default","ast-page-background-meta":{"desktop":{"background-color":"","background-image":"","background-repeat":"repeat","background-position":"center center","background-size":"auto","background-attachment":"scroll","background-type":"","background-media":"","overlay-type":"","overlay-color":"","overlay-opacity":"","overlay-gradient":""},"tablet":{"background-color":"","background-image":"","background-repeat":"repeat","background-position":"center center","background-size":"auto","background-attachment":"scroll","background-type":"","background-media":"","overlay-type":"","overlay-color":"","overlay-opacity":"","overlay-gradient":""},"mobile":{"background-color":"","background-image":"","background-repeat":"repeat","background-position":"center center","background-size":"auto","background-attachment":"scroll","background-type":"","background-media":"","overlay-type":"","overlay-color":"","overlay-opacity":"","overlay-gradient":""}},"ast-content-background-meta":{"desktop":{"background-color":"var(--ast-global-color-5)","background-image":"","background-repeat":"repeat","background-position":"center center","background-size":"auto","background-attachment":"scroll","background-type":"","background-media":"","overlay-type":"","overlay-color":"","overlay-opacity":"","overlay-gradient":""},"tablet":{"background-color":"var(--ast-global-color-5)","background-image":"","background-repeat":"repeat","background-position":"center center","background-size":"auto","background-attachment":"scroll","background-type":"","background-media":"","overlay-type":"","overlay-color":"","overlay-opacity":"","overlay-gradient":""},"mobile":{"background-color":"var(--ast-global-color-5)","background-image":"","background-repeat":"repeat","background-position":"center center","background-size":"auto","background-attachment":"scroll","background-type":"","background-media":"","overlay-type":"","overlay-color":"","overlay-opacity":"","overlay-gradient":""}}},"product_brand":[],"product_cat":[296,313,290,269,292],"product_tag":[329],"class_list":{"0":"post-9483","1":"product","2":"type-product","3":"status-publish","4":"has-post-thumbnail","6":"product_cat-vibratori-rabbit","7":"product_cat-svakom","8":"product_cat-vibratore-clitorideo","9":"product_cat-vibratori-per-coppie","10":"product_cat-vibratori-per-il-punto-g","11":"product_tag-vribratore-rabbit","12":"product_shipping_class-disponibile-in-1-3-giorni-lavorativi","13":"desktop-align-center","14":"tablet-align-left","15":"mobile-align-left","16":"ast-product-gallery-layout-horizontal-slider","17":"ast-product-tabs-layout-horizontal","19":"first","20":"instock","21":"sale","22":"featured","23":"taxable","24":"shipping-taxable","25":"purchasable","26":"product-type-simple"},"bundled_by":[],"bundle_stock_status":"instock","bundle_stock_quantity":1,"bundle_virtual":false,"bundle_layout":"","bundle_add_to_cart_form_location":"","bundle_editable_in_cart":false,"bundle_sold_individually_context":"","bundle_item_grouping":"","bundle_min_size":"","bundle_max_size":"","bundle_price":[],"bundled_items":[],"bundle_sell_ids":[9465,9467],"_links":{"self":[{"href":"https:\/\/www.dream-x.ch\/it\/wp-json\/wp\/v2\/product\/9483","targetHints":{"allow":["GET"]}}],"collection":[{"href":"https:\/\/www.dream-x.ch\/it\/wp-json\/wp\/v2\/product"}],"about":[{"href":"https:\/\/www.dream-x.ch\/it\/wp-json\/wp\/v2\/types\/product"}],"replies":[{"embeddable":true,"href":"https:\/\/www.dream-x.ch\/it\/wp-json\/wp\/v2\/comments?post=9483"}],"version-history":[{"count":0,"href":"https:\/\/www.dream-x.ch\/it\/wp-json\/wp\/v2\/product\/9483\/revisions"}],"wp:featuredmedia":[{"embeddable":true,"href":"https:\/\/www.dream-x.ch\/it\/wp-json\/wp\/v2\/media\/8350"}],"wp:attachment":[{"href":"https:\/\/www.dream-x.ch\/it\/wp-json\/wp\/v2\/media?parent=9483"}],"wp:term":[{"taxonomy":"product_brand","embeddable":true,"href":"https:\/\/www.dream-x.ch\/it\/wp-json\/wp\/v2\/product_brand?post=9483"},{"taxonomy":"product_cat","embeddable":true,"href":"https:\/\/www.dream-x.ch\/it\/wp-json\/wp\/v2\/product_cat?post=9483"},{"taxonomy":"product_tag","embeddable":true,"href":"https:\/\/www.dream-x.ch\/it\/wp-json\/wp\/v2\/product_tag?post=9483"}],"curies":[{"name":"wp","href":"https:\/\/api.w.org\/{rel}","templated":true}]}}