{"id":9032,"date":"2022-11-27T12:07:40","date_gmt":"2022-11-27T11:07:40","guid":{"rendered":"https:\/\/www.dream-x.ch\/product\/svakom-anya-plum-rosa\/"},"modified":"2022-12-19T10:33:13","modified_gmt":"2022-12-19T09:33:13","slug":"svakom-anya-plum-rosa","status":"publish","type":"product","link":"https:\/\/www.dream-x.ch\/it\/product\/svakom-anya-plum-rosa\/","title":{"rendered":"Svakom &#8211; Anya Plum &#8211; Rosa"},"content":{"rendered":"<ul class=\"usp-list\">\n<li class=\"usp-list--element\">Il tuttofare per ogni occasione erotica<\/li>\n<li class=\"usp-list--element\"><i class=\"icon icon-check usp-list__icon\"><\/i>Funzione di riscaldamento fino a 38\u00b0 C sulla punta<\/li>\n<li class=\"usp-list--element\"><i class=\"icon icon-check usp-list__icon\"><\/i>5 modalit\u00e0 di vibrazione con 5 intensit\u00e0<\/li>\n<li class=\"usp-list--element\"><i class=\"icon icon-check usp-list__icon\"><\/i>Modalit\u00e0 intelligente SVAKOM aggiuntiva<\/li>\n<li class=\"usp-list--element\"><i class=\"icon icon-check usp-list__icon\"><\/i>Superficie morbida e vellutata con solchi stimolanti<\/li>\n<li class=\"usp-list--element\"><i class=\"icon icon-check usp-list__icon\"><\/i>Ricaricabile con il cavo USB<\/li>\n<\/ul>\n<p>Per ore calde!<br \/>\n<strong>Anya Plum<\/strong> \u00e8 un vibratore di alta qualit\u00e0 realizzato in morbido silicone con scanalature stimolanti sulla cima. Con 6 modalit\u00e0 di vibrazione e 5 velocit\u00e0 per un piacere variabile. Il clou di questo vibratore \u00e8 la funzione di riscaldamento <strong>che pu\u00f2 riscaldare il vibratore fino a 38\u00b0C<\/strong> e fornisce una sensazione piacevole e molto realistica. Inoltre c&#8217;\u00e8 la modalit\u00e0 Svakom che mescola tutte le modalit\u00e0 e le velocit\u00e0 in modo casuale. Custodia e cavo USB inclusi.<\/p>\n<p><strong>Colore:<\/strong>rosa<strong><br \/>\nDimensione<\/strong>: lunghezza totale 19.5 cm, profondit\u00e0 di inserimento 12.5 cm, \u00d8 2.6 &#8211; 3.2 cm.<br \/>\n<strong>Peso<\/strong>: 446 g.<br \/>\n<strong>Materiale<\/strong>: Silicone con PU, ABS.<br \/>\n<b>Reso<\/b>: questo articolo non pu\u00f2 essere ritornato o cambiato per ragioni di igiene e sicurezza.<\/p>\n","protected":false},"excerpt":{"rendered":"<p>Per ore calde!<br \/>\n<strong>Anya Plum<\/strong> \u00e8 un vibratore di alta qualit\u00e0 realizzato in morbido silicone con scanalature stimolanti sulla cima. Con 6 modalit\u00e0 di vibrazione e 5 velocit\u00e0 per un piacere variabile. Il clou di questo vibratore \u00e8 la funzione di riscaldamento <strong>che pu\u00f2 riscaldare il vibratore fino a 38\u00b0C<\/strong> e fornisce una sensazione piacevole e molto realistica. Inoltre c&#8217;\u00e8 la modalit\u00e0 Svakom che mescola tutte le modalit\u00e0 e le velocit\u00e0 in modo casuale.<\/p>\n","protected":false},"featured_media":8329,"comment_status":"open","ping_status":"closed","template":"","meta":{"site-sidebar-layout":"default","site-content-layout":"default","ast-site-content-layout":"default","site-content-style":"default","site-sidebar-style":"default","ast-global-header-display":"","ast-banner-title-visibility":"","ast-main-header-display":"","ast-hfb-above-header-display":"","ast-hfb-below-header-display":"","ast-hfb-mobile-header-display":"","site-post-title":"","ast-breadcrumbs-content":"","ast-featured-img":"","footer-sml-layout":"","ast-disable-related-posts":"","theme-transparent-header-meta":"default","adv-header-id-meta":"","stick-header-meta":"default","header-above-stick-meta":"","header-main-stick-meta":"","header-below-stick-meta":"","astra-migrate-meta-layouts":"default","ast-page-background-enabled":"default","ast-page-background-meta":{"desktop":{"background-color":"","background-image":"","background-repeat":"repeat","background-position":"center center","background-size":"auto","background-attachment":"scroll","background-type":"","background-media":"","overlay-type":"","overlay-color":"","overlay-opacity":"","overlay-gradient":""},"tablet":{"background-color":"","background-image":"","background-repeat":"repeat","background-position":"center center","background-size":"auto","background-attachment":"scroll","background-type":"","background-media":"","overlay-type":"","overlay-color":"","overlay-opacity":"","overlay-gradient":""},"mobile":{"background-color":"","background-image":"","background-repeat":"repeat","background-position":"center center","background-size":"auto","background-attachment":"scroll","background-type":"","background-media":"","overlay-type":"","overlay-color":"","overlay-opacity":"","overlay-gradient":""}},"ast-content-background-meta":{"desktop":{"background-color":"var(--ast-global-color-5)","background-image":"","background-repeat":"repeat","background-position":"center center","background-size":"auto","background-attachment":"scroll","background-type":"","background-media":"","overlay-type":"","overlay-color":"","overlay-opacity":"","overlay-gradient":""},"tablet":{"background-color":"var(--ast-global-color-5)","background-image":"","background-repeat":"repeat","background-position":"center center","background-size":"auto","background-attachment":"scroll","background-type":"","background-media":"","overlay-type":"","overlay-color":"","overlay-opacity":"","overlay-gradient":""},"mobile":{"background-color":"var(--ast-global-color-5)","background-image":"","background-repeat":"repeat","background-position":"center center","background-size":"auto","background-attachment":"scroll","background-type":"","background-media":"","overlay-type":"","overlay-color":"","overlay-opacity":"","overlay-gradient":""}}},"product_brand":[],"product_cat":[313,288,269],"product_tag":[],"class_list":{"0":"post-9032","1":"product","2":"type-product","3":"status-publish","4":"has-post-thumbnail","6":"product_cat-svakom","7":"product_cat-vibratori-classici","8":"product_cat-vibratori-per-coppie","9":"product_shipping_class-2-3-settimane","10":"desktop-align-center","11":"tablet-align-left","12":"mobile-align-left","13":"ast-product-gallery-layout-horizontal-slider","14":"ast-product-tabs-layout-horizontal","16":"first","17":"outofstock","18":"taxable","19":"shipping-taxable","20":"purchasable","21":"product-type-simple"},"bundled_by":[],"bundle_stock_status":"outofstock","bundle_stock_quantity":0,"bundle_virtual":false,"bundle_layout":"","bundle_add_to_cart_form_location":"","bundle_editable_in_cart":false,"bundle_sold_individually_context":"","bundle_item_grouping":"","bundle_min_size":"","bundle_max_size":"","bundle_price":[],"bundled_items":[],"bundle_sell_ids":[9465,9467],"_links":{"self":[{"href":"https:\/\/www.dream-x.ch\/it\/wp-json\/wp\/v2\/product\/9032","targetHints":{"allow":["GET"]}}],"collection":[{"href":"https:\/\/www.dream-x.ch\/it\/wp-json\/wp\/v2\/product"}],"about":[{"href":"https:\/\/www.dream-x.ch\/it\/wp-json\/wp\/v2\/types\/product"}],"replies":[{"embeddable":true,"href":"https:\/\/www.dream-x.ch\/it\/wp-json\/wp\/v2\/comments?post=9032"}],"version-history":[{"count":0,"href":"https:\/\/www.dream-x.ch\/it\/wp-json\/wp\/v2\/product\/9032\/revisions"}],"wp:featuredmedia":[{"embeddable":true,"href":"https:\/\/www.dream-x.ch\/it\/wp-json\/wp\/v2\/media\/8329"}],"wp:attachment":[{"href":"https:\/\/www.dream-x.ch\/it\/wp-json\/wp\/v2\/media?parent=9032"}],"wp:term":[{"taxonomy":"product_brand","embeddable":true,"href":"https:\/\/www.dream-x.ch\/it\/wp-json\/wp\/v2\/product_brand?post=9032"},{"taxonomy":"product_cat","embeddable":true,"href":"https:\/\/www.dream-x.ch\/it\/wp-json\/wp\/v2\/product_cat?post=9032"},{"taxonomy":"product_tag","embeddable":true,"href":"https:\/\/www.dream-x.ch\/it\/wp-json\/wp\/v2\/product_tag?post=9032"}],"curies":[{"name":"wp","href":"https:\/\/api.w.org\/{rel}","templated":true}]}}