{"id":13082,"date":"2026-03-02T20:07:34","date_gmt":"2026-03-02T19:07:34","guid":{"rendered":"https:\/\/www.dream-x.ch\/?post_type=product&#038;p=13082"},"modified":"2026-03-08T15:19:18","modified_gmt":"2026-03-08T14:19:18","slug":"womanizer-pro-rosa","status":"publish","type":"product","link":"https:\/\/www.dream-x.ch\/it\/product\/womanizer-pro-rosa\/","title":{"rendered":"Womanizer &#8211; Pro rosa"},"content":{"rendered":"<ul>\n<li>Pulsatore compatto e facile da tenere in mano<\/li>\n<li>Perfetto per i principianti di Womanizer<\/li>\n<li>Tecnologia Pleasure Air per il clitoride<\/li>\n<li>11 livelli di intensit\u00e0<\/li>\n<li>Facile da usare<\/li>\n<li>Sussurro silenzioso<\/li>\n<li>Impermeabile<\/li>\n<li>Ricaricatore &#8211; incl. cavo USB<\/li>\n<\/ul>\n<p>Il Womanizer per principianti!<br \/>\nIl <strong>Womanizer Pro<\/strong>, silenzioso e silenzioso, \u00e8 dotato della collaudata tecnologia Pleasure Air con 11 livelli di intensit\u00e0. Ha dimensioni compatte ed \u00e8 facile da usare, il che lo rende ideale per i principianti del Womanizer. Come tutti i Womanizer, il Pro circonda il clitoride senza toccarlo e lo stimola con delicate vibrazioni ad aria: non ci saranno sensazioni di familiarit\u00e0 o la spiacevole sensazione di sovrastimolazione. Womanizer Pro \u00e8 perfetto per raggiungere orgasmi multipli e climax in pochi minuti! \u00c8 anche impermeabile per divertirsi nella vasca da bagno o sotto la doccia.    <\/p>\n<p>Ricaricabile &#8211; include un cavo USB.<\/p>\n<p><strong>Colore<\/strong>:rosa.<strong><br \/>\n<\/strong><strong>Dimensioni<\/strong>: 15,2 cm x 6,5 cm x 19,5 cm<br \/>\n<strong>Peso<\/strong>: 440 g.<br \/>\n<strong>Materiali<\/strong>: Silicio, ABS.<br \/>\n<b>Reso<\/b>: questo articolo non pu\u00f2 essere ritornato o cambiato per ragioni di igiene e sicurezza.<\/p>\n","protected":false},"excerpt":{"rendered":"<p>Il Womanizer per principianti!<br \/>\nIl<strong> Womanizer Pro<\/strong>, silenzioso e silenzioso, \u00e8 dotato della collaudata tecnologia Pleasure Air con 11 livelli di intensit\u00e0. Ha dimensioni compatte ed \u00e8 facile da usare, il che lo rende ideale per i principianti del Womanizer. <\/p>\n","protected":false},"featured_media":13099,"comment_status":"open","ping_status":"closed","template":"","meta":{"site-sidebar-layout":"default","site-content-layout":"default","ast-site-content-layout":"default","site-content-style":"default","site-sidebar-style":"default","ast-global-header-display":"","ast-banner-title-visibility":"","ast-main-header-display":"","ast-hfb-above-header-display":"","ast-hfb-below-header-display":"","ast-hfb-mobile-header-display":"","site-post-title":"","ast-breadcrumbs-content":"","ast-featured-img":"","footer-sml-layout":"","ast-disable-related-posts":"","theme-transparent-header-meta":"default","adv-header-id-meta":"","stick-header-meta":"default","header-above-stick-meta":"","header-main-stick-meta":"","header-below-stick-meta":"","astra-migrate-meta-layouts":"set","ast-page-background-enabled":"default","ast-page-background-meta":{"desktop":{"background-color":"","background-image":"","background-repeat":"repeat","background-position":"center center","background-size":"auto","background-attachment":"scroll","background-type":"","background-media":"","overlay-type":"","overlay-color":"","overlay-opacity":"","overlay-gradient":""},"tablet":{"background-color":"","background-image":"","background-repeat":"repeat","background-position":"center center","background-size":"auto","background-attachment":"scroll","background-type":"","background-media":"","overlay-type":"","overlay-color":"","overlay-opacity":"","overlay-gradient":""},"mobile":{"background-color":"","background-image":"","background-repeat":"repeat","background-position":"center center","background-size":"auto","background-attachment":"scroll","background-type":"","background-media":"","overlay-type":"","overlay-color":"","overlay-opacity":"","overlay-gradient":""}},"ast-content-background-meta":{"desktop":{"background-color":"var(--ast-global-color-5)","background-image":"","background-repeat":"repeat","background-position":"center center","background-size":"auto","background-attachment":"scroll","background-type":"","background-media":"","overlay-type":"","overlay-color":"","overlay-opacity":"","overlay-gradient":""},"tablet":{"background-color":"var(--ast-global-color-5)","background-image":"","background-repeat":"repeat","background-position":"center center","background-size":"auto","background-attachment":"scroll","background-type":"","background-media":"","overlay-type":"","overlay-color":"","overlay-opacity":"","overlay-gradient":""},"mobile":{"background-color":"var(--ast-global-color-5)","background-image":"","background-repeat":"repeat","background-position":"center center","background-size":"auto","background-attachment":"scroll","background-type":"","background-media":"","overlay-type":"","overlay-color":"","overlay-opacity":"","overlay-gradient":""}}},"product_brand":[],"product_cat":[289,550,253],"product_tag":[],"class_list":{"0":"post-13082","1":"product","2":"type-product","3":"status-publish","4":"has-post-thumbnail","6":"product_cat-vibratori-succhia-clito","7":"product_cat-womanizer","8":"product_cat-sex-toys-it","9":"product_shipping_class-disponibile-in-1-3-giorni-lavorativi","10":"desktop-align-center","11":"tablet-align-left","12":"mobile-align-left","13":"ast-product-gallery-layout-horizontal-slider","14":"ast-product-tabs-layout-horizontal","16":"first","17":"instock","18":"sale","19":"featured","20":"taxable","21":"shipping-taxable","22":"purchasable","23":"product-type-simple"},"bundled_by":[],"bundle_stock_status":"instock","bundle_stock_quantity":1,"bundle_virtual":false,"bundle_layout":"","bundle_add_to_cart_form_location":"","bundle_editable_in_cart":false,"bundle_sold_individually_context":"","bundle_item_grouping":"","bundle_min_size":"","bundle_max_size":"","bundle_price":[],"bundled_items":[],"bundle_sell_ids":[9465,9467],"_links":{"self":[{"href":"https:\/\/www.dream-x.ch\/it\/wp-json\/wp\/v2\/product\/13082","targetHints":{"allow":["GET"]}}],"collection":[{"href":"https:\/\/www.dream-x.ch\/it\/wp-json\/wp\/v2\/product"}],"about":[{"href":"https:\/\/www.dream-x.ch\/it\/wp-json\/wp\/v2\/types\/product"}],"replies":[{"embeddable":true,"href":"https:\/\/www.dream-x.ch\/it\/wp-json\/wp\/v2\/comments?post=13082"}],"version-history":[{"count":3,"href":"https:\/\/www.dream-x.ch\/it\/wp-json\/wp\/v2\/product\/13082\/revisions"}],"predecessor-version":[{"id":13251,"href":"https:\/\/www.dream-x.ch\/it\/wp-json\/wp\/v2\/product\/13082\/revisions\/13251"}],"wp:featuredmedia":[{"embeddable":true,"href":"https:\/\/www.dream-x.ch\/it\/wp-json\/wp\/v2\/media\/13099"}],"wp:attachment":[{"href":"https:\/\/www.dream-x.ch\/it\/wp-json\/wp\/v2\/media?parent=13082"}],"wp:term":[{"taxonomy":"product_brand","embeddable":true,"href":"https:\/\/www.dream-x.ch\/it\/wp-json\/wp\/v2\/product_brand?post=13082"},{"taxonomy":"product_cat","embeddable":true,"href":"https:\/\/www.dream-x.ch\/it\/wp-json\/wp\/v2\/product_cat?post=13082"},{"taxonomy":"product_tag","embeddable":true,"href":"https:\/\/www.dream-x.ch\/it\/wp-json\/wp\/v2\/product_tag?post=13082"}],"curies":[{"name":"wp","href":"https:\/\/api.w.org\/{rel}","templated":true}]}}