{"id":12656,"date":"2024-11-28T18:54:17","date_gmt":"2024-11-28T17:54:17","guid":{"rendered":"https:\/\/www.dream-x.ch\/product\/king-cock-clear-dildo-doppio-trasparente-da-18-pollici\/"},"modified":"2024-11-28T18:54:17","modified_gmt":"2024-11-28T17:54:17","slug":"king-cock-clear-dildo-doppio-trasparente-da-18-pollici","status":"publish","type":"product","link":"https:\/\/www.dream-x.ch\/it\/product\/king-cock-clear-dildo-doppio-trasparente-da-18-pollici\/","title":{"rendered":"King Cock Clear &#8211; Dildo doppio trasparente da 18 pollici"},"content":{"rendered":"<ul class=\"usp-list\">\n<li class=\"usp-list--element\">Dildo doppio trasparente<\/li>\n<li class=\"usp-list--element\"><i class=\"fa-regular fa-check usp-list__icon\"><\/i>A forma di pene con venature pronunciate<\/li>\n<li class=\"usp-list--element\"><i class=\"fa-regular fa-check usp-list__icon\"><\/i>Glande rigonfio ad entrambe le estremit\u00e0<\/li>\n<li class=\"usp-list--element\"><i class=\"fa-regular fa-check usp-list__icon\"><\/i>Snello e flessibile<\/li>\n<li class=\"usp-list--element\"><i class=\"fa-regular fa-check usp-list__icon\"><\/i>Entrambe le estremit\u00e0 possono essere utilizzate<\/li>\n<li class=\"usp-list--element\"><i class=\"fa-regular fa-check usp-list__icon\"><\/i>TPE morbido e vellutato<\/li>\n<\/ul>\n<p>Il giocattolo per numerosi modi di giocare! Il doppio dildo trasparente da 18 pollici di King Cock Clear ha la forma di un pene e presenta un glande e delle venature pronunciate a entrambe le estremit\u00e0. \u00c8 possibile utilizzare entrambe le estremit\u00e0 ed \u00e8 meravigliosamente flessibile. Il dildo doppio pu\u00f2 quindi essere utilizzato in qualsiasi posizione per il piacere vaginale e\/o anale, da solo o con un partner. \u00c8 realizzato in TPE morbido e vellutato, il che significa che \u00e8 robusto ma flessibile: pu\u00f2 essere inserito facilmente e scivola quasi da solo.<\/p>\n<p><strong>Colore: <\/strong>trasparente<strong><br \/>\n<\/strong><strong>Dimensioni<\/strong>: 46 cm x \u00d8 4,3 cm. <strong>Peso<\/strong>: 690 g.<\/p>\n<p><strong>Materiale<\/strong>: TPE.<br \/>\n<b>Reso<\/b>: questo articolo non pu\u00f2 essere ritornato o cambiato per ragioni di igiene e sicurezza.<\/p>\n","protected":false},"excerpt":{"rendered":"<p>Il giocattolo per numerosi modi di giocare!<br \/>\nIl <strong>doppio dildo trasparente da 18&#8243;<\/strong> di King Cock Clear ha la forma di un pene e presenta un glande pronunciato e venature a entrambe le estremit\u00e0. Entrambe le estremit\u00e0 possono essere utilizzate ed \u00e8 meravigliosamente flessibile. Il dildo doppio pu\u00f2 quindi essere utilizzato in qualsiasi posizione per il piacere vaginale e\/o anale, da solo o con un partner. \u00c8 realizzato in TPE morbido e vellutato, il che significa che \u00e8 robusto ma flessibile: pu\u00f2 essere inserito facilmente e scivola quasi da solo.   <\/p>\n","protected":false},"featured_media":12650,"comment_status":"open","ping_status":"closed","template":"","meta":{"site-sidebar-layout":"default","site-content-layout":"","ast-site-content-layout":"default","site-content-style":"default","site-sidebar-style":"default","ast-global-header-display":"","ast-banner-title-visibility":"","ast-main-header-display":"","ast-hfb-above-header-display":"","ast-hfb-below-header-display":"","ast-hfb-mobile-header-display":"","site-post-title":"","ast-breadcrumbs-content":"","ast-featured-img":"","footer-sml-layout":"","ast-disable-related-posts":"","theme-transparent-header-meta":"default","adv-header-id-meta":"","stick-header-meta":"default","header-above-stick-meta":"","header-main-stick-meta":"","header-below-stick-meta":"","astra-migrate-meta-layouts":"default","ast-page-background-enabled":"default","ast-page-background-meta":{"desktop":{"background-color":"","background-image":"","background-repeat":"repeat","background-position":"center center","background-size":"auto","background-attachment":"scroll","background-type":"","background-media":"","overlay-type":"","overlay-color":"","overlay-opacity":"","overlay-gradient":""},"tablet":{"background-color":"","background-image":"","background-repeat":"repeat","background-position":"center center","background-size":"auto","background-attachment":"scroll","background-type":"","background-media":"","overlay-type":"","overlay-color":"","overlay-opacity":"","overlay-gradient":""},"mobile":{"background-color":"","background-image":"","background-repeat":"repeat","background-position":"center center","background-size":"auto","background-attachment":"scroll","background-type":"","background-media":"","overlay-type":"","overlay-color":"","overlay-opacity":"","overlay-gradient":""}},"ast-content-background-meta":{"desktop":{"background-color":"var(--ast-global-color-5)","background-image":"","background-repeat":"repeat","background-position":"center center","background-size":"auto","background-attachment":"scroll","background-type":"","background-media":"","overlay-type":"","overlay-color":"","overlay-opacity":"","overlay-gradient":""},"tablet":{"background-color":"var(--ast-global-color-5)","background-image":"","background-repeat":"repeat","background-position":"center center","background-size":"auto","background-attachment":"scroll","background-type":"","background-media":"","overlay-type":"","overlay-color":"","overlay-opacity":"","overlay-gradient":""},"mobile":{"background-color":"var(--ast-global-color-5)","background-image":"","background-repeat":"repeat","background-position":"center center","background-size":"auto","background-attachment":"scroll","background-type":"","background-media":"","overlay-type":"","overlay-color":"","overlay-opacity":"","overlay-gradient":""}}},"product_brand":[],"product_cat":[524,519,260,268],"product_tag":[],"class_list":{"0":"post-12656","1":"product","2":"type-product","3":"status-publish","4":"has-post-thumbnail","6":"product_cat-dildo-doppi","7":"product_cat-king-cock-clear-it","8":"product_cat-dildo","9":"product_cat-giocattoli-erotici-per-coppie","10":"product_shipping_class-disponibile-in-1-3-giorni-lavorativi","11":"desktop-align-center","12":"tablet-align-left","13":"mobile-align-left","14":"ast-product-gallery-layout-horizontal-slider","15":"ast-product-tabs-layout-horizontal","17":"first","18":"instock","19":"sale","20":"featured","21":"taxable","22":"shipping-taxable","23":"purchasable","24":"product-type-simple"},"bundled_by":[],"bundle_stock_status":"instock","bundle_stock_quantity":1,"bundle_virtual":false,"bundle_layout":"","bundle_add_to_cart_form_location":"","bundle_editable_in_cart":false,"bundle_sold_individually_context":"","bundle_item_grouping":"","bundle_min_size":"","bundle_max_size":"","bundle_price":[],"bundled_items":[],"bundle_sell_ids":[9465,9467],"_links":{"self":[{"href":"https:\/\/www.dream-x.ch\/it\/wp-json\/wp\/v2\/product\/12656","targetHints":{"allow":["GET"]}}],"collection":[{"href":"https:\/\/www.dream-x.ch\/it\/wp-json\/wp\/v2\/product"}],"about":[{"href":"https:\/\/www.dream-x.ch\/it\/wp-json\/wp\/v2\/types\/product"}],"replies":[{"embeddable":true,"href":"https:\/\/www.dream-x.ch\/it\/wp-json\/wp\/v2\/comments?post=12656"}],"version-history":[{"count":0,"href":"https:\/\/www.dream-x.ch\/it\/wp-json\/wp\/v2\/product\/12656\/revisions"}],"wp:featuredmedia":[{"embeddable":true,"href":"https:\/\/www.dream-x.ch\/it\/wp-json\/wp\/v2\/media\/12650"}],"wp:attachment":[{"href":"https:\/\/www.dream-x.ch\/it\/wp-json\/wp\/v2\/media?parent=12656"}],"wp:term":[{"taxonomy":"product_brand","embeddable":true,"href":"https:\/\/www.dream-x.ch\/it\/wp-json\/wp\/v2\/product_brand?post=12656"},{"taxonomy":"product_cat","embeddable":true,"href":"https:\/\/www.dream-x.ch\/it\/wp-json\/wp\/v2\/product_cat?post=12656"},{"taxonomy":"product_tag","embeddable":true,"href":"https:\/\/www.dream-x.ch\/it\/wp-json\/wp\/v2\/product_tag?post=12656"}],"curies":[{"name":"wp","href":"https:\/\/api.w.org\/{rel}","templated":true}]}}