{"id":11891,"date":"2023-04-09T11:32:56","date_gmt":"2023-04-09T10:32:56","guid":{"rendered":"https:\/\/www.dream-x.ch\/product\/svakom-hannes-neo\/"},"modified":"2023-04-09T11:49:34","modified_gmt":"2023-04-09T10:49:34","slug":"svakom-hannes-neo","status":"publish","type":"product","link":"https:\/\/www.dream-x.ch\/it\/product\/svakom-hannes-neo\/","title":{"rendered":"Svakom &#8211; Hannes Neo"},"content":{"rendered":"<p>Piacere interattivo e completamente automatico con un calore accogliente!<br \/>\nMasturbatore pulsante completamente automatico <strong>Hannes Neo di Svakom<\/strong> con guaina stimolante rimovibile per un massaggio intensivo del pene. Con funzione di pulsazione profonda in 5 intensit\u00e0 e inoltre una funzione di calore che contribuisce a un&#8217;esperienza particolarmente realistica. Il tutto comodamente controllabile premendo un pulsante\/slider (velocit\u00e0 infinitamente variabile) direttamente sul giocattolo o tramite <strong>l&#8217;app FeelConnect 3<\/strong> sullo smartphone con 3 funzioni principali: Controllo a distanza (in qualsiasi momento da qualsiasi parte del mondo), connessione a video 2D interattivi e funzione webcam interattiva. Ricaricabile &#8211; Cavo di ricarica USB incluso.<\/p>\n<p><strong>Colore<\/strong>: nero.<strong><br \/>\n<\/strong><strong>Dimensione<\/strong>: 8.6 cm x 28.6 cm; profondit\u00e0 15 cm; manicotto \u00d8 2.2 cm (pu\u00f2 essere allungato fino a 5 cm).<br \/>\n<strong>Peso<\/strong>: 865 g.<br \/>\n<strong>Materiali<\/strong>: TPE, ABS, PC.<br \/>\n<b>Reso<\/b>: questo articolo non pu\u00f2 essere ritornato o cambiato per ragioni di igiene e sicurezza.<\/p>\n","protected":false},"excerpt":{"rendered":"<p>Piacere interattivo e completamente automatico con un calore accogliente!<br \/>\nFully automatic pulsating masturbator <strong>Hannes Neo by Svakom<\/strong> with removable textured sleeve for an intense penis massage. With a deep throbbing function in 5 intensities and an additional heating function, which contributes to a particularly realistic experience. <\/p>\n","protected":false},"featured_media":11870,"comment_status":"open","ping_status":"closed","template":"","meta":{"site-sidebar-layout":"default","site-content-layout":"default","ast-site-content-layout":"default","site-content-style":"default","site-sidebar-style":"default","ast-global-header-display":"","ast-banner-title-visibility":"","ast-main-header-display":"","ast-hfb-above-header-display":"","ast-hfb-below-header-display":"","ast-hfb-mobile-header-display":"","site-post-title":"","ast-breadcrumbs-content":"","ast-featured-img":"","footer-sml-layout":"","ast-disable-related-posts":"","theme-transparent-header-meta":"default","adv-header-id-meta":"","stick-header-meta":"default","header-above-stick-meta":"","header-main-stick-meta":"","header-below-stick-meta":"","astra-migrate-meta-layouts":"default","ast-page-background-enabled":"default","ast-page-background-meta":{"desktop":{"background-color":"","background-image":"","background-repeat":"repeat","background-position":"center center","background-size":"auto","background-attachment":"scroll","background-type":"","background-media":"","overlay-type":"","overlay-color":"","overlay-opacity":"","overlay-gradient":""},"tablet":{"background-color":"","background-image":"","background-repeat":"repeat","background-position":"center center","background-size":"auto","background-attachment":"scroll","background-type":"","background-media":"","overlay-type":"","overlay-color":"","overlay-opacity":"","overlay-gradient":""},"mobile":{"background-color":"","background-image":"","background-repeat":"repeat","background-position":"center center","background-size":"auto","background-attachment":"scroll","background-type":"","background-media":"","overlay-type":"","overlay-color":"","overlay-opacity":"","overlay-gradient":""}},"ast-content-background-meta":{"desktop":{"background-color":"var(--ast-global-color-5)","background-image":"","background-repeat":"repeat","background-position":"center center","background-size":"auto","background-attachment":"scroll","background-type":"","background-media":"","overlay-type":"","overlay-color":"","overlay-opacity":"","overlay-gradient":""},"tablet":{"background-color":"var(--ast-global-color-5)","background-image":"","background-repeat":"repeat","background-position":"center center","background-size":"auto","background-attachment":"scroll","background-type":"","background-media":"","overlay-type":"","overlay-color":"","overlay-opacity":"","overlay-gradient":""},"mobile":{"background-color":"var(--ast-global-color-5)","background-image":"","background-repeat":"repeat","background-position":"center center","background-size":"auto","background-attachment":"scroll","background-type":"","background-media":"","overlay-type":"","overlay-color":"","overlay-opacity":"","overlay-gradient":""}}},"product_brand":[],"product_cat":[209,313,383,276,253],"product_tag":[],"class_list":{"0":"post-11891","1":"product","2":"type-product","3":"status-publish","4":"has-post-thumbnail","6":"product_cat-giocattoli-erotici-per-uomini","7":"product_cat-svakom","8":"product_cat-gestibile-da-remoto-via-app","9":"product_cat-masturbatori-maschili","10":"product_cat-sex-toys-it","11":"product_shipping_class-2-3-settimane","12":"desktop-align-center","13":"tablet-align-left","14":"mobile-align-left","15":"ast-product-gallery-layout-horizontal-slider","16":"ast-product-tabs-layout-horizontal","18":"first","19":"instock","20":"taxable","21":"shipping-taxable","22":"purchasable","23":"product-type-simple"},"bundled_by":[],"bundle_stock_status":"instock","bundle_stock_quantity":100,"bundle_virtual":false,"bundle_layout":"","bundle_add_to_cart_form_location":"","bundle_editable_in_cart":false,"bundle_sold_individually_context":"","bundle_item_grouping":"","bundle_min_size":"","bundle_max_size":"","bundle_price":[],"bundled_items":[],"bundle_sell_ids":[9465,9467],"_links":{"self":[{"href":"https:\/\/www.dream-x.ch\/it\/wp-json\/wp\/v2\/product\/11891","targetHints":{"allow":["GET"]}}],"collection":[{"href":"https:\/\/www.dream-x.ch\/it\/wp-json\/wp\/v2\/product"}],"about":[{"href":"https:\/\/www.dream-x.ch\/it\/wp-json\/wp\/v2\/types\/product"}],"replies":[{"embeddable":true,"href":"https:\/\/www.dream-x.ch\/it\/wp-json\/wp\/v2\/comments?post=11891"}],"version-history":[{"count":0,"href":"https:\/\/www.dream-x.ch\/it\/wp-json\/wp\/v2\/product\/11891\/revisions"}],"wp:featuredmedia":[{"embeddable":true,"href":"https:\/\/www.dream-x.ch\/it\/wp-json\/wp\/v2\/media\/11870"}],"wp:attachment":[{"href":"https:\/\/www.dream-x.ch\/it\/wp-json\/wp\/v2\/media?parent=11891"}],"wp:term":[{"taxonomy":"product_brand","embeddable":true,"href":"https:\/\/www.dream-x.ch\/it\/wp-json\/wp\/v2\/product_brand?post=11891"},{"taxonomy":"product_cat","embeddable":true,"href":"https:\/\/www.dream-x.ch\/it\/wp-json\/wp\/v2\/product_cat?post=11891"},{"taxonomy":"product_tag","embeddable":true,"href":"https:\/\/www.dream-x.ch\/it\/wp-json\/wp\/v2\/product_tag?post=11891"}],"curies":[{"name":"wp","href":"https:\/\/api.w.org\/{rel}","templated":true}]}}