{"id":11254,"date":"2023-01-12T07:59:26","date_gmt":"2023-01-12T06:59:26","guid":{"rendered":"https:\/\/www.dream-x.ch\/product\/bad-kitty-collare-e-guinzaglio-nero\/"},"modified":"2023-01-12T12:37:15","modified_gmt":"2023-01-12T11:37:15","slug":"bad-kitty-collare-nero","status":"publish","type":"product","link":"https:\/\/www.dream-x.ch\/it\/product\/bad-kitty-collare-nero\/","title":{"rendered":"Bad Kitty collare e guinzaglio nero"},"content":{"rendered":"<ul class=\"usp-list\">\n<li class=\"usp-list--element\">Collare e guinzaglio a catena<\/li>\n<li class=\"usp-list--element\"><i class=\"icon icon-check usp-list__icon\"><\/i>Bellissimo ed elegante look in pelle<\/li>\n<li class=\"usp-list--element\"><i class=\"icon icon-check usp-list__icon\"><\/i>Circonferenza del colletto regolabile<\/li>\n<li class=\"usp-list--element\"><i class=\"icon icon-check usp-list__icon\"><\/i>Il collare \u00e8 dotato di una morbida imbottitura<\/li>\n<\/ul>\n<p>Un collare e un guinzaglio di classe!<br \/>\nCollare e guinzaglio in un set di Bad Kitty. Il <strong>collare e il laccio da polso di Bad Kitty<\/strong> sono in pelle nera. Il guinzaglio ha una catena color oro rosa. Il collare \u00e8 dotato di un morbido peluche all&#8217;interno ed \u00e8 dotato di un anello sul davanti al quale \u00e8 possibile agganciare il guinzaglio incluso. Il collare \u00e8 inoltre dotato di una fibbia di chiusura che consente di regolare la circonferenza da 30 a 40 cm. Guinzaglio a catena con moschettone (senza passante per il polso) lungo 65 cm.<\/p>\n<p><strong>Colore<\/strong>: nero <strong><br \/>\nMateriali<\/strong>: Poliuretano, metallo; interno del colletto 100% poliestere.<br \/>\n<b>Reso<\/b>: questo articolo non pu\u00f2 essere ritornato o cambiato per ragioni di igiene e sicurezza.<\/p>\n","protected":false},"excerpt":{"rendered":"<p>Un collare e un guinzaglio di classe!<br \/>\nCollare e guinzaglio in un set di Bad Kitty. Il <strong>collare e il laccio da polso di Bad Kitty<\/strong> sono in pelle nera. Il guinzaglio ha una catena color oro rosa. Il collare \u00e8 dotato di un morbido peluche all&#8217;interno ed \u00e8 dotato di un anello sul davanti al quale \u00e8 possibile agganciare il guinzaglio incluso. Il collare \u00e8 inoltre dotato di una fibbia di chiusura che consente di regolare la circonferenza da 30 a 40 cm. Guinzaglio a catena con moschettone (senza passante per il polso) lungo 65 cm.<\/p>\n","protected":false},"featured_media":11233,"comment_status":"closed","ping_status":"closed","template":"","meta":{"site-sidebar-layout":"default","site-content-layout":"default","ast-site-content-layout":"default","site-content-style":"default","site-sidebar-style":"default","ast-global-header-display":"","ast-banner-title-visibility":"","ast-main-header-display":"","ast-hfb-above-header-display":"","ast-hfb-below-header-display":"","ast-hfb-mobile-header-display":"","site-post-title":"","ast-breadcrumbs-content":"","ast-featured-img":"","footer-sml-layout":"","ast-disable-related-posts":"","theme-transparent-header-meta":"default","adv-header-id-meta":"","stick-header-meta":"default","header-above-stick-meta":"","header-main-stick-meta":"","header-below-stick-meta":"","astra-migrate-meta-layouts":"default","ast-page-background-enabled":"default","ast-page-background-meta":{"desktop":{"background-color":"","background-image":"","background-repeat":"repeat","background-position":"center center","background-size":"auto","background-attachment":"scroll","background-type":"","background-media":"","overlay-type":"","overlay-color":"","overlay-opacity":"","overlay-gradient":""},"tablet":{"background-color":"","background-image":"","background-repeat":"repeat","background-position":"center center","background-size":"auto","background-attachment":"scroll","background-type":"","background-media":"","overlay-type":"","overlay-color":"","overlay-opacity":"","overlay-gradient":""},"mobile":{"background-color":"","background-image":"","background-repeat":"repeat","background-position":"center center","background-size":"auto","background-attachment":"scroll","background-type":"","background-media":"","overlay-type":"","overlay-color":"","overlay-opacity":"","overlay-gradient":""}},"ast-content-background-meta":{"desktop":{"background-color":"var(--ast-global-color-5)","background-image":"","background-repeat":"repeat","background-position":"center center","background-size":"auto","background-attachment":"scroll","background-type":"","background-media":"","overlay-type":"","overlay-color":"","overlay-opacity":"","overlay-gradient":""},"tablet":{"background-color":"var(--ast-global-color-5)","background-image":"","background-repeat":"repeat","background-position":"center center","background-size":"auto","background-attachment":"scroll","background-type":"","background-media":"","overlay-type":"","overlay-color":"","overlay-opacity":"","overlay-gradient":""},"mobile":{"background-color":"var(--ast-global-color-5)","background-image":"","background-repeat":"repeat","background-position":"center center","background-size":"auto","background-attachment":"scroll","background-type":"","background-media":"","overlay-type":"","overlay-color":"","overlay-opacity":"","overlay-gradient":""}}},"product_brand":[],"product_cat":[380,239],"product_tag":[381],"class_list":{"0":"post-11254","1":"product","2":"type-product","3":"status-publish","4":"has-post-thumbnail","6":"product_cat-bad-kitty-it","7":"product_cat-collari-polsiere-e-cavigliere","8":"product_tag-bondage-it","9":"product_shipping_class-2-3-settimane","10":"desktop-align-center","11":"tablet-align-left","12":"mobile-align-left","13":"ast-product-gallery-layout-horizontal-slider","14":"ast-product-tabs-layout-horizontal","16":"first","17":"instock","18":"taxable","19":"shipping-taxable","20":"purchasable","21":"product-type-simple"},"bundled_by":[],"bundle_stock_status":"instock","bundle_stock_quantity":100,"bundle_virtual":false,"bundle_layout":"","bundle_add_to_cart_form_location":"","bundle_editable_in_cart":false,"bundle_sold_individually_context":"","bundle_item_grouping":"","bundle_min_size":"","bundle_max_size":"","bundle_price":[],"bundled_items":[],"bundle_sell_ids":[],"_links":{"self":[{"href":"https:\/\/www.dream-x.ch\/it\/wp-json\/wp\/v2\/product\/11254","targetHints":{"allow":["GET"]}}],"collection":[{"href":"https:\/\/www.dream-x.ch\/it\/wp-json\/wp\/v2\/product"}],"about":[{"href":"https:\/\/www.dream-x.ch\/it\/wp-json\/wp\/v2\/types\/product"}],"replies":[{"embeddable":true,"href":"https:\/\/www.dream-x.ch\/it\/wp-json\/wp\/v2\/comments?post=11254"}],"version-history":[{"count":0,"href":"https:\/\/www.dream-x.ch\/it\/wp-json\/wp\/v2\/product\/11254\/revisions"}],"wp:featuredmedia":[{"embeddable":true,"href":"https:\/\/www.dream-x.ch\/it\/wp-json\/wp\/v2\/media\/11233"}],"wp:attachment":[{"href":"https:\/\/www.dream-x.ch\/it\/wp-json\/wp\/v2\/media?parent=11254"}],"wp:term":[{"taxonomy":"product_brand","embeddable":true,"href":"https:\/\/www.dream-x.ch\/it\/wp-json\/wp\/v2\/product_brand?post=11254"},{"taxonomy":"product_cat","embeddable":true,"href":"https:\/\/www.dream-x.ch\/it\/wp-json\/wp\/v2\/product_cat?post=11254"},{"taxonomy":"product_tag","embeddable":true,"href":"https:\/\/www.dream-x.ch\/it\/wp-json\/wp\/v2\/product_tag?post=11254"}],"curies":[{"name":"wp","href":"https:\/\/api.w.org\/{rel}","templated":true}]}}