{"id":10919,"date":"2022-12-19T20:18:31","date_gmt":"2022-12-19T19:18:31","guid":{"rendered":"https:\/\/www.dream-x.ch\/product\/icicles-no-67\/"},"modified":"2022-12-19T20:18:31","modified_gmt":"2022-12-19T19:18:31","slug":"icicles-no-67","status":"publish","type":"product","link":"https:\/\/www.dream-x.ch\/it\/product\/icicles-no-67\/","title":{"rendered":"Icicles No. 67"},"content":{"rendered":"<ul>\n<li>Perline anali in vetro soffiato a mano<\/li>\n<li><i class=\"icon icon-check usp-list__icon\"><\/i>Con 7 perline e un anello di ritrazione<\/li>\n<li><i class=\"icon icon-check usp-list__icon\"><\/i>Adatto alla lavastoviglie<\/li>\n<\/ul>\n<p>Un specialista del piacere e un&#8217;amante da sempre!<br \/>\n<strong>Icicles no. 67<\/strong> \u00e8 una perlina anale curva in vetro soffiato a mano con 7 perline e un pratico anello di ritrazione. Inodore, antiallergico e molto igienico perch\u00e9 facile da pulire, pu\u00f2 essere messo anche in lavastoviglie. Suggerimento: riscaldarlo nella vasca da bagno o raffreddarlo in frigorifero pu\u00f2 aumentare il piacere. Se curato correttamente, questo prodotto pu\u00f2 essere conservato e utilizzato per sempre.<\/p>\n<p><strong>Dimensione<\/strong>: lunghezza completa 20.5 cm, lunghezza d&#8217;inserimento 14 cm, \u00d8 1.4-3.7 cm.<br \/>\n<strong>Materiale<\/strong>: vetro.<br \/>\n<b>Reso<\/b>: questo articolo non pu\u00f2 essere ritornato o cambiato per ragioni di igiene e sicurezza.<\/p>\n","protected":false},"excerpt":{"rendered":"<p>Un specialista del piacere e un&#8217;amante da sempre!<br \/>\n<strong>Icicles no. 67<\/strong> \u00e8 una perlina anale curva in vetro soffiato a mano con 7 perline e un pratico anello di ritrazione. Inodore, antiallergico e molto igienico perch\u00e9 facile da pulire, pu\u00f2 essere messo anche in lavastoviglie. Suggerimento: riscaldarlo nella vasca da bagno o raffreddarlo in frigorifero pu\u00f2 aumentare il piacere. Se curato correttamente, questo prodotto pu\u00f2 essere conservato e utilizzato per sempre.<\/p>\n","protected":false},"featured_media":10902,"comment_status":"closed","ping_status":"closed","template":"","meta":{"site-sidebar-layout":"default","site-content-layout":"default","ast-site-content-layout":"default","site-content-style":"default","site-sidebar-style":"default","ast-global-header-display":"","ast-banner-title-visibility":"","ast-main-header-display":"","ast-hfb-above-header-display":"","ast-hfb-below-header-display":"","ast-hfb-mobile-header-display":"","site-post-title":"","ast-breadcrumbs-content":"","ast-featured-img":"","footer-sml-layout":"","ast-disable-related-posts":"","theme-transparent-header-meta":"default","adv-header-id-meta":"","stick-header-meta":"default","header-above-stick-meta":"","header-main-stick-meta":"","header-below-stick-meta":"","astra-migrate-meta-layouts":"default","ast-page-background-enabled":"default","ast-page-background-meta":{"desktop":{"background-color":"","background-image":"","background-repeat":"repeat","background-position":"center center","background-size":"auto","background-attachment":"scroll","background-type":"","background-media":"","overlay-type":"","overlay-color":"","overlay-opacity":"","overlay-gradient":""},"tablet":{"background-color":"","background-image":"","background-repeat":"repeat","background-position":"center center","background-size":"auto","background-attachment":"scroll","background-type":"","background-media":"","overlay-type":"","overlay-color":"","overlay-opacity":"","overlay-gradient":""},"mobile":{"background-color":"","background-image":"","background-repeat":"repeat","background-position":"center center","background-size":"auto","background-attachment":"scroll","background-type":"","background-media":"","overlay-type":"","overlay-color":"","overlay-opacity":"","overlay-gradient":""}},"ast-content-background-meta":{"desktop":{"background-color":"var(--ast-global-color-5)","background-image":"","background-repeat":"repeat","background-position":"center center","background-size":"auto","background-attachment":"scroll","background-type":"","background-media":"","overlay-type":"","overlay-color":"","overlay-opacity":"","overlay-gradient":""},"tablet":{"background-color":"var(--ast-global-color-5)","background-image":"","background-repeat":"repeat","background-position":"center center","background-size":"auto","background-attachment":"scroll","background-type":"","background-media":"","overlay-type":"","overlay-color":"","overlay-opacity":"","overlay-gradient":""},"mobile":{"background-color":"var(--ast-global-color-5)","background-image":"","background-repeat":"repeat","background-position":"center center","background-size":"auto","background-attachment":"scroll","background-type":"","background-media":"","overlay-type":"","overlay-color":"","overlay-opacity":"","overlay-gradient":""}}},"product_brand":[],"product_cat":[363,255],"product_tag":[],"class_list":{"0":"post-10919","1":"product","2":"type-product","3":"status-publish","4":"has-post-thumbnail","6":"product_cat-icicles","7":"product_cat-palline-anali","8":"product_shipping_class-2-3-settimane","9":"desktop-align-center","10":"tablet-align-left","11":"mobile-align-left","12":"ast-product-gallery-layout-horizontal-slider","13":"ast-product-tabs-layout-horizontal","15":"first","16":"instock","17":"taxable","18":"shipping-taxable","19":"purchasable","20":"product-type-simple"},"bundled_by":[],"bundle_stock_status":"instock","bundle_stock_quantity":9,"bundle_virtual":false,"bundle_layout":"","bundle_add_to_cart_form_location":"","bundle_editable_in_cart":false,"bundle_sold_individually_context":"","bundle_item_grouping":"","bundle_min_size":"","bundle_max_size":"","bundle_price":[],"bundled_items":[],"bundle_sell_ids":[],"_links":{"self":[{"href":"https:\/\/www.dream-x.ch\/it\/wp-json\/wp\/v2\/product\/10919","targetHints":{"allow":["GET"]}}],"collection":[{"href":"https:\/\/www.dream-x.ch\/it\/wp-json\/wp\/v2\/product"}],"about":[{"href":"https:\/\/www.dream-x.ch\/it\/wp-json\/wp\/v2\/types\/product"}],"replies":[{"embeddable":true,"href":"https:\/\/www.dream-x.ch\/it\/wp-json\/wp\/v2\/comments?post=10919"}],"version-history":[{"count":0,"href":"https:\/\/www.dream-x.ch\/it\/wp-json\/wp\/v2\/product\/10919\/revisions"}],"wp:featuredmedia":[{"embeddable":true,"href":"https:\/\/www.dream-x.ch\/it\/wp-json\/wp\/v2\/media\/10902"}],"wp:attachment":[{"href":"https:\/\/www.dream-x.ch\/it\/wp-json\/wp\/v2\/media?parent=10919"}],"wp:term":[{"taxonomy":"product_brand","embeddable":true,"href":"https:\/\/www.dream-x.ch\/it\/wp-json\/wp\/v2\/product_brand?post=10919"},{"taxonomy":"product_cat","embeddable":true,"href":"https:\/\/www.dream-x.ch\/it\/wp-json\/wp\/v2\/product_cat?post=10919"},{"taxonomy":"product_tag","embeddable":true,"href":"https:\/\/www.dream-x.ch\/it\/wp-json\/wp\/v2\/product_tag?post=10919"}],"curies":[{"name":"wp","href":"https:\/\/api.w.org\/{rel}","templated":true}]}}