{"id":10896,"date":"2022-12-19T20:18:41","date_gmt":"2022-12-19T19:18:41","guid":{"rendered":"https:\/\/www.dream-x.ch\/product\/dildo-di-vetro-no-90-rosa\/"},"modified":"2022-12-19T20:18:41","modified_gmt":"2022-12-19T19:18:41","slug":"dildo-di-vetro-icicles-no-90-rosa","status":"publish","type":"product","link":"https:\/\/www.dream-x.ch\/it\/product\/dildo-di-vetro-icicles-no-90-rosa\/","title":{"rendered":"Dildo di vetro No. 90 Rosa"},"content":{"rendered":"<ul class=\"usp-list\">\n<li class=\"usp-list--element\">Dildo in vetro soffiato a mano<\/li>\n<li class=\"usp-list--element\"><i class=\"icon icon-check usp-list__icon\"><\/i>Con ventosa rimovibile<\/li>\n<li class=\"usp-list--element\"><i class=\"icon icon-check usp-list__icon\"><\/i>Compatibile con lo strap-on<\/li>\n<li class=\"usp-list--element\"><i class=\"icon icon-check usp-list__icon\"><\/i>Plug per la stimolazione anale<\/li>\n<li class=\"usp-list--element\"><i class=\"icon icon-check usp-list__icon\"><\/i>Possibilit\u00e0 di giocare con la temperatura<\/li>\n<li class=\"usp-list--element\"><i class=\"icon icon-check usp-list__icon\"><\/i>Ipoallergenico e facile da pulire<\/li>\n<\/ul>\n<p>Piacere caldo o freddo!<br \/>\nQuesto esclusivo dildo in vetro soffiato a mano, dal design classico del plug, con una punta delicata e una base ampia e facile da impugnare, \u00e8 perfetto per la stimolazione anale. Il <strong>dildo di vetro Icicles No. 90 Rosa<\/strong> \u00e8 dotato di una ventosa (rimovibile) che pu\u00f2 essere utilizzata per guidare il dildo. La ventosa pu\u00f2 anche essere utilizzata per rendere possibile il divertimento a mani libere. Pu\u00f2 essere utilizzato anche con uno strap-on (non incluso). Il dildo stesso pu\u00f2 essere riscaldato o raffreddato in acqua e rende possibili momenti di piacere estremamente eccitanti. Il vetro \u00e8 completamente privo di giunzioni e si distingue per le sue caratteristiche anallergiche.<\/p>\n<p>&nbsp;<\/p>\n<p><strong>Colore<\/strong>:rosa<strong><br \/>\n<\/strong><strong>Dimensione<\/strong>: lunghezza completa 8 cm, lunghezza d&#8217;inserimento 6.5 cm, \u00d8 max. 3.5 cm; altezza ventosa 4.4 cm, \u00d8 7 cm.<br \/>\n<strong>Materiali<\/strong>: glass, silicone.<br \/>\n<b>Reso<\/b>: questo articolo non pu\u00f2 essere ritornato o cambiato per ragioni di igiene e sicurezza.<\/p>\n","protected":false},"excerpt":{"rendered":"<p>Piacere caldo o freddo!<br \/>\nQuesto esclusivo dildo in vetro soffiato a mano, dal design classico del plug, con una punta delicata e una base ampia e facile da impugnare, \u00e8 perfetto per la stimolazione anale. Il <strong>dildo di vetro Icicles No. 90 Rosa<\/strong> \u00e8 dotato di una ventosa (rimovibile) che pu\u00f2 essere utilizzata per guidare il dildo. La ventosa pu\u00f2 anche essere utilizzata per rendere possibile il divertimento a mani libere. Pu\u00f2 essere utilizzato anche con uno strap-on (non incluso). Il dildo stesso pu\u00f2 essere riscaldato o raffreddato in acqua e rende possibili momenti di piacere estremamente eccitanti. Il vetro \u00e8 completamente privo di giunzioni e si distingue per le sue caratteristiche anallergiche.<\/p>\n","protected":false},"featured_media":10472,"comment_status":"closed","ping_status":"closed","template":"","meta":{"site-sidebar-layout":"default","site-content-layout":"default","ast-site-content-layout":"default","site-content-style":"default","site-sidebar-style":"default","ast-global-header-display":"","ast-banner-title-visibility":"","ast-main-header-display":"","ast-hfb-above-header-display":"","ast-hfb-below-header-display":"","ast-hfb-mobile-header-display":"","site-post-title":"","ast-breadcrumbs-content":"","ast-featured-img":"","footer-sml-layout":"","ast-disable-related-posts":"","theme-transparent-header-meta":"default","adv-header-id-meta":"","stick-header-meta":"default","header-above-stick-meta":"","header-main-stick-meta":"","header-below-stick-meta":"","astra-migrate-meta-layouts":"default","ast-page-background-enabled":"default","ast-page-background-meta":{"desktop":{"background-color":"","background-image":"","background-repeat":"repeat","background-position":"center center","background-size":"auto","background-attachment":"scroll","background-type":"","background-media":"","overlay-type":"","overlay-color":"","overlay-opacity":"","overlay-gradient":""},"tablet":{"background-color":"","background-image":"","background-repeat":"repeat","background-position":"center center","background-size":"auto","background-attachment":"scroll","background-type":"","background-media":"","overlay-type":"","overlay-color":"","overlay-opacity":"","overlay-gradient":""},"mobile":{"background-color":"","background-image":"","background-repeat":"repeat","background-position":"center center","background-size":"auto","background-attachment":"scroll","background-type":"","background-media":"","overlay-type":"","overlay-color":"","overlay-opacity":"","overlay-gradient":""}},"ast-content-background-meta":{"desktop":{"background-color":"var(--ast-global-color-5)","background-image":"","background-repeat":"repeat","background-position":"center center","background-size":"auto","background-attachment":"scroll","background-type":"","background-media":"","overlay-type":"","overlay-color":"","overlay-opacity":"","overlay-gradient":""},"tablet":{"background-color":"var(--ast-global-color-5)","background-image":"","background-repeat":"repeat","background-position":"center center","background-size":"auto","background-attachment":"scroll","background-type":"","background-media":"","overlay-type":"","overlay-color":"","overlay-opacity":"","overlay-gradient":""},"mobile":{"background-color":"var(--ast-global-color-5)","background-image":"","background-repeat":"repeat","background-position":"center center","background-size":"auto","background-attachment":"scroll","background-type":"","background-media":"","overlay-type":"","overlay-color":"","overlay-opacity":"","overlay-gradient":""}}},"product_brand":[],"product_cat":[264,363,258],"product_tag":[],"class_list":{"0":"post-10896","1":"product","2":"type-product","3":"status-publish","4":"has-post-thumbnail","6":"product_cat-dildo-di-vetro","7":"product_cat-icicles","8":"product_cat-plug-anale","9":"product_shipping_class-2-3-settimane","10":"desktop-align-center","11":"tablet-align-left","12":"mobile-align-left","13":"ast-product-gallery-layout-horizontal-slider","14":"ast-product-tabs-layout-horizontal","16":"first","17":"instock","18":"taxable","19":"shipping-taxable","20":"purchasable","21":"product-type-simple"},"bundled_by":[],"bundle_stock_status":"instock","bundle_stock_quantity":10,"bundle_virtual":false,"bundle_layout":"","bundle_add_to_cart_form_location":"","bundle_editable_in_cart":false,"bundle_sold_individually_context":"","bundle_item_grouping":"","bundle_min_size":"","bundle_max_size":"","bundle_price":[],"bundled_items":[],"bundle_sell_ids":[],"_links":{"self":[{"href":"https:\/\/www.dream-x.ch\/it\/wp-json\/wp\/v2\/product\/10896","targetHints":{"allow":["GET"]}}],"collection":[{"href":"https:\/\/www.dream-x.ch\/it\/wp-json\/wp\/v2\/product"}],"about":[{"href":"https:\/\/www.dream-x.ch\/it\/wp-json\/wp\/v2\/types\/product"}],"replies":[{"embeddable":true,"href":"https:\/\/www.dream-x.ch\/it\/wp-json\/wp\/v2\/comments?post=10896"}],"version-history":[{"count":0,"href":"https:\/\/www.dream-x.ch\/it\/wp-json\/wp\/v2\/product\/10896\/revisions"}],"wp:featuredmedia":[{"embeddable":true,"href":"https:\/\/www.dream-x.ch\/it\/wp-json\/wp\/v2\/media\/10472"}],"wp:attachment":[{"href":"https:\/\/www.dream-x.ch\/it\/wp-json\/wp\/v2\/media?parent=10896"}],"wp:term":[{"taxonomy":"product_brand","embeddable":true,"href":"https:\/\/www.dream-x.ch\/it\/wp-json\/wp\/v2\/product_brand?post=10896"},{"taxonomy":"product_cat","embeddable":true,"href":"https:\/\/www.dream-x.ch\/it\/wp-json\/wp\/v2\/product_cat?post=10896"},{"taxonomy":"product_tag","embeddable":true,"href":"https:\/\/www.dream-x.ch\/it\/wp-json\/wp\/v2\/product_tag?post=10896"}],"curies":[{"name":"wp","href":"https:\/\/api.w.org\/{rel}","templated":true}]}}