{"id":10503,"date":"2022-11-18T11:22:54","date_gmt":"2022-11-18T10:22:54","guid":{"rendered":"https:\/\/www.dream-x.ch\/product\/shiatsu-candela-da-massaggio-alla-crema-di-lamponi-e-vaniglia\/"},"modified":"2024-10-15T12:04:11","modified_gmt":"2024-10-15T11:04:11","slug":"shiatsu-massage-candle-raspberry-and-vanilla-cream","status":"publish","type":"product","link":"https:\/\/www.dream-x.ch\/it\/product\/shiatsu-massage-candle-raspberry-and-vanilla-cream\/","title":{"rendered":"Shiatsu &#8211; Candela da massaggio alla Crema di lamponi e vaniglia"},"content":{"rendered":"<div class=\"tabbed-content\">\n<div id=\"product-description-consumer-en_GB\" class=\"tab\">\n<div class=\"js-read-more\" data-read-more-max-height=\"460\" data-read-more-open-text=\"Read more\" data-read-more-close-text=\"Read less\">\n<div class=\"js-read-more__content read-more read-more--open\">\n<div id=\"product-description-consumer\" class=\"product-description js-tabs\">\n<div class=\"tabbed-content\">\n<div id=\"product-description-consumer-en_GB\" class=\"tab\">\n<div class=\"js-read-more\" data-read-more-max-height=\"460\" data-read-more-open-text=\"Read more\" data-read-more-close-text=\"Read less\">\n<div class=\"js-read-more__content\">\n<ul class=\"usp-list\">\n<li class=\"usp-list--element\">Candela da massaggio con profumo erotico<\/li>\n<li class=\"usp-list--element\"><i class=\"icon icon-check usp-list__icon\"><\/i>Si scioglie in un caldo balsamo da massaggio<\/li>\n<li class=\"usp-list--element\"><i class=\"icon icon-check usp-list__icon\"><\/i>In un barattolo di ceramica con la punta appuntita<\/li>\n<li class=\"usp-list--element\"><i class=\"icon icon-check usp-list__icon\"><\/i>Il profumo diventa pi\u00f9 intenso durante il massaggio<\/li>\n<\/ul>\n<p>Per momenti di piacere speciali!<br \/>\nLa <strong>candela da massaggio alla Crema di Lamponi e Vaniglia<\/strong> di Hot Shiatsu ha un seducente profumo di lampone e vaniglia. Il piacevole profumo riempie la stanza quando la candela \u00e8 accesa. La cera si scioglie in un piacevole balsamo da massaggio caldo e nutriente che pu\u00f2 essere versato direttamente sulla pelle. Il profumo caldo e fruttato diventa pi\u00f9 intenso durante il massaggio. In un barattolo di ceramica con la punta appuntita.<\/p>\n<\/div>\n<\/div>\n<\/div>\n<\/div>\n<\/div>\n<p><strong>Dimensione<\/strong>: larghezza:10 cm, altezza:8.5 cm, lunghezza:10 cm<br \/>\n<strong>Peso<\/strong>: 130 g.<br \/>\n<strong>Ingredienti<\/strong>: CERA DI GLYCINE SOJA (SOIA), OLIO DI COCUS NUCIFERA (COCCO), BUTYROSPERMUM PARKII (BURRO DI KARIT\u00c8) FRUTTO, PARFUM (FRAGRANZA), BENZOATO DI BENZILE, ALCOL BENZILICO, LINALOLO, IDROSSICITRONELLALE, ALCOL CINNAMILICO<br \/>\n<b>Reso<\/b>: questo articolo non pu\u00f2 essere ritornato o cambiato per ragioni di igiene e sicurezza.<\/p>\n<\/div>\n<\/div>\n<\/div>\n<\/div>\n","protected":false},"excerpt":{"rendered":"<p>Per momenti di piacere speciali!<br \/>\nLa <strong>candela da massaggio alla Crema di Lamponi e Vaniglia<\/strong> di Hot Shiatsu ha un seducente profumo di lampone e vaniglia.<\/p>\n","protected":false},"featured_media":5301,"comment_status":"open","ping_status":"closed","template":"","meta":{"site-sidebar-layout":"default","site-content-layout":"default","ast-site-content-layout":"default","site-content-style":"default","site-sidebar-style":"default","ast-global-header-display":"","ast-banner-title-visibility":"","ast-main-header-display":"","ast-hfb-above-header-display":"","ast-hfb-below-header-display":"","ast-hfb-mobile-header-display":"","site-post-title":"","ast-breadcrumbs-content":"","ast-featured-img":"","footer-sml-layout":"","ast-disable-related-posts":"","theme-transparent-header-meta":"default","adv-header-id-meta":"","stick-header-meta":"default","header-above-stick-meta":"","header-main-stick-meta":"","header-below-stick-meta":"","astra-migrate-meta-layouts":"default","ast-page-background-enabled":"default","ast-page-background-meta":{"desktop":{"background-color":"","background-image":"","background-repeat":"repeat","background-position":"center center","background-size":"auto","background-attachment":"scroll","background-type":"","background-media":"","overlay-type":"","overlay-color":"","overlay-opacity":"","overlay-gradient":""},"tablet":{"background-color":"","background-image":"","background-repeat":"repeat","background-position":"center center","background-size":"auto","background-attachment":"scroll","background-type":"","background-media":"","overlay-type":"","overlay-color":"","overlay-opacity":"","overlay-gradient":""},"mobile":{"background-color":"","background-image":"","background-repeat":"repeat","background-position":"center center","background-size":"auto","background-attachment":"scroll","background-type":"","background-media":"","overlay-type":"","overlay-color":"","overlay-opacity":"","overlay-gradient":""}},"ast-content-background-meta":{"desktop":{"background-color":"var(--ast-global-color-5)","background-image":"","background-repeat":"repeat","background-position":"center center","background-size":"auto","background-attachment":"scroll","background-type":"","background-media":"","overlay-type":"","overlay-color":"","overlay-opacity":"","overlay-gradient":""},"tablet":{"background-color":"var(--ast-global-color-5)","background-image":"","background-repeat":"repeat","background-position":"center center","background-size":"auto","background-attachment":"scroll","background-type":"","background-media":"","overlay-type":"","overlay-color":"","overlay-opacity":"","overlay-gradient":""},"mobile":{"background-color":"var(--ast-global-color-5)","background-image":"","background-repeat":"repeat","background-position":"center center","background-size":"auto","background-attachment":"scroll","background-type":"","background-media":"","overlay-type":"","overlay-color":"","overlay-opacity":"","overlay-gradient":""}}},"product_brand":[],"product_cat":[301,345],"product_tag":[371,370],"class_list":{"0":"post-10503","1":"product","2":"type-product","3":"status-publish","4":"has-post-thumbnail","6":"product_cat-relax-e-massaggi","7":"product_cat-shiatsu","8":"product_tag-candela","9":"product_tag-massaggio","10":"product_shipping_class-2-3-settimane","11":"desktop-align-center","12":"tablet-align-left","13":"mobile-align-left","14":"ast-product-gallery-layout-horizontal-slider","15":"ast-product-tabs-layout-horizontal","17":"first","18":"instock","19":"featured","20":"taxable","21":"shipping-taxable","22":"purchasable","23":"product-type-simple"},"bundled_by":[],"bundle_stock_status":"instock","bundle_stock_quantity":2,"bundle_virtual":false,"bundle_layout":"","bundle_add_to_cart_form_location":"","bundle_editable_in_cart":false,"bundle_sold_individually_context":"","bundle_item_grouping":"","bundle_min_size":"","bundle_max_size":"","bundle_price":[],"bundled_items":[],"bundle_sell_ids":[],"_links":{"self":[{"href":"https:\/\/www.dream-x.ch\/it\/wp-json\/wp\/v2\/product\/10503","targetHints":{"allow":["GET"]}}],"collection":[{"href":"https:\/\/www.dream-x.ch\/it\/wp-json\/wp\/v2\/product"}],"about":[{"href":"https:\/\/www.dream-x.ch\/it\/wp-json\/wp\/v2\/types\/product"}],"replies":[{"embeddable":true,"href":"https:\/\/www.dream-x.ch\/it\/wp-json\/wp\/v2\/comments?post=10503"}],"version-history":[{"count":0,"href":"https:\/\/www.dream-x.ch\/it\/wp-json\/wp\/v2\/product\/10503\/revisions"}],"wp:featuredmedia":[{"embeddable":true,"href":"https:\/\/www.dream-x.ch\/it\/wp-json\/wp\/v2\/media\/5301"}],"wp:attachment":[{"href":"https:\/\/www.dream-x.ch\/it\/wp-json\/wp\/v2\/media?parent=10503"}],"wp:term":[{"taxonomy":"product_brand","embeddable":true,"href":"https:\/\/www.dream-x.ch\/it\/wp-json\/wp\/v2\/product_brand?post=10503"},{"taxonomy":"product_cat","embeddable":true,"href":"https:\/\/www.dream-x.ch\/it\/wp-json\/wp\/v2\/product_cat?post=10503"},{"taxonomy":"product_tag","embeddable":true,"href":"https:\/\/www.dream-x.ch\/it\/wp-json\/wp\/v2\/product_tag?post=10503"}],"curies":[{"name":"wp","href":"https:\/\/api.w.org\/{rel}","templated":true}]}}