{"id":10428,"date":"2022-11-16T11:13:51","date_gmt":"2022-11-16T10:13:51","guid":{"rendered":"https:\/\/www.dream-x.ch\/product\/sweet-smile-vibratore-wiggling-rabbit\/"},"modified":"2024-10-15T12:04:12","modified_gmt":"2024-10-15T11:04:12","slug":"sweet-smile-wiggling-rabbit-vibratore","status":"publish","type":"product","link":"https:\/\/www.dream-x.ch\/it\/product\/sweet-smile-wiggling-rabbit-vibratore\/","title":{"rendered":"Sweet Smile &#8211; Vibratore Wiggling Rabbit"},"content":{"rendered":"<div class=\"tabbed-content\">\n<div id=\"product-description-consumer-en_GB\" class=\"tab\">\n<div class=\"js-read-more\" data-read-more-max-height=\"460\" data-read-more-open-text=\"Read more\" data-read-more-close-text=\"Read less\">\n<div class=\"js-read-more__content read-more read-more--open\">\n<ul class=\"usp-list\">\n<li class=\"usp-list--element\"><i class=\"icon icon-check usp-list__icon\"><\/i>Vibratore rabbit con 3 motori<\/li>\n<li class=\"usp-list--element\"><i class=\"icon icon-check usp-list__icon\"><\/i>Punta annuente per il punto G a 3 velocit\u00e0<\/li>\n<li class=\"usp-list--element\"><i class=\"icon icon-check usp-list__icon\"><\/i>10 modalit\u00e0 di vibrazione<\/li>\n<li class=\"usp-list--element\"><i class=\"icon icon-check usp-list__icon\"><\/i>Le funzioni possono essere controllate insieme o separatamente<\/li>\n<li class=\"usp-list--element\"><i class=\"icon icon-check usp-list__icon\"><\/i>Silicone morbido e vellutato<\/li>\n<li class=\"usp-list--element\"><i class=\"icon icon-check usp-list__icon\"><\/i>Impermeabile<\/li>\n<li class=\"usp-list--element\"><i class=\"icon icon-check usp-list__icon\"><\/i>Caricatore \u2013 incl. cavo USB<\/li>\n<\/ul>\n<p>Doppia stimolazione deluxe!<br \/>\nQuesto <strong>vibratore Wiggling Rabbit di Sweet Smile<\/strong> \u00e8 rivestito in morbido silicone. Non solo si distingue per il suo bel design, ma anche per le sue capacit\u00e0. Lo stimolatore clitorideo nasconde 10 modalit\u00e0 di vibrazione. Ci sono anche 10 modalit\u00e0 di vibrazione nella punta flessibile del punto G che annuisce avidamente a 3 velocit\u00e0.<\/p>\n<p>I 3 motori fanno s\u00ec che questo vibratore sia molto potente. Le funzioni possono essere controllate insieme o separatamente premendo un pulsante. Il vibratore Wiggling Rabbit \u00e8 impermeabile e pu\u00f2 essere ricaricato con il cavo USB incluso.<\/p>\n<p><strong>Dimensione<\/strong>: lunghezza completa 21.5 cm. Lunghezza d&#8217;inserimento 11.6 cm, \u00d8 2.5 cm \u2013 3.8 cm.<br \/>\n<strong>Materiale<\/strong>: silicone, PU, ABS.<br \/>\n<b>Reso<\/b>: questo articolo non pu\u00f2 essere ritornato o cambiato per ragioni di igiene e sicurezza.<\/p>\n<\/div>\n<\/div>\n<\/div>\n<\/div>\n","protected":false},"excerpt":{"rendered":"<p>Doppia stimolazione deluxe!<br \/>\nQuesto <strong>vibratore Wiggling Rabbit di Sweet Smile<\/strong> \u00e8 rivestito in morbido silicone. Non solo si distingue per il suo bel design, ma anche per le sue capacit\u00e0.<\/p>\n","protected":false},"featured_media":5161,"comment_status":"open","ping_status":"closed","template":"","meta":{"site-sidebar-layout":"default","site-content-layout":"default","ast-site-content-layout":"default","site-content-style":"default","site-sidebar-style":"default","ast-global-header-display":"","ast-banner-title-visibility":"","ast-main-header-display":"","ast-hfb-above-header-display":"","ast-hfb-below-header-display":"","ast-hfb-mobile-header-display":"","site-post-title":"","ast-breadcrumbs-content":"","ast-featured-img":"","footer-sml-layout":"","ast-disable-related-posts":"","theme-transparent-header-meta":"default","adv-header-id-meta":"","stick-header-meta":"default","header-above-stick-meta":"","header-main-stick-meta":"","header-below-stick-meta":"","astra-migrate-meta-layouts":"default","ast-page-background-enabled":"default","ast-page-background-meta":{"desktop":{"background-color":"","background-image":"","background-repeat":"repeat","background-position":"center center","background-size":"auto","background-attachment":"scroll","background-type":"","background-media":"","overlay-type":"","overlay-color":"","overlay-opacity":"","overlay-gradient":""},"tablet":{"background-color":"","background-image":"","background-repeat":"repeat","background-position":"center center","background-size":"auto","background-attachment":"scroll","background-type":"","background-media":"","overlay-type":"","overlay-color":"","overlay-opacity":"","overlay-gradient":""},"mobile":{"background-color":"","background-image":"","background-repeat":"repeat","background-position":"center center","background-size":"auto","background-attachment":"scroll","background-type":"","background-media":"","overlay-type":"","overlay-color":"","overlay-opacity":"","overlay-gradient":""}},"ast-content-background-meta":{"desktop":{"background-color":"var(--ast-global-color-5)","background-image":"","background-repeat":"repeat","background-position":"center center","background-size":"auto","background-attachment":"scroll","background-type":"","background-media":"","overlay-type":"","overlay-color":"","overlay-opacity":"","overlay-gradient":""},"tablet":{"background-color":"var(--ast-global-color-5)","background-image":"","background-repeat":"repeat","background-position":"center center","background-size":"auto","background-attachment":"scroll","background-type":"","background-media":"","overlay-type":"","overlay-color":"","overlay-opacity":"","overlay-gradient":""},"mobile":{"background-color":"var(--ast-global-color-5)","background-image":"","background-repeat":"repeat","background-position":"center center","background-size":"auto","background-attachment":"scroll","background-type":"","background-media":"","overlay-type":"","overlay-color":"","overlay-opacity":"","overlay-gradient":""}}},"product_brand":[],"product_cat":[253,346,285,296],"product_tag":[369,331],"class_list":{"0":"post-10428","1":"product","2":"type-product","3":"status-publish","4":"has-post-thumbnail","6":"product_cat-sex-toys-it","7":"product_cat-sweet-smile","8":"product_cat-vibratori","9":"product_cat-vibratori-rabbit","10":"product_tag-clitoride","11":"product_tag-vibratore","12":"product_shipping_class-2-3-settimane","13":"desktop-align-center","14":"tablet-align-left","15":"mobile-align-left","16":"ast-product-gallery-layout-horizontal-slider","17":"ast-product-tabs-layout-horizontal","19":"first","20":"instock","21":"taxable","22":"shipping-taxable","23":"purchasable","24":"product-type-simple"},"bundled_by":[],"bundle_stock_status":"instock","bundle_stock_quantity":100,"bundle_virtual":false,"bundle_layout":"","bundle_add_to_cart_form_location":"","bundle_editable_in_cart":false,"bundle_sold_individually_context":"","bundle_item_grouping":"","bundle_min_size":"","bundle_max_size":"","bundle_price":[],"bundled_items":[],"bundle_sell_ids":[],"_links":{"self":[{"href":"https:\/\/www.dream-x.ch\/it\/wp-json\/wp\/v2\/product\/10428","targetHints":{"allow":["GET"]}}],"collection":[{"href":"https:\/\/www.dream-x.ch\/it\/wp-json\/wp\/v2\/product"}],"about":[{"href":"https:\/\/www.dream-x.ch\/it\/wp-json\/wp\/v2\/types\/product"}],"replies":[{"embeddable":true,"href":"https:\/\/www.dream-x.ch\/it\/wp-json\/wp\/v2\/comments?post=10428"}],"version-history":[{"count":0,"href":"https:\/\/www.dream-x.ch\/it\/wp-json\/wp\/v2\/product\/10428\/revisions"}],"wp:featuredmedia":[{"embeddable":true,"href":"https:\/\/www.dream-x.ch\/it\/wp-json\/wp\/v2\/media\/5161"}],"wp:attachment":[{"href":"https:\/\/www.dream-x.ch\/it\/wp-json\/wp\/v2\/media?parent=10428"}],"wp:term":[{"taxonomy":"product_brand","embeddable":true,"href":"https:\/\/www.dream-x.ch\/it\/wp-json\/wp\/v2\/product_brand?post=10428"},{"taxonomy":"product_cat","embeddable":true,"href":"https:\/\/www.dream-x.ch\/it\/wp-json\/wp\/v2\/product_cat?post=10428"},{"taxonomy":"product_tag","embeddable":true,"href":"https:\/\/www.dream-x.ch\/it\/wp-json\/wp\/v2\/product_tag?post=10428"}],"curies":[{"name":"wp","href":"https:\/\/api.w.org\/{rel}","templated":true}]}}