{"id":10126,"date":"2022-11-27T12:07:07","date_gmt":"2022-11-27T11:07:07","guid":{"rendered":"https:\/\/www.dream-x.ch\/product\/svakom-nova-rosa\/"},"modified":"2024-10-15T12:04:02","modified_gmt":"2024-10-15T11:04:02","slug":"svakom-nova-rosa","status":"publish","type":"product","link":"https:\/\/www.dream-x.ch\/it\/product\/svakom-nova-rosa\/","title":{"rendered":"Svakom &#8211; Nova &#8211; Rosa"},"content":{"rendered":"<ul class=\"usp-list\">\n<li class=\"usp-list--element\">Superficie Soft Touch<\/li>\n<li class=\"usp-list--element\"><i class=\"icon icon-check usp-list__icon\"><\/i>Con un peso rotante all&#8217;interno<\/li>\n<li class=\"usp-list--element\"><i class=\"icon icon-check usp-list__icon\"><\/i>Cinghia di ritrazione elastica con anello<\/li>\n<li class=\"usp-list--element\"><i class=\"icon icon-check usp-list__icon\"><\/i>Allenamento efficace dei muscoli del pavimento pelvico in 3 livelli<\/li>\n<li class=\"usp-list--element\"><i class=\"icon icon-check usp-list__icon\"><\/i>Pu\u00f2 essere integrato con discrezione nella vita quotidiana<\/li>\n<li class=\"usp-list--element\"><i class=\"icon icon-check usp-list__icon\"><\/i>Aumento di peso = diminuzione della circonferenza<\/li>\n<li class=\"usp-list--element\"><i class=\"icon icon-check usp-list__icon\"><\/i>Impermeabile<\/li>\n<\/ul>\n<p>Allenamento efficace del pavimento pelvico!<br \/>\n<strong>Svakom Nova &#8211; Pink, il set di palline dell&#8217;amore composto da 1 pallina singola e 2 palline doppie.<\/strong> 3 livelli di peso crescenti per un allenamento efficace del pavimento pelvico. Allo stesso tempo le palline diventano sempre pi\u00f9 piccole, il che significa che i muscoli del pavimento pelvico devono lavorare di pi\u00f9 per mantenere le palline in posizione. Inoltre, la rotazione dei pesi all&#8217;interno pu\u00f2 creare oscillazioni che provocano contrazioni muscolari di rafforzamento. Ideale dopo una gravidanza e come misura preventiva contro l&#8217;incontinenza. Texture Soft Touch delicata per la pelle e cinturino elastico di ritrazione con anello.<\/p>\n<p><strong>Color<\/strong>: rosa<strong><br \/>\n<\/strong><strong>Palla singola<\/strong>: lunghezza totale 13.5 cm, \u00d8 3.6 cm, peso 49 g.<br \/>\n<strong>Doppia pallina 1<\/strong>: lunghezza completa 17 cm, \u00d8 3.2 cm, peso 75 g.<br \/>\n<strong>Doppia pallina 2<\/strong>: lunghezza completa 16.2 cm, \u00d8 2.8 cm, peso 95 g.<br \/>\n<strong>Materiali<\/strong>: Silicone con rivestimento in PU.<br \/>\n<b>Reso<\/b>: questo articolo non pu\u00f2 essere ritornato o cambiato per ragioni di igiene e sicurezza.<\/p>\n","protected":false},"excerpt":{"rendered":"<p>Allenamento efficace del pavimento pelvico!<br \/>\n<strong>Svakom Nova &#8211; Pink, il set di palline dell&#8217;amore composto da 1 pallina singola e 2 palline doppie.<\/strong> 3 livelli di peso crescenti per un allenamento efficace del pavimento pelvico.<\/p>\n","protected":false},"featured_media":7092,"comment_status":"open","ping_status":"closed","template":"","meta":{"site-sidebar-layout":"default","site-content-layout":"default","ast-site-content-layout":"default","site-content-style":"default","site-sidebar-style":"default","ast-global-header-display":"","ast-banner-title-visibility":"","ast-main-header-display":"","ast-hfb-above-header-display":"","ast-hfb-below-header-display":"","ast-hfb-mobile-header-display":"","site-post-title":"","ast-breadcrumbs-content":"","ast-featured-img":"","footer-sml-layout":"","ast-disable-related-posts":"","theme-transparent-header-meta":"default","adv-header-id-meta":"","stick-header-meta":"default","header-above-stick-meta":"","header-main-stick-meta":"","header-below-stick-meta":"","astra-migrate-meta-layouts":"default","ast-page-background-enabled":"default","ast-page-background-meta":{"desktop":{"background-color":"","background-image":"","background-repeat":"repeat","background-position":"center center","background-size":"auto","background-attachment":"scroll","background-type":"","background-media":"","overlay-type":"","overlay-color":"","overlay-opacity":"","overlay-gradient":""},"tablet":{"background-color":"","background-image":"","background-repeat":"repeat","background-position":"center center","background-size":"auto","background-attachment":"scroll","background-type":"","background-media":"","overlay-type":"","overlay-color":"","overlay-opacity":"","overlay-gradient":""},"mobile":{"background-color":"","background-image":"","background-repeat":"repeat","background-position":"center center","background-size":"auto","background-attachment":"scroll","background-type":"","background-media":"","overlay-type":"","overlay-color":"","overlay-opacity":"","overlay-gradient":""}},"ast-content-background-meta":{"desktop":{"background-color":"var(--ast-global-color-5)","background-image":"","background-repeat":"repeat","background-position":"center center","background-size":"auto","background-attachment":"scroll","background-type":"","background-media":"","overlay-type":"","overlay-color":"","overlay-opacity":"","overlay-gradient":""},"tablet":{"background-color":"var(--ast-global-color-5)","background-image":"","background-repeat":"repeat","background-position":"center center","background-size":"auto","background-attachment":"scroll","background-type":"","background-media":"","overlay-type":"","overlay-color":"","overlay-opacity":"","overlay-gradient":""},"mobile":{"background-color":"var(--ast-global-color-5)","background-image":"","background-repeat":"repeat","background-position":"center center","background-size":"auto","background-attachment":"scroll","background-type":"","background-media":"","overlay-type":"","overlay-color":"","overlay-opacity":"","overlay-gradient":""}}},"product_brand":[],"product_cat":[313,267],"product_tag":[325],"class_list":{"0":"post-10126","1":"product","2":"type-product","3":"status-publish","4":"has-post-thumbnail","6":"product_cat-svakom","7":"product_cat-palline-dellamore","8":"product_tag-palline-dellamore","9":"product_shipping_class-2-3-settimane","10":"desktop-align-center","11":"tablet-align-left","12":"mobile-align-left","13":"ast-product-gallery-layout-horizontal-slider","14":"ast-product-tabs-layout-horizontal","16":"first","17":"outofstock","18":"taxable","19":"shipping-taxable","20":"purchasable","21":"product-type-simple"},"bundled_by":[],"bundle_stock_status":"outofstock","bundle_stock_quantity":0,"bundle_virtual":false,"bundle_layout":"","bundle_add_to_cart_form_location":"","bundle_editable_in_cart":false,"bundle_sold_individually_context":"","bundle_item_grouping":"","bundle_min_size":"","bundle_max_size":"","bundle_price":[],"bundled_items":[],"bundle_sell_ids":[],"_links":{"self":[{"href":"https:\/\/www.dream-x.ch\/it\/wp-json\/wp\/v2\/product\/10126","targetHints":{"allow":["GET"]}}],"collection":[{"href":"https:\/\/www.dream-x.ch\/it\/wp-json\/wp\/v2\/product"}],"about":[{"href":"https:\/\/www.dream-x.ch\/it\/wp-json\/wp\/v2\/types\/product"}],"replies":[{"embeddable":true,"href":"https:\/\/www.dream-x.ch\/it\/wp-json\/wp\/v2\/comments?post=10126"}],"version-history":[{"count":0,"href":"https:\/\/www.dream-x.ch\/it\/wp-json\/wp\/v2\/product\/10126\/revisions"}],"wp:featuredmedia":[{"embeddable":true,"href":"https:\/\/www.dream-x.ch\/it\/wp-json\/wp\/v2\/media\/7092"}],"wp:attachment":[{"href":"https:\/\/www.dream-x.ch\/it\/wp-json\/wp\/v2\/media?parent=10126"}],"wp:term":[{"taxonomy":"product_brand","embeddable":true,"href":"https:\/\/www.dream-x.ch\/it\/wp-json\/wp\/v2\/product_brand?post=10126"},{"taxonomy":"product_cat","embeddable":true,"href":"https:\/\/www.dream-x.ch\/it\/wp-json\/wp\/v2\/product_cat?post=10126"},{"taxonomy":"product_tag","embeddable":true,"href":"https:\/\/www.dream-x.ch\/it\/wp-json\/wp\/v2\/product_tag?post=10126"}],"curies":[{"name":"wp","href":"https:\/\/api.w.org\/{rel}","templated":true}]}}