{"id":10119,"date":"2022-11-27T12:07:09","date_gmt":"2022-11-27T11:07:09","guid":{"rendered":"https:\/\/www.dream-x.ch\/product\/svakom-hedy-x-control-5-ovetti\/"},"modified":"2024-10-15T12:03:57","modified_gmt":"2024-10-15T11:03:57","slug":"svakom-hedy-x-control-5-eggs-2","status":"publish","type":"product","link":"https:\/\/www.dream-x.ch\/it\/product\/svakom-hedy-x-control-5-eggs-2\/","title":{"rendered":"Svakom &#8211; Hedy X Control &#8211; 5 Ovetti"},"content":{"rendered":"<ul class=\"usp-list\">\n<li class=\"usp-list--element\">Masturbatore riutilizzabile<\/li>\n<li class=\"usp-list--element\"><i class=\"icon icon-check usp-list__icon\"><\/i>In un pratico coperchio a forma di uovo<\/li>\n<li class=\"usp-list--element\"><i class=\"icon icon-check usp-list__icon\"><\/i>5 masturbatori in un set<\/li>\n<li class=\"usp-list--element\"><i class=\"icon icon-check usp-list__icon\"><\/i>Con una texture stimolante all&#8217;interno<\/li>\n<li class=\"usp-list--element\"><i class=\"icon icon-check usp-list__icon\"><\/i>Morbido e molto flessibile<\/li>\n<li class=\"usp-list--element\"><i class=\"icon icon-check usp-list__icon\"><\/i>Adatto a qualsiasi dimensione del pene<\/li>\n<\/ul>\n<p>Per una perfetta manipolazione a casa o in viaggio!<br \/>\n5 x masturbatore rimovibile <strong>Hedy X Control<\/strong> di Svakom. Ogni masturbatore \u00e8 contenuto in una pratica custodia a forma di uovo. Il coperchio \u00e8 un distributore di lubrificante, un supporto per l&#8217;asciugatura e uno spazio di stoccaggio privo di polvere. La guaina per masturbazione, molto flessibile e morbida e vellutata, si adatta a qualsiasi pene e pu\u00f2 essere utilizzata da 5 a 10 volte. La struttura a spirale pronunciata e stimolante all&#8217;interno \u00e8 perfetta per un massaggio intenso e orgasmico durante una masturbazione.<\/p>\n<p>5 masturbatori Control (stimolanti con struttura a diamante) in un set.<\/p>\n<p><strong>Colore: <\/strong>bianco<strong><br \/>\nDimensione<\/strong>: ogni masturbatore \u00e8 lungo 9 cm, \u00d8 1.8 cm (tutto \u00e8 molto flessibile).<br \/>\n<strong>Peso<\/strong>: 68 gr.<br \/>\n<strong>Materiale<\/strong>: TPE, ABS (egg).<br \/>\n<b>Reso<\/b>: questo articolo non pu\u00f2 essere ritornato o cambiato per ragioni di igiene e sicurezza.<\/p>\n","protected":false},"excerpt":{"rendered":"<p>Per una perfetta manipolazione a casa o in viaggio!<br \/>\n5 x masturbatore rimovibile <strong>Hedy X Control<\/strong> di Svakom. Ogni masturbatore \u00e8 contenuto in una pratica custodia a forma di uovo. Il coperchio \u00e8 un distributore di lubrificante, un supporto per l&#8217;asciugatura e uno spazio di stoccaggio privo di polvere. La guaina per masturbazione, molto flessibile e morbida e vellutata, si adatta a qualsiasi pene e pu\u00f2 essere utilizzata da 5 a 10 volte. La struttura a spirale pronunciata e stimolante all&#8217;interno \u00e8 perfetta per un massaggio intenso e orgasmico durante una masturbazione.<\/p>\n","protected":false},"featured_media":8837,"comment_status":"open","ping_status":"closed","template":"","meta":{"site-sidebar-layout":"default","site-content-layout":"default","ast-site-content-layout":"default","site-content-style":"default","site-sidebar-style":"default","ast-global-header-display":"","ast-banner-title-visibility":"","ast-main-header-display":"","ast-hfb-above-header-display":"","ast-hfb-below-header-display":"","ast-hfb-mobile-header-display":"","site-post-title":"","ast-breadcrumbs-content":"","ast-featured-img":"","footer-sml-layout":"","ast-disable-related-posts":"","theme-transparent-header-meta":"default","adv-header-id-meta":"","stick-header-meta":"default","header-above-stick-meta":"","header-main-stick-meta":"","header-below-stick-meta":"","astra-migrate-meta-layouts":"default","ast-page-background-enabled":"default","ast-page-background-meta":{"desktop":{"background-color":"","background-image":"","background-repeat":"repeat","background-position":"center center","background-size":"auto","background-attachment":"scroll","background-type":"","background-media":"","overlay-type":"","overlay-color":"","overlay-opacity":"","overlay-gradient":""},"tablet":{"background-color":"","background-image":"","background-repeat":"repeat","background-position":"center center","background-size":"auto","background-attachment":"scroll","background-type":"","background-media":"","overlay-type":"","overlay-color":"","overlay-opacity":"","overlay-gradient":""},"mobile":{"background-color":"","background-image":"","background-repeat":"repeat","background-position":"center center","background-size":"auto","background-attachment":"scroll","background-type":"","background-media":"","overlay-type":"","overlay-color":"","overlay-opacity":"","overlay-gradient":""}},"ast-content-background-meta":{"desktop":{"background-color":"var(--ast-global-color-5)","background-image":"","background-repeat":"repeat","background-position":"center center","background-size":"auto","background-attachment":"scroll","background-type":"","background-media":"","overlay-type":"","overlay-color":"","overlay-opacity":"","overlay-gradient":""},"tablet":{"background-color":"var(--ast-global-color-5)","background-image":"","background-repeat":"repeat","background-position":"center center","background-size":"auto","background-attachment":"scroll","background-type":"","background-media":"","overlay-type":"","overlay-color":"","overlay-opacity":"","overlay-gradient":""},"mobile":{"background-color":"var(--ast-global-color-5)","background-image":"","background-repeat":"repeat","background-position":"center center","background-size":"auto","background-attachment":"scroll","background-type":"","background-media":"","overlay-type":"","overlay-color":"","overlay-opacity":"","overlay-gradient":""}}},"product_brand":[],"product_cat":[313,276,253],"product_tag":[362],"class_list":{"0":"post-10119","1":"product","2":"type-product","3":"status-publish","4":"has-post-thumbnail","6":"product_cat-svakom","7":"product_cat-masturbatori-maschili","8":"product_cat-sex-toys-it","9":"product_tag-masturbatore","10":"product_shipping_class-2-3-settimane","11":"desktop-align-center","12":"tablet-align-left","13":"mobile-align-left","14":"ast-product-gallery-layout-horizontal-slider","15":"ast-product-tabs-layout-horizontal","17":"first","18":"instock","19":"taxable","20":"shipping-taxable","21":"purchasable","22":"product-type-simple"},"bundled_by":[],"bundle_stock_status":"instock","bundle_stock_quantity":55,"bundle_virtual":false,"bundle_layout":"","bundle_add_to_cart_form_location":"","bundle_editable_in_cart":false,"bundle_sold_individually_context":"","bundle_item_grouping":"","bundle_min_size":"","bundle_max_size":"","bundle_price":[],"bundled_items":[],"bundle_sell_ids":[],"_links":{"self":[{"href":"https:\/\/www.dream-x.ch\/it\/wp-json\/wp\/v2\/product\/10119","targetHints":{"allow":["GET"]}}],"collection":[{"href":"https:\/\/www.dream-x.ch\/it\/wp-json\/wp\/v2\/product"}],"about":[{"href":"https:\/\/www.dream-x.ch\/it\/wp-json\/wp\/v2\/types\/product"}],"replies":[{"embeddable":true,"href":"https:\/\/www.dream-x.ch\/it\/wp-json\/wp\/v2\/comments?post=10119"}],"version-history":[{"count":0,"href":"https:\/\/www.dream-x.ch\/it\/wp-json\/wp\/v2\/product\/10119\/revisions"}],"wp:featuredmedia":[{"embeddable":true,"href":"https:\/\/www.dream-x.ch\/it\/wp-json\/wp\/v2\/media\/8837"}],"wp:attachment":[{"href":"https:\/\/www.dream-x.ch\/it\/wp-json\/wp\/v2\/media?parent=10119"}],"wp:term":[{"taxonomy":"product_brand","embeddable":true,"href":"https:\/\/www.dream-x.ch\/it\/wp-json\/wp\/v2\/product_brand?post=10119"},{"taxonomy":"product_cat","embeddable":true,"href":"https:\/\/www.dream-x.ch\/it\/wp-json\/wp\/v2\/product_cat?post=10119"},{"taxonomy":"product_tag","embeddable":true,"href":"https:\/\/www.dream-x.ch\/it\/wp-json\/wp\/v2\/product_tag?post=10119"}],"curies":[{"name":"wp","href":"https:\/\/api.w.org\/{rel}","templated":true}]}}