{"id":10118,"date":"2022-11-27T12:07:09","date_gmt":"2022-11-27T11:07:09","guid":{"rendered":"https:\/\/www.dream-x.ch\/product\/svakom-hedy-x-5-texture-miste\/"},"modified":"2024-10-15T12:03:58","modified_gmt":"2024-10-15T11:03:58","slug":"svakom-hedy-x-mixed-5-textures-2","status":"publish","type":"product","link":"https:\/\/www.dream-x.ch\/it\/product\/svakom-hedy-x-mixed-5-textures-2\/","title":{"rendered":"Svakom &#8211; Hedy X &#8211; 5 texture miste"},"content":{"rendered":"<ul class=\"usp-list\">\n<li class=\"usp-list--element\">Masturbatore riutilizzabile<\/li>\n<li class=\"usp-list--element\"><i class=\"icon icon-check usp-list__icon\"><\/i>In un pratico coperchio a forma di uovo.<\/li>\n<li class=\"usp-list--element\"><i class=\"icon icon-check usp-list__icon\"><\/i>5 masturbatori in un set<\/li>\n<li class=\"usp-list--element\"><i class=\"icon icon-check usp-list__icon\"><\/i>Varie texture stimolanti<\/li>\n<li class=\"usp-list--element\"><i class=\"icon icon-check usp-list__icon\"><\/i>Morbido e molto flessibile<\/li>\n<li class=\"usp-list--element\"><i class=\"icon icon-check usp-list__icon\"><\/i>Adatto a qualsiasi dimensione del pene<\/li>\n<\/ul>\n<p>Per una perfetta manipolazione a casa o in viaggio!<br \/>\nUna miscela di <strong>5 masturbatori rimovibili Hedy X &#8211; Misti<\/strong> da Svakom. Ogni masturbatore \u00e8 contenuto in una pratica custodia a forma di uovo. Il coperchio \u00e8 un distributore di lubrificante, un supporto per l&#8217;asciugatura e uno spazio di stoccaggio privo di polvere. La guaina per masturbazione, molto flessibile e morbida e vellutata, si adatta a qualsiasi pene e pu\u00f2 essere utilizzata da 5 a 10 volte. La texture pronunciata e stimolante all&#8217;interno \u00e8 perfetta per un massaggio intenso e orgasmico durante una masturbazione.<\/p>\n<p>5 masturbatori in un set.<\/p>\n<p>I masturbatori hanno diverse texture stimolanti:<\/p>\n<p>1 x Fiducia (diamante)<br \/>\n1 x Esperienza (scanalature)<br \/>\n1 x Reazione (punti)<br \/>\n1 x Velocit\u00e0 (costole)<br \/>\n1 x Controllo (a spirale).<\/p>\n<p><strong>eColore:<\/strong>bianco<strong><br \/>\nDimension<\/strong>: ogni masturbatore \u00e8 lungo 9 cm, \u00d8 1.8 cm (tutto \u00e8 molto flessibile).<br \/>\n<strong>Peso<\/strong>: 68 gr.<br \/>\n<strong>Materiale<\/strong>: TPE, ABS (egg).<br \/>\n<b>Reso<\/b>: questo articolo non pu\u00f2 essere ritornato o cambiato per ragioni di igiene e sicurezza.<\/p>\n","protected":false},"excerpt":{"rendered":"<p>Per una perfetta manipolazione a casa o in viaggio!<br \/>\nUna miscela di <strong>5 masturbatori rimovibili Hedy X &#8211; Misti<\/strong> da Svakom. Ogni masturbatore \u00e8 contenuto in una pratica custodia a forma di uovo. Il coperchio \u00e8 un distributore di lubrificante, un supporto per l&#8217;asciugatura e uno spazio di stoccaggio privo di polvere. La guaina per masturbazione, molto flessibile e morbida e vellutata, si adatta a qualsiasi pene e pu\u00f2 essere utilizzata da 5 a 10 volte. La texture pronunciata e stimolante all&#8217;interno \u00e8 perfetta per un massaggio intenso e orgasmico durante una masturbazione.<\/p>\n","protected":false},"featured_media":8712,"comment_status":"open","ping_status":"closed","template":"","meta":{"site-sidebar-layout":"default","site-content-layout":"default","ast-site-content-layout":"default","site-content-style":"default","site-sidebar-style":"default","ast-global-header-display":"","ast-banner-title-visibility":"","ast-main-header-display":"","ast-hfb-above-header-display":"","ast-hfb-below-header-display":"","ast-hfb-mobile-header-display":"","site-post-title":"","ast-breadcrumbs-content":"","ast-featured-img":"","footer-sml-layout":"","ast-disable-related-posts":"","theme-transparent-header-meta":"default","adv-header-id-meta":"","stick-header-meta":"default","header-above-stick-meta":"","header-main-stick-meta":"","header-below-stick-meta":"","astra-migrate-meta-layouts":"default","ast-page-background-enabled":"default","ast-page-background-meta":{"desktop":{"background-color":"","background-image":"","background-repeat":"repeat","background-position":"center center","background-size":"auto","background-attachment":"scroll","background-type":"","background-media":"","overlay-type":"","overlay-color":"","overlay-opacity":"","overlay-gradient":""},"tablet":{"background-color":"","background-image":"","background-repeat":"repeat","background-position":"center center","background-size":"auto","background-attachment":"scroll","background-type":"","background-media":"","overlay-type":"","overlay-color":"","overlay-opacity":"","overlay-gradient":""},"mobile":{"background-color":"","background-image":"","background-repeat":"repeat","background-position":"center center","background-size":"auto","background-attachment":"scroll","background-type":"","background-media":"","overlay-type":"","overlay-color":"","overlay-opacity":"","overlay-gradient":""}},"ast-content-background-meta":{"desktop":{"background-color":"var(--ast-global-color-5)","background-image":"","background-repeat":"repeat","background-position":"center center","background-size":"auto","background-attachment":"scroll","background-type":"","background-media":"","overlay-type":"","overlay-color":"","overlay-opacity":"","overlay-gradient":""},"tablet":{"background-color":"var(--ast-global-color-5)","background-image":"","background-repeat":"repeat","background-position":"center center","background-size":"auto","background-attachment":"scroll","background-type":"","background-media":"","overlay-type":"","overlay-color":"","overlay-opacity":"","overlay-gradient":""},"mobile":{"background-color":"var(--ast-global-color-5)","background-image":"","background-repeat":"repeat","background-position":"center center","background-size":"auto","background-attachment":"scroll","background-type":"","background-media":"","overlay-type":"","overlay-color":"","overlay-opacity":"","overlay-gradient":""}}},"product_brand":[],"product_cat":[276,253],"product_tag":[366],"class_list":{"0":"post-10118","1":"product","2":"type-product","3":"status-publish","4":"has-post-thumbnail","6":"product_cat-masturbatori-maschili","7":"product_cat-sex-toys-it","8":"product_tag-masturbatore-a-uovo","9":"product_shipping_class-disponibile-in-1-3-giorni-lavorativi","10":"desktop-align-center","11":"tablet-align-left","12":"mobile-align-left","13":"ast-product-gallery-layout-horizontal-slider","14":"ast-product-tabs-layout-horizontal","16":"first","17":"instock","18":"sale","19":"featured","20":"taxable","21":"shipping-taxable","22":"purchasable","23":"product-type-simple"},"bundled_by":[],"bundle_stock_status":"instock","bundle_stock_quantity":1,"bundle_virtual":false,"bundle_layout":"","bundle_add_to_cart_form_location":"","bundle_editable_in_cart":false,"bundle_sold_individually_context":"","bundle_item_grouping":"","bundle_min_size":"","bundle_max_size":"","bundle_price":[],"bundled_items":[],"bundle_sell_ids":[],"_links":{"self":[{"href":"https:\/\/www.dream-x.ch\/it\/wp-json\/wp\/v2\/product\/10118","targetHints":{"allow":["GET"]}}],"collection":[{"href":"https:\/\/www.dream-x.ch\/it\/wp-json\/wp\/v2\/product"}],"about":[{"href":"https:\/\/www.dream-x.ch\/it\/wp-json\/wp\/v2\/types\/product"}],"replies":[{"embeddable":true,"href":"https:\/\/www.dream-x.ch\/it\/wp-json\/wp\/v2\/comments?post=10118"}],"version-history":[{"count":0,"href":"https:\/\/www.dream-x.ch\/it\/wp-json\/wp\/v2\/product\/10118\/revisions"}],"wp:featuredmedia":[{"embeddable":true,"href":"https:\/\/www.dream-x.ch\/it\/wp-json\/wp\/v2\/media\/8712"}],"wp:attachment":[{"href":"https:\/\/www.dream-x.ch\/it\/wp-json\/wp\/v2\/media?parent=10118"}],"wp:term":[{"taxonomy":"product_brand","embeddable":true,"href":"https:\/\/www.dream-x.ch\/it\/wp-json\/wp\/v2\/product_brand?post=10118"},{"taxonomy":"product_cat","embeddable":true,"href":"https:\/\/www.dream-x.ch\/it\/wp-json\/wp\/v2\/product_cat?post=10118"},{"taxonomy":"product_tag","embeddable":true,"href":"https:\/\/www.dream-x.ch\/it\/wp-json\/wp\/v2\/product_tag?post=10118"}],"curies":[{"name":"wp","href":"https:\/\/api.w.org\/{rel}","templated":true}]}}