{"id":10116,"date":"2022-11-27T12:07:16","date_gmt":"2022-11-27T11:07:16","guid":{"rendered":"https:\/\/www.dream-x.ch\/product\/svakom-vick-neo\/"},"modified":"2024-10-15T12:03:55","modified_gmt":"2024-10-15T11:03:55","slug":"svakom-vick-neo-2","status":"publish","type":"product","link":"https:\/\/www.dream-x.ch\/it\/product\/svakom-vick-neo-2\/","title":{"rendered":"Svakom &#8211; Vick Neo"},"content":{"rendered":"<p>Piacere interattivo per il punto P di lui o il punto G di lei!<br \/>\n<strong>Vick Neo<\/strong> \u00e8 un vibratore anale impermeabile e dalla forma perfetta per la stimolazione della prostata, dotato anche di un&#8217;ampia base per la stimolazione del perineo. Una volta trovato il punto G, stimoler\u00e0 contemporaneamente anche il clitoride. Ha una superficie vellutata e morbida al tatto per un comfort ancora maggiore durante il gioco e l&#8217;uso (per lunghi periodi di tempo). Le 7 modalit\u00e0 di vibrazione sono in 5 intensit\u00e0 e possono essere controllate direttamente sul toy stesso &#8211; l&#8217;utente pu\u00f2 anche scegliere una modalit\u00e0 a sorpresa con la modalit\u00e0 Svakom. Pu\u00f2 essere controllato anche tramite l&#8217;app FeelConnect 3 con 3 nuove funzioni principali: Controllo a distanza (in qualsiasi momento e in qualsiasi parte del mondo), connessione a video 2D interattivi e funzione webcam interattiva.<\/p>\n<p>Pu\u00f2 essere ricaricato con il cavo USB in dotazione. Include un sacchetto per riporre il prodotto<\/p>\n<p><strong>Colore:<\/strong> nero<strong><br \/>\n<\/strong><strong>Dimensione<\/strong>: lunghezza 9.5 cm, lunghezza d&#8217;inserimento 6.5 cm, \u00d8 1.3 to 2.8 cm<br \/>\n<strong>Peso<\/strong>: 82 g.<br \/>\n<strong>Materiale<\/strong>: silicone, PU, ABS.<br \/>\n<b>Reso<\/b>: questo articolo non pu\u00f2 essere ritornato o cambiato per ragioni di igiene e sicurezza.<\/p>\n","protected":false},"excerpt":{"rendered":"<p>Piacere interattivo per il punto P di lui o il punto G di lei!<br \/>\n<strong>Vick Neo<\/strong> \u00e8 un vibratore anale impermeabile e dalla forma perfetta per la stimolazione della prostata, dotato anche di un&#8217;ampia base per la stimolazione del perineo. Una volta trovato il punto G, stimoler\u00e0 contemporaneamente anche il clitoride. Ha una superficie vellutata e morbida al tatto per un comfort ancora maggiore durante il gioco e l&#8217;uso (per lunghi periodi di tempo).<\/p>\n","protected":false},"featured_media":7303,"comment_status":"open","ping_status":"closed","template":"","meta":{"site-sidebar-layout":"default","site-content-layout":"default","ast-site-content-layout":"default","site-content-style":"default","site-sidebar-style":"default","ast-global-header-display":"","ast-banner-title-visibility":"","ast-main-header-display":"","ast-hfb-above-header-display":"","ast-hfb-below-header-display":"","ast-hfb-mobile-header-display":"","site-post-title":"","ast-breadcrumbs-content":"","ast-featured-img":"","footer-sml-layout":"","ast-disable-related-posts":"","theme-transparent-header-meta":"default","adv-header-id-meta":"","stick-header-meta":"default","header-above-stick-meta":"","header-main-stick-meta":"","header-below-stick-meta":"","astra-migrate-meta-layouts":"default","ast-page-background-enabled":"default","ast-page-background-meta":{"desktop":{"background-color":"","background-image":"","background-repeat":"repeat","background-position":"center center","background-size":"auto","background-attachment":"scroll","background-type":"","background-media":"","overlay-type":"","overlay-color":"","overlay-opacity":"","overlay-gradient":""},"tablet":{"background-color":"","background-image":"","background-repeat":"repeat","background-position":"center center","background-size":"auto","background-attachment":"scroll","background-type":"","background-media":"","overlay-type":"","overlay-color":"","overlay-opacity":"","overlay-gradient":""},"mobile":{"background-color":"","background-image":"","background-repeat":"repeat","background-position":"center center","background-size":"auto","background-attachment":"scroll","background-type":"","background-media":"","overlay-type":"","overlay-color":"","overlay-opacity":"","overlay-gradient":""}},"ast-content-background-meta":{"desktop":{"background-color":"var(--ast-global-color-5)","background-image":"","background-repeat":"repeat","background-position":"center center","background-size":"auto","background-attachment":"scroll","background-type":"","background-media":"","overlay-type":"","overlay-color":"","overlay-opacity":"","overlay-gradient":""},"tablet":{"background-color":"var(--ast-global-color-5)","background-image":"","background-repeat":"repeat","background-position":"center center","background-size":"auto","background-attachment":"scroll","background-type":"","background-media":"","overlay-type":"","overlay-color":"","overlay-opacity":"","overlay-gradient":""},"mobile":{"background-color":"var(--ast-global-color-5)","background-image":"","background-repeat":"repeat","background-position":"center center","background-size":"auto","background-attachment":"scroll","background-type":"","background-media":"","overlay-type":"","overlay-color":"","overlay-opacity":"","overlay-gradient":""}}},"product_brand":[],"product_cat":[313,253,285,292],"product_tag":[351],"class_list":{"0":"post-10116","1":"product","2":"type-product","3":"status-publish","4":"has-post-thumbnail","6":"product_cat-svakom","7":"product_cat-sex-toys-it","8":"product_cat-vibratori","9":"product_cat-vibratori-per-il-punto-g","10":"product_tag-g-spot-it","11":"product_shipping_class-2-3-settimane","12":"desktop-align-center","13":"tablet-align-left","14":"mobile-align-left","15":"ast-product-gallery-layout-horizontal-slider","16":"ast-product-tabs-layout-horizontal","18":"first","19":"instock","20":"taxable","21":"shipping-taxable","22":"purchasable","23":"product-type-simple"},"bundled_by":[],"bundle_stock_status":"instock","bundle_stock_quantity":100,"bundle_virtual":false,"bundle_layout":"","bundle_add_to_cart_form_location":"","bundle_editable_in_cart":false,"bundle_sold_individually_context":"","bundle_item_grouping":"","bundle_min_size":"","bundle_max_size":"","bundle_price":[],"bundled_items":[],"bundle_sell_ids":[],"_links":{"self":[{"href":"https:\/\/www.dream-x.ch\/it\/wp-json\/wp\/v2\/product\/10116","targetHints":{"allow":["GET"]}}],"collection":[{"href":"https:\/\/www.dream-x.ch\/it\/wp-json\/wp\/v2\/product"}],"about":[{"href":"https:\/\/www.dream-x.ch\/it\/wp-json\/wp\/v2\/types\/product"}],"replies":[{"embeddable":true,"href":"https:\/\/www.dream-x.ch\/it\/wp-json\/wp\/v2\/comments?post=10116"}],"version-history":[{"count":0,"href":"https:\/\/www.dream-x.ch\/it\/wp-json\/wp\/v2\/product\/10116\/revisions"}],"wp:featuredmedia":[{"embeddable":true,"href":"https:\/\/www.dream-x.ch\/it\/wp-json\/wp\/v2\/media\/7303"}],"wp:attachment":[{"href":"https:\/\/www.dream-x.ch\/it\/wp-json\/wp\/v2\/media?parent=10116"}],"wp:term":[{"taxonomy":"product_brand","embeddable":true,"href":"https:\/\/www.dream-x.ch\/it\/wp-json\/wp\/v2\/product_brand?post=10116"},{"taxonomy":"product_cat","embeddable":true,"href":"https:\/\/www.dream-x.ch\/it\/wp-json\/wp\/v2\/product_cat?post=10116"},{"taxonomy":"product_tag","embeddable":true,"href":"https:\/\/www.dream-x.ch\/it\/wp-json\/wp\/v2\/product_tag?post=10116"}],"curies":[{"name":"wp","href":"https:\/\/api.w.org\/{rel}","templated":true}]}}