{"id":10115,"date":"2022-11-27T12:07:16","date_gmt":"2022-11-27T11:07:16","guid":{"rendered":"https:\/\/www.dream-x.ch\/product\/svakom-emma-neo\/"},"modified":"2024-10-15T12:03:55","modified_gmt":"2024-10-15T11:03:55","slug":"svakom-emma-neo-2","status":"publish","type":"product","link":"https:\/\/www.dream-x.ch\/it\/product\/svakom-emma-neo-2\/","title":{"rendered":"Svakom &#8211; Emma Neo"},"content":{"rendered":"<p>Per un piacere sensuale, interattivo e completo!<br \/>\n<strong>Emma Neo<\/strong> \u00e8 una bacchetta per massaggi <strong>con un&#8217;ampia testa massaggiante e una funzione di riscaldamento della temperatura corporea fino a 38\u00b0C.<\/strong> Le 6 modalit\u00e0 di vibrazione, silenziose e sussurrate, sono disponibili in 5 intensit\u00e0 e possono essere controllate sul giocattolo stesso &#8211; l&#8217;utente pu\u00f2 anche scegliere una modalit\u00e0 a sorpresa con il Svakom Intelligent Mode. Pu\u00f2 essere controllato anche tramite l&#8217;app FeelConnect 3 con 3 nuove funzioni principali: Controllo a distanza (in qualsiasi momento e in qualsiasi parte del mondo), connessione a video 2D interattivi e funzione webcam interattiva. Un altro punto di forza \u00e8 l&#8217;accessorio per il massaggio incluso, dotato di lunghe e flessibili &#8220;rabbit ears&#8221;. Pu\u00f2 essere ricaricato con il cavo USB in dotazione. Include un sacchetto per riporre il prodotto<\/p>\n<p><strong>Colore<\/strong>: nero.<br \/>\n<strong>Dimensione<\/strong>: lunghezza totale 20.3 cm, lunghezza delle &#8220;rabbit ears&#8221; 8 cm, \u00d8 4.9 cm.<br \/>\n<strong>Peso<\/strong>: 285 g.<br \/>\n<strong>Materiale<\/strong>: Silicone, PU, ABS.<br \/>\n<b>Reso<\/b>: questo articolo non pu\u00f2 essere ritornato o cambiato per ragioni di igiene e sicurezza.<\/p>\n","protected":false},"excerpt":{"rendered":"<p>Per un piacere sensuale, interattivo e completo!<br \/>\n<strong>Emma Neo<\/strong> \u00e8 una bacchetta per massaggi <strong>con un&#8217;ampia testa massaggiante e una funzione di riscaldamento della temperatura corporea fino a 38\u00b0C.<\/strong> Le 6 modalit\u00e0 di vibrazione, silenziose e sussurrate, sono disponibili in 5 intensit\u00e0 e possono essere controllate sul giocattolo stesso &#8211; l&#8217;utente pu\u00f2 anche scegliere una modalit\u00e0 a sorpresa con il Svakom Intelligent Mode.<\/p>\n","protected":false},"featured_media":7338,"comment_status":"open","ping_status":"closed","template":"","meta":{"site-sidebar-layout":"default","site-content-layout":"default","ast-site-content-layout":"default","site-content-style":"default","site-sidebar-style":"default","ast-global-header-display":"","ast-banner-title-visibility":"","ast-main-header-display":"","ast-hfb-above-header-display":"","ast-hfb-below-header-display":"","ast-hfb-mobile-header-display":"","site-post-title":"","ast-breadcrumbs-content":"","ast-featured-img":"","footer-sml-layout":"","ast-disable-related-posts":"","theme-transparent-header-meta":"default","adv-header-id-meta":"","stick-header-meta":"default","header-above-stick-meta":"","header-main-stick-meta":"","header-below-stick-meta":"","astra-migrate-meta-layouts":"default","ast-page-background-enabled":"default","ast-page-background-meta":{"desktop":{"background-color":"","background-image":"","background-repeat":"repeat","background-position":"center center","background-size":"auto","background-attachment":"scroll","background-type":"","background-media":"","overlay-type":"","overlay-color":"","overlay-opacity":"","overlay-gradient":""},"tablet":{"background-color":"","background-image":"","background-repeat":"repeat","background-position":"center center","background-size":"auto","background-attachment":"scroll","background-type":"","background-media":"","overlay-type":"","overlay-color":"","overlay-opacity":"","overlay-gradient":""},"mobile":{"background-color":"","background-image":"","background-repeat":"repeat","background-position":"center center","background-size":"auto","background-attachment":"scroll","background-type":"","background-media":"","overlay-type":"","overlay-color":"","overlay-opacity":"","overlay-gradient":""}},"ast-content-background-meta":{"desktop":{"background-color":"var(--ast-global-color-5)","background-image":"","background-repeat":"repeat","background-position":"center center","background-size":"auto","background-attachment":"scroll","background-type":"","background-media":"","overlay-type":"","overlay-color":"","overlay-opacity":"","overlay-gradient":""},"tablet":{"background-color":"var(--ast-global-color-5)","background-image":"","background-repeat":"repeat","background-position":"center center","background-size":"auto","background-attachment":"scroll","background-type":"","background-media":"","overlay-type":"","overlay-color":"","overlay-opacity":"","overlay-gradient":""},"mobile":{"background-color":"var(--ast-global-color-5)","background-image":"","background-repeat":"repeat","background-position":"center center","background-size":"auto","background-attachment":"scroll","background-type":"","background-media":"","overlay-type":"","overlay-color":"","overlay-opacity":"","overlay-gradient":""}}},"product_brand":[],"product_cat":[313,253,285,299],"product_tag":[364],"class_list":{"0":"post-10115","1":"product","2":"type-product","3":"status-publish","4":"has-post-thumbnail","6":"product_cat-svakom","7":"product_cat-sex-toys-it","8":"product_cat-vibratori","9":"product_cat-vibratori-a-bacchetta","10":"product_tag-wand-vibratore","11":"product_shipping_class-2-3-settimane","12":"desktop-align-center","13":"tablet-align-left","14":"mobile-align-left","15":"ast-product-gallery-layout-horizontal-slider","16":"ast-product-tabs-layout-horizontal","18":"first","19":"instock","20":"taxable","21":"shipping-taxable","22":"purchasable","23":"product-type-simple"},"bundled_by":[],"bundle_stock_status":"instock","bundle_stock_quantity":1,"bundle_virtual":false,"bundle_layout":"","bundle_add_to_cart_form_location":"","bundle_editable_in_cart":false,"bundle_sold_individually_context":"","bundle_item_grouping":"","bundle_min_size":"","bundle_max_size":"","bundle_price":[],"bundled_items":[],"bundle_sell_ids":[],"_links":{"self":[{"href":"https:\/\/www.dream-x.ch\/it\/wp-json\/wp\/v2\/product\/10115","targetHints":{"allow":["GET"]}}],"collection":[{"href":"https:\/\/www.dream-x.ch\/it\/wp-json\/wp\/v2\/product"}],"about":[{"href":"https:\/\/www.dream-x.ch\/it\/wp-json\/wp\/v2\/types\/product"}],"replies":[{"embeddable":true,"href":"https:\/\/www.dream-x.ch\/it\/wp-json\/wp\/v2\/comments?post=10115"}],"version-history":[{"count":0,"href":"https:\/\/www.dream-x.ch\/it\/wp-json\/wp\/v2\/product\/10115\/revisions"}],"wp:featuredmedia":[{"embeddable":true,"href":"https:\/\/www.dream-x.ch\/it\/wp-json\/wp\/v2\/media\/7338"}],"wp:attachment":[{"href":"https:\/\/www.dream-x.ch\/it\/wp-json\/wp\/v2\/media?parent=10115"}],"wp:term":[{"taxonomy":"product_brand","embeddable":true,"href":"https:\/\/www.dream-x.ch\/it\/wp-json\/wp\/v2\/product_brand?post=10115"},{"taxonomy":"product_cat","embeddable":true,"href":"https:\/\/www.dream-x.ch\/it\/wp-json\/wp\/v2\/product_cat?post=10115"},{"taxonomy":"product_tag","embeddable":true,"href":"https:\/\/www.dream-x.ch\/it\/wp-json\/wp\/v2\/product_tag?post=10115"}],"curies":[{"name":"wp","href":"https:\/\/api.w.org\/{rel}","templated":true}]}}