{"id":10110,"date":"2022-11-27T12:07:17","date_gmt":"2022-11-27T11:07:17","guid":{"rendered":"https:\/\/www.dream-x.ch\/product\/svakom-iker-nero\/"},"modified":"2024-10-15T12:03:52","modified_gmt":"2024-10-15T11:03:52","slug":"svakom-iker-nero","status":"publish","type":"product","link":"https:\/\/www.dream-x.ch\/it\/product\/svakom-iker-nero\/","title":{"rendered":"Svakom &#8211; Iker &#8211; Nero"},"content":{"rendered":"<ul class=\"usp-list\">\n<li class=\"usp-list--element\">Vibratore flessibile (anale) con 2 motori<\/li>\n<li class=\"usp-list--element\"><i class=\"icon icon-check usp-list__icon\"><\/i>Pu\u00f2 essere controllato tramite app o sul giocattolo stesso<\/li>\n<li class=\"usp-list--element\"><i class=\"icon icon-check usp-list__icon\"><\/i>5 vibration modes<\/li>\n<li class=\"usp-list--element\"><i class=\"icon icon-check usp-list__icon\"><\/i>5 modalit\u00e0 di battitura tramite pulsante<\/li>\n<li class=\"usp-list--element\"><i class=\"icon icon-check usp-list__icon\"><\/i>Con luce LED<\/li>\n<li class=\"usp-list--element\"><i class=\"icon icon-check usp-list__icon\"><\/i>Stimola il punto P e il perineo allo stesso tempo<\/li>\n<li class=\"usp-list--element\"><i class=\"icon icon-check usp-list__icon\"><\/i>Adatto anche al punto G e al clitoride<\/li>\n<li class=\"usp-list--element\"><i class=\"icon icon-check usp-list__icon\"><\/i>Impermeabile, include un cavo USB<\/li>\n<\/ul>\n<p>Piacere a tutto tondo controllato da un&#8217;app!<br \/>\n<strong>Vibratore impermeabile (anale) Iker di Svakom<\/strong> con un design ergonomico che si adatta in modo flessibile alla rispettiva anatomia per stimolare contemporaneamente prostata e perineo o punto G e clitoride<\/p>\n<p>Ha 2 motori silenziosi e stimola con 5 modalit\u00e0 di vibrazione in un&#8217;estremit\u00e0 e 5 modalit\u00e0 di pulsazione nell&#8217;altra estremit\u00e0 (parte inseribile). Tutte le funzioni possono essere controllate facilmente con i pulsanti sul giocattolo o ovunque e in qualsiasi momento con l&#8217;app Svakom, anche da un partner. Il display a LED sul giocattolo si illumina e offre un&#8217;esperienza visiva in sincronia con i ritmi di vibrazione.<\/p>\n<p>Pu\u00f2 essere ricaricato con il caricatore magnetico USB in dotazione.<br \/>\nInclude un sacchetto per riporre il prodotto<\/p>\n<p><strong>Colore<\/strong>: nero.<strong><br \/>\n<\/strong><strong>Dimensione<\/strong>: 13.5 x 10.1 x 3.6 cm.<br \/>\n<strong>Peso<\/strong>: 138 g.<br \/>\n<strong>Materiale<\/strong>: Silicone, ABS, PC, metal.<br \/>\n<b>Reso<\/b>: questo articolo non pu\u00f2 essere ritornato o cambiato per ragioni di igiene e sicurezza.<\/p>\n","protected":false},"excerpt":{"rendered":"<p>Piacere a tutto tondo controllato da un&#8217;app!<br \/>\n<strong>Vibratore impermeabile (anale) Iker di Svakom<\/strong> con un design ergonomico che si adatta in modo flessibile alla rispettiva anatomia per stimolare contemporaneamente prostata e perineo o punto G e clitoride<\/p>\n","protected":false},"featured_media":7677,"comment_status":"open","ping_status":"closed","template":"","meta":{"site-sidebar-layout":"default","site-content-layout":"default","ast-site-content-layout":"default","site-content-style":"default","site-sidebar-style":"default","ast-global-header-display":"","ast-banner-title-visibility":"","ast-main-header-display":"","ast-hfb-above-header-display":"","ast-hfb-below-header-display":"","ast-hfb-mobile-header-display":"","site-post-title":"","ast-breadcrumbs-content":"","ast-featured-img":"","footer-sml-layout":"","ast-disable-related-posts":"","theme-transparent-header-meta":"default","adv-header-id-meta":"","stick-header-meta":"default","header-above-stick-meta":"","header-main-stick-meta":"","header-below-stick-meta":"","astra-migrate-meta-layouts":"default","ast-page-background-enabled":"default","ast-page-background-meta":{"desktop":{"background-color":"","background-image":"","background-repeat":"repeat","background-position":"center center","background-size":"auto","background-attachment":"scroll","background-type":"","background-media":"","overlay-type":"","overlay-color":"","overlay-opacity":"","overlay-gradient":""},"tablet":{"background-color":"","background-image":"","background-repeat":"repeat","background-position":"center center","background-size":"auto","background-attachment":"scroll","background-type":"","background-media":"","overlay-type":"","overlay-color":"","overlay-opacity":"","overlay-gradient":""},"mobile":{"background-color":"","background-image":"","background-repeat":"repeat","background-position":"center center","background-size":"auto","background-attachment":"scroll","background-type":"","background-media":"","overlay-type":"","overlay-color":"","overlay-opacity":"","overlay-gradient":""}},"ast-content-background-meta":{"desktop":{"background-color":"var(--ast-global-color-5)","background-image":"","background-repeat":"repeat","background-position":"center center","background-size":"auto","background-attachment":"scroll","background-type":"","background-media":"","overlay-type":"","overlay-color":"","overlay-opacity":"","overlay-gradient":""},"tablet":{"background-color":"var(--ast-global-color-5)","background-image":"","background-repeat":"repeat","background-position":"center center","background-size":"auto","background-attachment":"scroll","background-type":"","background-media":"","overlay-type":"","overlay-color":"","overlay-opacity":"","overlay-gradient":""},"mobile":{"background-color":"var(--ast-global-color-5)","background-image":"","background-repeat":"repeat","background-position":"center center","background-size":"auto","background-attachment":"scroll","background-type":"","background-media":"","overlay-type":"","overlay-color":"","overlay-opacity":"","overlay-gradient":""}}},"product_brand":[],"product_cat":[209,313,254,253,290,285,259,277,292],"product_tag":[],"class_list":{"0":"post-10110","1":"product","2":"type-product","3":"status-publish","4":"has-post-thumbnail","6":"product_cat-giocattoli-erotici-per-uomini","7":"product_cat-svakom","8":"product_cat-giocattoli-anali","9":"product_cat-sex-toys-it","10":"product_cat-vibratore-clitorideo","11":"product_cat-vibratori","12":"product_cat-vibratori-anali","13":"product_cat-vibratori-maschili","14":"product_cat-vibratori-per-il-punto-g","15":"product_shipping_class-2-3-settimane","16":"desktop-align-center","17":"tablet-align-left","18":"mobile-align-left","19":"ast-product-gallery-layout-horizontal-slider","20":"ast-product-tabs-layout-horizontal","22":"first","23":"instock","24":"taxable","25":"shipping-taxable","26":"purchasable","27":"product-type-simple"},"bundled_by":[],"bundle_stock_status":"instock","bundle_stock_quantity":3,"bundle_virtual":false,"bundle_layout":"","bundle_add_to_cart_form_location":"","bundle_editable_in_cart":false,"bundle_sold_individually_context":"","bundle_item_grouping":"","bundle_min_size":"","bundle_max_size":"","bundle_price":[],"bundled_items":[],"bundle_sell_ids":[],"_links":{"self":[{"href":"https:\/\/www.dream-x.ch\/it\/wp-json\/wp\/v2\/product\/10110","targetHints":{"allow":["GET"]}}],"collection":[{"href":"https:\/\/www.dream-x.ch\/it\/wp-json\/wp\/v2\/product"}],"about":[{"href":"https:\/\/www.dream-x.ch\/it\/wp-json\/wp\/v2\/types\/product"}],"replies":[{"embeddable":true,"href":"https:\/\/www.dream-x.ch\/it\/wp-json\/wp\/v2\/comments?post=10110"}],"version-history":[{"count":0,"href":"https:\/\/www.dream-x.ch\/it\/wp-json\/wp\/v2\/product\/10110\/revisions"}],"wp:featuredmedia":[{"embeddable":true,"href":"https:\/\/www.dream-x.ch\/it\/wp-json\/wp\/v2\/media\/7677"}],"wp:attachment":[{"href":"https:\/\/www.dream-x.ch\/it\/wp-json\/wp\/v2\/media?parent=10110"}],"wp:term":[{"taxonomy":"product_brand","embeddable":true,"href":"https:\/\/www.dream-x.ch\/it\/wp-json\/wp\/v2\/product_brand?post=10110"},{"taxonomy":"product_cat","embeddable":true,"href":"https:\/\/www.dream-x.ch\/it\/wp-json\/wp\/v2\/product_cat?post=10110"},{"taxonomy":"product_tag","embeddable":true,"href":"https:\/\/www.dream-x.ch\/it\/wp-json\/wp\/v2\/product_tag?post=10110"}],"curies":[{"name":"wp","href":"https:\/\/api.w.org\/{rel}","templated":true}]}}