{"id":10090,"date":"2022-11-27T12:07:23","date_gmt":"2022-11-27T11:07:23","guid":{"rendered":"https:\/\/www.dream-x.ch\/product\/svakom-ella-neo-rosa\/"},"modified":"2024-10-15T12:03:49","modified_gmt":"2024-10-15T11:03:49","slug":"ella-neo-rosa","status":"publish","type":"product","link":"https:\/\/www.dream-x.ch\/it\/product\/ella-neo-rosa\/","title":{"rendered":"Svakom &#8211; Ella Neo &#8211; rosa"},"content":{"rendered":"<ul class=\"usp-list\">\n<li class=\"usp-list--element\">Vibro-bullet con 11 modalit\u00e0 di vibrazione silenziosa<\/li>\n<li class=\"usp-list--element\"><i class=\"icon icon-check usp-list__icon\"><\/i>Modalit\u00e0 Svakom per vibrazioni sorprendenti<\/li>\n<li class=\"usp-list--element\"><i class=\"icon icon-check usp-list__icon\"><\/i>Pu\u00f2 essere controllato tramite l&#8217;app o il giocattolo stesso.<\/li>\n<li class=\"usp-list--element\"><i class=\"icon icon-check usp-list__icon\"><\/i>Funzione video interattiva<\/li>\n<li class=\"usp-list--element\"><i class=\"icon icon-check usp-list__icon\"><\/i>Funzione webcam interattiva<\/li>\n<li class=\"usp-list--element\"><i class=\"icon icon-check usp-list__icon\"><\/i>Caricatore \u2013 incl. cavo USB<\/li>\n<li class=\"usp-list--element\"><i class=\"icon icon-check usp-list__icon\"><\/i>Include una borsa per la conservazione<\/li>\n<\/ul>\n<p>Piacere interattivo con la palla vibrante!<br \/>\nLa <strong>palla vibrante Ella Neo &#8211; rosa di Svakom<\/strong> \u00e8 perfetta per la stimolazione interna ed esterna. Le 11 modalit\u00e0 di vibrazione, silenziose e diversificate, possono essere facilmente controllate con il pulsante all&#8217;estremit\u00e0 della cinghia di ritrazione &#8211; c&#8217;\u00e8 anche una modalit\u00e0 Svakom per vibrazioni sorprendenti selezionate a caso. Pu\u00f2 anche essere controllato tramite l&#8217;applicazione FeelConnect-3 che ha 3 nuove funzioni principali: Controllo a distanza (in qualsiasi momento e in qualsiasi parte del mondo), pu\u00f2 essere collegato a video 2D interattivi e ha anche una funzione di webcam interattiva.<\/p>\n<p>Pu\u00f2 essere ricaricato con il cavo USB in dotazione. Include un sacchetto per riporre il prodotto<\/p>\n<p><strong>Colore<\/strong>:rosa.<strong><br \/>\n<\/strong><strong>Dimensione<\/strong>: lunghezza totale 21 cm, lunghezza d&#8217;inserimento 8.3 cm, \u00d8 3.3 cm.<br \/>\n<strong>Peso<\/strong>: 60 g.<br \/>\n<strong>Materiale<\/strong>: silicone, PU, ABS.<br \/>\n<b>Reso<\/b>: questo articolo non pu\u00f2 essere ritornato o cambiato per ragioni di igiene e sicurezza.<\/p>\n","protected":false},"excerpt":{"rendered":"<p>Piacere interattivo con la palla vibrante!<br \/>\nLa <strong>palla vibrante Ella Neo &#8211; rosa di Svakom<\/strong> \u00e8 perfetta per la stimolazione interna ed esterna. Le 11 modalit\u00e0 di vibrazione, silenziose e diversificate, possono essere facilmente controllate con il pulsante all&#8217;estremit\u00e0 della cinghia di ritrazione &#8211; c&#8217;\u00e8 anche una modalit\u00e0 Svakom per vibrazioni sorprendenti selezionate a caso. Pu\u00f2 anche essere controllato tramite l&#8217;applicazione FeelConnect-3 che ha 3 nuove funzioni principali: Controllo a distanza (in qualsiasi momento e in qualsiasi parte del mondo), pu\u00f2 essere collegato a video 2D interattivi e ha anche una funzione di webcam interattiva.<\/p>\n","protected":false},"featured_media":7583,"comment_status":"open","ping_status":"closed","template":"","meta":{"site-sidebar-layout":"default","site-content-layout":"default","ast-site-content-layout":"default","site-content-style":"default","site-sidebar-style":"default","ast-global-header-display":"","ast-banner-title-visibility":"","ast-main-header-display":"","ast-hfb-above-header-display":"","ast-hfb-below-header-display":"","ast-hfb-mobile-header-display":"","site-post-title":"","ast-breadcrumbs-content":"","ast-featured-img":"","footer-sml-layout":"","ast-disable-related-posts":"","theme-transparent-header-meta":"default","adv-header-id-meta":"","stick-header-meta":"default","header-above-stick-meta":"","header-main-stick-meta":"","header-below-stick-meta":"","astra-migrate-meta-layouts":"default","ast-page-background-enabled":"default","ast-page-background-meta":{"desktop":{"background-color":"","background-image":"","background-repeat":"repeat","background-position":"center center","background-size":"auto","background-attachment":"scroll","background-type":"","background-media":"","overlay-type":"","overlay-color":"","overlay-opacity":"","overlay-gradient":""},"tablet":{"background-color":"","background-image":"","background-repeat":"repeat","background-position":"center center","background-size":"auto","background-attachment":"scroll","background-type":"","background-media":"","overlay-type":"","overlay-color":"","overlay-opacity":"","overlay-gradient":""},"mobile":{"background-color":"","background-image":"","background-repeat":"repeat","background-position":"center center","background-size":"auto","background-attachment":"scroll","background-type":"","background-media":"","overlay-type":"","overlay-color":"","overlay-opacity":"","overlay-gradient":""}},"ast-content-background-meta":{"desktop":{"background-color":"var(--ast-global-color-5)","background-image":"","background-repeat":"repeat","background-position":"center center","background-size":"auto","background-attachment":"scroll","background-type":"","background-media":"","overlay-type":"","overlay-color":"","overlay-opacity":"","overlay-gradient":""},"tablet":{"background-color":"var(--ast-global-color-5)","background-image":"","background-repeat":"repeat","background-position":"center center","background-size":"auto","background-attachment":"scroll","background-type":"","background-media":"","overlay-type":"","overlay-color":"","overlay-opacity":"","overlay-gradient":""},"mobile":{"background-color":"var(--ast-global-color-5)","background-image":"","background-repeat":"repeat","background-position":"center center","background-size":"auto","background-attachment":"scroll","background-type":"","background-media":"","overlay-type":"","overlay-color":"","overlay-opacity":"","overlay-gradient":""}}},"product_brand":[],"product_cat":[313,383,267,298,253,293,287,269],"product_tag":[],"class_list":{"0":"post-10090","1":"product","2":"type-product","3":"status-publish","4":"has-post-thumbnail","6":"product_cat-svakom","7":"product_cat-gestibile-da-remoto-via-app","8":"product_cat-palline-dellamore","9":"product_cat-remote-controlled-vibrators-it","10":"product_cat-sex-toys-it","11":"product_cat-uova-e-palline","12":"product_cat-vibratori-a-proiettile","13":"product_cat-vibratori-per-coppie","14":"product_shipping_class-2-3-settimane","15":"desktop-align-center","16":"tablet-align-left","17":"mobile-align-left","18":"ast-product-gallery-layout-horizontal-slider","19":"ast-product-tabs-layout-horizontal","21":"first","22":"instock","23":"taxable","24":"shipping-taxable","25":"purchasable","26":"product-type-simple"},"bundled_by":[],"bundle_stock_status":"instock","bundle_stock_quantity":100,"bundle_virtual":false,"bundle_layout":"","bundle_add_to_cart_form_location":"","bundle_editable_in_cart":false,"bundle_sold_individually_context":"","bundle_item_grouping":"","bundle_min_size":"","bundle_max_size":"","bundle_price":[],"bundled_items":[],"bundle_sell_ids":[],"_links":{"self":[{"href":"https:\/\/www.dream-x.ch\/it\/wp-json\/wp\/v2\/product\/10090","targetHints":{"allow":["GET"]}}],"collection":[{"href":"https:\/\/www.dream-x.ch\/it\/wp-json\/wp\/v2\/product"}],"about":[{"href":"https:\/\/www.dream-x.ch\/it\/wp-json\/wp\/v2\/types\/product"}],"replies":[{"embeddable":true,"href":"https:\/\/www.dream-x.ch\/it\/wp-json\/wp\/v2\/comments?post=10090"}],"version-history":[{"count":0,"href":"https:\/\/www.dream-x.ch\/it\/wp-json\/wp\/v2\/product\/10090\/revisions"}],"wp:featuredmedia":[{"embeddable":true,"href":"https:\/\/www.dream-x.ch\/it\/wp-json\/wp\/v2\/media\/7583"}],"wp:attachment":[{"href":"https:\/\/www.dream-x.ch\/it\/wp-json\/wp\/v2\/media?parent=10090"}],"wp:term":[{"taxonomy":"product_brand","embeddable":true,"href":"https:\/\/www.dream-x.ch\/it\/wp-json\/wp\/v2\/product_brand?post=10090"},{"taxonomy":"product_cat","embeddable":true,"href":"https:\/\/www.dream-x.ch\/it\/wp-json\/wp\/v2\/product_cat?post=10090"},{"taxonomy":"product_tag","embeddable":true,"href":"https:\/\/www.dream-x.ch\/it\/wp-json\/wp\/v2\/product_tag?post=10090"}],"curies":[{"name":"wp","href":"https:\/\/api.w.org\/{rel}","templated":true}]}}