{"id":10089,"date":"2022-11-27T12:07:23","date_gmt":"2022-11-27T11:07:23","guid":{"rendered":"https:\/\/www.dream-x.ch\/product\/svakom-benedict-nero\/"},"modified":"2024-10-15T12:03:50","modified_gmt":"2024-10-15T11:03:50","slug":"svakom-benedict-nero","status":"publish","type":"product","link":"https:\/\/www.dream-x.ch\/it\/product\/svakom-benedict-nero\/","title":{"rendered":"Svakom &#8211; Benedict &#8211; Nero"},"content":{"rendered":"<ul class=\"usp-list\">\n<li class=\"usp-list--element\">Anello\/palla per il pene con vibratore per il perineo<\/li>\n<li class=\"usp-list--element\"><i class=\"icon icon-check usp-list__icon\"><\/i>5 modalit\u00e0 di vibrazione con 5 intensit\u00e0<\/li>\n<li class=\"usp-list--element\"><i class=\"icon icon-check usp-list__icon\"><\/i>Realizzato in silicone morbido e flessibile<\/li>\n<li class=\"usp-list--element\"><i class=\"icon icon-check usp-list__icon\"><\/i>Impermeabile<\/li>\n<li class=\"usp-list--element\"><i class=\"icon icon-check usp-list__icon\"><\/i>Caricatore \u2013 incl. cavo USB magnetico<\/li>\n<\/ul>\n<p>Il brivido in pi\u00f9 durante l&#8217;amore!<br \/>\nIl <strong>Benedict<\/strong> di Svakom \u00e8 un anello combinato per il pene e la palla, dotato di un vibratore per il perineo dalla splendida forma anatomica. L&#8217;anello e il vibratore si adattano perfettamente. Inoltre, \u00e8 molto flessibile, il che significa che \u00e8 anche comodo da indossare. La vestibilit\u00e0 aderente consente di sostenere l&#8217;erezione per prestazioni durature durante il sesso. Le vibrazioni profonde del vibratore perineo danno piacere al perineo (tra l&#8217;ano e lo scroto) contemporaneamente, in modo che la persona che lo usa possa sperimentare un climax intenso!<\/p>\n<p>Un motore potente ma silenzioso offre 5 diverse modalit\u00e0 di vibrazione in 5 intensit\u00e0 che possono essere controllate separatamente e insieme premendo un pulsante. Benedict pu\u00f2 essere utilizzato anche sott&#8217;acqua perch\u00e9 \u00e8 impermeabile! Il silicone morbido e vellutato, delicato sulla pelle, lo fa scivolare facilmente e si adatta a qualsiasi dimensione o forma del pene.<\/p>\n<p>Pu\u00f2 essere ricaricato con il cavo USB magnetico in dotazione.<\/p>\n<p><strong>Colore:<\/strong>nero<strong><br \/>\nDimensione<\/strong>: 11.4 cm x 5.4 cm x 6.2 cm. Anello per pene \u00d8 3.5 cm, palla \u00d8 4.2 cm<br \/>\n<strong>Peso<\/strong>: 63 g.<br \/>\n<strong>Materiale<\/strong>: Silicone, ABS.<br \/>\n<b>Reso<\/b>: questo articolo non pu\u00f2 essere ritornato o cambiato per ragioni di igiene e sicurezza.<\/p>\n","protected":false},"excerpt":{"rendered":"<p>Il brivido in pi\u00f9 durante l&#8217;amore!<br \/>\nIl <strong>Benedict<\/strong> di Svakom \u00e8 un anello combinato per il pene e la palla, dotato di un vibratore per il perineo dalla splendida forma anatomica. L&#8217;anello e il vibratore si adattano perfettamente. Inoltre, \u00e8 molto flessibile, il che significa che \u00e8 anche comodo da indossare. La vestibilit\u00e0 aderente consente di sostenere l&#8217;erezione per prestazioni durature durante il sesso. Le vibrazioni profonde del vibratore perineo danno piacere al perineo (tra l&#8217;ano e lo scroto) contemporaneamente, in modo che la persona che lo usa possa sperimentare un climax intenso!<\/p>\n","protected":false},"featured_media":8418,"comment_status":"open","ping_status":"closed","template":"","meta":{"site-sidebar-layout":"default","site-content-layout":"default","ast-site-content-layout":"default","site-content-style":"default","site-sidebar-style":"default","ast-global-header-display":"","ast-banner-title-visibility":"","ast-main-header-display":"","ast-hfb-above-header-display":"","ast-hfb-below-header-display":"","ast-hfb-mobile-header-display":"","site-post-title":"","ast-breadcrumbs-content":"","ast-featured-img":"","footer-sml-layout":"","ast-disable-related-posts":"","theme-transparent-header-meta":"default","adv-header-id-meta":"","stick-header-meta":"default","header-above-stick-meta":"","header-main-stick-meta":"","header-below-stick-meta":"","astra-migrate-meta-layouts":"default","ast-page-background-enabled":"default","ast-page-background-meta":{"desktop":{"background-color":"","background-image":"","background-repeat":"repeat","background-position":"center center","background-size":"auto","background-attachment":"scroll","background-type":"","background-media":"","overlay-type":"","overlay-color":"","overlay-opacity":"","overlay-gradient":""},"tablet":{"background-color":"","background-image":"","background-repeat":"repeat","background-position":"center center","background-size":"auto","background-attachment":"scroll","background-type":"","background-media":"","overlay-type":"","overlay-color":"","overlay-opacity":"","overlay-gradient":""},"mobile":{"background-color":"","background-image":"","background-repeat":"repeat","background-position":"center center","background-size":"auto","background-attachment":"scroll","background-type":"","background-media":"","overlay-type":"","overlay-color":"","overlay-opacity":"","overlay-gradient":""}},"ast-content-background-meta":{"desktop":{"background-color":"var(--ast-global-color-5)","background-image":"","background-repeat":"repeat","background-position":"center center","background-size":"auto","background-attachment":"scroll","background-type":"","background-media":"","overlay-type":"","overlay-color":"","overlay-opacity":"","overlay-gradient":""},"tablet":{"background-color":"var(--ast-global-color-5)","background-image":"","background-repeat":"repeat","background-position":"center center","background-size":"auto","background-attachment":"scroll","background-type":"","background-media":"","overlay-type":"","overlay-color":"","overlay-opacity":"","overlay-gradient":""},"mobile":{"background-color":"var(--ast-global-color-5)","background-image":"","background-repeat":"repeat","background-position":"center center","background-size":"auto","background-attachment":"scroll","background-type":"","background-media":"","overlay-type":"","overlay-color":"","overlay-opacity":"","overlay-gradient":""}}},"product_brand":[],"product_cat":[209,313,272,275,268,277],"product_tag":[333],"class_list":{"0":"post-10089","1":"product","2":"type-product","3":"status-publish","4":"has-post-thumbnail","6":"product_cat-giocattoli-erotici-per-uomini","7":"product_cat-svakom","8":"product_cat-anelli-ed-estensori","9":"product_cat-anelli-per-il-pene","10":"product_cat-giocattoli-erotici-per-coppie","11":"product_cat-vibratori-maschili","12":"product_tag-anello-per-pene","13":"product_shipping_class-2-3-settimane","14":"desktop-align-center","15":"tablet-align-left","16":"mobile-align-left","17":"ast-product-gallery-layout-horizontal-slider","18":"ast-product-tabs-layout-horizontal","20":"first","21":"instock","22":"taxable","23":"shipping-taxable","24":"purchasable","25":"product-type-simple"},"bundled_by":[],"bundle_stock_status":"instock","bundle_stock_quantity":100,"bundle_virtual":false,"bundle_layout":"","bundle_add_to_cart_form_location":"","bundle_editable_in_cart":false,"bundle_sold_individually_context":"","bundle_item_grouping":"","bundle_min_size":"","bundle_max_size":"","bundle_price":[],"bundled_items":[],"bundle_sell_ids":[],"_links":{"self":[{"href":"https:\/\/www.dream-x.ch\/it\/wp-json\/wp\/v2\/product\/10089","targetHints":{"allow":["GET"]}}],"collection":[{"href":"https:\/\/www.dream-x.ch\/it\/wp-json\/wp\/v2\/product"}],"about":[{"href":"https:\/\/www.dream-x.ch\/it\/wp-json\/wp\/v2\/types\/product"}],"replies":[{"embeddable":true,"href":"https:\/\/www.dream-x.ch\/it\/wp-json\/wp\/v2\/comments?post=10089"}],"version-history":[{"count":0,"href":"https:\/\/www.dream-x.ch\/it\/wp-json\/wp\/v2\/product\/10089\/revisions"}],"wp:featuredmedia":[{"embeddable":true,"href":"https:\/\/www.dream-x.ch\/it\/wp-json\/wp\/v2\/media\/8418"}],"wp:attachment":[{"href":"https:\/\/www.dream-x.ch\/it\/wp-json\/wp\/v2\/media?parent=10089"}],"wp:term":[{"taxonomy":"product_brand","embeddable":true,"href":"https:\/\/www.dream-x.ch\/it\/wp-json\/wp\/v2\/product_brand?post=10089"},{"taxonomy":"product_cat","embeddable":true,"href":"https:\/\/www.dream-x.ch\/it\/wp-json\/wp\/v2\/product_cat?post=10089"},{"taxonomy":"product_tag","embeddable":true,"href":"https:\/\/www.dream-x.ch\/it\/wp-json\/wp\/v2\/product_tag?post=10089"}],"curies":[{"name":"wp","href":"https:\/\/api.w.org\/{rel}","templated":true}]}}