{"id":10088,"date":"2022-11-27T12:07:23","date_gmt":"2022-11-27T11:07:23","guid":{"rendered":"https:\/\/www.dream-x.ch\/product\/svakom-winni-2-nero\/"},"modified":"2024-10-15T12:03:50","modified_gmt":"2024-10-15T11:03:50","slug":"svakom-winni-2-nero","status":"publish","type":"product","link":"https:\/\/www.dream-x.ch\/it\/product\/svakom-winni-2-nero\/","title":{"rendered":"Svakom &#8211; Winni 2 &#8211; Nero"},"content":{"rendered":"<p>La nuova versione: ora pu\u00f2 essere controllata tramite app!<br \/>\nL&#8217;anello <strong>vibro-cock morbido e vellutato<\/strong> Winni 2 di Svakom, \u00e8 dotato di un dispositivo di stimolazione vibrante per il clitoride e i testicoli (a seconda del senso di rotazione dell&#8217;anello). Offre piacere con le sue 5 modalit\u00e0 di vibrazione silenziose in 5 velocit\u00e0. Le funzioni possono essere facilmente controllate premendo un pulsante, tramite il telecomando o l&#8217;app Svakom (in qualsiasi momento e da qualsiasi parte del mondo). Anche un partner pu\u00f2 utilizzare il telecomando o l&#8217;app per regolare le funzioni. Winni 2 pu\u00f2 essere utilizzato anche sott&#8217;acqua perch\u00e9 \u00e8 impermeabile!<\/p>\n<p>Pu\u00f2 essere ricaricato con il cavo USB in dotazione.<br \/>\nInclude una borsa e le batterie per il telecomando.<\/p>\n<p><strong>Colore<\/strong>: nero.<strong><br \/>\n<\/strong><strong>Dimensione<\/strong>: 9.0 cm x 2.7 cm x 4.6 cm. Interno \u00d8 3 cm, flessibile. Spessore del materiale 0,4 cm.<br \/>\n<strong>Peso<\/strong>: 48.86 g.<br \/>\n<strong>Materiale<\/strong>: silicone, PU, ABS.<br \/>\n<b>Reso<\/b>: questo articolo non pu\u00f2 essere ritornato o cambiato per ragioni di igiene e sicurezza.<\/p>\n","protected":false},"excerpt":{"rendered":"<p>La nuova versione: ora pu\u00f2 essere controllata tramite app! L&#8217;anello vibro-cock morbido e vellutato Winni 2 di Svakom, \u00e8 dotato di un dispositivo di stimolazione vibrante per il clitoride e i testicoli (a seconda del senso di rotazione dell&#8217;anello). Offre piacere con le sue 5 modalit\u00e0 di vibrazione silenziose in 5 velocit\u00e0. Le funzioni possono [&hellip;]<\/p>\n","protected":false},"featured_media":7522,"comment_status":"open","ping_status":"closed","template":"","meta":{"site-sidebar-layout":"default","site-content-layout":"default","ast-site-content-layout":"default","site-content-style":"default","site-sidebar-style":"default","ast-global-header-display":"","ast-banner-title-visibility":"","ast-main-header-display":"","ast-hfb-above-header-display":"","ast-hfb-below-header-display":"","ast-hfb-mobile-header-display":"","site-post-title":"","ast-breadcrumbs-content":"","ast-featured-img":"","footer-sml-layout":"","ast-disable-related-posts":"","theme-transparent-header-meta":"default","adv-header-id-meta":"","stick-header-meta":"default","header-above-stick-meta":"","header-main-stick-meta":"","header-below-stick-meta":"","astra-migrate-meta-layouts":"default","ast-page-background-enabled":"default","ast-page-background-meta":{"desktop":{"background-color":"","background-image":"","background-repeat":"repeat","background-position":"center center","background-size":"auto","background-attachment":"scroll","background-type":"","background-media":"","overlay-type":"","overlay-color":"","overlay-opacity":"","overlay-gradient":""},"tablet":{"background-color":"","background-image":"","background-repeat":"repeat","background-position":"center center","background-size":"auto","background-attachment":"scroll","background-type":"","background-media":"","overlay-type":"","overlay-color":"","overlay-opacity":"","overlay-gradient":""},"mobile":{"background-color":"","background-image":"","background-repeat":"repeat","background-position":"center center","background-size":"auto","background-attachment":"scroll","background-type":"","background-media":"","overlay-type":"","overlay-color":"","overlay-opacity":"","overlay-gradient":""}},"ast-content-background-meta":{"desktop":{"background-color":"var(--ast-global-color-5)","background-image":"","background-repeat":"repeat","background-position":"center center","background-size":"auto","background-attachment":"scroll","background-type":"","background-media":"","overlay-type":"","overlay-color":"","overlay-opacity":"","overlay-gradient":""},"tablet":{"background-color":"var(--ast-global-color-5)","background-image":"","background-repeat":"repeat","background-position":"center center","background-size":"auto","background-attachment":"scroll","background-type":"","background-media":"","overlay-type":"","overlay-color":"","overlay-opacity":"","overlay-gradient":""},"mobile":{"background-color":"var(--ast-global-color-5)","background-image":"","background-repeat":"repeat","background-position":"center center","background-size":"auto","background-attachment":"scroll","background-type":"","background-media":"","overlay-type":"","overlay-color":"","overlay-opacity":"","overlay-gradient":""}}},"product_brand":[],"product_cat":[209,313,272,275,383,268,277],"product_tag":[],"class_list":{"0":"post-10088","1":"product","2":"type-product","3":"status-publish","4":"has-post-thumbnail","6":"product_cat-giocattoli-erotici-per-uomini","7":"product_cat-svakom","8":"product_cat-anelli-ed-estensori","9":"product_cat-anelli-per-il-pene","10":"product_cat-gestibile-da-remoto-via-app","11":"product_cat-giocattoli-erotici-per-coppie","12":"product_cat-vibratori-maschili","13":"product_shipping_class-2-3-settimane","14":"desktop-align-center","15":"tablet-align-left","16":"mobile-align-left","17":"ast-product-gallery-layout-horizontal-slider","18":"ast-product-tabs-layout-horizontal","20":"first","21":"instock","22":"taxable","23":"shipping-taxable","24":"purchasable","25":"product-type-simple"},"bundled_by":[],"bundle_stock_status":"instock","bundle_stock_quantity":49,"bundle_virtual":false,"bundle_layout":"","bundle_add_to_cart_form_location":"","bundle_editable_in_cart":false,"bundle_sold_individually_context":"","bundle_item_grouping":"","bundle_min_size":"","bundle_max_size":"","bundle_price":[],"bundled_items":[],"bundle_sell_ids":[],"_links":{"self":[{"href":"https:\/\/www.dream-x.ch\/it\/wp-json\/wp\/v2\/product\/10088","targetHints":{"allow":["GET"]}}],"collection":[{"href":"https:\/\/www.dream-x.ch\/it\/wp-json\/wp\/v2\/product"}],"about":[{"href":"https:\/\/www.dream-x.ch\/it\/wp-json\/wp\/v2\/types\/product"}],"replies":[{"embeddable":true,"href":"https:\/\/www.dream-x.ch\/it\/wp-json\/wp\/v2\/comments?post=10088"}],"version-history":[{"count":0,"href":"https:\/\/www.dream-x.ch\/it\/wp-json\/wp\/v2\/product\/10088\/revisions"}],"wp:featuredmedia":[{"embeddable":true,"href":"https:\/\/www.dream-x.ch\/it\/wp-json\/wp\/v2\/media\/7522"}],"wp:attachment":[{"href":"https:\/\/www.dream-x.ch\/it\/wp-json\/wp\/v2\/media?parent=10088"}],"wp:term":[{"taxonomy":"product_brand","embeddable":true,"href":"https:\/\/www.dream-x.ch\/it\/wp-json\/wp\/v2\/product_brand?post=10088"},{"taxonomy":"product_cat","embeddable":true,"href":"https:\/\/www.dream-x.ch\/it\/wp-json\/wp\/v2\/product_cat?post=10088"},{"taxonomy":"product_tag","embeddable":true,"href":"https:\/\/www.dream-x.ch\/it\/wp-json\/wp\/v2\/product_tag?post=10088"}],"curies":[{"name":"wp","href":"https:\/\/api.w.org\/{rel}","templated":true}]}}