{"id":13083,"date":"2026-03-02T20:07:34","date_gmt":"2026-03-02T19:07:34","guid":{"rendered":"https:\/\/www.dream-x.ch\/?post_type=product&#038;p=13083"},"modified":"2026-03-02T20:44:22","modified_gmt":"2026-03-02T19:44:22","slug":"womanizer-pro-pink","status":"publish","type":"product","link":"https:\/\/www.dream-x.ch\/de\/product\/womanizer-pro-pink\/","title":{"rendered":"Womanizer &#8211; Pro pink"},"content":{"rendered":"<ul>\n<li>Kompakter, leicht zu haltender Pulsator<\/li>\n<li>Perfekt f\u00fcr Womanizer-Anf\u00e4nger<\/li>\n<li>Pleasure Air Technologie f\u00fcr die Klitoris<\/li>\n<li>11 Intensit\u00e4tsstufen<\/li>\n<li>Einfach zu benutzen<\/li>\n<li>Fl\u00fcsterleise<\/li>\n<li>Wasserdicht<\/li>\n<li>Wiederaufladbar &#8211; inkl. ein USB-Kabel<\/li>\n<\/ul>\n<p>Der Womanizer f\u00fcr Einsteiger!<br \/>\nDer fl\u00fcsterleise <strong>Womanizer Pro<\/strong> verf\u00fcgt \u00fcber die bew\u00e4hrte Pleasure Air Technologie in 11 Intensit\u00e4tsstufen. Er hat eine kompakte Gr\u00f6\u00dfe und ist einfach zu bedienen &#8211; ideal f\u00fcr Womanizer-Anf\u00e4nger. Wie alle Womanizer umschlie\u00dft der Pro die Klitoris, ohne sie zu ber\u00fchren, und stimuliert sie mit sanften Luftvibrationen &#8211; es gibt keine Gew\u00f6hnungseffekte oder das unangenehme Gef\u00fchl der \u00dcberstimulation. Der Womanizer Pro ist perfekt f\u00fcr multiple Orgasmen und H\u00f6hepunkte innerhalb weniger Minuten! Er ist au\u00dferdem wasserdicht f\u00fcr Spa\u00df in der Badewanne oder unter der Dusche.<\/p>\n<p>Wiederaufladbar &#8211; mit USB-Kabel.<\/p>\n<p><strong>Farbe: <\/strong>rosa.<strong><br \/>\n<\/strong><strong>Abmessungen<\/strong>: 15,2 cm x 6,5 cm x 19,5 cm<br \/>\n<strong>Gewicht<\/strong>: 440 g.<br \/>\n<strong>Materialien<\/strong>: Silizium, ABS.<br \/>\n<b>R\u00fcckgabe<\/b>: Dieser Artikel kann aus Gesundheits- und Sicherheitsgr\u00fcnden weder zur\u00fcckgegeben noch umgetauscht werden.<\/p>\n","protected":false},"excerpt":{"rendered":"<p>Der Womanizer f\u00fcr Einsteiger!<br \/>\nDer fl\u00fcsterleise<strong> Womanizer Pro<\/strong> verf\u00fcgt \u00fcber die bew\u00e4hrte Pleasure Air Technologie in 11 Intensit\u00e4tsstufen. Er hat eine kompakte Gr\u00f6\u00dfe und ist einfach zu bedienen &#8211; ideal f\u00fcr Womanizer-Anf\u00e4nger.<\/p>\n","protected":false},"featured_media":13100,"comment_status":"open","ping_status":"closed","template":"","meta":{"site-sidebar-layout":"default","site-content-layout":"default","ast-site-content-layout":"default","site-content-style":"default","site-sidebar-style":"default","ast-global-header-display":"","ast-banner-title-visibility":"","ast-main-header-display":"","ast-hfb-above-header-display":"","ast-hfb-below-header-display":"","ast-hfb-mobile-header-display":"","site-post-title":"","ast-breadcrumbs-content":"","ast-featured-img":"","footer-sml-layout":"","ast-disable-related-posts":"","theme-transparent-header-meta":"default","adv-header-id-meta":"","stick-header-meta":"default","header-above-stick-meta":"","header-main-stick-meta":"","header-below-stick-meta":"","astra-migrate-meta-layouts":"set","ast-page-background-enabled":"default","ast-page-background-meta":{"desktop":{"background-color":"","background-image":"","background-repeat":"repeat","background-position":"center center","background-size":"auto","background-attachment":"scroll","background-type":"","background-media":"","overlay-type":"","overlay-color":"","overlay-opacity":"","overlay-gradient":""},"tablet":{"background-color":"","background-image":"","background-repeat":"repeat","background-position":"center center","background-size":"auto","background-attachment":"scroll","background-type":"","background-media":"","overlay-type":"","overlay-color":"","overlay-opacity":"","overlay-gradient":""},"mobile":{"background-color":"","background-image":"","background-repeat":"repeat","background-position":"center center","background-size":"auto","background-attachment":"scroll","background-type":"","background-media":"","overlay-type":"","overlay-color":"","overlay-opacity":"","overlay-gradient":""}},"ast-content-background-meta":{"desktop":{"background-color":"var(--ast-global-color-5)","background-image":"","background-repeat":"repeat","background-position":"center center","background-size":"auto","background-attachment":"scroll","background-type":"","background-media":"","overlay-type":"","overlay-color":"","overlay-opacity":"","overlay-gradient":""},"tablet":{"background-color":"var(--ast-global-color-5)","background-image":"","background-repeat":"repeat","background-position":"center center","background-size":"auto","background-attachment":"scroll","background-type":"","background-media":"","overlay-type":"","overlay-color":"","overlay-opacity":"","overlay-gradient":""},"mobile":{"background-color":"var(--ast-global-color-5)","background-image":"","background-repeat":"repeat","background-position":"center center","background-size":"auto","background-attachment":"scroll","background-type":"","background-media":"","overlay-type":"","overlay-color":"","overlay-opacity":"","overlay-gradient":""}}},"product_brand":[],"product_cat":[385,394,549],"product_tag":[],"class_list":{"0":"post-13083","1":"product","2":"type-product","3":"status-publish","4":"has-post-thumbnail","6":"product_cat-klitoris-sauger-vibratoren","7":"product_cat-sexspielzeug","8":"product_cat-womanizer","9":"product_shipping_class-verfugbar-in-1-3-arbeitstagen","10":"desktop-align-center","11":"tablet-align-left","12":"mobile-align-left","13":"ast-product-gallery-layout-horizontal-slider","14":"ast-product-tabs-layout-horizontal","16":"first","17":"instock","18":"sale","19":"featured","20":"taxable","21":"shipping-taxable","22":"purchasable","23":"product-type-simple"},"bundled_by":[],"bundle_stock_status":"instock","bundle_stock_quantity":1,"bundle_virtual":false,"bundle_layout":"","bundle_add_to_cart_form_location":"","bundle_editable_in_cart":false,"bundle_sold_individually_context":"","bundle_item_grouping":"","bundle_min_size":"","bundle_max_size":"","bundle_price":[],"bundled_items":[],"bundle_sell_ids":[12174,12200],"_links":{"self":[{"href":"https:\/\/www.dream-x.ch\/de\/wp-json\/wp\/v2\/product\/13083","targetHints":{"allow":["GET"]}}],"collection":[{"href":"https:\/\/www.dream-x.ch\/de\/wp-json\/wp\/v2\/product"}],"about":[{"href":"https:\/\/www.dream-x.ch\/de\/wp-json\/wp\/v2\/types\/product"}],"replies":[{"embeddable":true,"href":"https:\/\/www.dream-x.ch\/de\/wp-json\/wp\/v2\/comments?post=13083"}],"version-history":[{"count":3,"href":"https:\/\/www.dream-x.ch\/de\/wp-json\/wp\/v2\/product\/13083\/revisions"}],"predecessor-version":[{"id":13133,"href":"https:\/\/www.dream-x.ch\/de\/wp-json\/wp\/v2\/product\/13083\/revisions\/13133"}],"wp:featuredmedia":[{"embeddable":true,"href":"https:\/\/www.dream-x.ch\/de\/wp-json\/wp\/v2\/media\/13100"}],"wp:attachment":[{"href":"https:\/\/www.dream-x.ch\/de\/wp-json\/wp\/v2\/media?parent=13083"}],"wp:term":[{"taxonomy":"product_brand","embeddable":true,"href":"https:\/\/www.dream-x.ch\/de\/wp-json\/wp\/v2\/product_brand?post=13083"},{"taxonomy":"product_cat","embeddable":true,"href":"https:\/\/www.dream-x.ch\/de\/wp-json\/wp\/v2\/product_cat?post=13083"},{"taxonomy":"product_tag","embeddable":true,"href":"https:\/\/www.dream-x.ch\/de\/wp-json\/wp\/v2\/product_tag?post=13083"}],"curies":[{"name":"wp","href":"https:\/\/api.w.org\/{rel}","templated":true}]}}