{"id":12984,"date":"2026-01-27T10:40:34","date_gmt":"2026-01-27T09:40:34","guid":{"rendered":"https:\/\/www.dream-x.ch\/product\/geheimes-spiel-kinky-oder-vanille\/"},"modified":"2026-03-02T20:34:37","modified_gmt":"2026-03-02T19:34:37","slug":"geheimes-spiel-kinky-oder-vanille","status":"publish","type":"product","link":"https:\/\/www.dream-x.ch\/de\/product\/geheimes-spiel-kinky-oder-vanille\/","title":{"rendered":"Secret Play &#8211; Kinky or Vanilla"},"content":{"rendered":"<ul>\n<li>Erotisches Brettspiel f\u00fcr Paare<\/li>\n<li>Freche Fragen &amp; Herausforderungen<\/li>\n<li>F\u00fcr neugierige und erfahrene Paare<\/li>\n<li>Erotische Kompatibilit\u00e4t testen<\/li>\n<li>Spielerische Entdeckung von Neigungen<\/li>\n<li>Neue Impulse und Gespr\u00e4che<\/li>\n<\/ul>\n<p>Ein spannendes Spiel mit Gegens\u00e4tzen!<br \/>\n<strong>Kinky or Vanilla<\/strong> von Secret Play ist ein erotisches Brettspiel, das Paare dazu einl\u00e4dt, ihre Vorlieben auf spielerische Art und Weise zu entdecken. Dieses Spiel bietet eine Vielzahl von M\u00f6glichkeiten, die erotische Kompatibilit\u00e4t eines Paares zu testen, denn es hat<strong> 90 Karten<\/strong> voller Fragen und Herausforderungen. Das Spielbrett f\u00fchrt ein Paar Schritt f\u00fcr Schritt zu einem Ergebnis und offenbart, welche Neigung die andere \u00fcberwiegt: zwischen klassischen (Vanille) oder abenteuerlichen (Kinky) Vorlieben. Kinky oder Vanille bringt Unterhaltung, \u00dcberraschungen und neue Impulse in eine Beziehung!   <\/p>\n<p>Dieses erotische Spiel f\u00fcr Paare ist f\u00fcr alle Erfahrungsstufen und Ausrichtungen geeignet. Die Herausforderungen k\u00f6nnen nach Belieben diskutiert oder ausgef\u00fchrt werden, so dass eine entspannte und ungezwungene Erfahrung entsteht. Am Ende des Spiels werden die Ergebnisse verglichen, um herauszufinden, welcher Typ von Paar Sie sind. Kinky or Vanilla ist mehr als nur ein freches Spiel &#8211; es bietet \u00fcberraschende Einblicke in erotische W\u00fcnsche und er\u00f6ffnet neue Ebenen und Grenzen.   <\/p>\n<p>Erotisches Brettspiel f\u00fcr Paare.<br \/>\nSprachen: DE\/ES\/EN\/FR\/NL\/PT\/IT.<br \/>\nInhalt: 1 Spielbrett, 2 Spielfiguren, 90 Karten mit Fragen und Herausforderungen, Anleitung.<\/p>\n<p><strong>Abmessungen<\/strong>: 21cm x 5,5cm x 21cm<\/p>\n","protected":false},"excerpt":{"rendered":"<p><strong>Kinky or Vanilla<\/strong> von Secret Play ist ein erotisches Brettspiel, das Paare dazu einl\u00e4dt, ihre Vorlieben auf spielerische Art und Weise zu entdecken.<\/p>\n","protected":false},"featured_media":12980,"comment_status":"open","ping_status":"closed","template":"","meta":{"site-sidebar-layout":"default","site-content-layout":"default","ast-site-content-layout":"default","site-content-style":"default","site-sidebar-style":"default","ast-global-header-display":"","ast-banner-title-visibility":"","ast-main-header-display":"","ast-hfb-above-header-display":"","ast-hfb-below-header-display":"","ast-hfb-mobile-header-display":"","site-post-title":"","ast-breadcrumbs-content":"","ast-featured-img":"","footer-sml-layout":"","ast-disable-related-posts":"","theme-transparent-header-meta":"default","adv-header-id-meta":"","stick-header-meta":"default","header-above-stick-meta":"","header-main-stick-meta":"","header-below-stick-meta":"","astra-migrate-meta-layouts":"default","ast-page-background-enabled":"default","ast-page-background-meta":{"desktop":{"background-color":"","background-image":"","background-repeat":"repeat","background-position":"center center","background-size":"auto","background-attachment":"scroll","background-type":"","background-media":"","overlay-type":"","overlay-color":"","overlay-opacity":"","overlay-gradient":""},"tablet":{"background-color":"","background-image":"","background-repeat":"repeat","background-position":"center center","background-size":"auto","background-attachment":"scroll","background-type":"","background-media":"","overlay-type":"","overlay-color":"","overlay-opacity":"","overlay-gradient":""},"mobile":{"background-color":"","background-image":"","background-repeat":"repeat","background-position":"center center","background-size":"auto","background-attachment":"scroll","background-type":"","background-media":"","overlay-type":"","overlay-color":"","overlay-opacity":"","overlay-gradient":""}},"ast-content-background-meta":{"desktop":{"background-color":"var(--ast-global-color-5)","background-image":"","background-repeat":"repeat","background-position":"center center","background-size":"auto","background-attachment":"scroll","background-type":"","background-media":"","overlay-type":"","overlay-color":"","overlay-opacity":"","overlay-gradient":""},"tablet":{"background-color":"var(--ast-global-color-5)","background-image":"","background-repeat":"repeat","background-position":"center center","background-size":"auto","background-attachment":"scroll","background-type":"","background-media":"","overlay-type":"","overlay-color":"","overlay-opacity":"","overlay-gradient":""},"mobile":{"background-color":"var(--ast-global-color-5)","background-image":"","background-repeat":"repeat","background-position":"center center","background-size":"auto","background-attachment":"scroll","background-type":"","background-media":"","overlay-type":"","overlay-color":"","overlay-opacity":"","overlay-gradient":""}}},"product_brand":[],"product_cat":[546,543],"product_tag":[],"class_list":{"0":"post-12984","1":"product","2":"type-product","3":"status-publish","4":"has-post-thumbnail","6":"product_cat-geheimes-spiel","7":"product_cat-spiele","8":"product_shipping_class-verfugbar-in-2-3-wochen","9":"desktop-align-center","10":"tablet-align-left","11":"mobile-align-left","12":"ast-product-gallery-layout-horizontal-slider","13":"ast-product-tabs-layout-horizontal","15":"first","16":"instock","17":"featured","18":"taxable","19":"shipping-taxable","20":"purchasable","21":"product-type-simple"},"bundled_by":[],"bundle_stock_status":"instock","bundle_stock_quantity":30,"bundle_virtual":false,"bundle_layout":"","bundle_add_to_cart_form_location":"","bundle_editable_in_cart":false,"bundle_sold_individually_context":"","bundle_item_grouping":"","bundle_min_size":"","bundle_max_size":"","bundle_price":[],"bundled_items":[],"bundle_sell_ids":[],"_links":{"self":[{"href":"https:\/\/www.dream-x.ch\/de\/wp-json\/wp\/v2\/product\/12984","targetHints":{"allow":["GET"]}}],"collection":[{"href":"https:\/\/www.dream-x.ch\/de\/wp-json\/wp\/v2\/product"}],"about":[{"href":"https:\/\/www.dream-x.ch\/de\/wp-json\/wp\/v2\/types\/product"}],"replies":[{"embeddable":true,"href":"https:\/\/www.dream-x.ch\/de\/wp-json\/wp\/v2\/comments?post=12984"}],"version-history":[{"count":1,"href":"https:\/\/www.dream-x.ch\/de\/wp-json\/wp\/v2\/product\/12984\/revisions"}],"predecessor-version":[{"id":12986,"href":"https:\/\/www.dream-x.ch\/de\/wp-json\/wp\/v2\/product\/12984\/revisions\/12986"}],"wp:featuredmedia":[{"embeddable":true,"href":"https:\/\/www.dream-x.ch\/de\/wp-json\/wp\/v2\/media\/12980"}],"wp:attachment":[{"href":"https:\/\/www.dream-x.ch\/de\/wp-json\/wp\/v2\/media?parent=12984"}],"wp:term":[{"taxonomy":"product_brand","embeddable":true,"href":"https:\/\/www.dream-x.ch\/de\/wp-json\/wp\/v2\/product_brand?post=12984"},{"taxonomy":"product_cat","embeddable":true,"href":"https:\/\/www.dream-x.ch\/de\/wp-json\/wp\/v2\/product_cat?post=12984"},{"taxonomy":"product_tag","embeddable":true,"href":"https:\/\/www.dream-x.ch\/de\/wp-json\/wp\/v2\/product_tag?post=12984"}],"curies":[{"name":"wp","href":"https:\/\/api.w.org\/{rel}","templated":true}]}}