{"id":12932,"date":"2026-01-27T07:44:41","date_gmt":"2026-01-27T06:44:41","guid":{"rendered":"https:\/\/www.dream-x.ch\/product\/unihorn-c-horse-marina-lilac\/"},"modified":"2026-01-27T10:28:01","modified_gmt":"2026-01-27T09:28:01","slug":"unihorn-c-horse-marina-lilac","status":"publish","type":"product","link":"https:\/\/www.dream-x.ch\/de\/product\/unihorn-c-horse-marina-lilac\/","title":{"rendered":"Unihorn &#8211; C-Horse Marina Lilac"},"content":{"rendered":"<ul>\n<li>Verspielter kleiner Doppelvibrator<\/li>\n<li>In einem Einhorn-Seepferdchen-Design<\/li>\n<li>Gleichzeitige interne und externe Stimulation<\/li>\n<li>Fl\u00fcsterleiser Deluxe-Doppelmotor<\/li>\n<li>10 Vibrationsmodi f\u00fcr die Vagina<\/li>\n<li>Pulsierende Impulse in 10 Modi f\u00fcr die Klitoris<\/li>\n<li>Funktionen k\u00f6nnen separat gesteuert werden<\/li>\n<li>Biegsam und flexibel<\/li>\n<li>Samtig weiches Silikon<\/li>\n<li>Wiederaufladbar &#8211; inklusive USB-Kabel<\/li>\n<\/ul>\n<p>Reiten Sie auf den Wellen der Lust!<br \/>\nDer zauberhafte, flexible <strong>Doppelvibrator<\/strong> <strong>C-Horse Marina Lilac<\/strong> von Unihorn ist in einem kleinen Einhorn-Seepferdchen-Design gehalten. Das weiche, flexible Silikonspielzeug sorgt sowohl f\u00fcr <strong>inneres als auch \u00e4u\u00dferes Vergn\u00fcgen<\/strong>. Vielseitige Vibrationen stimulieren die Vagina &#8211; und besonders den G-Punkt.   Au\u00dferdem wird durch das intensive Klopfen und die pulsierende Nase gleichzeitig auch die Klitoris lustvoll verw\u00f6hnt. Der fl\u00fcsterleise Deluxe-Doppelmotor sorgt f\u00fcr zuverl\u00e4ssige Power. Die 10 verschiedenen Vibrationsmodi und die Klopfimpulse lassen sich einfach (und separat) per Knopfdruck steuern. Kombinieren Sie sie f\u00fcr eine abwechslungsreiche duale Stimulation und neue H\u00f6hepunkte &#8211; zu Hause oder unterwegs!   <\/p>\n<p>Wiederaufladbar &#8211; mit USB-Kabel.<\/p>\n<p><strong>Farbe: <\/strong>lilla.<strong><br \/>\n<\/strong><strong>Abmessungen<\/strong>: Gesamtl\u00e4nge 15 cm, C-Shape 9,2 cm x 9,2 cm x 9,2 cm, Vibrator \u00d8 3,3 cm<br \/>\n<strong>Materialien<\/strong>: Silizium.<br \/>\n<b>R\u00fcckgabe<\/b>: Dieser Artikel kann aus Gesundheits- und Sicherheitsgr\u00fcnden weder zur\u00fcckgegeben noch umgetauscht werden.<\/p>\n","protected":false},"excerpt":{"rendered":"<p>Reiten Sie auf den Wellen der Lust!<br \/>\nDer zauberhafte, flexible <strong>Doppelvibrator<\/strong> <strong>C-Horse Marina Lilac<\/strong> von Unihorn ist in einem kleinen Einhorn-Seepferdchen-Design gehalten. Das weiche, flexible Silikonspielzeug sorgt sowohl f\u00fcr <strong>inneres als auch \u00e4u\u00dferes Vergn\u00fcgen<\/strong>. Vielseitige Vibrationen stimulieren die Vagina &#8211; und besonders den G-Punkt.  <\/p>\n","protected":false},"featured_media":12923,"comment_status":"open","ping_status":"closed","template":"","meta":{"site-sidebar-layout":"default","site-content-layout":"default","ast-site-content-layout":"default","site-content-style":"default","site-sidebar-style":"default","ast-global-header-display":"","ast-banner-title-visibility":"","ast-main-header-display":"","ast-hfb-above-header-display":"","ast-hfb-below-header-display":"","ast-hfb-mobile-header-display":"","site-post-title":"","ast-breadcrumbs-content":"","ast-featured-img":"","footer-sml-layout":"","ast-disable-related-posts":"","theme-transparent-header-meta":"default","adv-header-id-meta":"","stick-header-meta":"default","header-above-stick-meta":"","header-main-stick-meta":"","header-below-stick-meta":"","astra-migrate-meta-layouts":"default","ast-page-background-enabled":"default","ast-page-background-meta":{"desktop":{"background-color":"","background-image":"","background-repeat":"repeat","background-position":"center center","background-size":"auto","background-attachment":"scroll","background-type":"","background-media":"","overlay-type":"","overlay-color":"","overlay-opacity":"","overlay-gradient":""},"tablet":{"background-color":"","background-image":"","background-repeat":"repeat","background-position":"center center","background-size":"auto","background-attachment":"scroll","background-type":"","background-media":"","overlay-type":"","overlay-color":"","overlay-opacity":"","overlay-gradient":""},"mobile":{"background-color":"","background-image":"","background-repeat":"repeat","background-position":"center center","background-size":"auto","background-attachment":"scroll","background-type":"","background-media":"","overlay-type":"","overlay-color":"","overlay-opacity":"","overlay-gradient":""}},"ast-content-background-meta":{"desktop":{"background-color":"var(--ast-global-color-5)","background-image":"","background-repeat":"repeat","background-position":"center center","background-size":"auto","background-attachment":"scroll","background-type":"","background-media":"","overlay-type":"","overlay-color":"","overlay-opacity":"","overlay-gradient":""},"tablet":{"background-color":"var(--ast-global-color-5)","background-image":"","background-repeat":"repeat","background-position":"center center","background-size":"auto","background-attachment":"scroll","background-type":"","background-media":"","overlay-type":"","overlay-color":"","overlay-opacity":"","overlay-gradient":""},"mobile":{"background-color":"var(--ast-global-color-5)","background-image":"","background-repeat":"repeat","background-position":"center center","background-size":"auto","background-attachment":"scroll","background-type":"","background-media":"","overlay-type":"","overlay-color":"","overlay-opacity":"","overlay-gradient":""}}},"product_brand":[],"product_cat":[540,398,397,394,415],"product_tag":[],"class_list":{"0":"post-12932","1":"product","2":"type-product","3":"status-publish","4":"has-post-thumbnail","6":"product_cat-unihorn","7":"product_cat-g-punkt-vibratoren","8":"product_cat-klitoris-vibrator","9":"product_cat-sexspielzeug","10":"product_cat-vibratoren","11":"product_shipping_class-verfugbar-in-1-3-arbeitstagen","12":"desktop-align-center","13":"tablet-align-left","14":"mobile-align-left","15":"ast-product-gallery-layout-horizontal-slider","16":"ast-product-tabs-layout-horizontal","18":"first","19":"instock","20":"sale","21":"featured","22":"taxable","23":"shipping-taxable","24":"purchasable","25":"product-type-simple"},"bundled_by":[],"bundle_stock_status":"instock","bundle_stock_quantity":1,"bundle_virtual":false,"bundle_layout":"","bundle_add_to_cart_form_location":"","bundle_editable_in_cart":false,"bundle_sold_individually_context":"","bundle_item_grouping":"","bundle_min_size":"","bundle_max_size":"","bundle_price":[],"bundled_items":[],"bundle_sell_ids":[12174,12200],"_links":{"self":[{"href":"https:\/\/www.dream-x.ch\/de\/wp-json\/wp\/v2\/product\/12932","targetHints":{"allow":["GET"]}}],"collection":[{"href":"https:\/\/www.dream-x.ch\/de\/wp-json\/wp\/v2\/product"}],"about":[{"href":"https:\/\/www.dream-x.ch\/de\/wp-json\/wp\/v2\/types\/product"}],"replies":[{"embeddable":true,"href":"https:\/\/www.dream-x.ch\/de\/wp-json\/wp\/v2\/comments?post=12932"}],"version-history":[{"count":1,"href":"https:\/\/www.dream-x.ch\/de\/wp-json\/wp\/v2\/product\/12932\/revisions"}],"predecessor-version":[{"id":12955,"href":"https:\/\/www.dream-x.ch\/de\/wp-json\/wp\/v2\/product\/12932\/revisions\/12955"}],"wp:featuredmedia":[{"embeddable":true,"href":"https:\/\/www.dream-x.ch\/de\/wp-json\/wp\/v2\/media\/12923"}],"wp:attachment":[{"href":"https:\/\/www.dream-x.ch\/de\/wp-json\/wp\/v2\/media?parent=12932"}],"wp:term":[{"taxonomy":"product_brand","embeddable":true,"href":"https:\/\/www.dream-x.ch\/de\/wp-json\/wp\/v2\/product_brand?post=12932"},{"taxonomy":"product_cat","embeddable":true,"href":"https:\/\/www.dream-x.ch\/de\/wp-json\/wp\/v2\/product_cat?post=12932"},{"taxonomy":"product_tag","embeddable":true,"href":"https:\/\/www.dream-x.ch\/de\/wp-json\/wp\/v2\/product_tag?post=12932"}],"curies":[{"name":"wp","href":"https:\/\/api.w.org\/{rel}","templated":true}]}}