{"id":12856,"date":"2026-01-26T19:11:23","date_gmt":"2026-01-26T18:11:23","guid":{"rendered":"https:\/\/www.dream-x.ch\/product\/unihorn-c-horse-coral-throb\/"},"modified":"2026-01-26T19:11:23","modified_gmt":"2026-01-26T18:11:23","slug":"unihorn-c-horse-coral-throb","status":"publish","type":"product","link":"https:\/\/www.dream-x.ch\/de\/product\/unihorn-c-horse-coral-throb\/","title":{"rendered":"Unihorn &#8211; C-Horse Coral Throb"},"content":{"rendered":"<ul class=\"usp-list\">\n<li class=\"usp-list--element\">Verspielter kleiner Doppelvibrator<\/li>\n<li class=\"usp-list--element\"><i class=\"fa-regular fa-check usp-list__icon\"><\/i>In einem Einhorn-Seepferdchen-Design<\/li>\n<li class=\"usp-list--element\"><i class=\"fa-regular fa-check usp-list__icon\"><\/i>Gleichzeitige interne und externe Stimulation<\/li>\n<li class=\"usp-list--element\"><i class=\"fa-regular fa-check usp-list__icon\"><\/i>Fl\u00fcsterleiser Deluxe-Doppelmotor<\/li>\n<li class=\"usp-list--element\"><i class=\"fa-regular fa-check usp-list__icon\"><\/i>10 Vibrationsmodi f\u00fcr die Vagina<\/li>\n<li class=\"usp-list--element\"><i class=\"fa-regular fa-check usp-list__icon\"><\/i>Pulsierende Impulse in 10 Modi f\u00fcr die Klitoris<\/li>\n<li class=\"usp-list--element\"><i class=\"fa-regular fa-check usp-list__icon\"><\/i>Funktionen k\u00f6nnen separat gesteuert werden<\/li>\n<li class=\"usp-list--element\"><i class=\"fa-regular fa-check usp-list__icon\"><\/i>Biegsam und flexibel<\/li>\n<li class=\"usp-list--element\"><i class=\"fa-regular fa-check usp-list__icon\"><\/i>Samtig weiches Silikon<\/li>\n<li class=\"usp-list--element\"><i class=\"fa-regular fa-check usp-list__icon\"><\/i>Wiederaufladbar &#8211; inklusive USB-Kabel<\/li>\n<\/ul>\n<p>Reiten Sie auf den Wellen der Lust!<br \/>\nDer zauberhafte, flexible <strong>Doppelvibrator<\/strong> <strong>C-Horse Coral Throb<\/strong> von Unihorn ist in einem kleinen Einhorn-Seepferdchen-Design gehalten. Das weiche, flexible Silikonspielzeug sorgt sowohl f\u00fcr <strong>inneres als auch \u00e4u\u00dferes Vergn\u00fcgen<\/strong>. Vielseitige Vibrationen stimulieren die Vagina &#8211; und insbesondere den G-Punkt.   Au\u00dferdem wird durch das intensive Klopfen und die pulsierende Nase gleichzeitig auch die Klitoris lustvoll verw\u00f6hnt. Der fl\u00fcsterleise Deluxe-Doppelmotor sorgt f\u00fcr zuverl\u00e4ssige Power. Die 10 verschiedenen Vibrationsmodi und die Klopfimpulse lassen sich einfach (und separat) per Knopfdruck steuern. Kombinieren Sie sie f\u00fcr eine abwechslungsreiche duale Stimulation und neue H\u00f6hepunkte &#8211; zu Hause oder unterwegs!   <\/p>\n<p>Wiederaufladbar &#8211; mit USB-Kabel.<\/p>\n<p><strong>Farbe: <\/strong>Koralle.<strong><br \/>\n<\/strong><strong>Abmessungen<\/strong>: Gesamtl\u00e4nge 15 cm, C-Shape 9,2 cm x 9,2 cm x 9,2 cm, Vibrator \u00d8 3,3 cm<br \/>\n<strong>Materialien<\/strong>: Silizium.<br \/>\n<b>R\u00fcckgabe<\/b>: Dieser Artikel kann aus Gesundheits- und Sicherheitsgr\u00fcnden weder zur\u00fcckgegeben noch umgetauscht werden.<\/p>\n","protected":false},"excerpt":{"rendered":"<p>Reiten Sie auf den Wellen der Lust!<br \/>\nDer zauberhafte, flexible <strong>Doppelvibrator<\/strong> <strong>C-Horse Coral Throb<\/strong> von Unihorn ist in einem kleinen Einhorn-Seepferdchen-Design gehalten. Das weiche, flexible Silikonspielzeug sorgt sowohl f\u00fcr <strong>inneres als auch \u00e4u\u00dferes Vergn\u00fcgen<\/strong>. Vielseitige Vibrationen stimulieren die Vagina &#8211; und insbesondere den G-Punkt.  <\/p>\n","protected":false},"featured_media":12846,"comment_status":"open","ping_status":"closed","template":"","meta":{"site-sidebar-layout":"default","site-content-layout":"default","ast-site-content-layout":"default","site-content-style":"default","site-sidebar-style":"default","ast-global-header-display":"","ast-banner-title-visibility":"","ast-main-header-display":"","ast-hfb-above-header-display":"","ast-hfb-below-header-display":"","ast-hfb-mobile-header-display":"","site-post-title":"","ast-breadcrumbs-content":"","ast-featured-img":"","footer-sml-layout":"","ast-disable-related-posts":"","theme-transparent-header-meta":"default","adv-header-id-meta":"","stick-header-meta":"default","header-above-stick-meta":"","header-main-stick-meta":"","header-below-stick-meta":"","astra-migrate-meta-layouts":"default","ast-page-background-enabled":"default","ast-page-background-meta":{"desktop":{"background-color":"","background-image":"","background-repeat":"repeat","background-position":"center center","background-size":"auto","background-attachment":"scroll","background-type":"","background-media":"","overlay-type":"","overlay-color":"","overlay-opacity":"","overlay-gradient":""},"tablet":{"background-color":"","background-image":"","background-repeat":"repeat","background-position":"center center","background-size":"auto","background-attachment":"scroll","background-type":"","background-media":"","overlay-type":"","overlay-color":"","overlay-opacity":"","overlay-gradient":""},"mobile":{"background-color":"","background-image":"","background-repeat":"repeat","background-position":"center center","background-size":"auto","background-attachment":"scroll","background-type":"","background-media":"","overlay-type":"","overlay-color":"","overlay-opacity":"","overlay-gradient":""}},"ast-content-background-meta":{"desktop":{"background-color":"var(--ast-global-color-5)","background-image":"","background-repeat":"repeat","background-position":"center center","background-size":"auto","background-attachment":"scroll","background-type":"","background-media":"","overlay-type":"","overlay-color":"","overlay-opacity":"","overlay-gradient":""},"tablet":{"background-color":"var(--ast-global-color-5)","background-image":"","background-repeat":"repeat","background-position":"center center","background-size":"auto","background-attachment":"scroll","background-type":"","background-media":"","overlay-type":"","overlay-color":"","overlay-opacity":"","overlay-gradient":""},"mobile":{"background-color":"var(--ast-global-color-5)","background-image":"","background-repeat":"repeat","background-position":"center center","background-size":"auto","background-attachment":"scroll","background-type":"","background-media":"","overlay-type":"","overlay-color":"","overlay-opacity":"","overlay-gradient":""}}},"product_brand":[],"product_cat":[540,398,397,394,415],"product_tag":[],"class_list":{"0":"post-12856","1":"product","2":"type-product","3":"status-publish","4":"has-post-thumbnail","6":"product_cat-unihorn","7":"product_cat-g-punkt-vibratoren","8":"product_cat-klitoris-vibrator","9":"product_cat-sexspielzeug","10":"product_cat-vibratoren","11":"product_shipping_class-verfugbar-in-1-3-arbeitstagen","12":"desktop-align-center","13":"tablet-align-left","14":"mobile-align-left","15":"ast-product-gallery-layout-horizontal-slider","16":"ast-product-tabs-layout-horizontal","18":"first","19":"instock","20":"sale","21":"featured","22":"taxable","23":"shipping-taxable","24":"purchasable","25":"product-type-simple"},"bundled_by":[],"bundle_stock_status":"instock","bundle_stock_quantity":1,"bundle_virtual":false,"bundle_layout":"","bundle_add_to_cart_form_location":"","bundle_editable_in_cart":false,"bundle_sold_individually_context":"","bundle_item_grouping":"","bundle_min_size":"","bundle_max_size":"","bundle_price":[],"bundled_items":[],"bundle_sell_ids":[12174,12200],"_links":{"self":[{"href":"https:\/\/www.dream-x.ch\/de\/wp-json\/wp\/v2\/product\/12856","targetHints":{"allow":["GET"]}}],"collection":[{"href":"https:\/\/www.dream-x.ch\/de\/wp-json\/wp\/v2\/product"}],"about":[{"href":"https:\/\/www.dream-x.ch\/de\/wp-json\/wp\/v2\/types\/product"}],"replies":[{"embeddable":true,"href":"https:\/\/www.dream-x.ch\/de\/wp-json\/wp\/v2\/comments?post=12856"}],"version-history":[{"count":0,"href":"https:\/\/www.dream-x.ch\/de\/wp-json\/wp\/v2\/product\/12856\/revisions"}],"wp:featuredmedia":[{"embeddable":true,"href":"https:\/\/www.dream-x.ch\/de\/wp-json\/wp\/v2\/media\/12846"}],"wp:attachment":[{"href":"https:\/\/www.dream-x.ch\/de\/wp-json\/wp\/v2\/media?parent=12856"}],"wp:term":[{"taxonomy":"product_brand","embeddable":true,"href":"https:\/\/www.dream-x.ch\/de\/wp-json\/wp\/v2\/product_brand?post=12856"},{"taxonomy":"product_cat","embeddable":true,"href":"https:\/\/www.dream-x.ch\/de\/wp-json\/wp\/v2\/product_cat?post=12856"},{"taxonomy":"product_tag","embeddable":true,"href":"https:\/\/www.dream-x.ch\/de\/wp-json\/wp\/v2\/product_tag?post=12856"}],"curies":[{"name":"wp","href":"https:\/\/api.w.org\/{rel}","templated":true}]}}