{"id":12760,"date":"2024-11-29T11:09:17","date_gmt":"2024-11-29T10:09:17","guid":{"rendered":"https:\/\/www.dream-x.ch\/product\/fun-factory-doppeldildo-ryde\/"},"modified":"2024-11-29T11:09:17","modified_gmt":"2024-11-29T10:09:17","slug":"fun-factory-doppeldildo-ryde","status":"publish","type":"product","link":"https:\/\/www.dream-x.ch\/de\/product\/fun-factory-doppeldildo-ryde\/","title":{"rendered":"Fun Factory &#8211; Doppeldildo Ryde"},"content":{"rendered":"<ul class=\"usp-list\">\n<li class=\"usp-list--element\">Flexibler Doppeldildo mit Saugnapf<\/li>\n<li class=\"usp-list--element\">F\u00fcr massierende Fahrten &amp; doppelte Penetration<\/li>\n<li class=\"usp-list--element\">Stimulierende Rillen<\/li>\n<li class=\"usp-list--element\">Sicher f\u00fcr die anale Anwendung<\/li>\n<li class=\"usp-list--element\">Freih\u00e4ndiges Vergn\u00fcgen<\/li>\n<li class=\"usp-list--element\">Seidig weiches Silikon<\/li>\n<li class=\"usp-list--element\">Strap-on kompatibel<\/li>\n<\/ul>\n<p>Vielseitiger Spa\u00df!<br \/>\nFlexibler <strong>Doppeldildo Ryde<\/strong> von Fun Factory in einem einzigartigen Design mit 2 Dildos, einer angenehm glatten Oberfl\u00e4che und stimulierenden Rillen. Hergestellt aus seidig weichem Silikon f\u00fcr abwechslungsreiche Spiele: sanfte Schaukelbewegungen, intensive Reibung und dynamische St\u00f6\u00dfe. Mit einem starken Saugnapf zum Befestigen an glatten Oberfl\u00e4chen f\u00fcr freih\u00e4ndiges Spiel. Auch kompatibel mit Strap-Ons und Geschirren f\u00fcr aufregende Doppelpenetration zu zweit.   <\/p>\n<p><strong>Farbe: <\/strong>gr\u00fcn<strong><br \/>\n<\/strong><strong>Ma\u00dfe<\/strong>: 12,3 cm und 10 cm lang, \u00d8 max. 3,8 cm. <strong>Gewicht<\/strong>: 240 g. <strong>Materialien<\/strong>: Silikon. <\/p>\n<p><b>R\u00fcckgabe<\/b>: Dieser Artikel kann aus Gesundheits- und Sicherheitsgr\u00fcnden weder zur\u00fcckgegeben noch umgetauscht werden.<\/p>\n","protected":false},"excerpt":{"rendered":"<p>Vielseitiger Spa\u00df!<br \/>\nFlexibler <strong>Doppeldildo Ryde<\/strong> von Fun Factory in einem einzigartigen Design mit 2 Dildos, einer angenehm glatten Oberfl\u00e4che und stimulierenden Rillen. Hergestellt aus seidig weichem Silikon f\u00fcr abwechslungsreiche Spiele: sanfte Schaukelbewegungen, intensive Reibung und dynamische St\u00f6\u00dfe. Mit einem starken Saugnapf zum Befestigen an glatten Oberfl\u00e4chen f\u00fcr freih\u00e4ndiges Spiel. Auch kompatibel mit Strap-Ons und Geschirren f\u00fcr aufregende Doppelpenetration zu zweit.   <\/p>\n","protected":false},"featured_media":12739,"comment_status":"open","ping_status":"closed","template":"","meta":{"site-sidebar-layout":"default","site-content-layout":"","ast-site-content-layout":"default","site-content-style":"default","site-sidebar-style":"default","ast-global-header-display":"","ast-banner-title-visibility":"","ast-main-header-display":"","ast-hfb-above-header-display":"","ast-hfb-below-header-display":"","ast-hfb-mobile-header-display":"","site-post-title":"","ast-breadcrumbs-content":"","ast-featured-img":"","footer-sml-layout":"","ast-disable-related-posts":"","theme-transparent-header-meta":"default","adv-header-id-meta":"","stick-header-meta":"default","header-above-stick-meta":"","header-main-stick-meta":"","header-below-stick-meta":"","astra-migrate-meta-layouts":"default","ast-page-background-enabled":"default","ast-page-background-meta":{"desktop":{"background-color":"","background-image":"","background-repeat":"repeat","background-position":"center center","background-size":"auto","background-attachment":"scroll","background-type":"","background-media":"","overlay-type":"","overlay-color":"","overlay-opacity":"","overlay-gradient":""},"tablet":{"background-color":"","background-image":"","background-repeat":"repeat","background-position":"center center","background-size":"auto","background-attachment":"scroll","background-type":"","background-media":"","overlay-type":"","overlay-color":"","overlay-opacity":"","overlay-gradient":""},"mobile":{"background-color":"","background-image":"","background-repeat":"repeat","background-position":"center center","background-size":"auto","background-attachment":"scroll","background-type":"","background-media":"","overlay-type":"","overlay-color":"","overlay-opacity":"","overlay-gradient":""}},"ast-content-background-meta":{"desktop":{"background-color":"var(--ast-global-color-5)","background-image":"","background-repeat":"repeat","background-position":"center center","background-size":"auto","background-attachment":"scroll","background-type":"","background-media":"","overlay-type":"","overlay-color":"","overlay-opacity":"","overlay-gradient":""},"tablet":{"background-color":"var(--ast-global-color-5)","background-image":"","background-repeat":"repeat","background-position":"center center","background-size":"auto","background-attachment":"scroll","background-type":"","background-media":"","overlay-type":"","overlay-color":"","overlay-opacity":"","overlay-gradient":""},"mobile":{"background-color":"var(--ast-global-color-5)","background-image":"","background-repeat":"repeat","background-position":"center center","background-size":"auto","background-attachment":"scroll","background-type":"","background-media":"","overlay-type":"","overlay-color":"","overlay-opacity":"","overlay-gradient":""}}},"product_brand":[],"product_cat":[526,422,424,525,425],"product_tag":[],"class_list":{"0":"post-12760","1":"product","2":"type-product","3":"status-publish","4":"has-post-thumbnail","6":"product_cat-doppelte-dildos","7":"product_cat-dildos-de","8":"product_cat-dildos-mit-saugnapf","9":"product_cat-spasfabrik","10":"product_cat-umschnalldildo","11":"product_shipping_class-verfugbar-in-1-3-arbeitstagen","12":"desktop-align-center","13":"tablet-align-left","14":"mobile-align-left","15":"ast-product-gallery-layout-horizontal-slider","16":"ast-product-tabs-layout-horizontal","18":"first","19":"instock","20":"sale","21":"featured","22":"taxable","23":"shipping-taxable","24":"purchasable","25":"product-type-simple"},"bundled_by":[],"bundle_stock_status":"instock","bundle_stock_quantity":1,"bundle_virtual":false,"bundle_layout":"","bundle_add_to_cart_form_location":"","bundle_editable_in_cart":false,"bundle_sold_individually_context":"","bundle_item_grouping":"","bundle_min_size":"","bundle_max_size":"","bundle_price":[],"bundled_items":[],"bundle_sell_ids":[12174,12200],"_links":{"self":[{"href":"https:\/\/www.dream-x.ch\/de\/wp-json\/wp\/v2\/product\/12760","targetHints":{"allow":["GET"]}}],"collection":[{"href":"https:\/\/www.dream-x.ch\/de\/wp-json\/wp\/v2\/product"}],"about":[{"href":"https:\/\/www.dream-x.ch\/de\/wp-json\/wp\/v2\/types\/product"}],"replies":[{"embeddable":true,"href":"https:\/\/www.dream-x.ch\/de\/wp-json\/wp\/v2\/comments?post=12760"}],"version-history":[{"count":0,"href":"https:\/\/www.dream-x.ch\/de\/wp-json\/wp\/v2\/product\/12760\/revisions"}],"wp:featuredmedia":[{"embeddable":true,"href":"https:\/\/www.dream-x.ch\/de\/wp-json\/wp\/v2\/media\/12739"}],"wp:attachment":[{"href":"https:\/\/www.dream-x.ch\/de\/wp-json\/wp\/v2\/media?parent=12760"}],"wp:term":[{"taxonomy":"product_brand","embeddable":true,"href":"https:\/\/www.dream-x.ch\/de\/wp-json\/wp\/v2\/product_brand?post=12760"},{"taxonomy":"product_cat","embeddable":true,"href":"https:\/\/www.dream-x.ch\/de\/wp-json\/wp\/v2\/product_cat?post=12760"},{"taxonomy":"product_tag","embeddable":true,"href":"https:\/\/www.dream-x.ch\/de\/wp-json\/wp\/v2\/product_tag?post=12760"}],"curies":[{"name":"wp","href":"https:\/\/api.w.org\/{rel}","templated":true}]}}