{"id":12657,"date":"2024-11-28T18:54:17","date_gmt":"2024-11-28T17:54:17","guid":{"rendered":"https:\/\/www.dream-x.ch\/product\/king-cock-clear-18-doppel-dildo-transparent\/"},"modified":"2024-11-28T18:54:17","modified_gmt":"2024-11-28T17:54:17","slug":"king-cock-clear-18-doppel-dildo-transparent","status":"publish","type":"product","link":"https:\/\/www.dream-x.ch\/de\/product\/king-cock-clear-18-doppel-dildo-transparent\/","title":{"rendered":"King Cock Clear &#8211; 18&#8243; Doppel-Dildo transparent"},"content":{"rendered":"<ul class=\"usp-list\">\n<li class=\"usp-list--element\">Transparenter Doppeldildo<\/li>\n<li class=\"usp-list--element\"><i class=\"fa-regular fa-check usp-list__icon\"><\/i>In Form eines Penis mit ausgepr\u00e4gten Venen<\/li>\n<li class=\"usp-list--element\"><i class=\"fa-regular fa-check usp-list__icon\"><\/i>Wulstige Eichel an beiden Enden<\/li>\n<li class=\"usp-list--element\"><i class=\"fa-regular fa-check usp-list__icon\"><\/i>Biegsam und flexibel<\/li>\n<li class=\"usp-list--element\"><i class=\"fa-regular fa-check usp-list__icon\"><\/i>Beide Enden k\u00f6nnen verwendet werden<\/li>\n<li class=\"usp-list--element\"><i class=\"fa-regular fa-check usp-list__icon\"><\/i>Samtig weiches TPE<\/li>\n<\/ul>\n<p>Das Spielzeug f\u00fcr zahlreiche Spielarten! Der transparente 18&#8243; Double Dildo von King Cock Clear hat die Form eines Penis und verf\u00fcgt \u00fcber eine ausgepr\u00e4gte Eichel und Adern an beiden Enden. Beide Enden k\u00f6nnen ebenfalls verwendet werden und er ist wunderbar flexibel. Der Doppeldildo kann daher in jeder Position f\u00fcr vaginales und\/oder anales Vergn\u00fcgen verwendet werden, allein oder mit einem Partner. Er ist aus samtig weichem TPE gefertigt, was bedeutet, dass er robust, aber flexibel ist &#8211; er l\u00e4sst sich leicht einf\u00fchren und gleitet fast von alleine hinein.<\/p>\n<p><strong>Farbe: <\/strong>transparent<strong><br \/>\n<\/strong><strong>Abmessungen<\/strong>: 46 cm x \u00d8 4,3 cm. <strong>Gewicht<\/strong>: 690 g.<\/p>\n<p><strong>Werkstoffe<\/strong>: TPE.<br \/>\n<b>R\u00fcckgabe<\/b>: Dieser Artikel kann aus Gesundheits- und Sicherheitsgr\u00fcnden weder zur\u00fcckgegeben noch umgetauscht werden.<\/p>\n","protected":false},"excerpt":{"rendered":"<p>Das Spielzeug f\u00fcr zahlreiche Spielarten!<br \/>\nDer <strong>transparente 18&#8243; Doppeldildo<\/strong> von King Cock Clear hat die Form eines Penis und verf\u00fcgt \u00fcber eine ausgepr\u00e4gte Eichel und Adern an beiden Enden. Beide Enden k\u00f6nnen ebenfalls verwendet werden und er ist wunderbar flexibel. Der Doppeldildo kann daher in jeder Position f\u00fcr vaginales und\/oder anales Vergn\u00fcgen verwendet werden, allein oder mit einem Partner. Er ist aus samtig weichem TPE gefertigt, was bedeutet, dass er robust, aber flexibel ist &#8211; er l\u00e4sst sich leicht einf\u00fchren und gleitet fast von alleine hinein.   <\/p>\n","protected":false},"featured_media":12649,"comment_status":"open","ping_status":"closed","template":"","meta":{"site-sidebar-layout":"default","site-content-layout":"","ast-site-content-layout":"default","site-content-style":"default","site-sidebar-style":"default","ast-global-header-display":"","ast-banner-title-visibility":"","ast-main-header-display":"","ast-hfb-above-header-display":"","ast-hfb-below-header-display":"","ast-hfb-mobile-header-display":"","site-post-title":"","ast-breadcrumbs-content":"","ast-featured-img":"","footer-sml-layout":"","ast-disable-related-posts":"","theme-transparent-header-meta":"default","adv-header-id-meta":"","stick-header-meta":"default","header-above-stick-meta":"","header-main-stick-meta":"","header-below-stick-meta":"","astra-migrate-meta-layouts":"default","ast-page-background-enabled":"default","ast-page-background-meta":{"desktop":{"background-color":"","background-image":"","background-repeat":"repeat","background-position":"center center","background-size":"auto","background-attachment":"scroll","background-type":"","background-media":"","overlay-type":"","overlay-color":"","overlay-opacity":"","overlay-gradient":""},"tablet":{"background-color":"","background-image":"","background-repeat":"repeat","background-position":"center center","background-size":"auto","background-attachment":"scroll","background-type":"","background-media":"","overlay-type":"","overlay-color":"","overlay-opacity":"","overlay-gradient":""},"mobile":{"background-color":"","background-image":"","background-repeat":"repeat","background-position":"center center","background-size":"auto","background-attachment":"scroll","background-type":"","background-media":"","overlay-type":"","overlay-color":"","overlay-opacity":"","overlay-gradient":""}},"ast-content-background-meta":{"desktop":{"background-color":"var(--ast-global-color-5)","background-image":"","background-repeat":"repeat","background-position":"center center","background-size":"auto","background-attachment":"scroll","background-type":"","background-media":"","overlay-type":"","overlay-color":"","overlay-opacity":"","overlay-gradient":""},"tablet":{"background-color":"var(--ast-global-color-5)","background-image":"","background-repeat":"repeat","background-position":"center center","background-size":"auto","background-attachment":"scroll","background-type":"","background-media":"","overlay-type":"","overlay-color":"","overlay-opacity":"","overlay-gradient":""},"mobile":{"background-color":"var(--ast-global-color-5)","background-image":"","background-repeat":"repeat","background-position":"center center","background-size":"auto","background-attachment":"scroll","background-type":"","background-media":"","overlay-type":"","overlay-color":"","overlay-opacity":"","overlay-gradient":""}}},"product_brand":[],"product_cat":[422,526,520,446],"product_tag":[],"class_list":{"0":"post-12657","1":"product","2":"type-product","3":"status-publish","4":"has-post-thumbnail","6":"product_cat-dildos-de","7":"product_cat-doppelte-dildos","8":"product_cat-king-cock-clear-de","9":"product_cat-sexspielzeug-fur-paare","10":"product_shipping_class-verfugbar-in-1-3-arbeitstagen","11":"desktop-align-center","12":"tablet-align-left","13":"mobile-align-left","14":"ast-product-gallery-layout-horizontal-slider","15":"ast-product-tabs-layout-horizontal","17":"first","18":"instock","19":"sale","20":"featured","21":"taxable","22":"shipping-taxable","23":"purchasable","24":"product-type-simple"},"bundled_by":[],"bundle_stock_status":"instock","bundle_stock_quantity":1,"bundle_virtual":false,"bundle_layout":"","bundle_add_to_cart_form_location":"","bundle_editable_in_cart":false,"bundle_sold_individually_context":"","bundle_item_grouping":"","bundle_min_size":"","bundle_max_size":"","bundle_price":[],"bundled_items":[],"bundle_sell_ids":[12174,12200],"_links":{"self":[{"href":"https:\/\/www.dream-x.ch\/de\/wp-json\/wp\/v2\/product\/12657","targetHints":{"allow":["GET"]}}],"collection":[{"href":"https:\/\/www.dream-x.ch\/de\/wp-json\/wp\/v2\/product"}],"about":[{"href":"https:\/\/www.dream-x.ch\/de\/wp-json\/wp\/v2\/types\/product"}],"replies":[{"embeddable":true,"href":"https:\/\/www.dream-x.ch\/de\/wp-json\/wp\/v2\/comments?post=12657"}],"version-history":[{"count":0,"href":"https:\/\/www.dream-x.ch\/de\/wp-json\/wp\/v2\/product\/12657\/revisions"}],"wp:featuredmedia":[{"embeddable":true,"href":"https:\/\/www.dream-x.ch\/de\/wp-json\/wp\/v2\/media\/12649"}],"wp:attachment":[{"href":"https:\/\/www.dream-x.ch\/de\/wp-json\/wp\/v2\/media?parent=12657"}],"wp:term":[{"taxonomy":"product_brand","embeddable":true,"href":"https:\/\/www.dream-x.ch\/de\/wp-json\/wp\/v2\/product_brand?post=12657"},{"taxonomy":"product_cat","embeddable":true,"href":"https:\/\/www.dream-x.ch\/de\/wp-json\/wp\/v2\/product_cat?post=12657"},{"taxonomy":"product_tag","embeddable":true,"href":"https:\/\/www.dream-x.ch\/de\/wp-json\/wp\/v2\/product_tag?post=12657"}],"curies":[{"name":"wp","href":"https:\/\/api.w.org\/{rel}","templated":true}]}}