{"id":12261,"date":"2022-11-27T12:07:08","date_gmt":"2022-11-27T11:07:08","guid":{"rendered":"https:\/\/www.dream-x.ch\/product\/svakom-hedy-x-zuversicht-5-eier\/"},"modified":"2024-10-15T12:03:59","modified_gmt":"2024-10-15T11:03:59","slug":"svakom-hedy-x-zuversicht-5-eier","status":"publish","type":"product","link":"https:\/\/www.dream-x.ch\/de\/product\/svakom-hedy-x-zuversicht-5-eier\/","title":{"rendered":"Svakom &#8211; Hedy X Zuversicht &#8211; 5 Eier"},"content":{"rendered":"<ul class=\"usp-list\">\n<li class=\"usp-list--element\">Wiederverwendbarer Masturbator<\/li>\n<li class=\"usp-list--element\"><i class=\"icon icon-check usp-list__icon\"><\/i>In einer praktischen eif\u00f6rmigen H\u00fclle<\/li>\n<li class=\"usp-list--element\"><i class=\"icon icon-check usp-list__icon\"><\/i>5 Masturbatoren in einem Set<\/li>\n<li class=\"usp-list--element\"><i class=\"icon icon-check usp-list__icon\"><\/i>Mit einer anregenden Textur im Inneren<\/li>\n<li class=\"usp-list--element\"><i class=\"icon icon-check usp-list__icon\"><\/i>Samtig weich und sehr flexibel<\/li>\n<li class=\"usp-list--element\"><i class=\"icon icon-check usp-list__icon\"><\/i>Geeignet f\u00fcr jede Penisgr\u00f6\u00dfe<\/li>\n<\/ul>\n<p>F\u00fcr den perfekten Handjob zu Hause oder unterwegs!<br \/>\n5 x abnehmbarer Masturbator <strong>Hedy X Confidence<\/strong> von Svakom. Jeder Masturbator befindet sich in einer praktischen eif\u00f6rmigen H\u00fclle. Die Abdeckung dient als Schmiermittelverteiler, Trockenst\u00e4nder und staubfreier Lagerraum. Die sehr flexible und samtig weiche Masturbationsh\u00fclle passt um jeden Penis und kann 5 bis 10 Mal verwendet werden. Die ausgepr\u00e4gte, stimulierende Diamantstruktur im Inneren ist perfekt f\u00fcr eine intensive und orgasmische Massage beim Handjob.<\/p>\n<p>5 Confidence (stimulierende Diamant-Textur) Masturbatoren in einem Set.<\/p>\n<p><strong>Farbe: <\/strong>wei\u00df<strong><br \/>\nMa\u00dfe<\/strong>: jeder Masturbator ist 9 cm lang, \u00d8 1,8 cm (alles ist sehr flexibel).<br \/>\n<strong>Gewicht<\/strong>: 68 gr.<br \/>\n<strong>Materialien<\/strong>: TPE, ABS (Ei).<br \/>\n<b>R\u00fcckgabe<\/b>: Dieser Artikel kann aus Gesundheits- und Sicherheitsgr\u00fcnden weder zur\u00fcckgegeben noch umgetauscht werden.<\/p>\n","protected":false},"excerpt":{"rendered":"<p>F\u00fcr den perfekten Handjob zu Hause oder unterwegs!<br \/>\n5 x abnehmbarer Masturbator <strong>Hedy X Confidence<\/strong> von Svakom. Jeder Masturbator befindet sich in einer praktischen eif\u00f6rmigen H\u00fclle. Die Abdeckung dient als Schmiermittelverteiler, Trockenst\u00e4nder und staubfreier Lagerraum. Die sehr flexible und samtig weiche Masturbationsh\u00fclle passt um jeden Penis und kann 5 bis 10 Mal verwendet werden. Die ausgepr\u00e4gte, stimulierende Diamantstruktur im Inneren ist perfekt f\u00fcr eine intensive und orgasmische Massage beim Handjob.<\/p>\n","protected":false},"featured_media":8857,"comment_status":"open","ping_status":"closed","template":"","meta":{"site-sidebar-layout":"default","site-content-layout":"default","ast-site-content-layout":"default","site-content-style":"default","site-sidebar-style":"default","ast-global-header-display":"","ast-banner-title-visibility":"","ast-main-header-display":"","ast-hfb-above-header-display":"","ast-hfb-below-header-display":"","ast-hfb-mobile-header-display":"","site-post-title":"","ast-breadcrumbs-content":"","ast-featured-img":"","footer-sml-layout":"","ast-disable-related-posts":"","theme-transparent-header-meta":"default","adv-header-id-meta":"","stick-header-meta":"default","header-above-stick-meta":"","header-main-stick-meta":"","header-below-stick-meta":"","astra-migrate-meta-layouts":"default","ast-page-background-enabled":"default","ast-page-background-meta":{"desktop":{"background-color":"","background-image":"","background-repeat":"repeat","background-position":"center center","background-size":"auto","background-attachment":"scroll","background-type":"","background-media":"","overlay-type":"","overlay-color":"","overlay-opacity":"","overlay-gradient":""},"tablet":{"background-color":"","background-image":"","background-repeat":"repeat","background-position":"center center","background-size":"auto","background-attachment":"scroll","background-type":"","background-media":"","overlay-type":"","overlay-color":"","overlay-opacity":"","overlay-gradient":""},"mobile":{"background-color":"","background-image":"","background-repeat":"repeat","background-position":"center center","background-size":"auto","background-attachment":"scroll","background-type":"","background-media":"","overlay-type":"","overlay-color":"","overlay-opacity":"","overlay-gradient":""}},"ast-content-background-meta":{"desktop":{"background-color":"var(--ast-global-color-5)","background-image":"","background-repeat":"repeat","background-position":"center center","background-size":"auto","background-attachment":"scroll","background-type":"","background-media":"","overlay-type":"","overlay-color":"","overlay-opacity":"","overlay-gradient":""},"tablet":{"background-color":"var(--ast-global-color-5)","background-image":"","background-repeat":"repeat","background-position":"center center","background-size":"auto","background-attachment":"scroll","background-type":"","background-media":"","overlay-type":"","overlay-color":"","overlay-opacity":"","overlay-gradient":""},"mobile":{"background-color":"var(--ast-global-color-5)","background-image":"","background-repeat":"repeat","background-position":"center center","background-size":"auto","background-attachment":"scroll","background-type":"","background-media":"","overlay-type":"","overlay-color":"","overlay-opacity":"","overlay-gradient":""}}},"product_brand":[],"product_cat":[396,386],"product_tag":[],"class_list":{"0":"post-12261","1":"product","2":"type-product","3":"status-publish","4":"has-post-thumbnail","6":"product_cat-mannliche-masturbatoren","7":"product_cat-svakom-de","8":"product_shipping_class-verfugbar-in-2-3-wochen","9":"desktop-align-center","10":"tablet-align-left","11":"mobile-align-left","12":"ast-product-gallery-layout-horizontal-slider","13":"ast-product-gallery-with-no-image","14":"ast-product-tabs-layout-horizontal","16":"first","17":"instock","18":"taxable","19":"shipping-taxable","20":"purchasable","21":"product-type-simple"},"bundled_by":[],"bundle_stock_status":"instock","bundle_stock_quantity":57,"bundle_virtual":false,"bundle_layout":"","bundle_add_to_cart_form_location":"","bundle_editable_in_cart":false,"bundle_sold_individually_context":"","bundle_item_grouping":"","bundle_min_size":"","bundle_max_size":"","bundle_price":[],"bundled_items":[],"bundle_sell_ids":[],"_links":{"self":[{"href":"https:\/\/www.dream-x.ch\/de\/wp-json\/wp\/v2\/product\/12261","targetHints":{"allow":["GET"]}}],"collection":[{"href":"https:\/\/www.dream-x.ch\/de\/wp-json\/wp\/v2\/product"}],"about":[{"href":"https:\/\/www.dream-x.ch\/de\/wp-json\/wp\/v2\/types\/product"}],"replies":[{"embeddable":true,"href":"https:\/\/www.dream-x.ch\/de\/wp-json\/wp\/v2\/comments?post=12261"}],"version-history":[{"count":0,"href":"https:\/\/www.dream-x.ch\/de\/wp-json\/wp\/v2\/product\/12261\/revisions"}],"wp:featuredmedia":[{"embeddable":true,"href":"https:\/\/www.dream-x.ch\/de\/wp-json\/wp\/v2\/media\/8857"}],"wp:attachment":[{"href":"https:\/\/www.dream-x.ch\/de\/wp-json\/wp\/v2\/media?parent=12261"}],"wp:term":[{"taxonomy":"product_brand","embeddable":true,"href":"https:\/\/www.dream-x.ch\/de\/wp-json\/wp\/v2\/product_brand?post=12261"},{"taxonomy":"product_cat","embeddable":true,"href":"https:\/\/www.dream-x.ch\/de\/wp-json\/wp\/v2\/product_cat?post=12261"},{"taxonomy":"product_tag","embeddable":true,"href":"https:\/\/www.dream-x.ch\/de\/wp-json\/wp\/v2\/product_tag?post=12261"}],"curies":[{"name":"wp","href":"https:\/\/api.w.org\/{rel}","templated":true}]}}