{"id":12260,"date":"2022-11-27T12:07:08","date_gmt":"2022-11-27T11:07:08","guid":{"rendered":"https:\/\/www.dream-x.ch\/product\/svakom-nova-lila\/"},"modified":"2024-10-15T12:03:59","modified_gmt":"2024-10-15T11:03:59","slug":"svakom-nova-lila","status":"publish","type":"product","link":"https:\/\/www.dream-x.ch\/de\/product\/svakom-nova-lila\/","title":{"rendered":"Svakom &#8211; Nova &#8211; Lila"},"content":{"rendered":"<p>Effektives Beckenbodentraining!<br \/>\n<strong>Svakom Nova &#8211; lila,<\/strong> Liebeskugel-Set bestehend aus 1 Einzelkugel und 2 Doppelb\u00e4llen. 3 steigende Gewichtsstufen f\u00fcr ein effektives Training des Beckenbodens. Gleichzeitig werden die Kugeln immer kleiner, was bedeutet, dass die Beckenbodenmuskulatur st\u00e4rker arbeiten muss, um die Kugeln an ihrem Platz zu halten. Zus\u00e4tzlich k\u00f6nnen durch das Drehen der Gewichte auf der Innenseite Schwingungen erzeugt werden, die zu st\u00e4rkeren Muskelkontraktionen f\u00fchren. Ideal nach einer Schwangerschaft und zur Vorbeugung von Inkontinenz. Hautfreundliche Soft-Touch-Textur und ein elastisches R\u00fcckholband mit Ring.<\/p>\n<p><strong>Farbe<\/strong>: lila<strong><br \/>\nEinzelne Kugel<\/strong>: Gesamtl\u00e4nge 13,5 cm, \u00d8 3,6 cm, Gewicht 49 g.<br \/>\n<strong>Doppelkugeln 1<\/strong>: Gesamtl\u00e4nge 17 cm, \u00d8 3,2 cm, Gewicht 75 g.<br \/>\n<strong>Doppelkugeln 2<\/strong>: Gesamtl\u00e4nge 16,2 cm, \u00d8 2,8 cm, Gewicht 95 g.<br \/>\n<strong>Materialien<\/strong>: Silikon mit einer PU-Beschichtung.<br \/>\n<b>R\u00fcckgabe<\/b>: Dieser Artikel kann aus Gesundheits- und Sicherheitsgr\u00fcnden weder zur\u00fcckgegeben noch umgetauscht werden.<\/p>\n","protected":false},"excerpt":{"rendered":"<p>Effektives Beckenbodentraining!<br \/>\n<strong>Svakom Nova &#8211; lila,<\/strong> Liebeskugel-Set bestehend aus 1 Einzelkugel und 2 Doppelb\u00e4llen. 3 steigende Gewichtsstufen f\u00fcr ein effektives Training des Beckenbodens.<\/p>\n","protected":false},"featured_media":7247,"comment_status":"open","ping_status":"closed","template":"","meta":{"site-sidebar-layout":"default","site-content-layout":"default","ast-site-content-layout":"default","site-content-style":"default","site-sidebar-style":"default","ast-global-header-display":"","ast-banner-title-visibility":"","ast-main-header-display":"","ast-hfb-above-header-display":"","ast-hfb-below-header-display":"","ast-hfb-mobile-header-display":"","site-post-title":"","ast-breadcrumbs-content":"","ast-featured-img":"","footer-sml-layout":"","ast-disable-related-posts":"","theme-transparent-header-meta":"default","adv-header-id-meta":"","stick-header-meta":"default","header-above-stick-meta":"","header-main-stick-meta":"","header-below-stick-meta":"","astra-migrate-meta-layouts":"default","ast-page-background-enabled":"default","ast-page-background-meta":{"desktop":{"background-color":"","background-image":"","background-repeat":"repeat","background-position":"center center","background-size":"auto","background-attachment":"scroll","background-type":"","background-media":"","overlay-type":"","overlay-color":"","overlay-opacity":"","overlay-gradient":""},"tablet":{"background-color":"","background-image":"","background-repeat":"repeat","background-position":"center center","background-size":"auto","background-attachment":"scroll","background-type":"","background-media":"","overlay-type":"","overlay-color":"","overlay-opacity":"","overlay-gradient":""},"mobile":{"background-color":"","background-image":"","background-repeat":"repeat","background-position":"center center","background-size":"auto","background-attachment":"scroll","background-type":"","background-media":"","overlay-type":"","overlay-color":"","overlay-opacity":"","overlay-gradient":""}},"ast-content-background-meta":{"desktop":{"background-color":"var(--ast-global-color-5)","background-image":"","background-repeat":"repeat","background-position":"center center","background-size":"auto","background-attachment":"scroll","background-type":"","background-media":"","overlay-type":"","overlay-color":"","overlay-opacity":"","overlay-gradient":""},"tablet":{"background-color":"var(--ast-global-color-5)","background-image":"","background-repeat":"repeat","background-position":"center center","background-size":"auto","background-attachment":"scroll","background-type":"","background-media":"","overlay-type":"","overlay-color":"","overlay-opacity":"","overlay-gradient":""},"mobile":{"background-color":"var(--ast-global-color-5)","background-image":"","background-repeat":"repeat","background-position":"center center","background-size":"auto","background-attachment":"scroll","background-type":"","background-media":"","overlay-type":"","overlay-color":"","overlay-opacity":"","overlay-gradient":""}}},"product_brand":[],"product_cat":[436,386],"product_tag":[],"class_list":{"0":"post-12260","1":"product","2":"type-product","3":"status-publish","4":"has-post-thumbnail","6":"product_cat-liebeskugeln","7":"product_cat-svakom-de","8":"product_shipping_class-verfugbar-in-2-3-wochen","9":"desktop-align-center","10":"tablet-align-left","11":"mobile-align-left","12":"ast-product-gallery-layout-horizontal-slider","13":"ast-product-tabs-layout-horizontal","15":"first","16":"outofstock","17":"taxable","18":"shipping-taxable","19":"purchasable","20":"product-type-simple"},"bundled_by":[],"bundle_stock_status":"outofstock","bundle_stock_quantity":0,"bundle_virtual":false,"bundle_layout":"","bundle_add_to_cart_form_location":"","bundle_editable_in_cart":false,"bundle_sold_individually_context":"","bundle_item_grouping":"","bundle_min_size":"","bundle_max_size":"","bundle_price":[],"bundled_items":[],"bundle_sell_ids":[],"_links":{"self":[{"href":"https:\/\/www.dream-x.ch\/de\/wp-json\/wp\/v2\/product\/12260","targetHints":{"allow":["GET"]}}],"collection":[{"href":"https:\/\/www.dream-x.ch\/de\/wp-json\/wp\/v2\/product"}],"about":[{"href":"https:\/\/www.dream-x.ch\/de\/wp-json\/wp\/v2\/types\/product"}],"replies":[{"embeddable":true,"href":"https:\/\/www.dream-x.ch\/de\/wp-json\/wp\/v2\/comments?post=12260"}],"version-history":[{"count":0,"href":"https:\/\/www.dream-x.ch\/de\/wp-json\/wp\/v2\/product\/12260\/revisions"}],"wp:featuredmedia":[{"embeddable":true,"href":"https:\/\/www.dream-x.ch\/de\/wp-json\/wp\/v2\/media\/7247"}],"wp:attachment":[{"href":"https:\/\/www.dream-x.ch\/de\/wp-json\/wp\/v2\/media?parent=12260"}],"wp:term":[{"taxonomy":"product_brand","embeddable":true,"href":"https:\/\/www.dream-x.ch\/de\/wp-json\/wp\/v2\/product_brand?post=12260"},{"taxonomy":"product_cat","embeddable":true,"href":"https:\/\/www.dream-x.ch\/de\/wp-json\/wp\/v2\/product_cat?post=12260"},{"taxonomy":"product_tag","embeddable":true,"href":"https:\/\/www.dream-x.ch\/de\/wp-json\/wp\/v2\/product_tag?post=12260"}],"curies":[{"name":"wp","href":"https:\/\/api.w.org\/{rel}","templated":true}]}}