{"id":12259,"date":"2022-11-27T12:07:09","date_gmt":"2022-11-27T11:07:09","guid":{"rendered":"https:\/\/www.dream-x.ch\/product\/svakom-ella-neo-rot\/"},"modified":"2024-10-15T12:03:56","modified_gmt":"2024-10-15T11:03:56","slug":"svakom-ella-neo-rot","status":"publish","type":"product","link":"https:\/\/www.dream-x.ch\/de\/product\/svakom-ella-neo-rot\/","title":{"rendered":"Svakom &#8211; Ella Neo &#8211; Rot"},"content":{"rendered":"<p>Interaktives Vibro-Ball-Vergn\u00fcgen!<br \/>\n<strong>Ella Neo &#8211; rot<\/strong> ist ein wiederaufladbares, wasserdichtes Vibro-Bullet f\u00fcr vaginale und anale Lust. Die 11 leisen und vielf\u00e4ltigen Vibrationsmodi k\u00f6nnen einfach am Ende des R\u00fcckholbands gesteuert werden. Sie k\u00f6nnen auch \u00fcber die Svakom-App (mit zus\u00e4tzlicher Intensit\u00e4t und \u00dcberraschungsvibrationen) oder die FeelConnect 3-App mit 3 neuen Hauptfunktionen gesteuert werden: Fernsteuerung (jederzeit und \u00fcberall auf der Welt), Verbindung zu interaktiven 2D-Videos und eine interaktive Webcam-Funktion.<\/p>\n<p>Enth\u00e4lt ein USB-Kabel und eine Aufbewahrungstasche.<\/p>\n<p><strong>Farbe: <\/strong>rot.<strong><br \/>\n<\/strong><strong>Abmessungen<\/strong>: Gesamtl\u00e4nge 21 cm, Einf\u00fchrl\u00e4nge 8,3 cm, \u00d8 3,3 cm.<br \/>\n<strong>Gewicht<\/strong>: 285 g.<br \/>\n<strong>Materialien<\/strong>: Silikon, PU, ABS.<br \/>\n<b>R\u00fcckgabe<\/b>: Dieser Artikel kann aus Gesundheits- und Sicherheitsgr\u00fcnden weder zur\u00fcckgegeben noch umgetauscht werden.<\/p>\n","protected":false},"excerpt":{"rendered":"<p>Interaktives Vibro-Ball-Vergn\u00fcgen!<br \/>\n<strong>Ella Neo &#8211; rot<\/strong> ist ein wiederaufladbares, wasserdichtes Vibro-Bullet f\u00fcr vaginale und anale Lust. Die 11 leisen und vielf\u00e4ltigen Vibrationsmodi k\u00f6nnen einfach am Ende des R\u00fcckholbands gesteuert werden. Sie k\u00f6nnen auch \u00fcber die Svakom-App (mit zus\u00e4tzlicher Intensit\u00e4t und \u00dcberraschungsvibrationen) oder die FeelConnect 3-App mit 3 neuen Hauptfunktionen gesteuert werden: Fernsteuerung (jederzeit und \u00fcberall auf der Welt), Verbindung zu interaktiven 2D-Videos und eine interaktive Webcam-Funktion.<\/p>\n","protected":false},"featured_media":7282,"comment_status":"open","ping_status":"closed","template":"","meta":{"site-sidebar-layout":"default","site-content-layout":"default","ast-site-content-layout":"default","site-content-style":"default","site-sidebar-style":"default","ast-global-header-display":"","ast-banner-title-visibility":"","ast-main-header-display":"","ast-hfb-above-header-display":"","ast-hfb-below-header-display":"","ast-hfb-mobile-header-display":"","site-post-title":"","ast-breadcrumbs-content":"","ast-featured-img":"","footer-sml-layout":"","ast-disable-related-posts":"","theme-transparent-header-meta":"default","adv-header-id-meta":"","stick-header-meta":"default","header-above-stick-meta":"","header-main-stick-meta":"","header-below-stick-meta":"","astra-migrate-meta-layouts":"default","ast-page-background-enabled":"default","ast-page-background-meta":{"desktop":{"background-color":"","background-image":"","background-repeat":"repeat","background-position":"center center","background-size":"auto","background-attachment":"scroll","background-type":"","background-media":"","overlay-type":"","overlay-color":"","overlay-opacity":"","overlay-gradient":""},"tablet":{"background-color":"","background-image":"","background-repeat":"repeat","background-position":"center center","background-size":"auto","background-attachment":"scroll","background-type":"","background-media":"","overlay-type":"","overlay-color":"","overlay-opacity":"","overlay-gradient":""},"mobile":{"background-color":"","background-image":"","background-repeat":"repeat","background-position":"center center","background-size":"auto","background-attachment":"scroll","background-type":"","background-media":"","overlay-type":"","overlay-color":"","overlay-opacity":"","overlay-gradient":""}},"ast-content-background-meta":{"desktop":{"background-color":"var(--ast-global-color-5)","background-image":"","background-repeat":"repeat","background-position":"center center","background-size":"auto","background-attachment":"scroll","background-type":"","background-media":"","overlay-type":"","overlay-color":"","overlay-opacity":"","overlay-gradient":""},"tablet":{"background-color":"var(--ast-global-color-5)","background-image":"","background-repeat":"repeat","background-position":"center center","background-size":"auto","background-attachment":"scroll","background-type":"","background-media":"","overlay-type":"","overlay-color":"","overlay-opacity":"","overlay-gradient":""},"mobile":{"background-color":"var(--ast-global-color-5)","background-image":"","background-repeat":"repeat","background-position":"center center","background-size":"auto","background-attachment":"scroll","background-type":"","background-media":"","overlay-type":"","overlay-color":"","overlay-opacity":"","overlay-gradient":""}}},"product_brand":[],"product_cat":[451,417,436,392,394,446,386],"product_tag":[507],"class_list":{"0":"post-12259","1":"product","2":"type-product","3":"status-publish","4":"has-post-thumbnail","6":"product_cat-kugel-vibratoren","7":"product_cat-liebes-eier-wackelkugeln","8":"product_cat-liebeskugeln","9":"product_cat-paare-vibrators","10":"product_cat-sexspielzeug","11":"product_cat-sexspielzeug-fur-paare","12":"product_cat-svakom-de","13":"product_tag-parchenvibrator","14":"product_shipping_class-verfugbar-in-2-3-wochen","15":"desktop-align-center","16":"tablet-align-left","17":"mobile-align-left","18":"ast-product-gallery-layout-horizontal-slider","19":"ast-product-tabs-layout-horizontal","21":"first","22":"instock","23":"taxable","24":"shipping-taxable","25":"purchasable","26":"product-type-simple"},"bundled_by":[],"bundle_stock_status":"instock","bundle_stock_quantity":100,"bundle_virtual":false,"bundle_layout":"","bundle_add_to_cart_form_location":"","bundle_editable_in_cart":false,"bundle_sold_individually_context":"","bundle_item_grouping":"","bundle_min_size":"","bundle_max_size":"","bundle_price":[],"bundled_items":[],"bundle_sell_ids":[],"_links":{"self":[{"href":"https:\/\/www.dream-x.ch\/de\/wp-json\/wp\/v2\/product\/12259","targetHints":{"allow":["GET"]}}],"collection":[{"href":"https:\/\/www.dream-x.ch\/de\/wp-json\/wp\/v2\/product"}],"about":[{"href":"https:\/\/www.dream-x.ch\/de\/wp-json\/wp\/v2\/types\/product"}],"replies":[{"embeddable":true,"href":"https:\/\/www.dream-x.ch\/de\/wp-json\/wp\/v2\/comments?post=12259"}],"version-history":[{"count":0,"href":"https:\/\/www.dream-x.ch\/de\/wp-json\/wp\/v2\/product\/12259\/revisions"}],"wp:featuredmedia":[{"embeddable":true,"href":"https:\/\/www.dream-x.ch\/de\/wp-json\/wp\/v2\/media\/7282"}],"wp:attachment":[{"href":"https:\/\/www.dream-x.ch\/de\/wp-json\/wp\/v2\/media?parent=12259"}],"wp:term":[{"taxonomy":"product_brand","embeddable":true,"href":"https:\/\/www.dream-x.ch\/de\/wp-json\/wp\/v2\/product_brand?post=12259"},{"taxonomy":"product_cat","embeddable":true,"href":"https:\/\/www.dream-x.ch\/de\/wp-json\/wp\/v2\/product_cat?post=12259"},{"taxonomy":"product_tag","embeddable":true,"href":"https:\/\/www.dream-x.ch\/de\/wp-json\/wp\/v2\/product_tag?post=12259"}],"curies":[{"name":"wp","href":"https:\/\/api.w.org\/{rel}","templated":true}]}}