{"id":12256,"date":"2022-11-27T12:07:16","date_gmt":"2022-11-27T11:07:16","guid":{"rendered":"https:\/\/www.dream-x.ch\/product\/svakom-phoenix-neo-rot\/"},"modified":"2024-10-15T12:03:53","modified_gmt":"2024-10-15T11:03:53","slug":"svakom-phoenix-neo-rot","status":"publish","type":"product","link":"https:\/\/www.dream-x.ch\/de\/product\/svakom-phoenix-neo-rot\/","title":{"rendered":"Svakom &#8211; Ph\u00f6nix Neo &#8211; Rot"},"content":{"rendered":"<p>Interaktives Vibro-Vergn\u00fcgen!<br \/>\n<strong>Phoenix Neo<\/strong> ist ein wiederaufladbarer, wasserdichter Vibrator im ergonomischen Design zur <strong>gleichzeitigen Stimulation von G-Punkt und Klitoris<\/strong>. Die 2 leistungsstarken Motoren verf\u00fcgen \u00fcber 11 leise und vielf\u00e4ltige Vibrationsmodi, die einfach am Ende des Retrieverbandes\/Klitoralstimulators gesteuert werden k\u00f6nnen. Sie k\u00f6nnen auch \u00fcber die Svakom-App (mit zus\u00e4tzlicher Intensit\u00e4t und \u00dcberraschungsvibrationen) oder die FeelConnect 3-App mit 3 neuen Hauptfunktionen gesteuert werden: Fernsteuerung (jederzeit und \u00fcberall auf der Welt), Verbindung zu interaktiven 2D-Videos und eine interaktive Webcam-Funktion.<\/p>\n<p><strong>Farbe: <\/strong>rot.<strong><br \/>\n<\/strong><strong>Abmessungen<\/strong>: 11,8 x 3,2 x 11,6 cm.<br \/>\n<strong>Gewicht<\/strong>: 70 g.<br \/>\n<strong>Materialien<\/strong>: Silikon, PU.<br \/>\n<b>R\u00fcckgabe<\/b>: Dieser Artikel kann aus Gesundheits- und Sicherheitsgr\u00fcnden weder zur\u00fcckgegeben noch umgetauscht werden.<\/p>\n","protected":false},"excerpt":{"rendered":"<p>Interaktives Vibro-Vergn\u00fcgen!<br \/>\n<strong>Phoenix Neo<\/strong> ist ein wiederaufladbarer, wasserdichter Vibrator im ergonomischen Design zur <strong>gleichzeitigen Stimulation von G-Punkt und Klitoris<\/strong>.<\/p>\n","protected":false},"featured_media":7405,"comment_status":"open","ping_status":"closed","template":"","meta":{"site-sidebar-layout":"default","site-content-layout":"default","ast-site-content-layout":"default","site-content-style":"default","site-sidebar-style":"default","ast-global-header-display":"","ast-banner-title-visibility":"","ast-main-header-display":"","ast-hfb-above-header-display":"","ast-hfb-below-header-display":"","ast-hfb-mobile-header-display":"","site-post-title":"","ast-breadcrumbs-content":"","ast-featured-img":"","footer-sml-layout":"","ast-disable-related-posts":"","theme-transparent-header-meta":"default","adv-header-id-meta":"","stick-header-meta":"default","header-above-stick-meta":"","header-main-stick-meta":"","header-below-stick-meta":"","astra-migrate-meta-layouts":"default","ast-page-background-enabled":"default","ast-page-background-meta":{"desktop":{"background-color":"","background-image":"","background-repeat":"repeat","background-position":"center center","background-size":"auto","background-attachment":"scroll","background-type":"","background-media":"","overlay-type":"","overlay-color":"","overlay-opacity":"","overlay-gradient":""},"tablet":{"background-color":"","background-image":"","background-repeat":"repeat","background-position":"center center","background-size":"auto","background-attachment":"scroll","background-type":"","background-media":"","overlay-type":"","overlay-color":"","overlay-opacity":"","overlay-gradient":""},"mobile":{"background-color":"","background-image":"","background-repeat":"repeat","background-position":"center center","background-size":"auto","background-attachment":"scroll","background-type":"","background-media":"","overlay-type":"","overlay-color":"","overlay-opacity":"","overlay-gradient":""}},"ast-content-background-meta":{"desktop":{"background-color":"var(--ast-global-color-5)","background-image":"","background-repeat":"repeat","background-position":"center center","background-size":"auto","background-attachment":"scroll","background-type":"","background-media":"","overlay-type":"","overlay-color":"","overlay-opacity":"","overlay-gradient":""},"tablet":{"background-color":"var(--ast-global-color-5)","background-image":"","background-repeat":"repeat","background-position":"center center","background-size":"auto","background-attachment":"scroll","background-type":"","background-media":"","overlay-type":"","overlay-color":"","overlay-opacity":"","overlay-gradient":""},"mobile":{"background-color":"var(--ast-global-color-5)","background-image":"","background-repeat":"repeat","background-position":"center center","background-size":"auto","background-attachment":"scroll","background-type":"","background-media":"","overlay-type":"","overlay-color":"","overlay-opacity":"","overlay-gradient":""}}},"product_brand":[],"product_cat":[451,394,386,415],"product_tag":[],"class_list":{"0":"post-12256","1":"product","2":"type-product","3":"status-publish","4":"has-post-thumbnail","6":"product_cat-kugel-vibratoren","7":"product_cat-sexspielzeug","8":"product_cat-svakom-de","9":"product_cat-vibratoren","10":"product_shipping_class-verfugbar-in-2-3-wochen","11":"desktop-align-center","12":"tablet-align-left","13":"mobile-align-left","14":"ast-product-gallery-layout-horizontal-slider","15":"ast-product-tabs-layout-horizontal","17":"first","18":"instock","19":"taxable","20":"shipping-taxable","21":"purchasable","22":"product-type-simple"},"bundled_by":[],"bundle_stock_status":"instock","bundle_stock_quantity":92,"bundle_virtual":false,"bundle_layout":"","bundle_add_to_cart_form_location":"","bundle_editable_in_cart":false,"bundle_sold_individually_context":"","bundle_item_grouping":"","bundle_min_size":"","bundle_max_size":"","bundle_price":[],"bundled_items":[],"bundle_sell_ids":[],"_links":{"self":[{"href":"https:\/\/www.dream-x.ch\/de\/wp-json\/wp\/v2\/product\/12256","targetHints":{"allow":["GET"]}}],"collection":[{"href":"https:\/\/www.dream-x.ch\/de\/wp-json\/wp\/v2\/product"}],"about":[{"href":"https:\/\/www.dream-x.ch\/de\/wp-json\/wp\/v2\/types\/product"}],"replies":[{"embeddable":true,"href":"https:\/\/www.dream-x.ch\/de\/wp-json\/wp\/v2\/comments?post=12256"}],"version-history":[{"count":0,"href":"https:\/\/www.dream-x.ch\/de\/wp-json\/wp\/v2\/product\/12256\/revisions"}],"wp:featuredmedia":[{"embeddable":true,"href":"https:\/\/www.dream-x.ch\/de\/wp-json\/wp\/v2\/media\/7405"}],"wp:attachment":[{"href":"https:\/\/www.dream-x.ch\/de\/wp-json\/wp\/v2\/media?parent=12256"}],"wp:term":[{"taxonomy":"product_brand","embeddable":true,"href":"https:\/\/www.dream-x.ch\/de\/wp-json\/wp\/v2\/product_brand?post=12256"},{"taxonomy":"product_cat","embeddable":true,"href":"https:\/\/www.dream-x.ch\/de\/wp-json\/wp\/v2\/product_cat?post=12256"},{"taxonomy":"product_tag","embeddable":true,"href":"https:\/\/www.dream-x.ch\/de\/wp-json\/wp\/v2\/product_tag?post=12256"}],"curies":[{"name":"wp","href":"https:\/\/api.w.org\/{rel}","templated":true}]}}