{"id":12254,"date":"2022-11-27T12:07:16","date_gmt":"2022-11-27T11:07:16","guid":{"rendered":"https:\/\/www.dream-x.ch\/product\/svakom-emma-neo\/"},"modified":"2024-10-15T12:03:54","modified_gmt":"2024-10-15T11:03:54","slug":"svakom-emma-neo","status":"publish","type":"product","link":"https:\/\/www.dream-x.ch\/de\/product\/svakom-emma-neo\/","title":{"rendered":"Svakom &#8211; Emma Neo"},"content":{"rendered":"<p>F\u00fcr ein sinnliches, interaktives und vielseitiges Vergn\u00fcgen!<br \/>\n<strong>Emma Neo<\/strong> ist ein Massagestab <strong>mit einem gro\u00dfen Massagekopf und einer K\u00f6rpertemperatur-W\u00e4rmefunktion von bis zu 38\u00b0C<\/strong>. Die 6 fl\u00fcsterleisen Vibrationsmodi sind in 5 Intensit\u00e4ten verf\u00fcgbar und k\u00f6nnen am Toy selbst eingestellt werden &#8211; mit dem Svakom Intelligent Mode kann der Benutzer auch einen \u00dcberraschungsmodus w\u00e4hlen. Es kann auch \u00fcber die FeelConnect 3 App mit 3 neuen Hauptfunktionen gesteuert werden: Fernsteuerung (jederzeit und \u00fcberall auf der Welt), Verbindung zu interaktiven 2D-Videos und eine interaktive Webcam-Funktion. Ein weiteres Highlight ist der mitgelieferte zus\u00e4tzliche Massageaufsatz mit langen, flexiblen Kaninchenohren. Es kann mit dem mitgelieferten USB-Kabel aufgeladen werden. Inklusive einer Aufbewahrungstasche.<\/p>\n<p><strong>Farbe<\/strong>: schwarz.<br \/>\n<strong>Ma\u00dfe<\/strong>: Gesamtl\u00e4nge 20,3 cm, L\u00e4nge der Kaninchenohren 8 cm, \u00d8 4,9 cm.<br \/>\n<strong>Gewicht<\/strong>: 285 g.<br \/>\n<strong>Materialien<\/strong>: Silikon, PU, ABS.<br \/>\n<b>R\u00fcckgabe<\/b>: Dieser Artikel kann aus Gesundheits- und Sicherheitsgr\u00fcnden weder zur\u00fcckgegeben noch umgetauscht werden.<\/p>\n","protected":false},"excerpt":{"rendered":"<p>F\u00fcr ein sinnliches, interaktives und vielseitiges Vergn\u00fcgen!<br \/>\n<strong>Emma Neo<\/strong> ist ein Massagestab <strong>mit einem gro\u00dfen Massagekopf und einer K\u00f6rpertemperatur-W\u00e4rmefunktion von bis zu 38\u00b0C<\/strong>. Die 6 fl\u00fcsterleisen Vibrationsmodi sind in 5 Intensit\u00e4ten verf\u00fcgbar und k\u00f6nnen am Toy selbst eingestellt werden &#8211; mit dem Svakom Intelligent Mode kann der Benutzer auch einen \u00dcberraschungsmodus w\u00e4hlen.<\/p>\n","protected":false},"featured_media":7337,"comment_status":"open","ping_status":"closed","template":"","meta":{"site-sidebar-layout":"default","site-content-layout":"default","ast-site-content-layout":"default","site-content-style":"default","site-sidebar-style":"default","ast-global-header-display":"","ast-banner-title-visibility":"","ast-main-header-display":"","ast-hfb-above-header-display":"","ast-hfb-below-header-display":"","ast-hfb-mobile-header-display":"","site-post-title":"","ast-breadcrumbs-content":"","ast-featured-img":"","footer-sml-layout":"","ast-disable-related-posts":"","theme-transparent-header-meta":"default","adv-header-id-meta":"","stick-header-meta":"default","header-above-stick-meta":"","header-main-stick-meta":"","header-below-stick-meta":"","astra-migrate-meta-layouts":"default","ast-page-background-enabled":"default","ast-page-background-meta":{"desktop":{"background-color":"","background-image":"","background-repeat":"repeat","background-position":"center center","background-size":"auto","background-attachment":"scroll","background-type":"","background-media":"","overlay-type":"","overlay-color":"","overlay-opacity":"","overlay-gradient":""},"tablet":{"background-color":"","background-image":"","background-repeat":"repeat","background-position":"center center","background-size":"auto","background-attachment":"scroll","background-type":"","background-media":"","overlay-type":"","overlay-color":"","overlay-opacity":"","overlay-gradient":""},"mobile":{"background-color":"","background-image":"","background-repeat":"repeat","background-position":"center center","background-size":"auto","background-attachment":"scroll","background-type":"","background-media":"","overlay-type":"","overlay-color":"","overlay-opacity":"","overlay-gradient":""}},"ast-content-background-meta":{"desktop":{"background-color":"var(--ast-global-color-5)","background-image":"","background-repeat":"repeat","background-position":"center center","background-size":"auto","background-attachment":"scroll","background-type":"","background-media":"","overlay-type":"","overlay-color":"","overlay-opacity":"","overlay-gradient":""},"tablet":{"background-color":"var(--ast-global-color-5)","background-image":"","background-repeat":"repeat","background-position":"center center","background-size":"auto","background-attachment":"scroll","background-type":"","background-media":"","overlay-type":"","overlay-color":"","overlay-opacity":"","overlay-gradient":""},"mobile":{"background-color":"var(--ast-global-color-5)","background-image":"","background-repeat":"repeat","background-position":"center center","background-size":"auto","background-attachment":"scroll","background-type":"","background-media":"","overlay-type":"","overlay-color":"","overlay-opacity":"","overlay-gradient":""}}},"product_brand":[],"product_cat":[394,418,386,415],"product_tag":[506],"class_list":{"0":"post-12254","1":"product","2":"type-product","3":"status-publish","4":"has-post-thumbnail","6":"product_cat-sexspielzeug","7":"product_cat-stab-vibratoren","8":"product_cat-svakom-de","9":"product_cat-vibratoren","10":"product_tag-stabvibrator","11":"product_shipping_class-verfugbar-in-2-3-wochen","12":"desktop-align-center","13":"tablet-align-left","14":"mobile-align-left","15":"ast-product-gallery-layout-horizontal-slider","16":"ast-product-tabs-layout-horizontal","18":"first","19":"instock","20":"taxable","21":"shipping-taxable","22":"purchasable","23":"product-type-simple"},"bundled_by":[],"bundle_stock_status":"instock","bundle_stock_quantity":1,"bundle_virtual":false,"bundle_layout":"","bundle_add_to_cart_form_location":"","bundle_editable_in_cart":false,"bundle_sold_individually_context":"","bundle_item_grouping":"","bundle_min_size":"","bundle_max_size":"","bundle_price":[],"bundled_items":[],"bundle_sell_ids":[],"_links":{"self":[{"href":"https:\/\/www.dream-x.ch\/de\/wp-json\/wp\/v2\/product\/12254","targetHints":{"allow":["GET"]}}],"collection":[{"href":"https:\/\/www.dream-x.ch\/de\/wp-json\/wp\/v2\/product"}],"about":[{"href":"https:\/\/www.dream-x.ch\/de\/wp-json\/wp\/v2\/types\/product"}],"replies":[{"embeddable":true,"href":"https:\/\/www.dream-x.ch\/de\/wp-json\/wp\/v2\/comments?post=12254"}],"version-history":[{"count":0,"href":"https:\/\/www.dream-x.ch\/de\/wp-json\/wp\/v2\/product\/12254\/revisions"}],"wp:featuredmedia":[{"embeddable":true,"href":"https:\/\/www.dream-x.ch\/de\/wp-json\/wp\/v2\/media\/7337"}],"wp:attachment":[{"href":"https:\/\/www.dream-x.ch\/de\/wp-json\/wp\/v2\/media?parent=12254"}],"wp:term":[{"taxonomy":"product_brand","embeddable":true,"href":"https:\/\/www.dream-x.ch\/de\/wp-json\/wp\/v2\/product_brand?post=12254"},{"taxonomy":"product_cat","embeddable":true,"href":"https:\/\/www.dream-x.ch\/de\/wp-json\/wp\/v2\/product_cat?post=12254"},{"taxonomy":"product_tag","embeddable":true,"href":"https:\/\/www.dream-x.ch\/de\/wp-json\/wp\/v2\/product_tag?post=12254"}],"curies":[{"name":"wp","href":"https:\/\/api.w.org\/{rel}","templated":true}]}}