{"id":12252,"date":"2022-11-27T12:07:17","date_gmt":"2022-11-27T11:07:17","guid":{"rendered":"https:\/\/www.dream-x.ch\/product\/svakom-rotkehlchen-weiss\/"},"modified":"2024-10-15T12:03:51","modified_gmt":"2024-10-15T11:03:51","slug":"svakom-rotkehlchen-weiss","status":"publish","type":"product","link":"https:\/\/www.dream-x.ch\/de\/product\/svakom-rotkehlchen-weiss\/","title":{"rendered":"Svakom &#8211; Rotkehlchen &#8211; Wei\u00df"},"content":{"rendered":"<ul class=\"usp-list\">\n<li class=\"usp-list--element\">Stilvoller Masturbator mit Schutzdeckel<\/li>\n<li class=\"usp-list--element\"><i class=\"icon icon-check usp-list__icon\"><\/i>5 au\u00dfergew\u00f6hnliche Vibrationsmodi<\/li>\n<li class=\"usp-list--element\"><i class=\"icon icon-check usp-list__icon\"><\/i>Mit einer einzigartigen Boost-Funktion<\/li>\n<li class=\"usp-list--element\"><i class=\"icon icon-check usp-list__icon\"><\/i>Abnehmbare weiche H\u00fclle mit stimulierenden Punkten<\/li>\n<li class=\"usp-list--element\"><i class=\"icon icon-check usp-list__icon\"><\/i>LED-Anzeige f\u00fcr Modi und Batteriestand<\/li>\n<li class=\"usp-list--element\"><i class=\"icon icon-check usp-list__icon\"><\/i>Wiederaufladbar &#8211; inkl. USB-Kabel<\/li>\n<\/ul>\n<p>Der Booster f\u00fcr H\u00f6hepunkte im Handumdrehen!<br \/>\n<strong>Hochleistungsmasturbator Robin von Svakom<\/strong>, der den Penis mit 5 intensiven und au\u00dfergew\u00f6hnlichen Vibrationsmodi stimuliert, die Kraft und Bewegung perfekt kombinieren. Au\u00dferdem verf\u00fcgt er \u00fcber eine einzigartige Boost-Funktion, die per Knopfdruck aktiviert werden kann und den Benutzer in k\u00fcrzester Zeit zu einem intensiven H\u00f6hepunkt bringt. Das praktische LED-Display zeigt die verschiedenen Modi und auch den Batteriestand an.<\/p>\n<p>Der Masturbator hat eine weiche, dehnbare H\u00fclle mit Massagepunkten und passt sich jeder Penisgr\u00f6\u00dfe an. Die H\u00fclse kann zur einfachen Reinigung auch abgenommen werden.<\/p>\n<p>Durch sein minimalistisches, stilvolles Design f\u00fcgt sich der Masturbator diskret und unauff\u00e4llig in jedes Interieur ein. Der Deckel sch\u00fctzt ihn au\u00dferdem vor Staub.<\/p>\n<p>Wiederaufladbar &#8211; mit USB-Kabel.<\/p>\n<p><strong>Farbe: <\/strong>wei\u00df.<strong><br \/>\n<\/strong><strong>Abmessungen<\/strong>: Gesamtl\u00e4nge 19,8 cm, Einstecktiefe 16 cm, Innen-\u00d8 2,2 cm (flexibel).<br \/>\n<strong>Gewicht<\/strong>: 550 g.<br \/>\n<strong>Materialien<\/strong>: TPE, ABS, PC, Metall.<br \/>\n<b>R\u00fcckgabe<\/b>: Dieser Artikel kann aus Gesundheits- und Sicherheitsgr\u00fcnden weder zur\u00fcckgegeben noch umgetauscht werden.<\/p>\n","protected":false},"excerpt":{"rendered":"<p>Stilvoller Masturbator mit Schutzdeckel 5 au\u00dfergew\u00f6hnliche Vibrationsmodi Mit einer einzigartigen Boost-Funktion Abnehmbare weiche H\u00fclle mit stimulierenden Punkten LED-Anzeige f\u00fcr Modi und Batteriestand Wiederaufladbar &#8211; inkl. USB-Kabel Der Booster f\u00fcr H\u00f6hepunkte im Handumdrehen! Hochleistungsmasturbator Robin von Svakom, der den Penis mit 5 intensiven und au\u00dfergew\u00f6hnlichen Vibrationsmodi stimuliert, die Kraft und Bewegung perfekt kombinieren. Au\u00dferdem verf\u00fcgt er [&hellip;]<\/p>\n","protected":false},"featured_media":7791,"comment_status":"open","ping_status":"closed","template":"","meta":{"site-sidebar-layout":"default","site-content-layout":"default","ast-site-content-layout":"default","site-content-style":"default","site-sidebar-style":"default","ast-global-header-display":"","ast-banner-title-visibility":"","ast-main-header-display":"","ast-hfb-above-header-display":"","ast-hfb-below-header-display":"","ast-hfb-mobile-header-display":"","site-post-title":"","ast-breadcrumbs-content":"","ast-featured-img":"","footer-sml-layout":"","ast-disable-related-posts":"","theme-transparent-header-meta":"default","adv-header-id-meta":"","stick-header-meta":"default","header-above-stick-meta":"","header-main-stick-meta":"","header-below-stick-meta":"","astra-migrate-meta-layouts":"default","ast-page-background-enabled":"default","ast-page-background-meta":{"desktop":{"background-color":"","background-image":"","background-repeat":"repeat","background-position":"center center","background-size":"auto","background-attachment":"scroll","background-type":"","background-media":"","overlay-type":"","overlay-color":"","overlay-opacity":"","overlay-gradient":""},"tablet":{"background-color":"","background-image":"","background-repeat":"repeat","background-position":"center center","background-size":"auto","background-attachment":"scroll","background-type":"","background-media":"","overlay-type":"","overlay-color":"","overlay-opacity":"","overlay-gradient":""},"mobile":{"background-color":"","background-image":"","background-repeat":"repeat","background-position":"center center","background-size":"auto","background-attachment":"scroll","background-type":"","background-media":"","overlay-type":"","overlay-color":"","overlay-opacity":"","overlay-gradient":""}},"ast-content-background-meta":{"desktop":{"background-color":"var(--ast-global-color-5)","background-image":"","background-repeat":"repeat","background-position":"center center","background-size":"auto","background-attachment":"scroll","background-type":"","background-media":"","overlay-type":"","overlay-color":"","overlay-opacity":"","overlay-gradient":""},"tablet":{"background-color":"var(--ast-global-color-5)","background-image":"","background-repeat":"repeat","background-position":"center center","background-size":"auto","background-attachment":"scroll","background-type":"","background-media":"","overlay-type":"","overlay-color":"","overlay-opacity":"","overlay-gradient":""},"mobile":{"background-color":"var(--ast-global-color-5)","background-image":"","background-repeat":"repeat","background-position":"center center","background-size":"auto","background-attachment":"scroll","background-type":"","background-media":"","overlay-type":"","overlay-color":"","overlay-opacity":"","overlay-gradient":""}}},"product_brand":[],"product_cat":[396,394,395,386],"product_tag":[],"class_list":{"0":"post-12252","1":"product","2":"type-product","3":"status-publish","4":"has-post-thumbnail","6":"product_cat-mannliche-masturbatoren","7":"product_cat-sexspielzeug","8":"product_cat-sexspielzeug-fur-manner","9":"product_cat-svakom-de","10":"desktop-align-center","11":"tablet-align-left","12":"mobile-align-left","13":"ast-product-gallery-layout-horizontal-slider","14":"ast-product-tabs-layout-horizontal","16":"first","17":"outofstock","18":"taxable","19":"shipping-taxable","20":"purchasable","21":"product-type-simple"},"bundled_by":[],"bundle_stock_status":"outofstock","bundle_stock_quantity":0,"bundle_virtual":false,"bundle_layout":"","bundle_add_to_cart_form_location":"","bundle_editable_in_cart":false,"bundle_sold_individually_context":"","bundle_item_grouping":"","bundle_min_size":"","bundle_max_size":"","bundle_price":[],"bundled_items":[],"bundle_sell_ids":[],"_links":{"self":[{"href":"https:\/\/www.dream-x.ch\/de\/wp-json\/wp\/v2\/product\/12252","targetHints":{"allow":["GET"]}}],"collection":[{"href":"https:\/\/www.dream-x.ch\/de\/wp-json\/wp\/v2\/product"}],"about":[{"href":"https:\/\/www.dream-x.ch\/de\/wp-json\/wp\/v2\/types\/product"}],"replies":[{"embeddable":true,"href":"https:\/\/www.dream-x.ch\/de\/wp-json\/wp\/v2\/comments?post=12252"}],"version-history":[{"count":0,"href":"https:\/\/www.dream-x.ch\/de\/wp-json\/wp\/v2\/product\/12252\/revisions"}],"wp:featuredmedia":[{"embeddable":true,"href":"https:\/\/www.dream-x.ch\/de\/wp-json\/wp\/v2\/media\/7791"}],"wp:attachment":[{"href":"https:\/\/www.dream-x.ch\/de\/wp-json\/wp\/v2\/media?parent=12252"}],"wp:term":[{"taxonomy":"product_brand","embeddable":true,"href":"https:\/\/www.dream-x.ch\/de\/wp-json\/wp\/v2\/product_brand?post=12252"},{"taxonomy":"product_cat","embeddable":true,"href":"https:\/\/www.dream-x.ch\/de\/wp-json\/wp\/v2\/product_cat?post=12252"},{"taxonomy":"product_tag","embeddable":true,"href":"https:\/\/www.dream-x.ch\/de\/wp-json\/wp\/v2\/product_tag?post=12252"}],"curies":[{"name":"wp","href":"https:\/\/api.w.org\/{rel}","templated":true}]}}