{"id":12250,"date":"2022-11-27T12:07:17","date_gmt":"2022-11-27T11:07:17","guid":{"rendered":"https:\/\/www.dream-x.ch\/product\/svakom-tulpe-schwarz\/"},"modified":"2024-10-15T12:03:51","modified_gmt":"2024-10-15T11:03:51","slug":"svakom-tulpe-schwarz","status":"publish","type":"product","link":"https:\/\/www.dream-x.ch\/de\/product\/svakom-tulpe-schwarz\/","title":{"rendered":"Svakom &#8211; Tulpe &#8211; Schwarz"},"content":{"rendered":"<ul class=\"usp-list\">\n<li class=\"usp-list--element\">Leistungsstarker Mini-Vibrator &#8211; passt in jede Tasche<\/li>\n<li class=\"usp-list--element\"><i class=\"icon icon-check usp-list__icon\"><\/i>10 Vibrationsmodi (Steuerung \u00fcber eine Taste)<\/li>\n<li class=\"usp-list--element\"><i class=\"icon icon-check usp-list__icon\"><\/i>Wasserdicht<\/li>\n<li class=\"usp-list--element\"><i class=\"icon icon-check usp-list__icon\"><\/i>Intensive, stimulierende Rillen<\/li>\n<li class=\"usp-list--element\"><i class=\"icon icon-check usp-list__icon\"><\/i>\u00c4u\u00dferst weiches Silikon<\/li>\n<li class=\"usp-list--element\"><i class=\"icon icon-check usp-list__icon\"><\/i>Einsteigerfreundlich<\/li>\n<li class=\"usp-list--element\"><i class=\"icon icon-check usp-list__icon\"><\/i>Wiederaufladbar &#8211; inkl. USB-Kabel<\/li>\n<\/ul>\n<p>Der wasserdichte Kleine f\u00fcr unterwegs!<br \/>\n<strong>Leistungsstarker Bullet-Vibrator Tulip von Svakom<\/strong> mit kurvigem und gerilltem Design. Der Silikonvibrator ist klein, kompakt, leistungsstark, extrem weich und sehr angenehm in der Hand &#8211; er passt auch in jede Tasche! Das extrem stimulierende, anf\u00e4ngerfreundliche Leichtgewicht l\u00e4sst sich f\u00fcr zus\u00e4tzliches Vergn\u00fcgen in jede Art von Solo- oder Partnerspiel integrieren.<\/p>\n<p>10 kraftvolle Vibrationsmodi sorgen f\u00fcr eine abwechslungsreiche Stimulation innerer und \u00e4u\u00dferer Lustpunkte und k\u00f6nnen ganz einfach per Knopfdruck gesteuert werden. Tulip ist wasserfest und kann auch in der Badewanne oder unter der Dusche verwendet werden.<\/p>\n<p>Wiederaufladbar &#8211; mit USB-Kabel und Aufbewahrungstasche.<\/p>\n<p><strong>Farbe: <\/strong>schwarz.<strong><br \/>\n<\/strong><strong>Abmessungen<\/strong>: Gesamtl\u00e4nge 10,6 cm, \u00d8 max. 2,6 cm<br \/>\n<strong>Gewicht<\/strong>: 42 g.<br \/>\n<strong>Materialien<\/strong>: Silikon, PU.<br \/>\n<b>R\u00fcckgabe<\/b>: Dieser Artikel kann aus Gesundheits- und Sicherheitsgr\u00fcnden weder zur\u00fcckgegeben noch umgetauscht werden.<\/p>\n","protected":false},"excerpt":{"rendered":"<p>Der wasserdichte Kleine f\u00fcr unterwegs!<br \/>\n<strong>Leistungsstarker Bullet-Vibrator Tulip von Svakom<\/strong> mit kurvigem und gerilltem Design. Der Silikonvibrator ist klein, kompakt, leistungsstark, extrem weich und sehr angenehm in der Hand &#8211; er passt auch in jede Tasche! Das extrem stimulierende, anf\u00e4ngerfreundliche Leichtgewicht l\u00e4sst sich f\u00fcr zus\u00e4tzliches Vergn\u00fcgen in jede Art von Solo- oder Partnerspiel integrieren.<\/p>\n","protected":false},"featured_media":7546,"comment_status":"open","ping_status":"closed","template":"","meta":{"site-sidebar-layout":"default","site-content-layout":"default","ast-site-content-layout":"default","site-content-style":"default","site-sidebar-style":"default","ast-global-header-display":"","ast-banner-title-visibility":"","ast-main-header-display":"","ast-hfb-above-header-display":"","ast-hfb-below-header-display":"","ast-hfb-mobile-header-display":"","site-post-title":"","ast-breadcrumbs-content":"","ast-featured-img":"","footer-sml-layout":"","ast-disable-related-posts":"","theme-transparent-header-meta":"default","adv-header-id-meta":"","stick-header-meta":"default","header-above-stick-meta":"","header-main-stick-meta":"","header-below-stick-meta":"","astra-migrate-meta-layouts":"default","ast-page-background-enabled":"default","ast-page-background-meta":{"desktop":{"background-color":"","background-image":"","background-repeat":"repeat","background-position":"center center","background-size":"auto","background-attachment":"scroll","background-type":"","background-media":"","overlay-type":"","overlay-color":"","overlay-opacity":"","overlay-gradient":""},"tablet":{"background-color":"","background-image":"","background-repeat":"repeat","background-position":"center center","background-size":"auto","background-attachment":"scroll","background-type":"","background-media":"","overlay-type":"","overlay-color":"","overlay-opacity":"","overlay-gradient":""},"mobile":{"background-color":"","background-image":"","background-repeat":"repeat","background-position":"center center","background-size":"auto","background-attachment":"scroll","background-type":"","background-media":"","overlay-type":"","overlay-color":"","overlay-opacity":"","overlay-gradient":""}},"ast-content-background-meta":{"desktop":{"background-color":"var(--ast-global-color-5)","background-image":"","background-repeat":"repeat","background-position":"center center","background-size":"auto","background-attachment":"scroll","background-type":"","background-media":"","overlay-type":"","overlay-color":"","overlay-opacity":"","overlay-gradient":""},"tablet":{"background-color":"var(--ast-global-color-5)","background-image":"","background-repeat":"repeat","background-position":"center center","background-size":"auto","background-attachment":"scroll","background-type":"","background-media":"","overlay-type":"","overlay-color":"","overlay-opacity":"","overlay-gradient":""},"mobile":{"background-color":"var(--ast-global-color-5)","background-image":"","background-repeat":"repeat","background-position":"center center","background-size":"auto","background-attachment":"scroll","background-type":"","background-media":"","overlay-type":"","overlay-color":"","overlay-opacity":"","overlay-gradient":""}}},"product_brand":[],"product_cat":[451,409,394,386,415],"product_tag":[503],"class_list":{"0":"post-12250","1":"product","2":"type-product","3":"status-publish","4":"has-post-thumbnail","6":"product_cat-kugel-vibratoren","7":"product_cat-mini-vibratoren","8":"product_cat-sexspielzeug","9":"product_cat-svakom-de","10":"product_cat-vibratoren","11":"product_tag-minivibrator","12":"product_shipping_class-verfugbar-in-2-3-wochen","13":"desktop-align-center","14":"tablet-align-left","15":"mobile-align-left","16":"ast-product-gallery-layout-horizontal-slider","17":"ast-product-tabs-layout-horizontal","19":"first","20":"outofstock","21":"taxable","22":"shipping-taxable","23":"purchasable","24":"product-type-simple"},"bundled_by":[],"bundle_stock_status":"outofstock","bundle_stock_quantity":0,"bundle_virtual":false,"bundle_layout":"","bundle_add_to_cart_form_location":"","bundle_editable_in_cart":false,"bundle_sold_individually_context":"","bundle_item_grouping":"","bundle_min_size":"","bundle_max_size":"","bundle_price":[],"bundled_items":[],"bundle_sell_ids":[],"_links":{"self":[{"href":"https:\/\/www.dream-x.ch\/de\/wp-json\/wp\/v2\/product\/12250","targetHints":{"allow":["GET"]}}],"collection":[{"href":"https:\/\/www.dream-x.ch\/de\/wp-json\/wp\/v2\/product"}],"about":[{"href":"https:\/\/www.dream-x.ch\/de\/wp-json\/wp\/v2\/types\/product"}],"replies":[{"embeddable":true,"href":"https:\/\/www.dream-x.ch\/de\/wp-json\/wp\/v2\/comments?post=12250"}],"version-history":[{"count":0,"href":"https:\/\/www.dream-x.ch\/de\/wp-json\/wp\/v2\/product\/12250\/revisions"}],"wp:featuredmedia":[{"embeddable":true,"href":"https:\/\/www.dream-x.ch\/de\/wp-json\/wp\/v2\/media\/7546"}],"wp:attachment":[{"href":"https:\/\/www.dream-x.ch\/de\/wp-json\/wp\/v2\/media?parent=12250"}],"wp:term":[{"taxonomy":"product_brand","embeddable":true,"href":"https:\/\/www.dream-x.ch\/de\/wp-json\/wp\/v2\/product_brand?post=12250"},{"taxonomy":"product_cat","embeddable":true,"href":"https:\/\/www.dream-x.ch\/de\/wp-json\/wp\/v2\/product_cat?post=12250"},{"taxonomy":"product_tag","embeddable":true,"href":"https:\/\/www.dream-x.ch\/de\/wp-json\/wp\/v2\/product_tag?post=12250"}],"curies":[{"name":"wp","href":"https:\/\/api.w.org\/{rel}","templated":true}]}}