{"id":12248,"date":"2022-11-27T12:07:17","date_gmt":"2022-11-27T11:07:17","guid":{"rendered":"https:\/\/www.dream-x.ch\/product\/svakom-iker-schwarz\/"},"modified":"2024-10-15T12:03:52","modified_gmt":"2024-10-15T11:03:52","slug":"svakom-iker-schwarz","status":"publish","type":"product","link":"https:\/\/www.dream-x.ch\/de\/product\/svakom-iker-schwarz\/","title":{"rendered":"Svakom &#8211; Iker &#8211; Schwarz"},"content":{"rendered":"<ul class=\"usp-list\">\n<li class=\"usp-list--element\">Flexibler (Anal-)Vibrator mit 2 Motoren<\/li>\n<li class=\"usp-list--element\"><i class=\"icon icon-check usp-list__icon\"><\/i>Kann per App oder am Spielzeug selbst gesteuert werden<\/li>\n<li class=\"usp-list--element\"><i class=\"icon icon-check usp-list__icon\"><\/i>5 Vibrationsmodi<\/li>\n<li class=\"usp-list--element\"><i class=\"icon icon-check usp-list__icon\"><\/i>5 pulsierende Klopfmodi im Schacht<\/li>\n<li class=\"usp-list--element\"><i class=\"icon icon-check usp-list__icon\"><\/i>Mit einer LED-Leuchte<\/li>\n<li class=\"usp-list--element\"><i class=\"icon icon-check usp-list__icon\"><\/i>Stimuliert P-Punkt und Damm gleichzeitig<\/li>\n<li class=\"usp-list--element\"><i class=\"icon icon-check usp-list__icon\"><\/i>Auch f\u00fcr G-Punkt und Klitoris geeignet<\/li>\n<li class=\"usp-list--element\"><i class=\"icon icon-check usp-list__icon\"><\/i>Wasserdicht, inklusive USB-Kabel<\/li>\n<\/ul>\n<p>App-gesteuertes Rundumvergn\u00fcgen!<br \/>\nWasserdichter (Anal-) <strong>Vibrator Iker von Svakom<\/strong> in einem ergonomischen Design, das sich flexibel an die jeweilige Anatomie anpasst, um Prostata und Perineum oder G-Punkt und Klitoris gleichzeitig zu stimulieren.<\/p>\n<p>Er hat 2 leise Motoren und stimuliert mit 5 Vibrationsmodi an einem Ende und 5 pulsierenden Klopfmodi am anderen Ende (einf\u00fchrbarer Schaft). Alle Funktionen lassen sich einfach \u00fcber die Tasten am Toy oder jederzeit und \u00fcberall \u00fcber die Svakom-App steuern &#8211; auch von einem Partner. Die LED-Anzeige auf dem Spielzeug leuchtet ebenfalls auf und bietet ein visuelles Erlebnis, das mit den Vibrationsrhythmen synchronisiert ist.<\/p>\n<p>Es kann mit dem mitgelieferten magnetischen USB-Ladeger\u00e4t wieder aufgeladen werden.<br \/>\nInklusive einer Aufbewahrungstasche.<\/p>\n<p><strong>Farbe: <\/strong>schwarz.<strong><br \/>\n<\/strong><strong>Abmessungen<\/strong>: 13,5 x 10,1 x 3,6 cm.<br \/>\n<strong>Gewicht<\/strong>: 138 g.<br \/>\n<strong>Materialien<\/strong>: Silikon, ABS, PC, Metall.<br \/>\n<b>R\u00fcckgabe<\/b>: Dieser Artikel kann aus Gesundheits- und Sicherheitsgr\u00fcnden weder zur\u00fcckgegeben noch umgetauscht werden.<\/p>\n","protected":false},"excerpt":{"rendered":"<p>App-gesteuertes Rundumvergn\u00fcgen!<br \/>\nWasserdichter (Anal-) <strong>Vibrator Iker von Svakom<\/strong> in einem ergonomischen Design, das sich flexibel an die jeweilige Anatomie anpasst, um Prostata und Perineum oder G-Punkt und Klitoris gleichzeitig zu stimulieren.<\/p>\n","protected":false},"featured_media":7676,"comment_status":"open","ping_status":"closed","template":"","meta":{"site-sidebar-layout":"default","site-content-layout":"default","ast-site-content-layout":"default","site-content-style":"default","site-sidebar-style":"default","ast-global-header-display":"","ast-banner-title-visibility":"","ast-main-header-display":"","ast-hfb-above-header-display":"","ast-hfb-below-header-display":"","ast-hfb-mobile-header-display":"","site-post-title":"","ast-breadcrumbs-content":"","ast-featured-img":"","footer-sml-layout":"","ast-disable-related-posts":"","theme-transparent-header-meta":"default","adv-header-id-meta":"","stick-header-meta":"default","header-above-stick-meta":"","header-main-stick-meta":"","header-below-stick-meta":"","astra-migrate-meta-layouts":"default","ast-page-background-enabled":"default","ast-page-background-meta":{"desktop":{"background-color":"","background-image":"","background-repeat":"repeat","background-position":"center center","background-size":"auto","background-attachment":"scroll","background-type":"","background-media":"","overlay-type":"","overlay-color":"","overlay-opacity":"","overlay-gradient":""},"tablet":{"background-color":"","background-image":"","background-repeat":"repeat","background-position":"center center","background-size":"auto","background-attachment":"scroll","background-type":"","background-media":"","overlay-type":"","overlay-color":"","overlay-opacity":"","overlay-gradient":""},"mobile":{"background-color":"","background-image":"","background-repeat":"repeat","background-position":"center center","background-size":"auto","background-attachment":"scroll","background-type":"","background-media":"","overlay-type":"","overlay-color":"","overlay-opacity":"","overlay-gradient":""}},"ast-content-background-meta":{"desktop":{"background-color":"var(--ast-global-color-5)","background-image":"","background-repeat":"repeat","background-position":"center center","background-size":"auto","background-attachment":"scroll","background-type":"","background-media":"","overlay-type":"","overlay-color":"","overlay-opacity":"","overlay-gradient":""},"tablet":{"background-color":"var(--ast-global-color-5)","background-image":"","background-repeat":"repeat","background-position":"center center","background-size":"auto","background-attachment":"scroll","background-type":"","background-media":"","overlay-type":"","overlay-color":"","overlay-opacity":"","overlay-gradient":""},"mobile":{"background-color":"var(--ast-global-color-5)","background-image":"","background-repeat":"repeat","background-position":"center center","background-size":"auto","background-attachment":"scroll","background-type":"","background-media":"","overlay-type":"","overlay-color":"","overlay-opacity":"","overlay-gradient":""}}},"product_brand":[],"product_cat":[432,430,398,397,444,394,395,386,415],"product_tag":[],"class_list":{"0":"post-12248","1":"product","2":"type-product","3":"status-publish","4":"has-post-thumbnail","6":"product_cat-anal-vibratoren","7":"product_cat-analspielzeug","8":"product_cat-g-punkt-vibratoren","9":"product_cat-klitoris-vibrator","10":"product_cat-manner-vibratoren","11":"product_cat-sexspielzeug","12":"product_cat-sexspielzeug-fur-manner","13":"product_cat-svakom-de","14":"product_cat-vibratoren","15":"product_shipping_class-verfugbar-in-2-3-wochen","16":"desktop-align-center","17":"tablet-align-left","18":"mobile-align-left","19":"ast-product-gallery-layout-horizontal-slider","20":"ast-product-tabs-layout-horizontal","22":"first","23":"instock","24":"taxable","25":"shipping-taxable","26":"purchasable","27":"product-type-simple"},"bundled_by":[],"bundle_stock_status":"instock","bundle_stock_quantity":3,"bundle_virtual":false,"bundle_layout":"","bundle_add_to_cart_form_location":"","bundle_editable_in_cart":false,"bundle_sold_individually_context":"","bundle_item_grouping":"","bundle_min_size":"","bundle_max_size":"","bundle_price":[],"bundled_items":[],"bundle_sell_ids":[],"_links":{"self":[{"href":"https:\/\/www.dream-x.ch\/de\/wp-json\/wp\/v2\/product\/12248","targetHints":{"allow":["GET"]}}],"collection":[{"href":"https:\/\/www.dream-x.ch\/de\/wp-json\/wp\/v2\/product"}],"about":[{"href":"https:\/\/www.dream-x.ch\/de\/wp-json\/wp\/v2\/types\/product"}],"replies":[{"embeddable":true,"href":"https:\/\/www.dream-x.ch\/de\/wp-json\/wp\/v2\/comments?post=12248"}],"version-history":[{"count":0,"href":"https:\/\/www.dream-x.ch\/de\/wp-json\/wp\/v2\/product\/12248\/revisions"}],"wp:featuredmedia":[{"embeddable":true,"href":"https:\/\/www.dream-x.ch\/de\/wp-json\/wp\/v2\/media\/7676"}],"wp:attachment":[{"href":"https:\/\/www.dream-x.ch\/de\/wp-json\/wp\/v2\/media?parent=12248"}],"wp:term":[{"taxonomy":"product_brand","embeddable":true,"href":"https:\/\/www.dream-x.ch\/de\/wp-json\/wp\/v2\/product_brand?post=12248"},{"taxonomy":"product_cat","embeddable":true,"href":"https:\/\/www.dream-x.ch\/de\/wp-json\/wp\/v2\/product_cat?post=12248"},{"taxonomy":"product_tag","embeddable":true,"href":"https:\/\/www.dream-x.ch\/de\/wp-json\/wp\/v2\/product_tag?post=12248"}],"curies":[{"name":"wp","href":"https:\/\/api.w.org\/{rel}","templated":true}]}}