{"id":12247,"date":"2022-11-27T12:07:23","date_gmt":"2022-11-27T11:07:23","guid":{"rendered":"https:\/\/www.dream-x.ch\/product\/svakom-benedikt-schwarz\/"},"modified":"2024-10-15T12:03:48","modified_gmt":"2024-10-15T11:03:48","slug":"svakom-benedikt-schwarz","status":"publish","type":"product","link":"https:\/\/www.dream-x.ch\/de\/product\/svakom-benedikt-schwarz\/","title":{"rendered":"Svakom &#8211; Benedikt &#8211; Schwarz"},"content":{"rendered":"<ul class=\"usp-list\">\n<li class=\"usp-list--element\">Cock\/Ball Ring mit Dammvibrator<\/li>\n<li class=\"usp-list--element\"><i class=\"icon icon-check usp-list__icon\"><\/i>5 Vibrationsmodi in 5 Intensit\u00e4ten<\/li>\n<li class=\"usp-list--element\"><i class=\"icon icon-check usp-list__icon\"><\/i>Hergestellt aus weichem und flexiblem Silikon<\/li>\n<li class=\"usp-list--element\"><i class=\"icon icon-check usp-list__icon\"><\/i>Wasserdicht<\/li>\n<li class=\"usp-list--element\"><i class=\"icon icon-check usp-list__icon\"><\/i>Wiederaufladbar &#8211; inkl. magnetisches USB-Kabel<\/li>\n<\/ul>\n<p>Der zus\u00e4tzliche Nervenkitzel beim Liebesspiel!<br \/>\nDer <strong>Benedict<\/strong> von Svakom ist ein kombinierter Penis- und Hodenring mit einem Dammvibrator, der eine wundersch\u00f6ne anatomische Form hat. Der Ring und der Vibrator passen perfekt. Es ist au\u00dferdem sehr biegsam und flexibel, was bedeutet, dass es auch bequem zu tragen ist. Durch die enge Passform kann er die Erektion f\u00fcr eine lang anhaltende Leistung beim Sex unterst\u00fctzen. Die tiefen Vibrationen des Dammvibrators stimulieren gleichzeitig den Damm (zwischen Anus und Hodensack), so dass die Person, die ihn benutzt, intensive H\u00f6hepunkte erleben kann!<\/p>\n<p>Ein kraftvoller, aber leiser Motor bietet 5 verschiedene Vibrationsmodi in 5 Intensit\u00e4ten, die einzeln und gemeinsam per Knopfdruck gesteuert werden k\u00f6nnen. Benedict kann auch unter Wasser verwendet werden, da er wasserdicht ist! Durch das samtweiche, hautfreundliche Silikon l\u00e4sst er sich leicht aufsetzen und passt sich jeder Penisgr\u00f6\u00dfe und -form an.<\/p>\n<p>Es kann mit dem mitgelieferten magnetischen USB-Kabel wieder aufgeladen werden.<\/p>\n<p><strong>Farbe: <\/strong>schwarz<strong><br \/>\nMa\u00dfe<\/strong>: 11,4 cm x 5,4 cm x 6,2 cm. Cockring \u00d8 3,5 cm, Kugelring \u00d8 4,2 cm<br \/>\n<strong>Gewicht<\/strong>: 63 g.<br \/>\n<strong>Materialien<\/strong>: Silikon, ABS.<br \/>\n<b>R\u00fcckgabe<\/b>: Dieser Artikel kann aus Gesundheits- und Sicherheitsgr\u00fcnden weder zur\u00fcckgegeben noch umgetauscht werden.<\/p>\n","protected":false},"excerpt":{"rendered":"<p>Der zus\u00e4tzliche Nervenkitzel beim Liebesspiel!<br \/>\nDer <strong>Benedict<\/strong> von Svakom ist ein kombinierter Penis- und Hodenring mit einem Dammvibrator, der eine wundersch\u00f6ne anatomische Form hat. Der Ring und der Vibrator passen perfekt. Es ist au\u00dferdem sehr biegsam und flexibel, was bedeutet, dass es auch bequem zu tragen ist. Durch die enge Passform kann er die Erektion f\u00fcr eine lang anhaltende Leistung beim Sex unterst\u00fctzen. Die tiefen Vibrationen des Dammvibrators stimulieren gleichzeitig den Damm (zwischen Anus und Hodensack), so dass die Person, die ihn benutzt, intensive H\u00f6hepunkte erleben kann!<\/p>\n","protected":false},"featured_media":8417,"comment_status":"open","ping_status":"closed","template":"","meta":{"site-sidebar-layout":"default","site-content-layout":"default","ast-site-content-layout":"default","site-content-style":"default","site-sidebar-style":"default","ast-global-header-display":"","ast-banner-title-visibility":"","ast-main-header-display":"","ast-hfb-above-header-display":"","ast-hfb-below-header-display":"","ast-hfb-mobile-header-display":"","site-post-title":"","ast-breadcrumbs-content":"","ast-featured-img":"","footer-sml-layout":"","ast-disable-related-posts":"","theme-transparent-header-meta":"default","adv-header-id-meta":"","stick-header-meta":"default","header-above-stick-meta":"","header-main-stick-meta":"","header-below-stick-meta":"","astra-migrate-meta-layouts":"default","ast-page-background-enabled":"default","ast-page-background-meta":{"desktop":{"background-color":"","background-image":"","background-repeat":"repeat","background-position":"center center","background-size":"auto","background-attachment":"scroll","background-type":"","background-media":"","overlay-type":"","overlay-color":"","overlay-opacity":"","overlay-gradient":""},"tablet":{"background-color":"","background-image":"","background-repeat":"repeat","background-position":"center center","background-size":"auto","background-attachment":"scroll","background-type":"","background-media":"","overlay-type":"","overlay-color":"","overlay-opacity":"","overlay-gradient":""},"mobile":{"background-color":"","background-image":"","background-repeat":"repeat","background-position":"center center","background-size":"auto","background-attachment":"scroll","background-type":"","background-media":"","overlay-type":"","overlay-color":"","overlay-opacity":"","overlay-gradient":""}},"ast-content-background-meta":{"desktop":{"background-color":"var(--ast-global-color-5)","background-image":"","background-repeat":"repeat","background-position":"center center","background-size":"auto","background-attachment":"scroll","background-type":"","background-media":"","overlay-type":"","overlay-color":"","overlay-opacity":"","overlay-gradient":""},"tablet":{"background-color":"var(--ast-global-color-5)","background-image":"","background-repeat":"repeat","background-position":"center center","background-size":"auto","background-attachment":"scroll","background-type":"","background-media":"","overlay-type":"","overlay-color":"","overlay-opacity":"","overlay-gradient":""},"mobile":{"background-color":"var(--ast-global-color-5)","background-image":"","background-repeat":"repeat","background-position":"center center","background-size":"auto","background-attachment":"scroll","background-type":"","background-media":"","overlay-type":"","overlay-color":"","overlay-opacity":"","overlay-gradient":""}}},"product_brand":[],"product_cat":[444,449,443,395,446,386],"product_tag":[500],"class_list":{"0":"post-12247","1":"product","2":"type-product","3":"status-publish","4":"has-post-thumbnail","6":"product_cat-manner-vibratoren","7":"product_cat-ringe-manschetten","8":"product_cat-schwanz-ringe","9":"product_cat-sexspielzeug-fur-manner","10":"product_cat-sexspielzeug-fur-paare","11":"product_cat-svakom-de","12":"product_tag-cockring","13":"product_shipping_class-verfugbar-in-2-3-wochen","14":"desktop-align-center","15":"tablet-align-left","16":"mobile-align-left","17":"ast-product-gallery-layout-horizontal-slider","18":"ast-product-tabs-layout-horizontal","20":"first","21":"instock","22":"taxable","23":"shipping-taxable","24":"purchasable","25":"product-type-simple"},"bundled_by":[],"bundle_stock_status":"instock","bundle_stock_quantity":100,"bundle_virtual":false,"bundle_layout":"","bundle_add_to_cart_form_location":"","bundle_editable_in_cart":false,"bundle_sold_individually_context":"","bundle_item_grouping":"","bundle_min_size":"","bundle_max_size":"","bundle_price":[],"bundled_items":[],"bundle_sell_ids":[],"_links":{"self":[{"href":"https:\/\/www.dream-x.ch\/de\/wp-json\/wp\/v2\/product\/12247","targetHints":{"allow":["GET"]}}],"collection":[{"href":"https:\/\/www.dream-x.ch\/de\/wp-json\/wp\/v2\/product"}],"about":[{"href":"https:\/\/www.dream-x.ch\/de\/wp-json\/wp\/v2\/types\/product"}],"replies":[{"embeddable":true,"href":"https:\/\/www.dream-x.ch\/de\/wp-json\/wp\/v2\/comments?post=12247"}],"version-history":[{"count":0,"href":"https:\/\/www.dream-x.ch\/de\/wp-json\/wp\/v2\/product\/12247\/revisions"}],"wp:featuredmedia":[{"embeddable":true,"href":"https:\/\/www.dream-x.ch\/de\/wp-json\/wp\/v2\/media\/8417"}],"wp:attachment":[{"href":"https:\/\/www.dream-x.ch\/de\/wp-json\/wp\/v2\/media?parent=12247"}],"wp:term":[{"taxonomy":"product_brand","embeddable":true,"href":"https:\/\/www.dream-x.ch\/de\/wp-json\/wp\/v2\/product_brand?post=12247"},{"taxonomy":"product_cat","embeddable":true,"href":"https:\/\/www.dream-x.ch\/de\/wp-json\/wp\/v2\/product_cat?post=12247"},{"taxonomy":"product_tag","embeddable":true,"href":"https:\/\/www.dream-x.ch\/de\/wp-json\/wp\/v2\/product_tag?post=12247"}],"curies":[{"name":"wp","href":"https:\/\/api.w.org\/{rel}","templated":true}]}}