{"id":12246,"date":"2022-11-27T12:07:23","date_gmt":"2022-11-27T11:07:23","guid":{"rendered":"https:\/\/www.dream-x.ch\/product\/svakom-ella-neo-rosa\/"},"modified":"2024-10-15T12:03:49","modified_gmt":"2024-10-15T11:03:49","slug":"svakom-ella-neo-rosa","status":"publish","type":"product","link":"https:\/\/www.dream-x.ch\/de\/product\/svakom-ella-neo-rosa\/","title":{"rendered":"Svakom &#8211; Ella Neo &#8211; Rosa"},"content":{"rendered":"<ul class=\"usp-list\">\n<li class=\"usp-list--element\">Vibro-Bullet mit 11 leisen Vibrationsmodi<\/li>\n<li class=\"usp-list--element\"><i class=\"icon icon-check usp-list__icon\"><\/i>Svakom-Modus f\u00fcr \u00fcberraschende Vibrationen<\/li>\n<li class=\"usp-list--element\"><i class=\"icon icon-check usp-list__icon\"><\/i>Es kann \u00fcber die App oder das Spielzeug selbst gesteuert werden<\/li>\n<li class=\"usp-list--element\"><i class=\"icon icon-check usp-list__icon\"><\/i>Interaktive Videofunktion<\/li>\n<li class=\"usp-list--element\"><i class=\"icon icon-check usp-list__icon\"><\/i>Interaktive Webcam-Funktion<\/li>\n<li class=\"usp-list--element\"><i class=\"icon icon-check usp-list__icon\"><\/i>Wiederaufladbar &#8211; inkl. ein USB-Kabel<\/li>\n<li class=\"usp-list--element\"><i class=\"icon icon-check usp-list__icon\"><\/i>Inklusive einer Aufbewahrungstasche<\/li>\n<\/ul>\n<p>Interaktives Vibro-Ball-Vergn\u00fcgen!<br \/>\nDer <strong>Vibro-Ball Ella Neo &#8211; pink von Svakom<\/strong> ist perfekt f\u00fcr die interne und externe Stimulation. Die 11 leisen und vielf\u00e4ltigen Vibrationsmodi lassen sich einfach mit dem Knopf am Ende des R\u00fcckholbands steuern &#8211; es gibt auch einen Svakom-Modus f\u00fcr \u00fcberraschende, zuf\u00e4llig ausgew\u00e4hlte Vibrationen. Es kann auch \u00fcber die FeelConnect-3-App gesteuert werden, die 3 neue Hauptfunktionen hat: Fernsteuerung (jederzeit und \u00fcberall auf der Welt), es kann mit interaktiven 2D-Videos verbunden werden und es hat auch eine interaktive Webcam-Funktion.<\/p>\n<p>Es kann mit dem mitgelieferten USB-Kabel aufgeladen werden. Inklusive einer Aufbewahrungstasche.<\/p>\n<p><strong>Farbe: <\/strong>rosa.<strong><br \/>\n<\/strong><strong>Abmessungen<\/strong>: Gesamtl\u00e4nge 21 cm, Einf\u00fchrl\u00e4nge 8,3 cm, \u00d8 3,3 cm.<br \/>\n<strong>Gewicht<\/strong>: 60 g.<br \/>\n<strong>Materialien<\/strong>: Silikon, PU, ABS.<br \/>\n<b>R\u00fcckgabe<\/b>: Dieser Artikel kann aus Gesundheits- und Sicherheitsgr\u00fcnden weder zur\u00fcckgegeben noch umgetauscht werden.<\/p>\n","protected":false},"excerpt":{"rendered":"<p>Interaktives Vibro-Ball-Vergn\u00fcgen!<br \/>\nDer <strong>Vibro-Ball Ella Neo &#8211; pink von Svakom<\/strong> ist perfekt f\u00fcr die interne und externe Stimulation. Die 11 leisen und vielf\u00e4ltigen Vibrationsmodi lassen sich einfach mit dem Knopf am Ende des R\u00fcckholbands steuern &#8211; es gibt auch einen Svakom-Modus f\u00fcr \u00fcberraschende, zuf\u00e4llig ausgew\u00e4hlte Vibrationen. Es kann auch \u00fcber die FeelConnect-3-App gesteuert werden, die 3 neue Hauptfunktionen hat: Fernsteuerung (jederzeit und \u00fcberall auf der Welt), es kann mit interaktiven 2D-Videos verbunden werden und es hat auch eine interaktive Webcam-Funktion.<\/p>\n","protected":false},"featured_media":7582,"comment_status":"open","ping_status":"closed","template":"","meta":{"site-sidebar-layout":"default","site-content-layout":"default","ast-site-content-layout":"default","site-content-style":"default","site-sidebar-style":"default","ast-global-header-display":"","ast-banner-title-visibility":"","ast-main-header-display":"","ast-hfb-above-header-display":"","ast-hfb-below-header-display":"","ast-hfb-mobile-header-display":"","site-post-title":"","ast-breadcrumbs-content":"","ast-featured-img":"","footer-sml-layout":"","ast-disable-related-posts":"","theme-transparent-header-meta":"default","adv-header-id-meta":"","stick-header-meta":"default","header-above-stick-meta":"","header-main-stick-meta":"","header-below-stick-meta":"","astra-migrate-meta-layouts":"default","ast-page-background-enabled":"default","ast-page-background-meta":{"desktop":{"background-color":"","background-image":"","background-repeat":"repeat","background-position":"center center","background-size":"auto","background-attachment":"scroll","background-type":"","background-media":"","overlay-type":"","overlay-color":"","overlay-opacity":"","overlay-gradient":""},"tablet":{"background-color":"","background-image":"","background-repeat":"repeat","background-position":"center center","background-size":"auto","background-attachment":"scroll","background-type":"","background-media":"","overlay-type":"","overlay-color":"","overlay-opacity":"","overlay-gradient":""},"mobile":{"background-color":"","background-image":"","background-repeat":"repeat","background-position":"center center","background-size":"auto","background-attachment":"scroll","background-type":"","background-media":"","overlay-type":"","overlay-color":"","overlay-opacity":"","overlay-gradient":""}},"ast-content-background-meta":{"desktop":{"background-color":"var(--ast-global-color-5)","background-image":"","background-repeat":"repeat","background-position":"center center","background-size":"auto","background-attachment":"scroll","background-type":"","background-media":"","overlay-type":"","overlay-color":"","overlay-opacity":"","overlay-gradient":""},"tablet":{"background-color":"var(--ast-global-color-5)","background-image":"","background-repeat":"repeat","background-position":"center center","background-size":"auto","background-attachment":"scroll","background-type":"","background-media":"","overlay-type":"","overlay-color":"","overlay-opacity":"","overlay-gradient":""},"mobile":{"background-color":"var(--ast-global-color-5)","background-image":"","background-repeat":"repeat","background-position":"center center","background-size":"auto","background-attachment":"scroll","background-type":"","background-media":"","overlay-type":"","overlay-color":"","overlay-opacity":"","overlay-gradient":""}}},"product_brand":[],"product_cat":[387,416,451,417,436,392,394,386],"product_tag":[],"class_list":{"0":"post-12246","1":"product","2":"type-product","3":"status-publish","4":"has-post-thumbnail","6":"product_cat-ferngesteuerte-app","7":"product_cat-ferngesteuerte-vibratore","8":"product_cat-kugel-vibratoren","9":"product_cat-liebes-eier-wackelkugeln","10":"product_cat-liebeskugeln","11":"product_cat-paare-vibrators","12":"product_cat-sexspielzeug","13":"product_cat-svakom-de","14":"product_shipping_class-verfugbar-in-2-3-wochen","15":"desktop-align-center","16":"tablet-align-left","17":"mobile-align-left","18":"ast-product-gallery-layout-horizontal-slider","19":"ast-product-tabs-layout-horizontal","21":"first","22":"instock","23":"taxable","24":"shipping-taxable","25":"purchasable","26":"product-type-simple"},"bundled_by":[],"bundle_stock_status":"instock","bundle_stock_quantity":100,"bundle_virtual":false,"bundle_layout":"","bundle_add_to_cart_form_location":"","bundle_editable_in_cart":false,"bundle_sold_individually_context":"","bundle_item_grouping":"","bundle_min_size":"","bundle_max_size":"","bundle_price":[],"bundled_items":[],"bundle_sell_ids":[],"_links":{"self":[{"href":"https:\/\/www.dream-x.ch\/de\/wp-json\/wp\/v2\/product\/12246","targetHints":{"allow":["GET"]}}],"collection":[{"href":"https:\/\/www.dream-x.ch\/de\/wp-json\/wp\/v2\/product"}],"about":[{"href":"https:\/\/www.dream-x.ch\/de\/wp-json\/wp\/v2\/types\/product"}],"replies":[{"embeddable":true,"href":"https:\/\/www.dream-x.ch\/de\/wp-json\/wp\/v2\/comments?post=12246"}],"version-history":[{"count":0,"href":"https:\/\/www.dream-x.ch\/de\/wp-json\/wp\/v2\/product\/12246\/revisions"}],"wp:featuredmedia":[{"embeddable":true,"href":"https:\/\/www.dream-x.ch\/de\/wp-json\/wp\/v2\/media\/7582"}],"wp:attachment":[{"href":"https:\/\/www.dream-x.ch\/de\/wp-json\/wp\/v2\/media?parent=12246"}],"wp:term":[{"taxonomy":"product_brand","embeddable":true,"href":"https:\/\/www.dream-x.ch\/de\/wp-json\/wp\/v2\/product_brand?post=12246"},{"taxonomy":"product_cat","embeddable":true,"href":"https:\/\/www.dream-x.ch\/de\/wp-json\/wp\/v2\/product_cat?post=12246"},{"taxonomy":"product_tag","embeddable":true,"href":"https:\/\/www.dream-x.ch\/de\/wp-json\/wp\/v2\/product_tag?post=12246"}],"curies":[{"name":"wp","href":"https:\/\/api.w.org\/{rel}","templated":true}]}}