{"id":12240,"date":"2022-11-21T19:00:20","date_gmt":"2022-11-21T18:00:20","guid":{"rendered":"https:\/\/www.dream-x.ch\/product\/emerald-love-luxurioeser-cock-ring\/"},"modified":"2024-10-15T12:04:04","modified_gmt":"2024-10-15T11:04:04","slug":"emerald-love-luxurioeser-cock-ring","status":"publish","type":"product","link":"https:\/\/www.dream-x.ch\/de\/product\/emerald-love-luxurioeser-cock-ring\/","title":{"rendered":"Emerald Love &#8211; Luxuri\u00f6ser Cock Ring"},"content":{"rendered":"<p>F\u00fcr mehr Durchhalteverm\u00f6gen und gleichzeitige Orgasmen!<br \/>\nDer leicht biegsame Vibro-Schwanzring <strong>Luxurious Vibro Cock Ring von Emerald Love<\/strong> hat einen Klitoris-\/Hodenstimulator. Au\u00dferdem hat es ein sch\u00f6nes Rautenmuster. Er unterst\u00fctzt die Erektion dank der Blutstauwirkung und sorgt mit seinen 10 Vibrationsmodi f\u00fcr aufregende, zus\u00e4tzliche Stimulation beim Sex. Die 10 Vibrationsmodi k\u00f6nnen ganz einfach \u00fcber die Taste am Spielzeug eingestellt werden. Die Vibrationen k\u00f6nnen entweder die Klitoris oder die Hoden begl\u00fccken &#8211; je nachdem, in welcher Richtung der Cockring getragen wird. Der Cockring ist au\u00dferdem wasserdicht, so dass er auch in der Badewanne oder unter der Dusche verwendet werden kann. Die samtig-weiche Textur f\u00fchlt sich gut auf der Haut an und bedeutet, dass der Cockring sehr angenehm zu tragen ist. Es kann mit dem mitgelieferten USB-Kabel aufgeladen werden.<\/p>\n<p><strong>Farbe: <\/strong>gr\u00fcn<strong><br \/>\nMa\u00dfe<\/strong>: L\u00e4nge 6,5 cm, Innen-\u00d8 3 cm, leicht biegsam. Materialst\u00e4rke 0,6 cm<br \/>\n<strong>Gewicht<\/strong>: 31 g.<br \/>\n<strong>Materialien<\/strong>: Silikon, PU, ABS<br \/>\n<b>R\u00fcckgabe<\/b>: Dieser Artikel kann aus Gesundheits- und Sicherheitsgr\u00fcnden weder zur\u00fcckgegeben noch umgetauscht werden.<\/p>\n","protected":false},"excerpt":{"rendered":"<p>F\u00fcr mehr Durchhalteverm\u00f6gen und gleichzeitige Orgasmen!<br \/>\nDer leicht flexible, vibrierende Cockring <strong>Luxurious Cock Ring von Emerald Love<\/strong> hat einen Klitoris-\/Hodenstimulator. Au\u00dferdem hat es ein sch\u00f6nes Rautenmuster. Er unterst\u00fctzt die Erektion dank der Blutstauwirkung und sorgt mit seinen 10 Vibrationsmodi f\u00fcr aufregende, zus\u00e4tzliche Stimulation beim Sex.<\/p>\n","protected":false},"featured_media":6445,"comment_status":"open","ping_status":"closed","template":"","meta":{"site-sidebar-layout":"default","site-content-layout":"default","ast-site-content-layout":"default","site-content-style":"default","site-sidebar-style":"default","ast-global-header-display":"","ast-banner-title-visibility":"","ast-main-header-display":"","ast-hfb-above-header-display":"","ast-hfb-below-header-display":"","ast-hfb-mobile-header-display":"","site-post-title":"","ast-breadcrumbs-content":"","ast-featured-img":"","footer-sml-layout":"","ast-disable-related-posts":"","theme-transparent-header-meta":"default","adv-header-id-meta":"","stick-header-meta":"default","header-above-stick-meta":"","header-main-stick-meta":"","header-below-stick-meta":"","astra-migrate-meta-layouts":"default","ast-page-background-enabled":"default","ast-page-background-meta":{"desktop":{"background-color":"","background-image":"","background-repeat":"repeat","background-position":"center center","background-size":"auto","background-attachment":"scroll","background-type":"","background-media":"","overlay-type":"","overlay-color":"","overlay-opacity":"","overlay-gradient":""},"tablet":{"background-color":"","background-image":"","background-repeat":"repeat","background-position":"center center","background-size":"auto","background-attachment":"scroll","background-type":"","background-media":"","overlay-type":"","overlay-color":"","overlay-opacity":"","overlay-gradient":""},"mobile":{"background-color":"","background-image":"","background-repeat":"repeat","background-position":"center center","background-size":"auto","background-attachment":"scroll","background-type":"","background-media":"","overlay-type":"","overlay-color":"","overlay-opacity":"","overlay-gradient":""}},"ast-content-background-meta":{"desktop":{"background-color":"var(--ast-global-color-5)","background-image":"","background-repeat":"repeat","background-position":"center center","background-size":"auto","background-attachment":"scroll","background-type":"","background-media":"","overlay-type":"","overlay-color":"","overlay-opacity":"","overlay-gradient":""},"tablet":{"background-color":"var(--ast-global-color-5)","background-image":"","background-repeat":"repeat","background-position":"center center","background-size":"auto","background-attachment":"scroll","background-type":"","background-media":"","overlay-type":"","overlay-color":"","overlay-opacity":"","overlay-gradient":""},"mobile":{"background-color":"var(--ast-global-color-5)","background-image":"","background-repeat":"repeat","background-position":"center center","background-size":"auto","background-attachment":"scroll","background-type":"","background-media":"","overlay-type":"","overlay-color":"","overlay-opacity":"","overlay-gradient":""}}},"product_brand":[],"product_cat":[443,395,408],"product_tag":[500],"class_list":{"0":"post-12240","1":"product","2":"type-product","3":"status-publish","4":"has-post-thumbnail","6":"product_cat-schwanz-ringe","7":"product_cat-sexspielzeug-fur-manner","8":"product_cat-smaragdgrune-liebe","9":"product_tag-cockring","10":"product_shipping_class-verfugbar-in-2-3-wochen","11":"desktop-align-center","12":"tablet-align-left","13":"mobile-align-left","14":"ast-product-gallery-layout-horizontal-slider","15":"ast-product-tabs-layout-horizontal","17":"first","18":"instock","19":"taxable","20":"shipping-taxable","21":"purchasable","22":"product-type-simple"},"bundled_by":[],"bundle_stock_status":"instock","bundle_stock_quantity":200,"bundle_virtual":false,"bundle_layout":"","bundle_add_to_cart_form_location":"","bundle_editable_in_cart":false,"bundle_sold_individually_context":"","bundle_item_grouping":"","bundle_min_size":"","bundle_max_size":"","bundle_price":[],"bundled_items":[],"bundle_sell_ids":[],"_links":{"self":[{"href":"https:\/\/www.dream-x.ch\/de\/wp-json\/wp\/v2\/product\/12240","targetHints":{"allow":["GET"]}}],"collection":[{"href":"https:\/\/www.dream-x.ch\/de\/wp-json\/wp\/v2\/product"}],"about":[{"href":"https:\/\/www.dream-x.ch\/de\/wp-json\/wp\/v2\/types\/product"}],"replies":[{"embeddable":true,"href":"https:\/\/www.dream-x.ch\/de\/wp-json\/wp\/v2\/comments?post=12240"}],"version-history":[{"count":0,"href":"https:\/\/www.dream-x.ch\/de\/wp-json\/wp\/v2\/product\/12240\/revisions"}],"wp:featuredmedia":[{"embeddable":true,"href":"https:\/\/www.dream-x.ch\/de\/wp-json\/wp\/v2\/media\/6445"}],"wp:attachment":[{"href":"https:\/\/www.dream-x.ch\/de\/wp-json\/wp\/v2\/media?parent=12240"}],"wp:term":[{"taxonomy":"product_brand","embeddable":true,"href":"https:\/\/www.dream-x.ch\/de\/wp-json\/wp\/v2\/product_brand?post=12240"},{"taxonomy":"product_cat","embeddable":true,"href":"https:\/\/www.dream-x.ch\/de\/wp-json\/wp\/v2\/product_cat?post=12240"},{"taxonomy":"product_tag","embeddable":true,"href":"https:\/\/www.dream-x.ch\/de\/wp-json\/wp\/v2\/product_tag?post=12240"}],"curies":[{"name":"wp","href":"https:\/\/api.w.org\/{rel}","templated":true}]}}