{"id":12239,"date":"2022-11-21T19:00:20","date_gmt":"2022-11-21T18:00:20","guid":{"rendered":"https:\/\/www.dream-x.ch\/product\/emerald-love-luxurioeser-vibrator-mit-geteilter-spitze\/"},"modified":"2024-10-15T12:04:04","modified_gmt":"2024-10-15T11:04:04","slug":"emerald-love-luxurioeser-vibrator-mit-geteilter-spitze","status":"publish","type":"product","link":"https:\/\/www.dream-x.ch\/de\/product\/emerald-love-luxurioeser-vibrator-mit-geteilter-spitze\/","title":{"rendered":"Emerald Love &#8211; Luxuri\u00f6ser Vibrator mit geteilter Spitze"},"content":{"rendered":"<p>Elegantes Design und ausgefallene Vibrationen!<br \/>\nDer Mini-\/Auflegevibrator <strong>Luxurious Split Tip Vibrator von Emerald Love<\/strong> hat ein wundersch\u00f6nes Design und verf\u00fcgt \u00fcber ein ausgepr\u00e4gtes, rutschfestes Rautenmuster und 2 bewegliche Arme, die sich perfekt f\u00fcr die punktuelle Stimulation von Lustpunkten eignen (z.B. Klitoris-, Brustwarzen-, Hoden- und Dammstimulation). Die 10 Vibrationsmodi sorgen f\u00fcr viel Abwechslung und lassen sich einfach per Knopfdruck einstellen. Der Vibrator ist wasserdicht, was bedeutet, dass er in der Badewanne oder unter der Dusche verwendet werden kann! Die samtig-weiche Textur an beiden Armen f\u00fchlt sich bei Stimulation und Vergn\u00fcgen gro\u00dfartig auf der Haut an. Es kann mit dem mitgelieferten USB-Kabel aufgeladen werden.<\/p>\n<p><strong>Farbe: <\/strong>gr\u00fcn<strong><br \/>\nMa\u00dfe<\/strong>: Gesamtl\u00e4nge 13,1 cm, \u00d8 max. 3,8 cm; jeder Arm 5,2 cm lang, \u00d8 max. 1,5 cm.<br \/>\n<strong>Gewicht<\/strong>: 89 g.<br \/>\n<strong>Materialien<\/strong>: Silikon, PU, ABS<br \/>\n<b>R\u00fcckgabe<\/b>: Dieser Artikel kann aus Gesundheits- und Sicherheitsgr\u00fcnden weder zur\u00fcckgegeben noch umgetauscht werden.<\/p>\n","protected":false},"excerpt":{"rendered":"<p>Elegantes Design und ausgefallene Vibrationen!<br \/>\nDer Mini-\/Auflegevibrator <strong>Luxurious Split Tip Vibrator von Emerald Love<\/strong> hat ein wundersch\u00f6nes Design und verf\u00fcgt \u00fcber ein ausgepr\u00e4gtes, rutschfestes Rautenmuster und 2 bewegliche Arme, die sich perfekt f\u00fcr die punktuelle Stimulation von Lustpunkten eignen (z.B. Klitoris-, Brustwarzen-, Hoden- und Dammstimulation).<\/p>\n","protected":false},"featured_media":6531,"comment_status":"open","ping_status":"closed","template":"","meta":{"site-sidebar-layout":"default","site-content-layout":"default","ast-site-content-layout":"default","site-content-style":"default","site-sidebar-style":"default","ast-global-header-display":"","ast-banner-title-visibility":"","ast-main-header-display":"","ast-hfb-above-header-display":"","ast-hfb-below-header-display":"","ast-hfb-mobile-header-display":"","site-post-title":"","ast-breadcrumbs-content":"","ast-featured-img":"","footer-sml-layout":"","ast-disable-related-posts":"","theme-transparent-header-meta":"default","adv-header-id-meta":"","stick-header-meta":"default","header-above-stick-meta":"","header-main-stick-meta":"","header-below-stick-meta":"","astra-migrate-meta-layouts":"default","ast-page-background-enabled":"default","ast-page-background-meta":{"desktop":{"background-color":"","background-image":"","background-repeat":"repeat","background-position":"center center","background-size":"auto","background-attachment":"scroll","background-type":"","background-media":"","overlay-type":"","overlay-color":"","overlay-opacity":"","overlay-gradient":""},"tablet":{"background-color":"","background-image":"","background-repeat":"repeat","background-position":"center center","background-size":"auto","background-attachment":"scroll","background-type":"","background-media":"","overlay-type":"","overlay-color":"","overlay-opacity":"","overlay-gradient":""},"mobile":{"background-color":"","background-image":"","background-repeat":"repeat","background-position":"center center","background-size":"auto","background-attachment":"scroll","background-type":"","background-media":"","overlay-type":"","overlay-color":"","overlay-opacity":"","overlay-gradient":""}},"ast-content-background-meta":{"desktop":{"background-color":"var(--ast-global-color-5)","background-image":"","background-repeat":"repeat","background-position":"center center","background-size":"auto","background-attachment":"scroll","background-type":"","background-media":"","overlay-type":"","overlay-color":"","overlay-opacity":"","overlay-gradient":""},"tablet":{"background-color":"var(--ast-global-color-5)","background-image":"","background-repeat":"repeat","background-position":"center center","background-size":"auto","background-attachment":"scroll","background-type":"","background-media":"","overlay-type":"","overlay-color":"","overlay-opacity":"","overlay-gradient":""},"mobile":{"background-color":"var(--ast-global-color-5)","background-image":"","background-repeat":"repeat","background-position":"center center","background-size":"auto","background-attachment":"scroll","background-type":"","background-media":"","overlay-type":"","overlay-color":"","overlay-opacity":"","overlay-gradient":""}}},"product_brand":[],"product_cat":[409,408,415],"product_tag":[],"class_list":{"0":"post-12239","1":"product","2":"type-product","3":"status-publish","4":"has-post-thumbnail","6":"product_cat-mini-vibratoren","7":"product_cat-smaragdgrune-liebe","8":"product_cat-vibratoren","9":"product_shipping_class-verfugbar-in-2-3-wochen","10":"desktop-align-center","11":"tablet-align-left","12":"mobile-align-left","13":"ast-product-gallery-layout-horizontal-slider","14":"ast-product-tabs-layout-horizontal","16":"first","17":"instock","18":"taxable","19":"shipping-taxable","20":"purchasable","21":"product-type-simple"},"bundled_by":[],"bundle_stock_status":"instock","bundle_stock_quantity":1,"bundle_virtual":false,"bundle_layout":"","bundle_add_to_cart_form_location":"","bundle_editable_in_cart":false,"bundle_sold_individually_context":"","bundle_item_grouping":"","bundle_min_size":"","bundle_max_size":"","bundle_price":[],"bundled_items":[],"bundle_sell_ids":[],"_links":{"self":[{"href":"https:\/\/www.dream-x.ch\/de\/wp-json\/wp\/v2\/product\/12239","targetHints":{"allow":["GET"]}}],"collection":[{"href":"https:\/\/www.dream-x.ch\/de\/wp-json\/wp\/v2\/product"}],"about":[{"href":"https:\/\/www.dream-x.ch\/de\/wp-json\/wp\/v2\/types\/product"}],"replies":[{"embeddable":true,"href":"https:\/\/www.dream-x.ch\/de\/wp-json\/wp\/v2\/comments?post=12239"}],"version-history":[{"count":0,"href":"https:\/\/www.dream-x.ch\/de\/wp-json\/wp\/v2\/product\/12239\/revisions"}],"wp:featuredmedia":[{"embeddable":true,"href":"https:\/\/www.dream-x.ch\/de\/wp-json\/wp\/v2\/media\/6531"}],"wp:attachment":[{"href":"https:\/\/www.dream-x.ch\/de\/wp-json\/wp\/v2\/media?parent=12239"}],"wp:term":[{"taxonomy":"product_brand","embeddable":true,"href":"https:\/\/www.dream-x.ch\/de\/wp-json\/wp\/v2\/product_brand?post=12239"},{"taxonomy":"product_cat","embeddable":true,"href":"https:\/\/www.dream-x.ch\/de\/wp-json\/wp\/v2\/product_cat?post=12239"},{"taxonomy":"product_tag","embeddable":true,"href":"https:\/\/www.dream-x.ch\/de\/wp-json\/wp\/v2\/product_tag?post=12239"}],"curies":[{"name":"wp","href":"https:\/\/api.w.org\/{rel}","templated":true}]}}