{"id":12236,"date":"2022-11-21T19:00:21","date_gmt":"2022-11-21T18:00:21","guid":{"rendered":"https:\/\/www.dream-x.ch\/product\/emerald-love-luxurioeser-kugelvibrator\/"},"modified":"2024-10-15T12:04:03","modified_gmt":"2024-10-15T11:04:03","slug":"emerald-love-luxurioeser-kugelvibrator","status":"publish","type":"product","link":"https:\/\/www.dream-x.ch\/de\/product\/emerald-love-luxurioeser-kugelvibrator\/","title":{"rendered":"Emerald Love &#8211; Luxuri\u00f6ser Kugelvibrator"},"content":{"rendered":"<ul class=\"usp-list\">\n<li class=\"usp-list--element\">Luxuri\u00f6ser Mini-Vibrator &#8211; passt in jede Handtasche<\/li>\n<li class=\"usp-list--element\"><i class=\"icon icon-check usp-list__icon\"><\/i>10 Vibrationsmodi auf Tastendruck<\/li>\n<li class=\"usp-list--element\"><i class=\"icon icon-check usp-list__icon\"><\/i>Ausgepr\u00e4gtes, anregendes Rautenmuster<\/li>\n<li class=\"usp-list--element\"><i class=\"icon icon-check usp-list__icon\"><\/i>Wasserdicht<\/li>\n<li class=\"usp-list--element\"><i class=\"icon icon-check usp-list__icon\"><\/i>Samtig weiche Oberfl\u00e4che<\/li>\n<li class=\"usp-list--element\"><i class=\"icon icon-check usp-list__icon\"><\/i>Wiederaufladbar &#8211; inkl. USB-Kabel<\/li>\n<li class=\"usp-list--element\"><i class=\"icon icon-check usp-list__icon\"><\/i>Pappschale mit Kunststofffenster (nicht geklebt)<\/li>\n<\/ul>\n<p>Wasserdichter Luxus f\u00fcr unterwegs!<br \/>\nDer Mini-Vibrator <strong>Luxurious Bullet Vibrator von Emerald Love<\/strong> ist in einem wundersch\u00f6nen Design gehalten und hat ein ausgepr\u00e4gtes, stimulierendes Rautenmuster &#8211; er passt auch diskret in jede Handtasche. Die 10 Vibrationsmodi sorgen f\u00fcr viel Abwechslung beim intimen Vergn\u00fcgen. Auch die Vibrationsmodi lassen sich einfach per Knopfdruck steuern. Der Mini-Vibrator ist auch wasserdicht, was bedeutet, dass er in der Badewanne oder unter der Dusche verwendet werden kann! Die samtig-weiche Textur f\u00fchlt sich bei Stimulation und Vergn\u00fcgen gro\u00dfartig auf der Haut an. Es kann mit dem mitgelieferten USB-Kabel aufgeladen werden.<\/p>\n<p><strong>Farbe: <\/strong>gr\u00fcn<strong><br \/>\nAbmessungen<\/strong>: Gesamtl\u00e4nge 12,6 cm, Einsteckl\u00e4nge 9,4 cm, \u00d8 2,3 cm.<br \/>\n<strong>Gewicht<\/strong>: 59 g.<br \/>\n<strong>Materialien<\/strong>: Silikon, PU, ABS<br \/>\n<b>R\u00fcckgabe<\/b>: Dieser Artikel kann aus Gesundheits- und Sicherheitsgr\u00fcnden weder zur\u00fcckgegeben noch umgetauscht werden.<\/p>\n","protected":false},"excerpt":{"rendered":"<p>Wasserdichter Luxus f\u00fcr unterwegs!<br \/>\nDer Mini-Vibrator <strong>Luxurious Bullet Vibrator von Emerald Love<\/strong> ist in einem wundersch\u00f6nen Design gehalten und hat ein ausgepr\u00e4gtes, stimulierendes Rautenmuster &#8211; er passt auch diskret in jede Handtasche.<\/p>\n","protected":false},"featured_media":10164,"comment_status":"open","ping_status":"closed","template":"","meta":{"site-sidebar-layout":"default","site-content-layout":"default","ast-site-content-layout":"default","site-content-style":"default","site-sidebar-style":"default","ast-global-header-display":"","ast-banner-title-visibility":"","ast-main-header-display":"","ast-hfb-above-header-display":"","ast-hfb-below-header-display":"","ast-hfb-mobile-header-display":"","site-post-title":"","ast-breadcrumbs-content":"","ast-featured-img":"","footer-sml-layout":"","ast-disable-related-posts":"","theme-transparent-header-meta":"default","adv-header-id-meta":"","stick-header-meta":"default","header-above-stick-meta":"","header-main-stick-meta":"","header-below-stick-meta":"","astra-migrate-meta-layouts":"default","ast-page-background-enabled":"default","ast-page-background-meta":{"desktop":{"background-color":"","background-image":"","background-repeat":"repeat","background-position":"center center","background-size":"auto","background-attachment":"scroll","background-type":"","background-media":"","overlay-type":"","overlay-color":"","overlay-opacity":"","overlay-gradient":""},"tablet":{"background-color":"","background-image":"","background-repeat":"repeat","background-position":"center center","background-size":"auto","background-attachment":"scroll","background-type":"","background-media":"","overlay-type":"","overlay-color":"","overlay-opacity":"","overlay-gradient":""},"mobile":{"background-color":"","background-image":"","background-repeat":"repeat","background-position":"center center","background-size":"auto","background-attachment":"scroll","background-type":"","background-media":"","overlay-type":"","overlay-color":"","overlay-opacity":"","overlay-gradient":""}},"ast-content-background-meta":{"desktop":{"background-color":"var(--ast-global-color-5)","background-image":"","background-repeat":"repeat","background-position":"center center","background-size":"auto","background-attachment":"scroll","background-type":"","background-media":"","overlay-type":"","overlay-color":"","overlay-opacity":"","overlay-gradient":""},"tablet":{"background-color":"var(--ast-global-color-5)","background-image":"","background-repeat":"repeat","background-position":"center center","background-size":"auto","background-attachment":"scroll","background-type":"","background-media":"","overlay-type":"","overlay-color":"","overlay-opacity":"","overlay-gradient":""},"mobile":{"background-color":"var(--ast-global-color-5)","background-image":"","background-repeat":"repeat","background-position":"center center","background-size":"auto","background-attachment":"scroll","background-type":"","background-media":"","overlay-type":"","overlay-color":"","overlay-opacity":"","overlay-gradient":""}}},"product_brand":[],"product_cat":[451,408],"product_tag":[503],"class_list":{"0":"post-12236","1":"product","2":"type-product","3":"status-publish","4":"has-post-thumbnail","6":"product_cat-kugel-vibratoren","7":"product_cat-smaragdgrune-liebe","8":"product_tag-minivibrator","9":"product_shipping_class-verfugbar-in-1-3-arbeitstagen","10":"desktop-align-center","11":"tablet-align-left","12":"mobile-align-left","13":"ast-product-gallery-layout-horizontal-slider","14":"ast-product-tabs-layout-horizontal","16":"first","17":"instock","18":"sale","19":"featured","20":"taxable","21":"shipping-taxable","22":"purchasable","23":"product-type-simple"},"bundled_by":[],"bundle_stock_status":"instock","bundle_stock_quantity":4,"bundle_virtual":false,"bundle_layout":"","bundle_add_to_cart_form_location":"","bundle_editable_in_cart":false,"bundle_sold_individually_context":"","bundle_item_grouping":"","bundle_min_size":"","bundle_max_size":"","bundle_price":[],"bundled_items":[],"bundle_sell_ids":[12174,12200],"_links":{"self":[{"href":"https:\/\/www.dream-x.ch\/de\/wp-json\/wp\/v2\/product\/12236","targetHints":{"allow":["GET"]}}],"collection":[{"href":"https:\/\/www.dream-x.ch\/de\/wp-json\/wp\/v2\/product"}],"about":[{"href":"https:\/\/www.dream-x.ch\/de\/wp-json\/wp\/v2\/types\/product"}],"replies":[{"embeddable":true,"href":"https:\/\/www.dream-x.ch\/de\/wp-json\/wp\/v2\/comments?post=12236"}],"version-history":[{"count":0,"href":"https:\/\/www.dream-x.ch\/de\/wp-json\/wp\/v2\/product\/12236\/revisions"}],"wp:featuredmedia":[{"embeddable":true,"href":"https:\/\/www.dream-x.ch\/de\/wp-json\/wp\/v2\/media\/10164"}],"wp:attachment":[{"href":"https:\/\/www.dream-x.ch\/de\/wp-json\/wp\/v2\/media?parent=12236"}],"wp:term":[{"taxonomy":"product_brand","embeddable":true,"href":"https:\/\/www.dream-x.ch\/de\/wp-json\/wp\/v2\/product_brand?post=12236"},{"taxonomy":"product_cat","embeddable":true,"href":"https:\/\/www.dream-x.ch\/de\/wp-json\/wp\/v2\/product_cat?post=12236"},{"taxonomy":"product_tag","embeddable":true,"href":"https:\/\/www.dream-x.ch\/de\/wp-json\/wp\/v2\/product_tag?post=12236"}],"curies":[{"name":"wp","href":"https:\/\/api.w.org\/{rel}","templated":true}]}}