{"id":12235,"date":"2022-11-27T12:07:16","date_gmt":"2022-11-27T11:07:16","guid":{"rendered":"https:\/\/www.dream-x.ch\/product\/svakom-sam-neo-schwarz\/"},"modified":"2024-10-15T12:03:54","modified_gmt":"2024-10-15T11:03:54","slug":"svakom-sam-neo-schwarz","status":"publish","type":"product","link":"https:\/\/www.dream-x.ch\/de\/product\/svakom-sam-neo-schwarz\/","title":{"rendered":"Svakom &#8211; Sam Neo &#8211; Schwarz"},"content":{"rendered":"<p>Interaktives und vollautomatisches Vergn\u00fcgen!<br \/>\nDer <strong>vollautomatische Masturbator Sam Neo<\/strong> von Svakom hat eine abnehmbare, weiche, haut\u00e4hnliche H\u00fclle unter dem Schutzdeckel. Die H\u00fclle ist mit aufregenden Punkten und Rillen versehen. Mit einer Saugfunktion und 5 Vibrationsmodi. Alles kann direkt am Spielzeug oder \u00fcber die FeelConnect 3 App gesteuert werden. Die App hat 3 neue Hauptfunktionen: Fernsteuerung (jederzeit und \u00fcberall auf der Welt), Verbindung zum interaktiven 2D-Vibrator und die interaktive Webcam-Funktion. Es kann mit dem mitgelieferten USB-Kabel aufgeladen werden.<\/p>\n<p><strong>Farbe: <\/strong>schwarz.<strong><br \/>\n<\/strong><strong>Abmessungen<\/strong>: Gesamtl\u00e4nge 23,5 cm, Einstecktiefe 15,5 cm, Au\u00dfen-\u00d8 8,2 cm, Innen-\u00d8 2 cm (flexibel).<br \/>\n<strong>Gewicht<\/strong>: 698 g.<br \/>\n<strong>Materialien<\/strong>: ABS, TPE.<br \/>\n<b>R\u00fcckgabe<\/b>: Dieser Artikel kann aus Gesundheits- und Sicherheitsgr\u00fcnden weder zur\u00fcckgegeben noch umgetauscht werden.<\/p>\n","protected":false},"excerpt":{"rendered":"<p>Interaktives und vollautomatisches Vergn\u00fcgen!<br \/>\nDer <strong>vollautomatische Masturbator Sam Neo<\/strong> von Svakom hat eine abnehmbare, weiche, haut\u00e4hnliche H\u00fclle unter dem Schutzdeckel. Die H\u00fclle ist mit aufregenden Punkten und Rillen versehen. Mit einer Saugfunktion und 5 Vibrationsmodi. Alles kann direkt am Spielzeug oder \u00fcber die FeelConnect 3 App gesteuert werden.<\/p>\n","protected":false},"featured_media":7474,"comment_status":"open","ping_status":"closed","template":"","meta":{"site-sidebar-layout":"default","site-content-layout":"default","ast-site-content-layout":"default","site-content-style":"default","site-sidebar-style":"default","ast-global-header-display":"","ast-banner-title-visibility":"","ast-main-header-display":"","ast-hfb-above-header-display":"","ast-hfb-below-header-display":"","ast-hfb-mobile-header-display":"","site-post-title":"","ast-breadcrumbs-content":"","ast-featured-img":"","footer-sml-layout":"","ast-disable-related-posts":"","theme-transparent-header-meta":"default","adv-header-id-meta":"","stick-header-meta":"default","header-above-stick-meta":"","header-main-stick-meta":"","header-below-stick-meta":"","astra-migrate-meta-layouts":"default","ast-page-background-enabled":"default","ast-page-background-meta":{"desktop":{"background-color":"","background-image":"","background-repeat":"repeat","background-position":"center center","background-size":"auto","background-attachment":"scroll","background-type":"","background-media":"","overlay-type":"","overlay-color":"","overlay-opacity":"","overlay-gradient":""},"tablet":{"background-color":"","background-image":"","background-repeat":"repeat","background-position":"center center","background-size":"auto","background-attachment":"scroll","background-type":"","background-media":"","overlay-type":"","overlay-color":"","overlay-opacity":"","overlay-gradient":""},"mobile":{"background-color":"","background-image":"","background-repeat":"repeat","background-position":"center center","background-size":"auto","background-attachment":"scroll","background-type":"","background-media":"","overlay-type":"","overlay-color":"","overlay-opacity":"","overlay-gradient":""}},"ast-content-background-meta":{"desktop":{"background-color":"var(--ast-global-color-5)","background-image":"","background-repeat":"repeat","background-position":"center center","background-size":"auto","background-attachment":"scroll","background-type":"","background-media":"","overlay-type":"","overlay-color":"","overlay-opacity":"","overlay-gradient":""},"tablet":{"background-color":"var(--ast-global-color-5)","background-image":"","background-repeat":"repeat","background-position":"center center","background-size":"auto","background-attachment":"scroll","background-type":"","background-media":"","overlay-type":"","overlay-color":"","overlay-opacity":"","overlay-gradient":""},"mobile":{"background-color":"var(--ast-global-color-5)","background-image":"","background-repeat":"repeat","background-position":"center center","background-size":"auto","background-attachment":"scroll","background-type":"","background-media":"","overlay-type":"","overlay-color":"","overlay-opacity":"","overlay-gradient":""}}},"product_brand":[],"product_cat":[396,394,395,386],"product_tag":[502],"class_list":{"0":"post-12235","1":"product","2":"type-product","3":"status-publish","4":"has-post-thumbnail","6":"product_cat-mannliche-masturbatoren","7":"product_cat-sexspielzeug","8":"product_cat-sexspielzeug-fur-manner","9":"product_cat-svakom-de","10":"product_tag-masturbator-de","11":"product_shipping_class-verfugbar-in-2-3-wochen","12":"desktop-align-center","13":"tablet-align-left","14":"mobile-align-left","15":"ast-product-gallery-layout-horizontal-slider","16":"ast-product-tabs-layout-horizontal","18":"first","19":"instock","20":"taxable","21":"shipping-taxable","22":"purchasable","23":"product-type-simple"},"bundled_by":[],"bundle_stock_status":"instock","bundle_stock_quantity":100,"bundle_virtual":false,"bundle_layout":"","bundle_add_to_cart_form_location":"","bundle_editable_in_cart":false,"bundle_sold_individually_context":"","bundle_item_grouping":"","bundle_min_size":"","bundle_max_size":"","bundle_price":[],"bundled_items":[],"bundle_sell_ids":[],"_links":{"self":[{"href":"https:\/\/www.dream-x.ch\/de\/wp-json\/wp\/v2\/product\/12235","targetHints":{"allow":["GET"]}}],"collection":[{"href":"https:\/\/www.dream-x.ch\/de\/wp-json\/wp\/v2\/product"}],"about":[{"href":"https:\/\/www.dream-x.ch\/de\/wp-json\/wp\/v2\/types\/product"}],"replies":[{"embeddable":true,"href":"https:\/\/www.dream-x.ch\/de\/wp-json\/wp\/v2\/comments?post=12235"}],"version-history":[{"count":0,"href":"https:\/\/www.dream-x.ch\/de\/wp-json\/wp\/v2\/product\/12235\/revisions"}],"wp:featuredmedia":[{"embeddable":true,"href":"https:\/\/www.dream-x.ch\/de\/wp-json\/wp\/v2\/media\/7474"}],"wp:attachment":[{"href":"https:\/\/www.dream-x.ch\/de\/wp-json\/wp\/v2\/media?parent=12235"}],"wp:term":[{"taxonomy":"product_brand","embeddable":true,"href":"https:\/\/www.dream-x.ch\/de\/wp-json\/wp\/v2\/product_brand?post=12235"},{"taxonomy":"product_cat","embeddable":true,"href":"https:\/\/www.dream-x.ch\/de\/wp-json\/wp\/v2\/product_cat?post=12235"},{"taxonomy":"product_tag","embeddable":true,"href":"https:\/\/www.dream-x.ch\/de\/wp-json\/wp\/v2\/product_tag?post=12235"}],"curies":[{"name":"wp","href":"https:\/\/api.w.org\/{rel}","templated":true}]}}