{"id":12234,"date":"2022-11-27T12:07:33","date_gmt":"2022-11-27T11:07:33","guid":{"rendered":"https:\/\/www.dream-x.ch\/product\/svakom-primo-schwarz\/"},"modified":"2022-11-27T12:07:33","modified_gmt":"2022-11-27T11:07:33","slug":"svakom-primo-schwarz","status":"publish","type":"product","link":"https:\/\/www.dream-x.ch\/de\/product\/svakom-primo-schwarz\/","title":{"rendered":"Svakom &#8211; Primo &#8211; Schwarz"},"content":{"rendered":"<ul class=\"usp-list\">\n<li class=\"usp-list--element\">5 Vibrationsmodi in 5 Intensit\u00e4ten<\/li>\n<li class=\"usp-list--element\"><i class=\"icon icon-check usp-list__icon\"><\/i><strong>Warmhaltefunktion bis zu 38\u00b0C<\/strong><\/li>\n<li class=\"usp-list--element\"><i class=\"icon icon-check usp-list__icon\"><\/i>Mit einer Fernsteuerung<\/li>\n<li class=\"usp-list--element\"><i class=\"icon icon-check usp-list__icon\"><\/i>Kann \u00fcber ein USB-Kabel aufgeladen werden<\/li>\n<\/ul>\n<p>Das heizt die Stimmung an!<br \/>\n<strong>Primo ist ein wiederaufladbarer Butt Plug<\/strong> mit Soft Touch Textur und breiter Basis. Stimuliert die Prostata mit 5 fl\u00fcsterleisen Vibrationsmodi (jeder mit 5 Intensit\u00e4ten). Separat <strong>einstellbare W\u00e4rmefunktion in der Spitze, die bis zu 38\u00b0 C erreicht und ein unvergleichlich realistisches Gef\u00fchl vermittelt<\/strong>. Auch f\u00fcr die Stimulation des G-Punkts geeignet. Einfache Steuerung \u00fcber die Fernbedienung oder \u00fcber die Tasten am Spielzeug selbst.<\/p>\n<p>Enth\u00e4lt ein USB-Ladekabel, Batterien f\u00fcr die Fernbedienung und eine Aufbewahrungstasche.<\/p>\n<p><strong>Farbe: <\/strong>schwarz.<strong><br \/>\n<\/strong><strong>Abmessungen<\/strong>: Gesamtl\u00e4nge 12 cm, Einf\u00fchrtiefe 10 cm, \u00d8 1,7-2,6 cm.<br \/>\n<strong>Gewicht<\/strong>: 299 g.<br \/>\n<strong>Materialien<\/strong>: Silikon mit einer PU-Beschichtung, ABS.<br \/>\n<b>R\u00fcckgabe<\/b>: Dieser Artikel kann aus Gesundheits- und Sicherheitsgr\u00fcnden weder zur\u00fcckgegeben noch umgetauscht werden.<\/p>\n","protected":false},"excerpt":{"rendered":"<p>Das heizt die Stimmung an!<br \/>\n<strong>Primo ist ein wiederaufladbarer Butt Plug<\/strong> mit Soft Touch Textur und breiter Basis. Stimuliert die Prostata mit 5 fl\u00fcsterleisen Vibrationsmodi (jeder mit 5 Intensit\u00e4ten). Separat <strong>einstellbare W\u00e4rmefunktion in der Spitze, die bis zu 38\u00b0 C erreicht und ein unvergleichlich realistisches Gef\u00fchl vermittelt<\/strong>. Auch f\u00fcr die Stimulation des G-Punkts geeignet. Einfache Steuerung \u00fcber die Fernbedienung oder \u00fcber die Tasten am Spielzeug selbst.<\/p>\n","protected":false},"featured_media":8616,"comment_status":"open","ping_status":"closed","template":"","meta":{"site-sidebar-layout":"default","site-content-layout":"default","ast-site-content-layout":"default","site-content-style":"default","site-sidebar-style":"default","ast-global-header-display":"","ast-banner-title-visibility":"","ast-main-header-display":"","ast-hfb-above-header-display":"","ast-hfb-below-header-display":"","ast-hfb-mobile-header-display":"","site-post-title":"","ast-breadcrumbs-content":"","ast-featured-img":"","footer-sml-layout":"","ast-disable-related-posts":"","theme-transparent-header-meta":"default","adv-header-id-meta":"","stick-header-meta":"default","header-above-stick-meta":"","header-main-stick-meta":"","header-below-stick-meta":"","astra-migrate-meta-layouts":"default","ast-page-background-enabled":"default","ast-page-background-meta":{"desktop":{"background-color":"","background-image":"","background-repeat":"repeat","background-position":"center center","background-size":"auto","background-attachment":"scroll","background-type":"","background-media":"","overlay-type":"","overlay-color":"","overlay-opacity":"","overlay-gradient":""},"tablet":{"background-color":"","background-image":"","background-repeat":"repeat","background-position":"center center","background-size":"auto","background-attachment":"scroll","background-type":"","background-media":"","overlay-type":"","overlay-color":"","overlay-opacity":"","overlay-gradient":""},"mobile":{"background-color":"","background-image":"","background-repeat":"repeat","background-position":"center center","background-size":"auto","background-attachment":"scroll","background-type":"","background-media":"","overlay-type":"","overlay-color":"","overlay-opacity":"","overlay-gradient":""}},"ast-content-background-meta":{"desktop":{"background-color":"var(--ast-global-color-5)","background-image":"","background-repeat":"repeat","background-position":"center center","background-size":"auto","background-attachment":"scroll","background-type":"","background-media":"","overlay-type":"","overlay-color":"","overlay-opacity":"","overlay-gradient":""},"tablet":{"background-color":"var(--ast-global-color-5)","background-image":"","background-repeat":"repeat","background-position":"center center","background-size":"auto","background-attachment":"scroll","background-type":"","background-media":"","overlay-type":"","overlay-color":"","overlay-opacity":"","overlay-gradient":""},"mobile":{"background-color":"var(--ast-global-color-5)","background-image":"","background-repeat":"repeat","background-position":"center center","background-size":"auto","background-attachment":"scroll","background-type":"","background-media":"","overlay-type":"","overlay-color":"","overlay-opacity":"","overlay-gradient":""}}},"product_brand":[],"product_cat":[431,432,430,392,394,446,386,415],"product_tag":[501],"class_list":{"0":"post-12234","1":"product","2":"type-product","3":"status-publish","4":"has-post-thumbnail","6":"product_cat-anal-plug-de","7":"product_cat-anal-vibratoren","8":"product_cat-analspielzeug","9":"product_cat-paare-vibrators","10":"product_cat-sexspielzeug","11":"product_cat-sexspielzeug-fur-paare","12":"product_cat-svakom-de","13":"product_cat-vibratoren","14":"product_tag-warmer-analvibrator","15":"product_shipping_class-verfugbar-in-2-3-wochen","16":"desktop-align-center","17":"tablet-align-left","18":"mobile-align-left","19":"ast-product-gallery-layout-horizontal-slider","20":"ast-product-tabs-layout-horizontal","22":"first","23":"outofstock","24":"taxable","25":"shipping-taxable","26":"purchasable","27":"product-type-simple"},"bundled_by":[],"bundle_stock_status":"outofstock","bundle_stock_quantity":0,"bundle_virtual":false,"bundle_layout":"","bundle_add_to_cart_form_location":"","bundle_editable_in_cart":false,"bundle_sold_individually_context":"","bundle_item_grouping":"","bundle_min_size":"","bundle_max_size":"","bundle_price":[],"bundled_items":[],"bundle_sell_ids":[],"_links":{"self":[{"href":"https:\/\/www.dream-x.ch\/de\/wp-json\/wp\/v2\/product\/12234","targetHints":{"allow":["GET"]}}],"collection":[{"href":"https:\/\/www.dream-x.ch\/de\/wp-json\/wp\/v2\/product"}],"about":[{"href":"https:\/\/www.dream-x.ch\/de\/wp-json\/wp\/v2\/types\/product"}],"replies":[{"embeddable":true,"href":"https:\/\/www.dream-x.ch\/de\/wp-json\/wp\/v2\/comments?post=12234"}],"version-history":[{"count":0,"href":"https:\/\/www.dream-x.ch\/de\/wp-json\/wp\/v2\/product\/12234\/revisions"}],"wp:featuredmedia":[{"embeddable":true,"href":"https:\/\/www.dream-x.ch\/de\/wp-json\/wp\/v2\/media\/8616"}],"wp:attachment":[{"href":"https:\/\/www.dream-x.ch\/de\/wp-json\/wp\/v2\/media?parent=12234"}],"wp:term":[{"taxonomy":"product_brand","embeddable":true,"href":"https:\/\/www.dream-x.ch\/de\/wp-json\/wp\/v2\/product_brand?post=12234"},{"taxonomy":"product_cat","embeddable":true,"href":"https:\/\/www.dream-x.ch\/de\/wp-json\/wp\/v2\/product_cat?post=12234"},{"taxonomy":"product_tag","embeddable":true,"href":"https:\/\/www.dream-x.ch\/de\/wp-json\/wp\/v2\/product_tag?post=12234"}],"curies":[{"name":"wp","href":"https:\/\/api.w.org\/{rel}","templated":true}]}}