{"id":12233,"date":"2022-11-27T12:07:33","date_gmt":"2022-11-27T11:07:33","guid":{"rendered":"https:\/\/www.dream-x.ch\/product\/svakom-elva-rosa\/"},"modified":"2022-11-27T12:07:33","modified_gmt":"2022-11-27T11:07:33","slug":"svakom-elva-rosa","status":"publish","type":"product","link":"https:\/\/www.dream-x.ch\/de\/product\/svakom-elva-rosa\/","title":{"rendered":"Svakom &#8211; Elva &#8211; Rosa"},"content":{"rendered":"<ul class=\"usp-list\">\n<li class=\"usp-list--element\">Vibro-Bullet mit R\u00fcckholschnur<\/li>\n<li class=\"usp-list--element\"><i class=\"icon icon-check usp-list__icon\"><\/i>5 Vibrationsmodi in 5 Intensit\u00e4ten<\/li>\n<li class=\"usp-list--element\"><i class=\"icon icon-check usp-list__icon\"><\/i>Zus\u00e4tzlicher SVAKOM Intelligenter Modus<\/li>\n<li class=\"usp-list--element\"><i class=\"icon icon-check usp-list__icon\"><\/i>Wasserdicht<\/li>\n<li class=\"usp-list--element\"><i class=\"icon icon-check usp-list__icon\"><\/i>Mit Fernsteuerung<\/li>\n<li class=\"usp-list--element\"><i class=\"icon icon-check usp-list__icon\"><\/i>Kann \u00fcber ein USB-Kabel aufgeladen werden<\/li>\n<\/ul>\n<p>Der Allround-Stimulator f\u00fcr sie!<br \/>\n<strong>Elva ist eine wiederaufladbare Vibro-Kugel<\/strong> mit einer R\u00fcckholschnur und einer seidigen Soft-Touch-Textur. Mit 5 fl\u00fcsterleisen Vibrationsmodi und 5 verschiedenen Intensit\u00e4ten. Der zus\u00e4tzliche Svakom Intelligent Mode imitiert die ansteigenden Vibrationsfrequenzen von echtem Sex bis hin zum Orgasmus. Per Knopfdruck mit der mitgelieferten Fernbedienung einstellbar. Wasserdicht.<\/p>\n<p>Inklusive einer diskreten Aufbewahrungstasche, USB-Ladekabel und Batterien f\u00fcr die Fernbedienung.<\/p>\n<p><strong>Farbe: <\/strong>rosa<strong><br \/>\nMa\u00dfe<\/strong>: Gesamtl\u00e4nge 17,6 cm (einschlie\u00dflich R\u00fcckholschnur), L\u00e4nge Vibro-Kugel 8,1 cm, \u00d8 3,2 cm.<br \/>\n<strong>Gewicht<\/strong>: 262 g.<br \/>\n<strong>Materialien<\/strong>: Silikon mit einer PU-Beschichtung<br \/>\n<b>R\u00fcckgabe<\/b>: Dieser Artikel kann aus Gesundheits- und Sicherheitsgr\u00fcnden weder zur\u00fcckgegeben noch umgetauscht werden.<\/p>\n","protected":false},"excerpt":{"rendered":"<p>Der Allround-Stimulator f\u00fcr sie!<br \/>\n<strong>Elva ist eine wiederaufladbare Vibro-Kugel<\/strong> mit einer R\u00fcckholschnur und einer seidigen Soft-Touch-Textur. Mit 5 fl\u00fcsterleisen Vibrationsmodi und 5 verschiedenen Intensit\u00e4ten. Der zus\u00e4tzliche Svakom Intelligent Mode imitiert die ansteigenden Vibrationsfrequenzen von echtem Sex bis hin zum Orgasmus. Per Knopfdruck mit der mitgelieferten Fernbedienung einstellbar. Wasserdicht.<\/p>\n","protected":false},"featured_media":8599,"comment_status":"open","ping_status":"closed","template":"","meta":{"site-sidebar-layout":"default","site-content-layout":"default","ast-site-content-layout":"default","site-content-style":"default","site-sidebar-style":"default","ast-global-header-display":"","ast-banner-title-visibility":"","ast-main-header-display":"","ast-hfb-above-header-display":"","ast-hfb-below-header-display":"","ast-hfb-mobile-header-display":"","site-post-title":"","ast-breadcrumbs-content":"","ast-featured-img":"","footer-sml-layout":"","ast-disable-related-posts":"","theme-transparent-header-meta":"default","adv-header-id-meta":"","stick-header-meta":"default","header-above-stick-meta":"","header-main-stick-meta":"","header-below-stick-meta":"","astra-migrate-meta-layouts":"default","ast-page-background-enabled":"default","ast-page-background-meta":{"desktop":{"background-color":"","background-image":"","background-repeat":"repeat","background-position":"center center","background-size":"auto","background-attachment":"scroll","background-type":"","background-media":"","overlay-type":"","overlay-color":"","overlay-opacity":"","overlay-gradient":""},"tablet":{"background-color":"","background-image":"","background-repeat":"repeat","background-position":"center center","background-size":"auto","background-attachment":"scroll","background-type":"","background-media":"","overlay-type":"","overlay-color":"","overlay-opacity":"","overlay-gradient":""},"mobile":{"background-color":"","background-image":"","background-repeat":"repeat","background-position":"center center","background-size":"auto","background-attachment":"scroll","background-type":"","background-media":"","overlay-type":"","overlay-color":"","overlay-opacity":"","overlay-gradient":""}},"ast-content-background-meta":{"desktop":{"background-color":"var(--ast-global-color-5)","background-image":"","background-repeat":"repeat","background-position":"center center","background-size":"auto","background-attachment":"scroll","background-type":"","background-media":"","overlay-type":"","overlay-color":"","overlay-opacity":"","overlay-gradient":""},"tablet":{"background-color":"var(--ast-global-color-5)","background-image":"","background-repeat":"repeat","background-position":"center center","background-size":"auto","background-attachment":"scroll","background-type":"","background-media":"","overlay-type":"","overlay-color":"","overlay-opacity":"","overlay-gradient":""},"mobile":{"background-color":"var(--ast-global-color-5)","background-image":"","background-repeat":"repeat","background-position":"center center","background-size":"auto","background-attachment":"scroll","background-type":"","background-media":"","overlay-type":"","overlay-color":"","overlay-opacity":"","overlay-gradient":""}}},"product_brand":[],"product_cat":[416,451,417,436,392,394,446,386,415],"product_tag":[497],"class_list":{"0":"post-12233","1":"product","2":"type-product","3":"status-publish","4":"has-post-thumbnail","6":"product_cat-ferngesteuerte-vibratore","7":"product_cat-kugel-vibratoren","8":"product_cat-liebes-eier-wackelkugeln","9":"product_cat-liebeskugeln","10":"product_cat-paare-vibrators","11":"product_cat-sexspielzeug","12":"product_cat-sexspielzeug-fur-paare","13":"product_cat-svakom-de","14":"product_cat-vibratoren","15":"product_tag-kugelvibrator","16":"product_shipping_class-verfugbar-in-1-3-arbeitstagen","17":"desktop-align-center","18":"tablet-align-left","19":"mobile-align-left","20":"ast-product-gallery-layout-horizontal-slider","21":"ast-product-tabs-layout-horizontal","23":"first","24":"instock","25":"sale","26":"taxable","27":"shipping-taxable","28":"purchasable","29":"product-type-simple"},"bundled_by":[],"bundle_stock_status":"instock","bundle_stock_quantity":1,"bundle_virtual":false,"bundle_layout":"","bundle_add_to_cart_form_location":"","bundle_editable_in_cart":false,"bundle_sold_individually_context":"","bundle_item_grouping":"","bundle_min_size":"","bundle_max_size":"","bundle_price":[],"bundled_items":[],"bundle_sell_ids":[],"_links":{"self":[{"href":"https:\/\/www.dream-x.ch\/de\/wp-json\/wp\/v2\/product\/12233","targetHints":{"allow":["GET"]}}],"collection":[{"href":"https:\/\/www.dream-x.ch\/de\/wp-json\/wp\/v2\/product"}],"about":[{"href":"https:\/\/www.dream-x.ch\/de\/wp-json\/wp\/v2\/types\/product"}],"replies":[{"embeddable":true,"href":"https:\/\/www.dream-x.ch\/de\/wp-json\/wp\/v2\/comments?post=12233"}],"version-history":[{"count":0,"href":"https:\/\/www.dream-x.ch\/de\/wp-json\/wp\/v2\/product\/12233\/revisions"}],"wp:featuredmedia":[{"embeddable":true,"href":"https:\/\/www.dream-x.ch\/de\/wp-json\/wp\/v2\/media\/8599"}],"wp:attachment":[{"href":"https:\/\/www.dream-x.ch\/de\/wp-json\/wp\/v2\/media?parent=12233"}],"wp:term":[{"taxonomy":"product_brand","embeddable":true,"href":"https:\/\/www.dream-x.ch\/de\/wp-json\/wp\/v2\/product_brand?post=12233"},{"taxonomy":"product_cat","embeddable":true,"href":"https:\/\/www.dream-x.ch\/de\/wp-json\/wp\/v2\/product_cat?post=12233"},{"taxonomy":"product_tag","embeddable":true,"href":"https:\/\/www.dream-x.ch\/de\/wp-json\/wp\/v2\/product_tag?post=12233"}],"curies":[{"name":"wp","href":"https:\/\/api.w.org\/{rel}","templated":true}]}}